{"id":13195,"date":"2025-03-03T16:34:04","date_gmt":"2025-04-15T21:26:02","guid":{"rendered":"https:\/\/www.ufi.eu\/pcn\/neza\u0159azen\u00e9\/pcn-a-ufi-pro-lepidla-pro-domaci-skolni-a-kancelarske-pouziti\/"},"modified":"2025-04-15T21:26:02","modified_gmt":"2025-04-15T21:26:02","slug":"pcn-a-ufi-pro-lepidla-pro-domaci-skolni-a-kancelarske-pouziti","status":"publish","type":"product","link":"https:\/\/www.ufi.eu\/cs\/product\/pcn-a-ufi-pro-lepidla-pro-domaci-skolni-a-kancelarske-pouziti\/","title":{"rendered":"PCN a UFI pro lepidla &#8211; pro dom\u00e1c\u00ed, \u0161koln\u00ed a kancel\u00e1\u0159sk\u00e9 pou\u017eit\u00ed"},"content":{"rendered":"<h2>Registrace lepidel a tmel\u016f pro pou\u017eit\u00ed v dom\u00e1cnosti, kancel\u00e1\u0159i nebo ve \u0161kole<\/h2>\n<p>Registrace lepidel a tmel\u016f pro pou\u017eit\u00ed v dom\u00e1cnosti, kancel\u00e1\u0159i nebo ve \u0161kole je z\u00e1sadn\u00ed pro zaji\u0161t\u011bn\u00ed souladu s regula\u010dn\u00edmi normami pro bezpe\u010dnost, ozna\u010dov\u00e1n\u00ed a ochranu spot\u0159ebitele. Tyto v\u00fdrobky, v\u010detn\u011b lepidel pro \u0159emesln\u00edky, v\u00edce\u00fa\u010delov\u00fdch lepidel, lepic\u00edch ty\u010dinek, vte\u0159inov\u00fdch lepidel, lepidel na d\u0159evo, kontaktn\u00edch lepidel a lepic\u00edch sprej\u016f, jsou \u0161iroce pou\u017e\u00edv\u00e1ny v ka\u017edodenn\u00edm prost\u0159ed\u00ed, jako jsou dom\u00e1cnosti, \u0161koly a kancel\u00e1\u0159e. \u0158\u00e1dn\u00e1 registrace zaji\u0161\u0165uje, \u017ee tyto v\u00fdrobky spl\u0148uj\u00ed po\u017eadovan\u00e9 bezpe\u010dnostn\u00ed normy, jsou jasn\u011b ozna\u010deny informacemi o nebezpe\u010dnosti a obsahuj\u00ed pokyny pro bezpe\u010dn\u00e9 pou\u017e\u00edv\u00e1n\u00ed, kter\u00e9 chr\u00e1n\u00ed spot\u0159ebitele p\u0159ed mo\u017en\u00fdmi zdravotn\u00edmi riziky.  <\/p>\n<h3>Co je to UFI?<\/h3>\n<p>UFI (Unique Formula Identifier) je k\u00f3d, kter\u00fd identifikuje specifick\u00e9 chemick\u00e9 slo\u017een\u00ed v\u00fdrobku. Mus\u00ed b\u00fdt uveden na etiket\u011b v\u00fdrobku a je vy\u017eadov\u00e1n z\u00e1konem jako sou\u010d\u00e1st ozn\u00e1men\u00ed toxikologick\u00e9mu st\u0159edisku (PCN). UFI pom\u00e1h\u00e1 z\u00e1chran\u00e1\u0159\u016fm rychle identifikovat v\u00fdrobek a posoudit riziko p\u0159i ud\u00e1lostech expozice chemick\u00fdm l\u00e1tk\u00e1m nebo otravy.  <\/p>\n<h3>Co je to PCN?<\/h3>\n<p>PCN (Poison Centre Notification) je z\u00e1konn\u00e1 povinnost v\u00fdrobc\u016f a distributor\u016f nebezpe\u010dn\u00fdch v\u00fdrobk\u016f informovat Toxikologick\u00e9 st\u0159edisko EU o slo\u017een\u00ed a potenci\u00e1ln\u00ed nebezpe\u010dnosti sv\u00fdch v\u00fdrobk\u016f. V p\u0159\u00edpad\u011b lepidel a t\u011bsnic\u00edch materi\u00e1l\u016f PCN zaji\u0161\u0165uje, \u017ee poskytovatel\u00e9 zdravotn\u00ed p\u00e9\u010de a z\u00e1chran\u00e1\u0159i maj\u00ed k dispozici chemick\u00e9 slo\u017eky v\u00fdrobku, klasifikaci nebezpe\u010dnosti a pokyny pro bezpe\u010dn\u00e9 pou\u017eit\u00ed v p\u0159\u00edpad\u011b expozice nebo otravy. <\/p>\n<h3>Co je CLP?<\/h3>\n<p>CLP (Classification, Labelling, and Packaging) je na\u0159\u00edzen\u00ed EU, kter\u00e9 klasifikuje chemick\u00e9 l\u00e1tky na z\u00e1klad\u011b jejich nebezpe\u010dnosti a zaji\u0161\u0165uje, aby byly ozna\u010deny p\u0159\u00edslu\u0161n\u00fdmi bezpe\u010dnostn\u00edmi upozorn\u011bn\u00edmi a symboly nebezpe\u010dnosti. U lepidel a t\u011bsnic\u00edch materi\u00e1l\u016f na\u0159\u00edzen\u00ed CLP na\u0159izuje, aby etiketa v\u00fdrobku obsahovala jasn\u00e9 informace o potenci\u00e1ln\u00edch nebezpe\u010d\u00edch, jako je podr\u00e1\u017ed\u011bn\u00ed k\u016f\u017ee, toxicita nebo ho\u0159lavost. To pom\u00e1h\u00e1 u\u017eivatel\u016fm zach\u00e1zet s v\u00fdrobky bezpe\u010dn\u011b a sni\u017euje riziko nehod.  <\/p>\n<h3>Co je Toxikologick\u00e9 st\u0159edisko EU?<\/h3>\n<p>Toxikologick\u00e9 st\u0159edisko EU je \u00fast\u0159edn\u00ed org\u00e1n, kter\u00fd spravuje \u00fadaje t\u00fdkaj\u00edc\u00ed se nebezpe\u010dn\u00fdch v\u00fdrobk\u016f v cel\u00e9 Evropsk\u00e9 unii. Hraje z\u00e1sadn\u00ed roli p\u0159i zaji\u0161\u0165ov\u00e1n\u00ed bezpe\u010dnosti t\u00edm, \u017ee poskytuje z\u00e1chran\u00e1\u0159\u016fm d\u016fle\u017eit\u00e9 informace p\u0159i expozi\u010dn\u00edch ud\u00e1lostech. V\u00fdrobci mus\u00ed toxikologick\u00e9mu st\u0159edisku oznamovat sv\u00e9 nebezpe\u010dn\u00e9 v\u00fdrobky a zajistit, aby tyto d\u016fle\u017eit\u00e9 \u00fadaje byly v p\u0159\u00edpad\u011b pot\u0159eby k dispozici.  <\/p>\n<h3>Pro\u010d je to nutn\u00e9?<\/h3>\n<p>Registrace lepidel a tmel\u016f pro pou\u017eit\u00ed v dom\u00e1cnosti, kancel\u00e1\u0159i nebo ve \u0161kole v toxikologick\u00e9m st\u0159edisku zaji\u0161\u0165uje, \u017ee jsou tyto v\u00fdrobky pro spot\u0159ebitele bezpe\u010dn\u00e9 a spr\u00e1vn\u011b klasifikovan\u00e9 podle jejich nebezpe\u010dnosti. Poskytuje z\u00e1chran\u00e1\u0159\u016fm pot\u0159ebn\u00e9 \u00fadaje k \u00fa\u010dinn\u00e9mu \u0159e\u0161en\u00ed p\u0159\u00edpad\u016f expozice. Vzhledem k tomu, \u017ee lepidla a tmely mohou p\u0159i nespr\u00e1vn\u00e9m zach\u00e1zen\u00ed p\u0159edstavovat zdravotn\u00ed rizika, je nezbytn\u00e9 dodr\u017eovat p\u0159edpisy, aby se minimalizovaly nehody a u\u017eivatel\u00e9 byli chr\u00e1n\u011bni p\u0159ed mo\u017en\u00fdm po\u0161kozen\u00edm.  <\/p>\n<h3>Odkdy je to pr\u00e1vn\u011b povinn\u00e9?<\/h3>\n<p>Z\u00e1konn\u00e1 povinnost p\u0159edkl\u00e1dat PCN pro nebezpe\u010dn\u00e9 v\u00fdrobky, v\u010detn\u011b lepidel a tmel\u016f, se stala povinnou 1. ledna 2021. Od tohoto data mus\u00ed v\u0161ichni v\u00fdrobci a distributo\u0159i zajistit, aby jejich v\u00fdrobky spl\u0148ovaly bezpe\u010dnostn\u00ed normy EU, a p\u0159ed jejich uveden\u00edm na trh p\u0159edlo\u017eit po\u017eadovan\u00e9 informace Toxikologick\u00e9mu st\u0159edisku EU. <\/p>\n<h2>\u010cASTO KLADEN\u00c9 DOTAZY<\/h2>\n<h3>Ot\u00e1zka: Co je to UFI a pro\u010d ho pot\u0159ebuji pro sv\u016fj v\u00fdrobek?<\/h3>\n<p>Odpov\u011b\u010f: UFI (Unique Formula Identifier) je k\u00f3d, kter\u00fd jednozna\u010dn\u011b identifikuje chemick\u00e9 slo\u017een\u00ed va\u0161eho v\u00fdrobku. Je vy\u017eadov\u00e1n z\u00e1konem a mus\u00ed b\u00fdt uveden na etiket\u011b va\u0161eho v\u00fdrobku. UFI umo\u017e\u0148uje z\u00e1chran\u00e1\u0159\u016fm rychl\u00fd p\u0159\u00edstup k d\u016fle\u017eit\u00fdm bezpe\u010dnostn\u00edm informac\u00edm v p\u0159\u00edpad\u011b expozice nebo otravy.  <\/p>\n<h3>Ot\u00e1zka: Co zahrnuje PCN pro lepidla a tmely?<\/h3>\n<p>Odpov\u011b\u010f: PCN (Poison Centre Notification) zahrnuje ozn\u00e1men\u00ed Toxikologick\u00e9mu st\u0159edisku EU o slo\u017ek\u00e1ch a nebezpe\u010d\u00edch spojen\u00fdch s va\u0161\u00edm v\u00fdrobkem. To umo\u017e\u0148uje z\u00e1chran\u00e1\u0159\u016fm p\u0159\u00edstup k podrobn\u00fdm bezpe\u010dnostn\u00edm informac\u00edm o v\u00fdrobku, co\u017e jim pom\u00e1h\u00e1 \u00fa\u010dinn\u011b reagovat na p\u0159\u00edpady expozice chemick\u00fdm l\u00e1tk\u00e1m nebo otravy. <\/p>\n<h3>Ot\u00e1zka: Co je to CLP a jak se vztahuje na lepidla a tmely?<\/h3>\n<p>Odpov\u011b\u010f: CLP (klasifikace, ozna\u010dov\u00e1n\u00ed a balen\u00ed) je na\u0159\u00edzen\u00ed EU, kter\u00e9 klasifikuje chemick\u00e9 v\u00fdrobky na z\u00e1klad\u011b jejich nebezpe\u010dnosti a vy\u017eaduje jasn\u00e9 ozna\u010den\u00ed v\u00fdstra\u017en\u00fdmi symboly nebezpe\u010dnosti, sign\u00e1ln\u00edmi slovy a bezpe\u010dnostn\u00edmi pokyny. Lepidla a tmely mus\u00ed b\u00fdt v souladu s na\u0159\u00edzen\u00edm CLP, aby byli u\u017eivatel\u00e9 informov\u00e1ni o mo\u017en\u00fdch rizic\u00edch a mohli s v\u00fdrobky bezpe\u010dn\u011b zach\u00e1zet. <\/p>\n<h3>Ot\u00e1zka: Jakou roli hraje toxikologick\u00e9 st\u0159edisko EU v oblasti bezpe\u010dnosti?<\/h3>\n<p>Odpov\u011b\u010f: Toxikologick\u00e9 st\u0159edisko EU shroma\u017e\u010fuje a zpracov\u00e1v\u00e1 bezpe\u010dnostn\u00ed \u00fadaje o nebezpe\u010dn\u00fdch v\u00fdrobc\u00edch. Poskytuje z\u00e1sadn\u00ed informace poskytovatel\u016fm zdravotn\u00ed p\u00e9\u010de a z\u00e1chran\u00e1\u0159\u016fm p\u0159i mimo\u0159\u00e1dn\u00fdch ud\u00e1lostech spojen\u00fdch s expozic\u00ed a zaji\u0161\u0165uje, aby mohli \u00fa\u010dinn\u011b zvl\u00e1dat potenci\u00e1ln\u00ed otravy nebo zdravotn\u00ed rizika spojen\u00e1 s chemick\u00fdmi v\u00fdrobky. <\/p>\n<h3>Ot\u00e1zka: Pro\u010d je nutn\u00e9 registrovat lepidla a tmely pro pou\u017eit\u00ed v dom\u00e1cnosti, kancel\u00e1\u0159i nebo ve \u0161kole?<\/h3>\n<p>Odpov\u011b\u010f: Registrace zaji\u0161\u0165uje, \u017ee lepidla a tmely spl\u0148uj\u00ed bezpe\u010dnostn\u00ed normy a jsou spr\u00e1vn\u011b klasifikov\u00e1ny pro pou\u017eit\u00ed v ka\u017edodenn\u00edm prost\u0159ed\u00ed. Poskytuje nezbytn\u00e9 informace k zaji\u0161t\u011bn\u00ed bezpe\u010dnosti spot\u0159ebitel\u016f a umo\u017e\u0148uje rychlou a p\u0159esnou reakci v p\u0159\u00edpad\u011b expozice nebo otravy. <\/p>\n<h3>Ot\u00e1zka: Odkdy je povinnost oznamovat PCN povinn\u00e1?<\/h3>\n<p>Odpov\u011b\u010f: Po\u017eadavek na ozn\u00e1men\u00ed PCN se stal povinn\u00fdm od 1. ledna 2021. V\u0161ichni v\u00fdrobci a distributo\u0159i nebezpe\u010dn\u00fdch v\u00fdrobk\u016f, v\u010detn\u011b lepidel a t\u011bsnic\u00edch materi\u00e1l\u016f, mus\u00ed p\u0159ed uveden\u00edm sv\u00fdch v\u00fdrobk\u016f na trh EU zajistit soulad s t\u011bmito p\u0159edpisy. <\/p>\n","protected":false},"excerpt":{"rendered":"<p>Registrace lepidel a tmel\u016f pro pou\u017eit\u00ed v dom\u00e1cnosti, kancel\u00e1\u0159i nebo ve \u0161kole Registrace lepidel a tmel\u016f pro pou\u017eit\u00ed v dom\u00e1cnosti, kancel\u00e1\u0159i nebo ve \u0161kole je z\u00e1sadn\u00ed pro zaji\u0161t\u011bn\u00ed souladu s regula\u010dn\u00edmi normami pro bezpe\u010dnost, ozna\u010dov\u00e1n\u00ed a ochranu spot\u0159ebitele. Tyto v\u00fdrobky, v\u010detn\u011b lepidel pro \u0159emesln\u00edky, v\u00edce\u00fa\u010delov\u00fdch lepidel, lepic\u00edch ty\u010dinek, vte\u0159inov\u00fdch lepidel, lepidel na d\u0159evo, kontaktn\u00edch lepidel [&hellip;]<\/p>\n","protected":false},"featured_media":13196,"template":"","meta":[],"product_brand":[],"product_cat":[487],"product_tag":[],"class_list":{"0":"post-13195","1":"product","2":"type-product","3":"status-publish","4":"has-post-thumbnail","6":"product_cat-lepidla-a-tesnici-materialy","8":"first","9":"instock","10":"virtual","11":"taxable","12":"purchasable","13":"product-type-bundle"},"bundled_by":[],"bundle_stock_status":"instock","bundle_stock_quantity":"","bundle_virtual":false,"bundle_layout":"default","bundle_add_to_cart_form_location":"default","bundle_editable_in_cart":false,"bundle_sold_individually_context":"product","bundle_item_grouping":"parent","bundle_min_size":"","bundle_max_size":"","bundle_price":{"price":{"min":{"incl_tax":"121","excl_tax":"100"},"max":{"incl_tax":"","excl_tax":""}},"regular_price":{"min":{"incl_tax":"121","excl_tax":"100"},"max":{"incl_tax":"","excl_tax":""}}},"bundled_items":[{"bundled_item_id":1818,"product_id":12525,"menu_order":0,"quantity_min":1,"quantity_max":1,"quantity_default":1,"priced_individually":true,"shipped_individually":true,"override_title":false,"title":"Hl\u00e1\u0161en\u00ed toxikologick\u00e9ho centra a UFI","override_description":false,"description":"Hl\u00e1\u0161en\u00ed toxikologick\u00e9ho centra a UFI","optional":false,"hide_thumbnail":false,"discount":"","override_variations":false,"allowed_variations":[""],"override_default_variation_attributes":false,"default_variation_attributes":[],"single_product_visibility":"visible","cart_visibility":"visible","order_visibility":"visible","single_product_price_visibility":"visible","cart_price_visibility":"visible","order_price_visibility":"visible","stock_status":"in_stock"},{"bundled_item_id":1819,"product_id":12557,"menu_order":1,"quantity_min":1,"quantity_max":"","quantity_default":1,"priced_individually":true,"shipped_individually":true,"override_title":false,"title":"Zem\u011b pro registraci PCN","override_description":false,"description":"Zem\u011b pro registraci PCN","optional":false,"hide_thumbnail":false,"discount":"","override_variations":false,"allowed_variations":[""],"override_default_variation_attributes":false,"default_variation_attributes":[],"single_product_visibility":"visible","cart_visibility":"visible","order_visibility":"visible","single_product_price_visibility":"visible","cart_price_visibility":"visible","order_price_visibility":"visible","stock_status":"in_stock"},{"bundled_item_id":12928,"product_id":12428,"menu_order":2,"quantity_min":0,"quantity_max":1,"quantity_default":1,"priced_individually":true,"shipped_individually":true,"override_title":false,"title":"Vytvo\u0159en\u00ed bezpe\u010dnostn\u00edho listu","override_description":false,"description":"Vytvo\u0159en\u00ed bezpe\u010dnostn\u00edho listu","optional":false,"hide_thumbnail":false,"discount":"","override_variations":false,"allowed_variations":[""],"override_default_variation_attributes":false,"default_variation_attributes":[],"single_product_visibility":"visible","cart_visibility":"visible","order_visibility":"visible","single_product_price_visibility":"visible","cart_price_visibility":"visible","order_price_visibility":"visible","stock_status":"in_stock"},{"bundled_item_id":12929,"product_id":12449,"menu_order":3,"quantity_min":0,"quantity_max":"","quantity_default":1,"priced_individually":true,"shipped_individually":false,"override_title":false,"title":"P\u0159eklad bezpe\u010dnostn\u00edho listu","override_description":false,"description":"P\u0159eklad bezpe\u010dnostn\u00edho listu","optional":false,"hide_thumbnail":false,"discount":"","override_variations":false,"allowed_variations":[""],"override_default_variation_attributes":false,"default_variation_attributes":[],"single_product_visibility":"visible","cart_visibility":"visible","order_visibility":"visible","single_product_price_visibility":"visible","cart_price_visibility":"visible","order_price_visibility":"visible","stock_status":"in_stock"}],"bundle_sell_ids":[],"yoast_head":"<!-- This site is optimized with the Yoast SEO Premium plugin v25.1 (Yoast SEO v25.1) - https:\/\/yoast.com\/wordpress\/plugins\/seo\/ -->\n<title>PCN a UFI pro lepidla - pro dom\u00e1c\u00ed, \u0161koln\u00ed a kancel\u00e1\u0159sk\u00e9 pou\u017eit\u00ed - UFI<\/title>\n<meta name=\"description\" content=\"Registrace lepidel a tmel\u016f pro pou\u017eit\u00ed v dom\u00e1cnosti, kancel\u00e1\u0159i nebo ve \u0161kole je z\u00e1sadn\u00ed pro zaji\u0161t\u011bn\u00ed souladu s regula\u010dn\u00edmi normami pro bezpe\u010dnost, ozna\u010dov\u00e1n\u00ed a ochranu spot\u0159ebitele.\" \/>\n<meta name=\"robots\" content=\"index, follow, max-snippet:-1, max-image-preview:large, max-video-preview:-1\" \/>\n<link rel=\"canonical\" href=\"https:\/\/www.ufi.eu\/cs\/product\/pcn-a-ufi-pro-lepidla-pro-domaci-skolni-a-kancelarske-pouziti\/\" \/>\n<meta property=\"og:locale\" content=\"cs_CZ\" \/>\n<meta property=\"og:type\" content=\"article\" \/>\n<meta property=\"og:title\" content=\"PCN a UFI pro lepidla - pro dom\u00e1c\u00ed, \u0161koln\u00ed a kancel\u00e1\u0159sk\u00e9 pou\u017eit\u00ed\" \/>\n<meta property=\"og:description\" content=\"Registrace lepidel a tmel\u016f pro pou\u017eit\u00ed v dom\u00e1cnosti, kancel\u00e1\u0159i nebo ve \u0161kole je z\u00e1sadn\u00ed pro zaji\u0161t\u011bn\u00ed souladu s regula\u010dn\u00edmi normami pro bezpe\u010dnost, ozna\u010dov\u00e1n\u00ed a ochranu spot\u0159ebitele.\" \/>\n<meta property=\"og:url\" content=\"https:\/\/www.ufi.eu\/cs\/product\/pcn-a-ufi-pro-lepidla-pro-domaci-skolni-a-kancelarske-pouziti\/\" \/>\n<meta property=\"og:site_name\" content=\"UFI\" \/>\n<meta property=\"og:image\" content=\"https:\/\/www.ufi.eu\/wp-content\/uploads\/2025\/03\/PC-ADH-1.jpg\" \/>\n\t<meta property=\"og:image:width\" content=\"1024\" \/>\n\t<meta property=\"og:image:height\" content=\"1024\" \/>\n\t<meta property=\"og:image:type\" content=\"image\/jpeg\" \/>\n<meta name=\"twitter:card\" content=\"summary_large_image\" \/>\n<meta name=\"twitter:label1\" content=\"Cena\" \/>\n\t<meta name=\"twitter:data1\" content=\"&euro;0.00\" \/>\n\t<meta name=\"twitter:label2\" content=\"Dostupnost\" \/>\n\t<meta name=\"twitter:data2\" content=\"Skladem\" \/>\n<script type=\"application\/ld+json\" class=\"yoast-schema-graph\">{\"@context\":\"https:\/\/schema.org\",\"@graph\":[{\"@type\":\"WebPage\",\"@id\":\"https:\/\/www.ufi.eu\/cs\/product\/pcn-a-ufi-pro-lepidla-pro-domaci-skolni-a-kancelarske-pouziti\/\",\"url\":\"https:\/\/www.ufi.eu\/cs\/product\/pcn-a-ufi-pro-lepidla-pro-domaci-skolni-a-kancelarske-pouziti\/\",\"name\":\"PCN a UFI pro lepidla - pro dom\u00e1c\u00ed, \u0161koln\u00ed a kancel\u00e1\u0159sk\u00e9 pou\u017eit\u00ed - UFI\",\"isPartOf\":{\"@id\":\"https:\/\/www.ufi.eu\/cs\/#website\"},\"primaryImageOfPage\":{\"@id\":\"https:\/\/www.ufi.eu\/cs\/product\/pcn-a-ufi-pro-lepidla-pro-domaci-skolni-a-kancelarske-pouziti\/#primaryimage\"},\"image\":{\"@id\":\"https:\/\/www.ufi.eu\/cs\/product\/pcn-a-ufi-pro-lepidla-pro-domaci-skolni-a-kancelarske-pouziti\/#primaryimage\"},\"thumbnailUrl\":\"https:\/\/www.ufi.eu\/wp-content\/uploads\/2025\/03\/PC-ADH-1.jpg\",\"datePublished\":\"2025-04-15T21:26:02+00:00\",\"description\":\"Registrace lepidel a tmel\u016f pro pou\u017eit\u00ed v dom\u00e1cnosti, kancel\u00e1\u0159i nebo ve \u0161kole je z\u00e1sadn\u00ed pro zaji\u0161t\u011bn\u00ed souladu s regula\u010dn\u00edmi normami pro bezpe\u010dnost, ozna\u010dov\u00e1n\u00ed a ochranu spot\u0159ebitele.\",\"breadcrumb\":{\"@id\":\"https:\/\/www.ufi.eu\/cs\/product\/pcn-a-ufi-pro-lepidla-pro-domaci-skolni-a-kancelarske-pouziti\/#breadcrumb\"},\"inLanguage\":\"cs\",\"potentialAction\":[{\"@type\":\"ReadAction\",\"target\":[\"https:\/\/www.ufi.eu\/cs\/product\/pcn-a-ufi-pro-lepidla-pro-domaci-skolni-a-kancelarske-pouziti\/\"]}]},{\"@type\":\"ImageObject\",\"inLanguage\":\"cs\",\"@id\":\"https:\/\/www.ufi.eu\/cs\/product\/pcn-a-ufi-pro-lepidla-pro-domaci-skolni-a-kancelarske-pouziti\/#primaryimage\",\"url\":\"https:\/\/www.ufi.eu\/wp-content\/uploads\/2025\/03\/PC-ADH-1.jpg\",\"contentUrl\":\"https:\/\/www.ufi.eu\/wp-content\/uploads\/2025\/03\/PC-ADH-1.jpg\",\"width\":1024,\"height\":1024},{\"@type\":\"BreadcrumbList\",\"@id\":\"https:\/\/www.ufi.eu\/cs\/product\/pcn-a-ufi-pro-lepidla-pro-domaci-skolni-a-kancelarske-pouziti\/#breadcrumb\",\"itemListElement\":[{\"@type\":\"ListItem\",\"position\":1,\"name\":\"Home\",\"item\":\"https:\/\/www.ufi.eu\/cs\/home\/\"},{\"@type\":\"ListItem\",\"position\":2,\"name\":\"Obchod\",\"item\":\"https:\/\/www.ufi.eu\/cs\/obchod\/\"},{\"@type\":\"ListItem\",\"position\":3,\"name\":\"PCN a UFI pro lepidla &#8211; pro dom\u00e1c\u00ed, \u0161koln\u00ed a kancel\u00e1\u0159sk\u00e9 pou\u017eit\u00ed\"}]},{\"@type\":\"WebSite\",\"@id\":\"https:\/\/www.ufi.eu\/cs\/#website\",\"url\":\"https:\/\/www.ufi.eu\/cs\/\",\"name\":\"UFI.EU\",\"description\":\"Poison Centre Notifications (PCN) and UFI\",\"publisher\":{\"@id\":\"https:\/\/www.ufi.eu\/cs\/#organization\"},\"potentialAction\":[{\"@type\":\"SearchAction\",\"target\":{\"@type\":\"EntryPoint\",\"urlTemplate\":\"https:\/\/www.ufi.eu\/cs\/?s={search_term_string}\"},\"query-input\":{\"@type\":\"PropertyValueSpecification\",\"valueRequired\":true,\"valueName\":\"search_term_string\"}}],\"inLanguage\":\"cs\"},{\"@type\":\"Organization\",\"@id\":\"https:\/\/www.ufi.eu\/cs\/#organization\",\"name\":\"UFI.EU\",\"url\":\"https:\/\/www.ufi.eu\/cs\/\",\"logo\":{\"@type\":\"ImageObject\",\"inLanguage\":\"cs\",\"@id\":\"https:\/\/www.ufi.eu\/cs\/#\/schema\/logo\/image\/\",\"url\":\"https:\/\/www.ufi.eu\/wp-content\/uploads\/2025\/03\/cropped-logo_ufi3.jpg\",\"contentUrl\":\"https:\/\/www.ufi.eu\/wp-content\/uploads\/2025\/03\/cropped-logo_ufi3.jpg\",\"width\":231,\"height\":78,\"caption\":\"UFI.EU\"},\"image\":{\"@id\":\"https:\/\/www.ufi.eu\/cs\/#\/schema\/logo\/image\/\"},\"description\":\"UFI.eu specializes in digital registrations for Poison Centre Notifications (PCN), ensuring your chemical products meet EU regulatory requirements effortlessly. Our streamlined solutions help businesses stay compliant while reducing complexity and administrative burden.\",\"email\":\"info@ufi.eu\",\"legalName\":\"UFI.EU\"}]}<\/script>\n<meta property=\"product:price:amount\" content=\"0.00\" \/>\n<meta property=\"product:price:currency\" content=\"EUR\" \/>\n<meta property=\"og:availability\" content=\"instock\" \/>\n<meta property=\"product:availability\" content=\"instock\" \/>\n<meta property=\"product:retailer_item_id\" content=\"PC-ADH-1\" \/>\n<meta property=\"product:condition\" content=\"new\" \/>\n<!-- \/ Yoast SEO Premium plugin. -->","yoast_head_json":{"title":"PCN a UFI pro lepidla - pro dom\u00e1c\u00ed, \u0161koln\u00ed a kancel\u00e1\u0159sk\u00e9 pou\u017eit\u00ed - UFI","description":"Registrace lepidel a tmel\u016f pro pou\u017eit\u00ed v dom\u00e1cnosti, kancel\u00e1\u0159i nebo ve \u0161kole je z\u00e1sadn\u00ed pro zaji\u0161t\u011bn\u00ed souladu s regula\u010dn\u00edmi normami pro bezpe\u010dnost, ozna\u010dov\u00e1n\u00ed a ochranu spot\u0159ebitele.","robots":{"index":"index","follow":"follow","max-snippet":"max-snippet:-1","max-image-preview":"max-image-preview:large","max-video-preview":"max-video-preview:-1"},"canonical":"https:\/\/www.ufi.eu\/cs\/product\/pcn-a-ufi-pro-lepidla-pro-domaci-skolni-a-kancelarske-pouziti\/","og_locale":"cs_CZ","og_type":"article","og_title":"PCN a UFI pro lepidla - pro dom\u00e1c\u00ed, \u0161koln\u00ed a kancel\u00e1\u0159sk\u00e9 pou\u017eit\u00ed","og_description":"Registrace lepidel a tmel\u016f pro pou\u017eit\u00ed v dom\u00e1cnosti, kancel\u00e1\u0159i nebo ve \u0161kole je z\u00e1sadn\u00ed pro zaji\u0161t\u011bn\u00ed souladu s regula\u010dn\u00edmi normami pro bezpe\u010dnost, ozna\u010dov\u00e1n\u00ed a ochranu spot\u0159ebitele.","og_url":"https:\/\/www.ufi.eu\/cs\/product\/pcn-a-ufi-pro-lepidla-pro-domaci-skolni-a-kancelarske-pouziti\/","og_site_name":"UFI","og_image":[{"width":1024,"height":1024,"url":"https:\/\/www.ufi.eu\/wp-content\/uploads\/2025\/03\/PC-ADH-1.jpg","type":"image\/jpeg"}],"twitter_card":"summary_large_image","twitter_misc":{"Cena":"&euro;0.00","Dostupnost":"Skladem"},"schema":{"@context":"https:\/\/schema.org","@graph":[{"@type":"WebPage","@id":"https:\/\/www.ufi.eu\/cs\/product\/pcn-a-ufi-pro-lepidla-pro-domaci-skolni-a-kancelarske-pouziti\/","url":"https:\/\/www.ufi.eu\/cs\/product\/pcn-a-ufi-pro-lepidla-pro-domaci-skolni-a-kancelarske-pouziti\/","name":"PCN a UFI pro lepidla - pro dom\u00e1c\u00ed, \u0161koln\u00ed a kancel\u00e1\u0159sk\u00e9 pou\u017eit\u00ed - UFI","isPartOf":{"@id":"https:\/\/www.ufi.eu\/cs\/#website"},"primaryImageOfPage":{"@id":"https:\/\/www.ufi.eu\/cs\/product\/pcn-a-ufi-pro-lepidla-pro-domaci-skolni-a-kancelarske-pouziti\/#primaryimage"},"image":{"@id":"https:\/\/www.ufi.eu\/cs\/product\/pcn-a-ufi-pro-lepidla-pro-domaci-skolni-a-kancelarske-pouziti\/#primaryimage"},"thumbnailUrl":"https:\/\/www.ufi.eu\/wp-content\/uploads\/2025\/03\/PC-ADH-1.jpg","datePublished":"2025-04-15T21:26:02+00:00","description":"Registrace lepidel a tmel\u016f pro pou\u017eit\u00ed v dom\u00e1cnosti, kancel\u00e1\u0159i nebo ve \u0161kole je z\u00e1sadn\u00ed pro zaji\u0161t\u011bn\u00ed souladu s regula\u010dn\u00edmi normami pro bezpe\u010dnost, ozna\u010dov\u00e1n\u00ed a ochranu spot\u0159ebitele.","breadcrumb":{"@id":"https:\/\/www.ufi.eu\/cs\/product\/pcn-a-ufi-pro-lepidla-pro-domaci-skolni-a-kancelarske-pouziti\/#breadcrumb"},"inLanguage":"cs","potentialAction":[{"@type":"ReadAction","target":["https:\/\/www.ufi.eu\/cs\/product\/pcn-a-ufi-pro-lepidla-pro-domaci-skolni-a-kancelarske-pouziti\/"]}]},{"@type":"ImageObject","inLanguage":"cs","@id":"https:\/\/www.ufi.eu\/cs\/product\/pcn-a-ufi-pro-lepidla-pro-domaci-skolni-a-kancelarske-pouziti\/#primaryimage","url":"https:\/\/www.ufi.eu\/wp-content\/uploads\/2025\/03\/PC-ADH-1.jpg","contentUrl":"https:\/\/www.ufi.eu\/wp-content\/uploads\/2025\/03\/PC-ADH-1.jpg","width":1024,"height":1024},{"@type":"BreadcrumbList","@id":"https:\/\/www.ufi.eu\/cs\/product\/pcn-a-ufi-pro-lepidla-pro-domaci-skolni-a-kancelarske-pouziti\/#breadcrumb","itemListElement":[{"@type":"ListItem","position":1,"name":"Home","item":"https:\/\/www.ufi.eu\/cs\/home\/"},{"@type":"ListItem","position":2,"name":"Obchod","item":"https:\/\/www.ufi.eu\/cs\/obchod\/"},{"@type":"ListItem","position":3,"name":"PCN a UFI pro lepidla &#8211; pro dom\u00e1c\u00ed, \u0161koln\u00ed a kancel\u00e1\u0159sk\u00e9 pou\u017eit\u00ed"}]},{"@type":"WebSite","@id":"https:\/\/www.ufi.eu\/cs\/#website","url":"https:\/\/www.ufi.eu\/cs\/","name":"UFI.EU","description":"Poison Centre Notifications (PCN) and UFI","publisher":{"@id":"https:\/\/www.ufi.eu\/cs\/#organization"},"potentialAction":[{"@type":"SearchAction","target":{"@type":"EntryPoint","urlTemplate":"https:\/\/www.ufi.eu\/cs\/?s={search_term_string}"},"query-input":{"@type":"PropertyValueSpecification","valueRequired":true,"valueName":"search_term_string"}}],"inLanguage":"cs"},{"@type":"Organization","@id":"https:\/\/www.ufi.eu\/cs\/#organization","name":"UFI.EU","url":"https:\/\/www.ufi.eu\/cs\/","logo":{"@type":"ImageObject","inLanguage":"cs","@id":"https:\/\/www.ufi.eu\/cs\/#\/schema\/logo\/image\/","url":"https:\/\/www.ufi.eu\/wp-content\/uploads\/2025\/03\/cropped-logo_ufi3.jpg","contentUrl":"https:\/\/www.ufi.eu\/wp-content\/uploads\/2025\/03\/cropped-logo_ufi3.jpg","width":231,"height":78,"caption":"UFI.EU"},"image":{"@id":"https:\/\/www.ufi.eu\/cs\/#\/schema\/logo\/image\/"},"description":"UFI.eu specializes in digital registrations for Poison Centre Notifications (PCN), ensuring your chemical products meet EU regulatory requirements effortlessly. Our streamlined solutions help businesses stay compliant while reducing complexity and administrative burden.","email":"info@ufi.eu","legalName":"UFI.EU"}]},"product_price_amount":"0.00","product_price_currency":"EUR","og_availability":"instock","product_availability":"instock","product_retailer_item_id":"PC-ADH-1","product_condition":"new"},"_links":{"self":[{"href":"https:\/\/www.ufi.eu\/cs\/wp-json\/wp\/v2\/product\/13195","targetHints":{"allow":["GET"]}}],"collection":[{"href":"https:\/\/www.ufi.eu\/cs\/wp-json\/wp\/v2\/product"}],"about":[{"href":"https:\/\/www.ufi.eu\/cs\/wp-json\/wp\/v2\/types\/product"}],"wp:featuredmedia":[{"embeddable":true,"href":"https:\/\/www.ufi.eu\/cs\/wp-json\/wp\/v2\/media\/13196"}],"wp:attachment":[{"href":"https:\/\/www.ufi.eu\/cs\/wp-json\/wp\/v2\/media?parent=13195"}],"wp:term":[{"taxonomy":"product_brand","embeddable":true,"href":"https:\/\/www.ufi.eu\/cs\/wp-json\/wp\/v2\/product_brand?post=13195"},{"taxonomy":"product_cat","embeddable":true,"href":"https:\/\/www.ufi.eu\/cs\/wp-json\/wp\/v2\/product_cat?post=13195"},{"taxonomy":"product_tag","embeddable":true,"href":"https:\/\/www.ufi.eu\/cs\/wp-json\/wp\/v2\/product_tag?post=13195"}],"curies":[{"name":"wp","href":"https:\/\/api.w.org\/{rel}","templated":true}]}}