{"id":12791,"date":"2025-04-05T15:21:48","date_gmt":"2025-04-15T20:26:53","guid":{"rendered":"https:\/\/www.ufi.eu\/pcn\/neza\u0159azen\u00e9\/vytvoreni-stitku-clp-a-kontrola-shody\/"},"modified":"2025-04-28T12:14:52","modified_gmt":"2025-04-28T12:14:52","slug":"vytvoreni-stitku-clp-a-kontrola-shody","status":"publish","type":"product","link":"https:\/\/www.ufi.eu\/cs\/product\/vytvoreni-stitku-clp-a-kontrola-shody\/","title":{"rendered":"Vytvo\u0159en\u00ed \u0161t\u00edtku CLP a kontrola shody"},"content":{"rendered":"\n<p><strong>Profesion\u00e1ln\u00ed slu\u017eby ozna\u010dov\u00e1n\u00ed nebezpe\u010dn\u00fdch sm\u011bs\u00ed podle na\u0159\u00edzen\u00ed CLP (ES \u010d. 1272\/2008)<\/strong><\/p>\n\n<p>Specializujeme se na tvorbu a ov\u011b\u0159ov\u00e1n\u00ed pr\u00e1vn\u011b vyhovuj\u00edc\u00edch \u0161t\u00edtk\u016f pro nebezpe\u010dn\u00e9 chemick\u00e9 v\u00fdrobky. A\u0165 u\u017e uv\u00e1d\u00edte na trh kosmetickou b\u00e1zi s nebezpe\u010dn\u00fdmi slo\u017ekami, pr\u016fmyslov\u00fd \u010distic\u00ed prost\u0159edek nebo jinou chemickou sm\u011bs, na\u0161e slu\u017eba ozna\u010dov\u00e1n\u00ed podle na\u0159\u00edzen\u00ed CLP zajist\u00ed, \u017ee ozna\u010den\u00ed va\u0161eho v\u00fdrobku spl\u0148uje v\u0161echny pr\u00e1vn\u00ed po\u017eadavky v EU a EHP. <\/p>\n\n<h2 class=\"wp-block-heading\" id=\"h-why-clp-compliant-labels-are-essential\">Pro\u010d jsou etikety vyhovuj\u00edc\u00ed na\u0159\u00edzen\u00ed CLP nezbytn\u00e9<\/h2>\n\n<p>Podle <strong>na\u0159\u00edzen\u00ed CLP (klasifikace, ozna\u010dov\u00e1n\u00ed a balen\u00ed)<\/strong> jsou dodavatel\u00e9 nebezpe\u010dn\u00fdch l\u00e1tek a sm\u011bs\u00ed ze z\u00e1kona povinni:<\/p>\n\n<ul class=\"wp-block-list\">\n<li>klasifikovat sv\u00e9 v\u00fdrobky podle fyzik\u00e1ln\u00edch a zdravotn\u00edch nebezpe\u010d\u00ed a nebezpe\u010d\u00ed pro \u017eivotn\u00ed prost\u0159ed\u00ed.<\/li>\n\n\n\n<li>Vhodn\u011b je ozna\u010dte pomoc\u00ed p\u0159edepsan\u00fdch prvk\u016f, jako jsou v\u00fdstra\u017en\u00e9 symboly nebezpe\u010dnosti, sign\u00e1ln\u00ed slova a standardizovan\u00e9 standardn\u00ed v\u011bty o nebezpe\u010dnosti a pokyny pro bezpe\u010dn\u00e9 zach\u00e1zen\u00ed.<\/li>\n\n\n\n<li>Bezpe\u010dn\u011b je zabalte a p\u0159ilo\u017ete po\u017eadovanou identifikaci dodavatele.<\/li>\n<\/ul>\n\n<p>Nespr\u00e1vn\u00e9 nebo ne\u00fapln\u00e9 ozna\u010den\u00ed m\u016f\u017ee m\u00edt za n\u00e1sledek <strong>sta\u017een\u00ed v\u00fdrobku z trhu<\/strong>, <strong>pr\u00e1vn\u00ed sankce<\/strong> nebo <strong>odm\u00edtnut\u00ed ze strany maloobchodn\u00edk\u016f<\/strong> a online tr\u017ei\u0161\u0165.<\/p>\n\n<h2 class=\"wp-block-heading\" id=\"h-what-our-clp-label-service-includes\">Co zahrnuje na\u0161e slu\u017eba \u0161t\u00edtkov\u00e1n\u00ed CLP<\/h2>\n\n<h4 class=\"wp-block-heading\" id=\"h-1-clp-label-creation\">1. <strong>Vytvo\u0159en\u00ed \u0161t\u00edtku CLP<\/strong><\/h4>\n\n<p>Etiketu navrhneme od za\u010d\u00e1tku na z\u00e1klad\u011b bezpe\u010dnostn\u00edho listu v\u00fdrobku (SDS) nebo \u00fadaj\u016f o slo\u017een\u00ed. Na\u0161e slu\u017eby zahrnuj\u00ed: <\/p>\n\n<ul class=\"wp-block-list\">\n<li>Spr\u00e1vn\u00e1 klasifikace nebezpe\u010dnosti (na z\u00e1klad\u011b bezpe\u010dnostn\u00edho listu nebo informac\u00ed o slo\u017ece).<\/li>\n\n\n\n<li>V\u00fdb\u011br vhodn\u00fdch <strong>v\u00fdstra\u017en\u00fdch symbol\u016f nebezpe\u010dnosti<\/strong>, <strong>sign\u00e1ln\u00edho slova<\/strong>, <strong>v\u011bt H<\/strong> a <strong>v\u011bt P<\/strong>.<\/li>\n\n\n\n<li>Rozlo\u017een\u00ed podle po\u017eadovan\u00fdch rozm\u011br\u016f a \u010ditelnosti.<\/li>\n\n\n\n<li>Zahrnut\u00ed n\u00e1zvu dodavatele, UFI (pokud je to relevantn\u00ed) a dal\u0161\u00edch pr\u00e1vn\u00edch prvk\u016f.<\/li>\n<\/ul>\n\n<h4 class=\"wp-block-heading\" id=\"h-2-label-verification-compliance-check\">2. <strong>Ov\u011b\u0159en\u00ed \u0161t\u00edtku \/ kontrola shody<\/strong><\/h4>\n\n<p>U\u017e m\u00e1te \u0161t\u00edtek? Zkontrolujeme v\u00e1\u0161 n\u00e1vrh podle aktu\u00e1ln\u00edch po\u017eadavk\u016f CLP a poskytneme v\u00e1m jasnou zp\u011btnou vazbu a p\u0159\u00edpadn\u00e9 opravy: <\/p>\n\n<ul class=\"wp-block-list\">\n<li>P\u0159esnost klasifikace nebezpe\u010dnosti.<\/li>\n\n\n\n<li>Spr\u00e1vn\u00e9 pou\u017e\u00edv\u00e1n\u00ed fr\u00e1z\u00ed, sign\u00e1ln\u00edch slov a piktogram\u016f.<\/li>\n\n\n\n<li>\u010citelnost, form\u00e1t a um\u00edst\u011bn\u00ed povinn\u00fdch prvk\u016f.<\/li>\n\n\n\n<li>Ov\u011b\u0159en\u00ed p\u0159\u00edtomnosti a struktury UFI (je-li vy\u017eadov\u00e1no).<\/li>\n<\/ul>\n\n<h4 class=\"wp-block-heading\" id=\"h-3-optional-add-ons\">3. <strong>Voliteln\u00e9 dopl\u0148ky<\/strong><\/h4>\n\n<ul class=\"wp-block-list\">\n<li>Slu\u017eba <strong>generov\u00e1n\u00ed UFI<\/strong> a ozn\u00e1men\u00ed PCN.<\/li>\n\n\n\n<li><strong>p\u0159ezkoum\u00e1n\u00ed bezpe\u010dnostn\u00edho listu (SDS)<\/strong>, aby se zajistil soulad s \u00fadaji na etiket\u011b.<\/li>\n\n\n\n<li>Jazykov\u00e9 p\u0159eklady etiket ur\u010den\u00fdch pro v\u00edce trh\u016f EU.<\/li>\n<\/ul>\n\n<h2 class=\"wp-block-heading\" id=\"h-which-products-require-clp-compliant-labels\">Kter\u00e9 v\u00fdrobky vy\u017eaduj\u00ed etikety v souladu s na\u0159\u00edzen\u00edm CLP?<\/h2>\n\n<p>Na\u0161e slu\u017eba ozna\u010dov\u00e1n\u00ed CLP se vztahuje na \u0161irokou \u0161k\u00e1lu nebezpe\u010dn\u00fdch sm\u011bs\u00ed, mimo jin\u00e9 na:<\/p>\n\n<ul class=\"wp-block-list\">\n<li>Pr\u016fmyslov\u00e9 \u010distic\u00ed prost\u0159edky a \u010distic\u00ed prost\u0159edky pro dom\u00e1cnost.<\/li>\n\n\n\n<li>Barvy, lepidla, prysky\u0159ice a n\u00e1t\u011bry.<\/li>\n\n\n\n<li>V\u00fdrobky pro automobilov\u00fd pr\u016fmysl a maziva.<\/li>\n\n\n\n<li>Vonn\u00e9 sm\u011bsi a koncentr\u00e1ty esenci\u00e1ln\u00edch olej\u016f.<\/li>\n\n\n\n<li>Osv\u011b\u017eova\u010de vzduchu, voskov\u00e9 taveniny a vonn\u00e9 spreje.<\/li>\n\n\n\n<li>Technick\u00e9 aerosoly a spreje.<\/li>\n<\/ul>\n\n<p>Pokud v\u00e1\u0161 v\u00fdrobek obsahuje slo\u017eky, kter\u00e9 p\u0159edstavuj\u00ed <strong>fyzik\u00e1ln\u00ed nebezpe\u010d\u00ed nebo nebezpe\u010d\u00ed pro zdrav\u00ed \u010di \u017eivotn\u00ed prost\u0159ed\u00ed<\/strong>, je pravd\u011bpodobn\u011b vy\u017eadov\u00e1no ozna\u010den\u00ed v souladu s na\u0159\u00edzen\u00edm CLP.<\/p>\n\n<h2 class=\"wp-block-heading\" id=\"h-who-is-this-service-for\">Pro koho je tato slu\u017eba ur\u010dena?<\/h2>\n\n<ul class=\"wp-block-list\">\n<li><strong>V\u00fdrobci<\/strong>, <strong>dovozci<\/strong> a <strong>soukrom\u00ed v\u00fdrobci<\/strong> chemick\u00fdch sm\u011bs\u00ed.<\/li>\n\n\n\n<li><strong>Za\u010d\u00ednaj\u00edc\u00ed podniky<\/strong> a mal\u00e9 a st\u0159edn\u00ed podniky, kter\u00e9 hledaj\u00ed cenov\u011b dostupnou regula\u010dn\u00ed podporu.<\/li>\n\n\n\n<li><strong>Maloobchodn\u00edci a tr\u017ei\u0161t\u011b,<\/strong> kte\u0159\u00ed pot\u0159ebuj\u00ed vyhovuj\u00edc\u00ed etikety pro dal\u0161\u00ed prodej.<\/li>\n\n\n\n<li><strong>V\u00fdvozci<\/strong> distribuuj\u00edc\u00ed do zem\u00ed EU\/EHP.<\/li>\n<\/ul>\n\n<h2 class=\"wp-block-heading\" id=\"h-why-choose-ufi-eu\">Pro\u010d si vybrat UFI.EU?<\/h2>\n\n<ul class=\"wp-block-list\">\n<li><strong>Odborn\u00e9 znalosti v oblasti regulace<\/strong> CLP, UFI a PCN v r\u016fzn\u00fdch pr\u016fmyslov\u00fdch odv\u011btv\u00edch.<\/li>\n\n\n\n<li><strong>Rychl\u00e9 vy\u0159\u00edzen\u00ed<\/strong> a jasn\u00e1 komunikace.<\/li>\n\n\n\n<li><strong>P\u0159esn\u00e9 a pr\u00e1vn\u011b obhajiteln\u00e9 ozna\u010dov\u00e1n\u00ed na<\/strong> z\u00e1klad\u011b nejnov\u011bj\u0161\u00edch p\u0159edpis\u016f EU.<\/li>\n\n\n\n<li><strong>V\u00edcejazy\u010dn\u00e1 podpora pro<\/strong> celoevropskou shodu.<\/li>\n<\/ul>\n\n<h2 class=\"wp-block-heading\" id=\"h-how-it-works\">Jak to funguje<\/h2>\n\n<ol class=\"wp-block-list\">\n<li><strong>Odevzdejte sv\u016fj bezpe\u010dnostn\u00ed list nebo informace o slo\u017een\u00ed.<\/strong><\/li>\n\n\n\n<li><strong>Analyzujeme data a vytvo\u0159\u00edme nebo zkontrolujeme v\u00e1\u0161 \u0161t\u00edtek.<\/strong><\/li>\n\n\n\n<li><strong>Obdr\u017e\u00edte soubor se \u0161t\u00edtkem CLP p\u0159ipraven\u00fd k pou\u017eit\u00ed nebo zpr\u00e1vu s po\u017eadovan\u00fdmi opravami.<\/strong><\/li>\n<\/ol>\n\n<h2 class=\"wp-block-heading\" id=\"h-ready-to-order\">Jste p\u0159ipraveni objednat?<\/h2>\n\n<p>Vyhn\u011bte se stresu z nevyhovuj\u00edc\u00edch \u0161t\u00edtk\u016f. Na\u0161i odborn\u00edci v\u00e1m pomohou s jistotou splnit va\u0161e z\u00e1konn\u00e9 povinnosti. <br\/><strong>Objednejte si vytvo\u0159en\u00ed \u0161t\u00edtku CLP nebo kontrolu shody je\u0161t\u011b dnes.<\/strong><\/p>\n","protected":false},"excerpt":{"rendered":"<p>Poskytneme v\u00e1m informace pro \u0161t\u00edtek va\u0161eho v\u00fdrobku. V\u00e1\u0161 kone\u010dn\u00fd n\u00e1vrh etikety bude zkontrolov\u00e1n z hlediska souladu s pr\u00e1vn\u00edmi p\u0159edpisy. <\/p>\n","protected":false},"featured_media":12436,"template":"","meta":[],"product_brand":[],"product_cat":[415],"product_tag":[],"class_list":{"0":"post-12791","1":"product","2":"type-product","3":"status-publish","4":"has-post-thumbnail","6":"product_cat-stitek-clp","8":"first","9":"instock","10":"virtual","11":"taxable","12":"purchasable","13":"product-type-simple"},"bundled_by":["12843","13429","14488","31738"],"bundle_stock_status":"instock","bundle_stock_quantity":null,"bundle_virtual":false,"bundle_layout":"","bundle_add_to_cart_form_location":"","bundle_editable_in_cart":false,"bundle_sold_individually_context":"","bundle_item_grouping":"","bundle_min_size":"","bundle_max_size":"","bundle_price":[],"bundled_items":[],"bundle_sell_ids":[],"yoast_head":"<!-- This site is optimized with the Yoast SEO Premium plugin v25.1 (Yoast SEO v25.1) - https:\/\/yoast.com\/wordpress\/plugins\/seo\/ -->\n<title>Vytvo\u0159en\u00ed \u0161t\u00edtku CLP a kontrola shody - UFI<\/title>\n<meta name=\"description\" content=\"Na\u0161e slu\u017eba Vytvo\u0159en\u00ed \u0161t\u00edtku CLP a kontrola shody zajist\u00ed, \u017ee ozna\u010den\u00ed va\u0161eho v\u00fdrobku spl\u0148uje v\u0161echny z\u00e1konn\u00e9 po\u017eadavky v EU a EHP.\" \/>\n<meta name=\"robots\" content=\"index, follow, max-snippet:-1, max-image-preview:large, max-video-preview:-1\" \/>\n<link rel=\"canonical\" href=\"https:\/\/www.ufi.eu\/cs\/product\/vytvoreni-stitku-clp-a-kontrola-shody\/\" \/>\n<meta property=\"og:locale\" content=\"cs_CZ\" \/>\n<meta property=\"og:type\" content=\"article\" \/>\n<meta property=\"og:title\" content=\"Vytvo\u0159en\u00ed \u0161t\u00edtku CLP a kontrola shody\" \/>\n<meta property=\"og:description\" content=\"Na\u0161e slu\u017eba Vytvo\u0159en\u00ed \u0161t\u00edtku CLP a kontrola shody zajist\u00ed, \u017ee ozna\u010den\u00ed va\u0161eho v\u00fdrobku spl\u0148uje v\u0161echny z\u00e1konn\u00e9 po\u017eadavky v EU a EHP.\" \/>\n<meta property=\"og:url\" content=\"https:\/\/www.ufi.eu\/cs\/product\/vytvoreni-stitku-clp-a-kontrola-shody\/\" \/>\n<meta property=\"og:site_name\" content=\"UFI\" \/>\n<meta property=\"article:modified_time\" content=\"2025-04-28T12:14:52+00:00\" \/>\n<meta property=\"og:image\" content=\"https:\/\/www.ufi.eu\/wp-content\/uploads\/2025\/03\/pcn_ufi.jpg\" \/>\n\t<meta property=\"og:image:width\" content=\"1024\" \/>\n\t<meta property=\"og:image:height\" content=\"1024\" \/>\n\t<meta property=\"og:image:type\" content=\"image\/jpeg\" \/>\n<meta name=\"twitter:card\" content=\"summary_large_image\" \/>\n<meta name=\"twitter:label1\" content=\"Cena\" \/>\n\t<meta name=\"twitter:data1\" content=\"&euro;50.00\" \/>\n\t<meta name=\"twitter:label2\" content=\"Dostupnost\" \/>\n\t<meta name=\"twitter:data2\" content=\"Skladem\" \/>\n<script type=\"application\/ld+json\" class=\"yoast-schema-graph\">{\"@context\":\"https:\/\/schema.org\",\"@graph\":[{\"@type\":\"WebPage\",\"@id\":\"https:\/\/www.ufi.eu\/cs\/product\/vytvoreni-stitku-clp-a-kontrola-shody\/\",\"url\":\"https:\/\/www.ufi.eu\/cs\/product\/vytvoreni-stitku-clp-a-kontrola-shody\/\",\"name\":\"Vytvo\u0159en\u00ed \u0161t\u00edtku CLP a kontrola shody - UFI\",\"isPartOf\":{\"@id\":\"https:\/\/www.ufi.eu\/cs\/#website\"},\"primaryImageOfPage\":{\"@id\":\"https:\/\/www.ufi.eu\/cs\/product\/vytvoreni-stitku-clp-a-kontrola-shody\/#primaryimage\"},\"image\":{\"@id\":\"https:\/\/www.ufi.eu\/cs\/product\/vytvoreni-stitku-clp-a-kontrola-shody\/#primaryimage\"},\"thumbnailUrl\":\"https:\/\/www.ufi.eu\/wp-content\/uploads\/2025\/03\/pcn_ufi.jpg\",\"datePublished\":\"2025-04-15T20:26:53+00:00\",\"dateModified\":\"2025-04-28T12:14:52+00:00\",\"description\":\"Na\u0161e slu\u017eba Vytvo\u0159en\u00ed \u0161t\u00edtku CLP a kontrola shody zajist\u00ed, \u017ee ozna\u010den\u00ed va\u0161eho v\u00fdrobku spl\u0148uje v\u0161echny z\u00e1konn\u00e9 po\u017eadavky v EU a EHP.\",\"breadcrumb\":{\"@id\":\"https:\/\/www.ufi.eu\/cs\/product\/vytvoreni-stitku-clp-a-kontrola-shody\/#breadcrumb\"},\"inLanguage\":\"cs\",\"potentialAction\":[{\"@type\":\"ReadAction\",\"target\":[\"https:\/\/www.ufi.eu\/cs\/product\/vytvoreni-stitku-clp-a-kontrola-shody\/\"]}]},{\"@type\":\"ImageObject\",\"inLanguage\":\"cs\",\"@id\":\"https:\/\/www.ufi.eu\/cs\/product\/vytvoreni-stitku-clp-a-kontrola-shody\/#primaryimage\",\"url\":\"https:\/\/www.ufi.eu\/wp-content\/uploads\/2025\/03\/pcn_ufi.jpg\",\"contentUrl\":\"https:\/\/www.ufi.eu\/wp-content\/uploads\/2025\/03\/pcn_ufi.jpg\",\"width\":1024,\"height\":1024},{\"@type\":\"BreadcrumbList\",\"@id\":\"https:\/\/www.ufi.eu\/cs\/product\/vytvoreni-stitku-clp-a-kontrola-shody\/#breadcrumb\",\"itemListElement\":[{\"@type\":\"ListItem\",\"position\":1,\"name\":\"Home\",\"item\":\"https:\/\/www.ufi.eu\/cs\/home\/\"},{\"@type\":\"ListItem\",\"position\":2,\"name\":\"Obchod\",\"item\":\"https:\/\/www.ufi.eu\/cs\/obchod\/\"},{\"@type\":\"ListItem\",\"position\":3,\"name\":\"Vytvo\u0159en\u00ed \u0161t\u00edtku CLP a kontrola shody\"}]},{\"@type\":\"WebSite\",\"@id\":\"https:\/\/www.ufi.eu\/cs\/#website\",\"url\":\"https:\/\/www.ufi.eu\/cs\/\",\"name\":\"UFI.EU\",\"description\":\"Poison Centre Notifications (PCN) and UFI\",\"publisher\":{\"@id\":\"https:\/\/www.ufi.eu\/cs\/#organization\"},\"potentialAction\":[{\"@type\":\"SearchAction\",\"target\":{\"@type\":\"EntryPoint\",\"urlTemplate\":\"https:\/\/www.ufi.eu\/cs\/?s={search_term_string}\"},\"query-input\":{\"@type\":\"PropertyValueSpecification\",\"valueRequired\":true,\"valueName\":\"search_term_string\"}}],\"inLanguage\":\"cs\"},{\"@type\":\"Organization\",\"@id\":\"https:\/\/www.ufi.eu\/cs\/#organization\",\"name\":\"UFI.EU\",\"url\":\"https:\/\/www.ufi.eu\/cs\/\",\"logo\":{\"@type\":\"ImageObject\",\"inLanguage\":\"cs\",\"@id\":\"https:\/\/www.ufi.eu\/cs\/#\/schema\/logo\/image\/\",\"url\":\"https:\/\/www.ufi.eu\/wp-content\/uploads\/2025\/03\/cropped-logo_ufi3.jpg\",\"contentUrl\":\"https:\/\/www.ufi.eu\/wp-content\/uploads\/2025\/03\/cropped-logo_ufi3.jpg\",\"width\":231,\"height\":78,\"caption\":\"UFI.EU\"},\"image\":{\"@id\":\"https:\/\/www.ufi.eu\/cs\/#\/schema\/logo\/image\/\"},\"description\":\"UFI.eu specializes in digital registrations for Poison Centre Notifications (PCN), ensuring your chemical products meet EU regulatory requirements effortlessly. Our streamlined solutions help businesses stay compliant while reducing complexity and administrative burden.\",\"email\":\"info@ufi.eu\",\"legalName\":\"UFI.EU\"}]}<\/script>\n<meta property=\"product:price:amount\" content=\"50.00\" \/>\n<meta property=\"product:price:currency\" content=\"EUR\" \/>\n<meta property=\"og:availability\" content=\"instock\" \/>\n<meta property=\"product:availability\" content=\"instock\" \/>\n<meta property=\"product:condition\" content=\"new\" \/>\n<!-- \/ Yoast SEO Premium plugin. -->","yoast_head_json":{"title":"Vytvo\u0159en\u00ed \u0161t\u00edtku CLP a kontrola shody - UFI","description":"Na\u0161e slu\u017eba Vytvo\u0159en\u00ed \u0161t\u00edtku CLP a kontrola shody zajist\u00ed, \u017ee ozna\u010den\u00ed va\u0161eho v\u00fdrobku spl\u0148uje v\u0161echny z\u00e1konn\u00e9 po\u017eadavky v EU a EHP.","robots":{"index":"index","follow":"follow","max-snippet":"max-snippet:-1","max-image-preview":"max-image-preview:large","max-video-preview":"max-video-preview:-1"},"canonical":"https:\/\/www.ufi.eu\/cs\/product\/vytvoreni-stitku-clp-a-kontrola-shody\/","og_locale":"cs_CZ","og_type":"article","og_title":"Vytvo\u0159en\u00ed \u0161t\u00edtku CLP a kontrola shody","og_description":"Na\u0161e slu\u017eba Vytvo\u0159en\u00ed \u0161t\u00edtku CLP a kontrola shody zajist\u00ed, \u017ee ozna\u010den\u00ed va\u0161eho v\u00fdrobku spl\u0148uje v\u0161echny z\u00e1konn\u00e9 po\u017eadavky v EU a EHP.","og_url":"https:\/\/www.ufi.eu\/cs\/product\/vytvoreni-stitku-clp-a-kontrola-shody\/","og_site_name":"UFI","article_modified_time":"2025-04-28T12:14:52+00:00","og_image":[{"width":1024,"height":1024,"url":"https:\/\/www.ufi.eu\/wp-content\/uploads\/2025\/03\/pcn_ufi.jpg","type":"image\/jpeg"}],"twitter_card":"summary_large_image","twitter_misc":{"Cena":"&euro;50.00","Dostupnost":"Skladem"},"schema":{"@context":"https:\/\/schema.org","@graph":[{"@type":"WebPage","@id":"https:\/\/www.ufi.eu\/cs\/product\/vytvoreni-stitku-clp-a-kontrola-shody\/","url":"https:\/\/www.ufi.eu\/cs\/product\/vytvoreni-stitku-clp-a-kontrola-shody\/","name":"Vytvo\u0159en\u00ed \u0161t\u00edtku CLP a kontrola shody - UFI","isPartOf":{"@id":"https:\/\/www.ufi.eu\/cs\/#website"},"primaryImageOfPage":{"@id":"https:\/\/www.ufi.eu\/cs\/product\/vytvoreni-stitku-clp-a-kontrola-shody\/#primaryimage"},"image":{"@id":"https:\/\/www.ufi.eu\/cs\/product\/vytvoreni-stitku-clp-a-kontrola-shody\/#primaryimage"},"thumbnailUrl":"https:\/\/www.ufi.eu\/wp-content\/uploads\/2025\/03\/pcn_ufi.jpg","datePublished":"2025-04-15T20:26:53+00:00","dateModified":"2025-04-28T12:14:52+00:00","description":"Na\u0161e slu\u017eba Vytvo\u0159en\u00ed \u0161t\u00edtku CLP a kontrola shody zajist\u00ed, \u017ee ozna\u010den\u00ed va\u0161eho v\u00fdrobku spl\u0148uje v\u0161echny z\u00e1konn\u00e9 po\u017eadavky v EU a EHP.","breadcrumb":{"@id":"https:\/\/www.ufi.eu\/cs\/product\/vytvoreni-stitku-clp-a-kontrola-shody\/#breadcrumb"},"inLanguage":"cs","potentialAction":[{"@type":"ReadAction","target":["https:\/\/www.ufi.eu\/cs\/product\/vytvoreni-stitku-clp-a-kontrola-shody\/"]}]},{"@type":"ImageObject","inLanguage":"cs","@id":"https:\/\/www.ufi.eu\/cs\/product\/vytvoreni-stitku-clp-a-kontrola-shody\/#primaryimage","url":"https:\/\/www.ufi.eu\/wp-content\/uploads\/2025\/03\/pcn_ufi.jpg","contentUrl":"https:\/\/www.ufi.eu\/wp-content\/uploads\/2025\/03\/pcn_ufi.jpg","width":1024,"height":1024},{"@type":"BreadcrumbList","@id":"https:\/\/www.ufi.eu\/cs\/product\/vytvoreni-stitku-clp-a-kontrola-shody\/#breadcrumb","itemListElement":[{"@type":"ListItem","position":1,"name":"Home","item":"https:\/\/www.ufi.eu\/cs\/home\/"},{"@type":"ListItem","position":2,"name":"Obchod","item":"https:\/\/www.ufi.eu\/cs\/obchod\/"},{"@type":"ListItem","position":3,"name":"Vytvo\u0159en\u00ed \u0161t\u00edtku CLP a kontrola shody"}]},{"@type":"WebSite","@id":"https:\/\/www.ufi.eu\/cs\/#website","url":"https:\/\/www.ufi.eu\/cs\/","name":"UFI.EU","description":"Poison Centre Notifications (PCN) and UFI","publisher":{"@id":"https:\/\/www.ufi.eu\/cs\/#organization"},"potentialAction":[{"@type":"SearchAction","target":{"@type":"EntryPoint","urlTemplate":"https:\/\/www.ufi.eu\/cs\/?s={search_term_string}"},"query-input":{"@type":"PropertyValueSpecification","valueRequired":true,"valueName":"search_term_string"}}],"inLanguage":"cs"},{"@type":"Organization","@id":"https:\/\/www.ufi.eu\/cs\/#organization","name":"UFI.EU","url":"https:\/\/www.ufi.eu\/cs\/","logo":{"@type":"ImageObject","inLanguage":"cs","@id":"https:\/\/www.ufi.eu\/cs\/#\/schema\/logo\/image\/","url":"https:\/\/www.ufi.eu\/wp-content\/uploads\/2025\/03\/cropped-logo_ufi3.jpg","contentUrl":"https:\/\/www.ufi.eu\/wp-content\/uploads\/2025\/03\/cropped-logo_ufi3.jpg","width":231,"height":78,"caption":"UFI.EU"},"image":{"@id":"https:\/\/www.ufi.eu\/cs\/#\/schema\/logo\/image\/"},"description":"UFI.eu specializes in digital registrations for Poison Centre Notifications (PCN), ensuring your chemical products meet EU regulatory requirements effortlessly. Our streamlined solutions help businesses stay compliant while reducing complexity and administrative burden.","email":"info@ufi.eu","legalName":"UFI.EU"}]},"product_price_amount":"50.00","product_price_currency":"EUR","og_availability":"instock","product_availability":"instock","product_condition":"new"},"_links":{"self":[{"href":"https:\/\/www.ufi.eu\/cs\/wp-json\/wp\/v2\/product\/12791","targetHints":{"allow":["GET"]}}],"collection":[{"href":"https:\/\/www.ufi.eu\/cs\/wp-json\/wp\/v2\/product"}],"about":[{"href":"https:\/\/www.ufi.eu\/cs\/wp-json\/wp\/v2\/types\/product"}],"wp:featuredmedia":[{"embeddable":true,"href":"https:\/\/www.ufi.eu\/cs\/wp-json\/wp\/v2\/media\/12436"}],"wp:attachment":[{"href":"https:\/\/www.ufi.eu\/cs\/wp-json\/wp\/v2\/media?parent=12791"}],"wp:term":[{"taxonomy":"product_brand","embeddable":true,"href":"https:\/\/www.ufi.eu\/cs\/wp-json\/wp\/v2\/product_brand?post=12791"},{"taxonomy":"product_cat","embeddable":true,"href":"https:\/\/www.ufi.eu\/cs\/wp-json\/wp\/v2\/product_cat?post=12791"},{"taxonomy":"product_tag","embeddable":true,"href":"https:\/\/www.ufi.eu\/cs\/wp-json\/wp\/v2\/product_tag?post=12791"}],"curies":[{"name":"wp","href":"https:\/\/api.w.org\/{rel}","templated":true}]}}