{"id":12557,"date":"2025-03-09T14:12:29","date_gmt":"2025-04-15T19:37:08","guid":{"rendered":"https:\/\/www.ufi.eu\/pcn\/neza\u0159azen\u00e9\/zeme-pro-registraci-pcn\/"},"modified":"2025-05-15T16:47:33","modified_gmt":"2025-05-15T16:47:33","slug":"zeme-pro-registraci-pcn","status":"publish","type":"product","link":"https:\/\/www.ufi.eu\/cs\/product\/zeme-pro-registraci-pcn\/","title":{"rendered":"Zem\u011b pro registraci PCN"},"content":{"rendered":"\n<h2 class=\"wp-block-heading\" id=\"h-launch-your-product-across-europe-with-ease\">Snadn\u00e9 uveden\u00ed produktu na trh v Evrop\u011b<\/h2>\n\n<p>P\u0159i registraci va\u0161eho v\u00fdrobku pro \u00fa\u010dely ozn\u00e1men\u00ed o otrav\u00e1ch v EU (PCN) mus\u00ed ka\u017ed\u00e1 zem\u011b, ve kter\u00e9 pl\u00e1nujete prod\u00e1vat, podat \u017e\u00e1dost p\u0159\u00edslu\u0161n\u00e9mu vnitrost\u00e1tn\u00edmu org\u00e1nu. S na\u0161\u00ed registrac\u00ed EU Countries for PCN si m\u016f\u017eete vybrat p\u0159esn\u00e9 zem\u011b, ve kter\u00fdch chcete sv\u016fj v\u00fdrobek uv\u00e9st na trh &#8211; z\u00edsk\u00e1te tak plnou flexibilitu a kontrolu nad sv\u00fdm p\u016fsoben\u00edm na trhu. <\/p>\n\n<h2 class=\"wp-block-heading\" id=\"h-what-you-re-purchasing\">Co kupujete<\/h2>\n\n<p>Tento produkt umo\u017e\u0148uje <strong>zakoupit \u017eetony zem\u00ed<\/strong> 27 \u010dlensk\u00fdch st\u00e1t\u016f EU. Tyto \u017eetony lze pou\u017e\u00edt <strong>p\u0159i jak\u00e9koli registraci PCN<\/strong>, kterou u n\u00e1s provedete. Po zakoupen\u00ed se zem\u011b <strong>p\u0159idaj\u00ed do <a href=\"https:\/\/www.ufi.eu\/my-account\/points\/\">seznamu zem\u00ed PCN<\/a><\/strong> a lze je pou\u017e\u00edt p\u0159i vypl\u0148ov\u00e1n\u00ed na\u0161eho <strong>formul\u00e1\u0159e pro p\u0159\u00edjem PCN pro<\/strong> v\u00e1\u0161 produkt.    <\/p>\n\n<p><strong><a href=\"https:\/\/www.ufi.eu\/shop\/\">Pro sv\u016fj v\u00fdrobek si budete muset zakoupit tak\u00e9 PCN<\/a>. Tento v\u00fdrobek je pouze volnou zem\u00ed, nikoliv PCN. <\/strong><\/p>\n\n<h4 class=\"wp-block-heading\">\u2705 Jak to funguje:<\/h4>\n\n<ol class=\"wp-block-list\">\n<li>Ur\u010dete <strong>zem\u011b,<\/strong> ve <strong>kter\u00fdch<\/strong> pl\u00e1nujete prod\u00e1vat.<\/li>\n\n\n\n<li>Zakoupit po\u010det <strong>\u017eeton\u016f zem\u011b<\/strong>.<\/li>\n\n\n\n<li><a href=\"https:\/\/www.ufi.eu\/cs\/novy-produkt\/\">Ode\u0161lete n\u00e1m formul\u00e1\u0159 pro p\u0159\u00edjem va\u0161eho produktu<\/a>.<\/li>\n\n\n\n<li>Jednodu\u0161e p\u0159i\u0159a\u010fte zem\u011b, ve kter\u00fdch chcete, abychom v\u00e1\u0161 v\u00fdrobek odeslali k p\u0159edlo\u017een\u00ed PCN.<\/li>\n\n\n\n<li>P\u0159i odes\u00edl\u00e1n\u00ed formul\u00e1\u0159e se od celkov\u00e9 \u010d\u00e1stky ode\u010dtou \u017eetony zem\u00ed.<\/li>\n<\/ol>\n\n<p>A\u0165 u\u017e uv\u00e1d\u00edte na trh jeden produkt, nebo spravujete cel\u00e9 portfolio, m\u016f\u017eete <strong> <a href=\"https:\/\/www.ufi.eu\/my-account\/points\/\">zakoupen\u00e9 tokeny zem\u00ed<\/a> pou\u017e\u00edvat<\/strong> p\u0159i r\u016fzn\u00fdch pod\u00e1n\u00edch PCN &#8211; u\u0161et\u0159\u00edte \u010das, zajist\u00edte soulad s p\u0159edpisy a bez n\u00e1mahy roz\u0161\u00ed\u0159\u00edte svou p\u0159\u00edtomnost na trhu EU.<\/p>\n\n<h3 class=\"wp-block-heading\" id=\"h-supported-eu-countries\">Podporovan\u00e9 zem\u011b EU<\/h3>\n\n<p>EU m\u00e1 27 zem\u00ed a EHP 30 (EU + Lichten\u0161tejnsko, Norsko a Island) Na port\u00e1lu si m\u016f\u017eete vybrat z t\u011bchto zem\u00ed:<\/p>\n\n<figure class=\"wp-block-table\"><table class=\"has-fixed-layout\"><tbody><tr><td>Belgie<\/td><td>(BE)<\/td><td>\u0160pan\u011blsko<\/td><td>(ES)<\/td><td>Ma\u010farsko<\/td><td>(HU)<\/td><td>Slovensko<\/td><td>(SK)<\/td><\/tr><tr><td>Bulharsko<\/td><td>(BG)<\/td><td>Francie<\/td><td>(FR)<\/td><td>Malta<\/td><td>(MT)<\/td><td>Finsko<\/td><td>(FI)<\/td><\/tr><tr><td>\u010cesko<\/td><td>(CZ)<\/td><td>Chorvatsko<\/td><td>(HR)<\/td><td>Nizozemsko<\/td><td>(NL)<\/td><td>\u0160v\u00e9dsko<\/td><td>(SE)<\/td><\/tr><tr><td>D\u00e1nsko<\/td><td>(DK)<\/td><td>It\u00e1lie<\/td><td>(IT)<\/td><td>Rakousko<\/td><td>(AT)<\/td><td>N\u011bmecko<\/td><td>(DE)<\/td><\/tr><tr><td>Kypr<\/td><td>(CY)<\/td><td>Polsko<\/td><td>(PL)<\/td><td>Island<\/td><td>(IS)<\/td><td>Estonsko<\/td><td>(EE)<\/td><\/tr><tr><td>Loty\u0161sko<\/td><td>(LV)<\/td><td>Portugalsko<\/td><td>(PT)<\/td><td>Lichten\u0161tejnsko<\/td><td>(LI)<\/td><td>Irsko<\/td><td>(IE)<\/td><\/tr><tr><td>Litva<\/td><td>(LT)<\/td><td>Rumunsko<\/td><td>(RO)<\/td><td>Norsko<\/td><td>(NE)<\/td><td>\u0158ecko<\/td><td>(EL)<\/td><\/tr><tr><td>Lucembursko<\/td><td>(LU)<\/td><td>Slovinsko<\/td><td>(SI)<\/td><td>\u0160v\u00fdcarsko*<\/td><td>(CH)<\/td><td><\/td><td><\/td><\/tr><\/tbody><\/table><\/figure>\n\n<p>*Pro \u0160v\u00fdcarsko m\u016f\u017eeme vytvo\u0159it dokumentaci PCN se v\u0161emi pot\u0159ebn\u00fdmi informacemi pro pod\u00e1n\u00ed \u017e\u00e1dosti na \u0161v\u00fdcarsk\u00e9m port\u00e1lu. Pro v\u00edce informac\u00ed n\u00e1s kontaktujte. <\/p>\n\n<h2 class=\"wp-block-heading\" id=\"h-example-of-how-it-works\">P\u0159\u00edklad fungov\u00e1n\u00ed<\/h2>\n\n<p>Uv\u00e1d\u00edte na trh nov\u00fd \u010distic\u00ed prost\u0159edek ve <strong>Francii, N\u011bmecku a \u0160pan\u011blsku<\/strong>. Sta\u010d\u00ed zakoupit t\u0159i zem\u011b. P\u0159i vypl\u0148ov\u00e1n\u00ed p\u0159ij\u00edmac\u00edho formul\u00e1\u0159e PCN u n\u00e1s p\u0159i\u0159ad\u00edte tyto \u017eetony zem\u00ed k v\u00fdrobku &#8211; zajist\u00edte tak soulad s pr\u00e1vn\u00edmi p\u0159edpisy na v\u0161ech t\u0159ech trz\u00edch bez pot\u00ed\u017e\u00ed s jednotliv\u00fdmi pod\u00e1n\u00edmi.  <\/p>\n","protected":false},"excerpt":{"rendered":"<p>Zvolte pros\u00edm po\u010det zem\u00ed, ve kter\u00fdch chcete sv\u016fj v\u00fdrobek zaregistrovat.<\/p>\n","protected":false},"featured_media":12558,"template":"","meta":[],"product_brand":[],"product_cat":[341],"product_tag":[],"class_list":{"0":"post-12557","1":"product","2":"type-product","3":"status-publish","4":"has-post-thumbnail","6":"product_cat-zeme","8":"first","9":"instock","10":"virtual","11":"taxable","12":"purchasable","13":"product-type-simple"},"bundled_by":["12684","12712","12843","13055","13074","13083","13102","13130","13158","13177","13195","13221","13429","13452","13474","13485","13502","13858","13876","13886","13912","13930","14086","14112","14130","14148","14162","14470","14488","14506","14524","14542","14570","14612","14710","14720","14803","14817","14833","14854","15009","15019","15028","15069","15079","15105","15123","15363","15503","15521","15539","15557","15647","15655","15673","15701","15709","15892","15898","15936","16133","16141","16315","16341","16349","16367","16385","16449","16475","16503","16521","16527","16573","16989","17007","17035","17043","17071","17089","17343","17369","17387","17405","17423","17431","17459","17811","17827","17855","17873","17881","17899","17927","17945","17963","18038","18044","18060","18064","18237","18435","18445","18471","18481","18499","18525","18617","18629","18647","18803","18831","18885","18909","18919","18935","18953","18965","19009","19269","19287","19305","19333","19341","19359","19449","19665","19691","19699","19727","19745","19763","19781","19799","19807","20177","20185","20203","20231","20239","20257","20285","20303","20613","20619","20645","20661","20679","20715","20783","20791","21173","21185","21195","21201","21209","21235","21251","21501","21545","21667","21681","21687","21715","21733","21741","21759","21787","22175","22201","22211","22229","22255","22273","22291","22305","22445","22473","22481","22501","22519","22547","22559","22577","22595","22964","22967","22985","23017","23035","23047","23119","23127","23149","23155","23519","23523","23551","23569","23577","23649","23677","23685","23972","23998","24000","24168","31738"],"bundle_stock_status":"instock","bundle_stock_quantity":null,"bundle_virtual":false,"bundle_layout":"","bundle_add_to_cart_form_location":"","bundle_editable_in_cart":false,"bundle_sold_individually_context":"","bundle_item_grouping":"","bundle_min_size":"","bundle_max_size":"","bundle_price":[],"bundled_items":[],"bundle_sell_ids":[],"yoast_head":"<!-- This site is optimized with the Yoast SEO Premium plugin v25.1 (Yoast SEO v25.1) - https:\/\/yoast.com\/wordpress\/plugins\/seo\/ -->\n<title>Zem\u011b pro registraci PCN - UFI<\/title>\n<meta name=\"description\" content=\"D\u00edky na\u0161\u00ed registraci PCN v zem\u00edch EU si m\u016f\u017eete vybrat p\u0159esn\u00e9 zem\u011b, ve kter\u00fdch chcete sv\u016fj produkt uv\u00e9st na trh, a z\u00edskat tak plnou flexibilitu a kontrolu nad sv\u00fdm p\u016fsoben\u00edm na trhu.\" \/>\n<meta name=\"robots\" content=\"index, follow, max-snippet:-1, max-image-preview:large, max-video-preview:-1\" \/>\n<link rel=\"canonical\" href=\"https:\/\/www.ufi.eu\/cs\/product\/zeme-pro-registraci-pcn\/\" \/>\n<meta property=\"og:locale\" content=\"cs_CZ\" \/>\n<meta property=\"og:type\" content=\"article\" \/>\n<meta property=\"og:title\" content=\"Zem\u011b pro registraci PCN\" \/>\n<meta property=\"og:description\" content=\"D\u00edky na\u0161\u00ed registraci PCN v zem\u00edch EU si m\u016f\u017eete vybrat p\u0159esn\u00e9 zem\u011b, ve kter\u00fdch chcete sv\u016fj produkt uv\u00e9st na trh, a z\u00edskat tak plnou flexibilitu a kontrolu nad sv\u00fdm p\u016fsoben\u00edm na trhu.\" \/>\n<meta property=\"og:url\" content=\"https:\/\/www.ufi.eu\/cs\/product\/zeme-pro-registraci-pcn\/\" \/>\n<meta property=\"og:site_name\" content=\"UFI\" \/>\n<meta property=\"article:modified_time\" content=\"2025-05-15T16:47:33+00:00\" \/>\n<meta property=\"og:image\" content=\"https:\/\/www.ufi.eu\/wp-content\/uploads\/2025\/03\/eu.jpg\" \/>\n\t<meta property=\"og:image:width\" content=\"800\" \/>\n\t<meta property=\"og:image:height\" content=\"800\" \/>\n\t<meta property=\"og:image:type\" content=\"image\/jpeg\" \/>\n<meta name=\"twitter:card\" content=\"summary_large_image\" \/>\n<meta name=\"twitter:label1\" content=\"Cena\" \/>\n\t<meta name=\"twitter:data1\" content=\"&euro;35.00\" \/>\n\t<meta name=\"twitter:label2\" content=\"Dostupnost\" \/>\n\t<meta name=\"twitter:data2\" content=\"Skladem\" \/>\n<script type=\"application\/ld+json\" class=\"yoast-schema-graph\">{\"@context\":\"https:\/\/schema.org\",\"@graph\":[{\"@type\":\"WebPage\",\"@id\":\"https:\/\/www.ufi.eu\/cs\/product\/zeme-pro-registraci-pcn\/\",\"url\":\"https:\/\/www.ufi.eu\/cs\/product\/zeme-pro-registraci-pcn\/\",\"name\":\"Zem\u011b pro registraci PCN - UFI\",\"isPartOf\":{\"@id\":\"https:\/\/www.ufi.eu\/cs\/#website\"},\"primaryImageOfPage\":{\"@id\":\"https:\/\/www.ufi.eu\/cs\/product\/zeme-pro-registraci-pcn\/#primaryimage\"},\"image\":{\"@id\":\"https:\/\/www.ufi.eu\/cs\/product\/zeme-pro-registraci-pcn\/#primaryimage\"},\"thumbnailUrl\":\"https:\/\/www.ufi.eu\/wp-content\/uploads\/2025\/03\/eu.jpg\",\"datePublished\":\"2025-04-15T19:37:08+00:00\",\"dateModified\":\"2025-05-15T16:47:33+00:00\",\"description\":\"D\u00edky na\u0161\u00ed registraci PCN v zem\u00edch EU si m\u016f\u017eete vybrat p\u0159esn\u00e9 zem\u011b, ve kter\u00fdch chcete sv\u016fj produkt uv\u00e9st na trh, a z\u00edskat tak plnou flexibilitu a kontrolu nad sv\u00fdm p\u016fsoben\u00edm na trhu.\",\"breadcrumb\":{\"@id\":\"https:\/\/www.ufi.eu\/cs\/product\/zeme-pro-registraci-pcn\/#breadcrumb\"},\"inLanguage\":\"cs\",\"potentialAction\":[{\"@type\":\"ReadAction\",\"target\":[\"https:\/\/www.ufi.eu\/cs\/product\/zeme-pro-registraci-pcn\/\"]}]},{\"@type\":\"ImageObject\",\"inLanguage\":\"cs\",\"@id\":\"https:\/\/www.ufi.eu\/cs\/product\/zeme-pro-registraci-pcn\/#primaryimage\",\"url\":\"https:\/\/www.ufi.eu\/wp-content\/uploads\/2025\/03\/eu.jpg\",\"contentUrl\":\"https:\/\/www.ufi.eu\/wp-content\/uploads\/2025\/03\/eu.jpg\",\"width\":800,\"height\":800},{\"@type\":\"BreadcrumbList\",\"@id\":\"https:\/\/www.ufi.eu\/cs\/product\/zeme-pro-registraci-pcn\/#breadcrumb\",\"itemListElement\":[{\"@type\":\"ListItem\",\"position\":1,\"name\":\"Home\",\"item\":\"https:\/\/www.ufi.eu\/cs\/home\/\"},{\"@type\":\"ListItem\",\"position\":2,\"name\":\"Obchod\",\"item\":\"https:\/\/www.ufi.eu\/cs\/obchod\/\"},{\"@type\":\"ListItem\",\"position\":3,\"name\":\"Zem\u011b pro registraci PCN\"}]},{\"@type\":\"WebSite\",\"@id\":\"https:\/\/www.ufi.eu\/cs\/#website\",\"url\":\"https:\/\/www.ufi.eu\/cs\/\",\"name\":\"UFI.EU\",\"description\":\"Poison Centre Notifications (PCN) and UFI\",\"publisher\":{\"@id\":\"https:\/\/www.ufi.eu\/cs\/#organization\"},\"potentialAction\":[{\"@type\":\"SearchAction\",\"target\":{\"@type\":\"EntryPoint\",\"urlTemplate\":\"https:\/\/www.ufi.eu\/cs\/?s={search_term_string}\"},\"query-input\":{\"@type\":\"PropertyValueSpecification\",\"valueRequired\":true,\"valueName\":\"search_term_string\"}}],\"inLanguage\":\"cs\"},{\"@type\":\"Organization\",\"@id\":\"https:\/\/www.ufi.eu\/cs\/#organization\",\"name\":\"UFI.EU\",\"url\":\"https:\/\/www.ufi.eu\/cs\/\",\"logo\":{\"@type\":\"ImageObject\",\"inLanguage\":\"cs\",\"@id\":\"https:\/\/www.ufi.eu\/cs\/#\/schema\/logo\/image\/\",\"url\":\"https:\/\/www.ufi.eu\/wp-content\/uploads\/2025\/03\/cropped-logo_ufi3.jpg\",\"contentUrl\":\"https:\/\/www.ufi.eu\/wp-content\/uploads\/2025\/03\/cropped-logo_ufi3.jpg\",\"width\":231,\"height\":78,\"caption\":\"UFI.EU\"},\"image\":{\"@id\":\"https:\/\/www.ufi.eu\/cs\/#\/schema\/logo\/image\/\"},\"description\":\"UFI.eu specializes in digital registrations for Poison Centre Notifications (PCN), ensuring your chemical products meet EU regulatory requirements effortlessly. Our streamlined solutions help businesses stay compliant while reducing complexity and administrative burden.\",\"email\":\"info@ufi.eu\",\"legalName\":\"UFI.EU\"}]}<\/script>\n<meta property=\"product:price:amount\" content=\"35.00\" \/>\n<meta property=\"product:price:currency\" content=\"EUR\" \/>\n<meta property=\"og:availability\" content=\"instock\" \/>\n<meta property=\"product:availability\" content=\"instock\" \/>\n<meta property=\"product:retailer_item_id\" content=\"PCN-COUNTRIES\" \/>\n<meta property=\"product:condition\" content=\"new\" \/>\n<!-- \/ Yoast SEO Premium plugin. -->","yoast_head_json":{"title":"Zem\u011b pro registraci PCN - UFI","description":"D\u00edky na\u0161\u00ed registraci PCN v zem\u00edch EU si m\u016f\u017eete vybrat p\u0159esn\u00e9 zem\u011b, ve kter\u00fdch chcete sv\u016fj produkt uv\u00e9st na trh, a z\u00edskat tak plnou flexibilitu a kontrolu nad sv\u00fdm p\u016fsoben\u00edm na trhu.","robots":{"index":"index","follow":"follow","max-snippet":"max-snippet:-1","max-image-preview":"max-image-preview:large","max-video-preview":"max-video-preview:-1"},"canonical":"https:\/\/www.ufi.eu\/cs\/product\/zeme-pro-registraci-pcn\/","og_locale":"cs_CZ","og_type":"article","og_title":"Zem\u011b pro registraci PCN","og_description":"D\u00edky na\u0161\u00ed registraci PCN v zem\u00edch EU si m\u016f\u017eete vybrat p\u0159esn\u00e9 zem\u011b, ve kter\u00fdch chcete sv\u016fj produkt uv\u00e9st na trh, a z\u00edskat tak plnou flexibilitu a kontrolu nad sv\u00fdm p\u016fsoben\u00edm na trhu.","og_url":"https:\/\/www.ufi.eu\/cs\/product\/zeme-pro-registraci-pcn\/","og_site_name":"UFI","article_modified_time":"2025-05-15T16:47:33+00:00","og_image":[{"width":800,"height":800,"url":"https:\/\/www.ufi.eu\/wp-content\/uploads\/2025\/03\/eu.jpg","type":"image\/jpeg"}],"twitter_card":"summary_large_image","twitter_misc":{"Cena":"&euro;35.00","Dostupnost":"Skladem"},"schema":{"@context":"https:\/\/schema.org","@graph":[{"@type":"WebPage","@id":"https:\/\/www.ufi.eu\/cs\/product\/zeme-pro-registraci-pcn\/","url":"https:\/\/www.ufi.eu\/cs\/product\/zeme-pro-registraci-pcn\/","name":"Zem\u011b pro registraci PCN - UFI","isPartOf":{"@id":"https:\/\/www.ufi.eu\/cs\/#website"},"primaryImageOfPage":{"@id":"https:\/\/www.ufi.eu\/cs\/product\/zeme-pro-registraci-pcn\/#primaryimage"},"image":{"@id":"https:\/\/www.ufi.eu\/cs\/product\/zeme-pro-registraci-pcn\/#primaryimage"},"thumbnailUrl":"https:\/\/www.ufi.eu\/wp-content\/uploads\/2025\/03\/eu.jpg","datePublished":"2025-04-15T19:37:08+00:00","dateModified":"2025-05-15T16:47:33+00:00","description":"D\u00edky na\u0161\u00ed registraci PCN v zem\u00edch EU si m\u016f\u017eete vybrat p\u0159esn\u00e9 zem\u011b, ve kter\u00fdch chcete sv\u016fj produkt uv\u00e9st na trh, a z\u00edskat tak plnou flexibilitu a kontrolu nad sv\u00fdm p\u016fsoben\u00edm na trhu.","breadcrumb":{"@id":"https:\/\/www.ufi.eu\/cs\/product\/zeme-pro-registraci-pcn\/#breadcrumb"},"inLanguage":"cs","potentialAction":[{"@type":"ReadAction","target":["https:\/\/www.ufi.eu\/cs\/product\/zeme-pro-registraci-pcn\/"]}]},{"@type":"ImageObject","inLanguage":"cs","@id":"https:\/\/www.ufi.eu\/cs\/product\/zeme-pro-registraci-pcn\/#primaryimage","url":"https:\/\/www.ufi.eu\/wp-content\/uploads\/2025\/03\/eu.jpg","contentUrl":"https:\/\/www.ufi.eu\/wp-content\/uploads\/2025\/03\/eu.jpg","width":800,"height":800},{"@type":"BreadcrumbList","@id":"https:\/\/www.ufi.eu\/cs\/product\/zeme-pro-registraci-pcn\/#breadcrumb","itemListElement":[{"@type":"ListItem","position":1,"name":"Home","item":"https:\/\/www.ufi.eu\/cs\/home\/"},{"@type":"ListItem","position":2,"name":"Obchod","item":"https:\/\/www.ufi.eu\/cs\/obchod\/"},{"@type":"ListItem","position":3,"name":"Zem\u011b pro registraci PCN"}]},{"@type":"WebSite","@id":"https:\/\/www.ufi.eu\/cs\/#website","url":"https:\/\/www.ufi.eu\/cs\/","name":"UFI.EU","description":"Poison Centre Notifications (PCN) and UFI","publisher":{"@id":"https:\/\/www.ufi.eu\/cs\/#organization"},"potentialAction":[{"@type":"SearchAction","target":{"@type":"EntryPoint","urlTemplate":"https:\/\/www.ufi.eu\/cs\/?s={search_term_string}"},"query-input":{"@type":"PropertyValueSpecification","valueRequired":true,"valueName":"search_term_string"}}],"inLanguage":"cs"},{"@type":"Organization","@id":"https:\/\/www.ufi.eu\/cs\/#organization","name":"UFI.EU","url":"https:\/\/www.ufi.eu\/cs\/","logo":{"@type":"ImageObject","inLanguage":"cs","@id":"https:\/\/www.ufi.eu\/cs\/#\/schema\/logo\/image\/","url":"https:\/\/www.ufi.eu\/wp-content\/uploads\/2025\/03\/cropped-logo_ufi3.jpg","contentUrl":"https:\/\/www.ufi.eu\/wp-content\/uploads\/2025\/03\/cropped-logo_ufi3.jpg","width":231,"height":78,"caption":"UFI.EU"},"image":{"@id":"https:\/\/www.ufi.eu\/cs\/#\/schema\/logo\/image\/"},"description":"UFI.eu specializes in digital registrations for Poison Centre Notifications (PCN), ensuring your chemical products meet EU regulatory requirements effortlessly. Our streamlined solutions help businesses stay compliant while reducing complexity and administrative burden.","email":"info@ufi.eu","legalName":"UFI.EU"}]},"product_price_amount":"35.00","product_price_currency":"EUR","og_availability":"instock","product_availability":"instock","product_retailer_item_id":"PCN-COUNTRIES","product_condition":"new"},"_links":{"self":[{"href":"https:\/\/www.ufi.eu\/cs\/wp-json\/wp\/v2\/product\/12557","targetHints":{"allow":["GET"]}}],"collection":[{"href":"https:\/\/www.ufi.eu\/cs\/wp-json\/wp\/v2\/product"}],"about":[{"href":"https:\/\/www.ufi.eu\/cs\/wp-json\/wp\/v2\/types\/product"}],"wp:featuredmedia":[{"embeddable":true,"href":"https:\/\/www.ufi.eu\/cs\/wp-json\/wp\/v2\/media\/12558"}],"wp:attachment":[{"href":"https:\/\/www.ufi.eu\/cs\/wp-json\/wp\/v2\/media?parent=12557"}],"wp:term":[{"taxonomy":"product_brand","embeddable":true,"href":"https:\/\/www.ufi.eu\/cs\/wp-json\/wp\/v2\/product_brand?post=12557"},{"taxonomy":"product_cat","embeddable":true,"href":"https:\/\/www.ufi.eu\/cs\/wp-json\/wp\/v2\/product_cat?post=12557"},{"taxonomy":"product_tag","embeddable":true,"href":"https:\/\/www.ufi.eu\/cs\/wp-json\/wp\/v2\/product_tag?post=12557"}],"curies":[{"name":"wp","href":"https:\/\/api.w.org\/{rel}","templated":true}]}}