{"id":12428,"date":"2025-04-09T20:19:16","date_gmt":"2025-04-15T19:33:43","guid":{"rendered":"https:\/\/www.ufi.eu\/pcn\/neza\u0159azen\u00e9\/vytvoreni-bezpecnostniho-listu\/"},"modified":"2025-08-29T09:15:22","modified_gmt":"2025-08-29T09:15:22","slug":"vytvoreni-bezpecnostniho-listu","status":"publish","type":"product","link":"https:\/\/www.ufi.eu\/cs\/product\/vytvoreni-bezpecnostniho-listu\/","title":{"rendered":"Vytvo\u0159en\u00ed bezpe\u010dnostn\u00edho listu"},"content":{"rendered":"\n<h3 class=\"wp-block-heading\" id=\"h-please-select-the-bundle-including-a-language-for-the-creation-of-an-sds-without-a-language-we-cannot-create-the-sds\"><strong><a href=\"https:\/\/www.ufi.eu\/cs\/product\/sluzba-vytvareni-bezpecnostnich-listu-msds-sds\/\">Vyberte pros\u00edm bal\u00ed\u010dek<\/a> obsahuj\u00edc\u00ed jazyk pro vytvo\u0159en\u00ed SDS. Bez jazyka nem\u016f\u017eeme SDS vytvo\u0159it.   <\/strong><\/h3>\n\n<p><strong>Profesion\u00e1ln\u011b zpracovan\u00e9 bezpe\u010dnostn\u00ed listy v pln\u00e9m souladu s na\u0159\u00edzen\u00edmi EU (REACH a CLP)<\/strong><br\/>Poskytujeme odborn\u011b zpracovan\u00e9 <strong>bezpe\u010dnostn\u00ed listy (SDS)<\/strong> &#8211; zn\u00e1m\u00e9 tak\u00e9 jako <strong>bezpe\u010dnostn\u00ed listy materi\u00e1lu (MSDS)<\/strong> &#8211; \u0161it\u00e9 na m\u00edru va\u0161emu v\u00fdrobku a v souladu s nejnov\u011bj\u0161\u00edmi p\u0159edpisy EU. A\u0165 u\u017e vyr\u00e1b\u00edte chemick\u00e9 sm\u011bsi, dov\u00e1\u017e\u00edte v\u00fdrobky do EU nebo je distribuujete pod soukromou zna\u010dkou, vyhovuj\u00edc\u00ed bezpe\u010dnostn\u00ed listy jsou z\u00e1konem vy\u017eadov\u00e1ny a jsou nezbytn\u00e9 pro bezpe\u010dn\u00e9 pou\u017e\u00edv\u00e1n\u00ed v cel\u00e9m dodavatelsk\u00e9m \u0159et\u011bzci. <\/p>\n\n<h2 class=\"wp-block-heading\" id=\"h-what-is-an-safety-data-sheet-msds-sds-and-why-do-you-need-one\">Co je bezpe\u010dnostn\u00ed list (MSDS\/SDS) a pro\u010d ho pot\u0159ebujete?<\/h2>\n\n<p><strong>Bezpe\u010dnostn\u00ed list<\/strong> je z\u00e1konem vy\u017eadovan\u00fd dokument, kter\u00fd poskytuje komplexn\u00ed informace o vlastnostech chemick\u00e9 l\u00e1tky nebo sm\u011bsi. Podle <strong>na\u0159\u00edzen\u00ed REACH (ES \u010d. 1907\/2006)<\/strong> a <strong>CLP (ES \u010d. 1272\/2008<\/strong>) mus\u00ed dodavatel\u00e9 poskytnout n\u00e1sledn\u00fdm u\u017eivatel\u016fm bezpe\u010dnostn\u00ed list pro ka\u017ed\u00fd v\u00fdrobek, kter\u00fd je nebezpe\u010dn\u00fd nebo obsahuje l\u00e1tky vzbuzuj\u00edc\u00ed obavy. <\/p>\n\n<p>Nedod\u00e1n\u00ed p\u0159esn\u00e9ho a \u00fapln\u00e9ho bezpe\u010dnostn\u00edho listu m\u016f\u017ee v\u00e9st k:<\/p>\n\n<ul class=\"wp-block-list\">\n<li><strong>Pr\u00e1vn\u00ed sankce<\/strong> nebo celn\u00ed zpo\u017ed\u011bn\u00ed<\/li>\n\n\n\n<li><strong>Odm\u00edtnut\u00e9 z\u00e1silky<\/strong> nebo ztr\u00e1ta obchodn\u00edch partner\u016f<\/li>\n\n\n\n<li><strong>Riziko pro lidsk\u00e9 zdrav\u00ed a \u017eivotn\u00ed prost\u0159ed\u00ed<\/strong><\/li>\n<\/ul>\n\n<h2 class=\"wp-block-heading\" id=\"h-what-our-sds-creation-service-includes\">Co zahrnuje na\u0161e slu\u017eba tvorby SDS<\/h2>\n\n<h4 class=\"wp-block-heading\" id=\"h-1-fully-compliant-sds-creation-16-sections\">1. <strong>Vytvo\u0159en\u00ed pln\u011b kompatibiln\u00edho SDS (16 odd\u00edl\u016f)<\/strong><\/h4>\n\n<p>Vytvo\u0159\u00edme v\u00e1\u0161 bezpe\u010dnostn\u00ed list od z\u00e1kladu na z\u00e1klad\u011b slo\u017een\u00ed va\u0161eho v\u00fdrobku a\/nebo st\u00e1vaj\u00edc\u00edch \u00fadaj\u016f, v\u010detn\u011b:<\/p>\n\n<ul class=\"wp-block-list\">\n<li>Informace o klasifikaci a ozna\u010dov\u00e1n\u00ed nebezpe\u010dnosti (v souladu s na\u0159\u00edzen\u00edm CLP)<\/li>\n\n\n\n<li>Zve\u0159ejn\u011bn\u00ed slo\u017een\u00ed a slo\u017eek<\/li>\n\n\n\n<li>Pokyny pro bezpe\u010dn\u00e9 zach\u00e1zen\u00ed, skladov\u00e1n\u00ed a p\u0159epravu<\/li>\n\n\n\n<li>Prvn\u00ed pomoc, ha\u0161en\u00ed po\u017e\u00e1ru a opat\u0159en\u00ed p\u0159i n\u00e1hodn\u00e9m \u00faniku.<\/li>\n\n\n\n<li>Normativn\u00ed odkazy (p\u0159\u00edloha II na\u0159\u00edzen\u00ed REACH)<\/li>\n<\/ul>\n\n<p>Ka\u017ed\u00fd bezpe\u010dnostn\u00ed list je dod\u00e1v\u00e1n v souladu s <strong>p\u0159\u00edlohou II na\u0159\u00edzen\u00ed REACH<\/strong>, v souladu s nejnov\u011bj\u0161\u00edmi aktualizacemi a harmonizovan\u00fdmi klasifikacemi.<\/p>\n\n<h4 class=\"wp-block-heading\" id=\"h-2-multilingual-sds-versions\">2. <strong>V\u00edcejazy\u010dn\u00e9 verze SDS<\/strong><\/h4>\n\n<p>Nab\u00edz\u00edme tvorbu SDS ve v\u00edce \u00fa\u0159edn\u00edch jazyc\u00edch EU, kter\u00e9 jsou p\u0159ipraveny pro p\u0159eshrani\u010dn\u00ed distribuci. To zahrnuje:<\/p>\n\n<ul class=\"wp-block-list\">\n<li>P\u0159eklady od odborn\u00edk\u016f znal\u00fdch chemick\u00e9 terminologie<\/li>\n\n\n\n<li>\u00dapravy specifick\u00e9 pro danou zemi, pokud jsou vy\u017eadov\u00e1ny (nap\u0159. n\u00e1rodn\u00ed limity expozice).<\/li>\n<\/ul>\n\n<h4 class=\"wp-block-heading\" id=\"h-3-update-amp-conversion-service\">3. <strong>Slu\u017eba aktualizace a konverze<\/strong><\/h4>\n\n<p>M\u00e1te ji\u017e zastaral\u00fd nebo nevyhovuj\u00edc\u00ed bezpe\u010dnostn\u00ed list? M\u016f\u017eeme:<\/p>\n\n<ul class=\"wp-block-list\">\n<li>Zkontrolujte a aktualizujte sv\u016fj st\u00e1vaj\u00edc\u00ed list tak, aby odpov\u00eddal sou\u010dasn\u00fdm standard\u016fm.<\/li>\n\n\n\n<li>P\u0159evod form\u00e1t\u016f SDS mimo EU (nap\u0159. US OSHA) do verz\u00ed podle EU REACH<\/li>\n<\/ul>\n\n<h4 class=\"wp-block-heading\" id=\"h-4-optional-add-ons\">4. <strong>Voliteln\u00e9 dopl\u0148ky<\/strong><\/h4>\n\n<ul class=\"wp-block-list\">\n<li>Vytvo\u0159en\u00ed \u0161t\u00edtku CLP, aby odpov\u00eddal bezpe\u010dnostn\u00edmu listu<\/li>\n\n\n\n<li>Generov\u00e1n\u00ed UFI a ozn\u00e1men\u00ed PCN<\/li>\n\n\n\n<li>Klasifikace v\u00fdrobk\u016f na z\u00e1klad\u011b seznamu surovin nebo slo\u017eek<\/li>\n<\/ul>\n\n<h2 class=\"wp-block-heading\" id=\"h-which-products-need-an-sds\">Kter\u00e9 v\u00fdrobky pot\u0159ebuj\u00ed bezpe\u010dnostn\u00ed list?<\/h2>\n\n<p>Bezpe\u010dnostn\u00ed list je vy\u017eadov\u00e1n, pokud v\u00e1\u0161 v\u00fdrobek:<\/p>\n\n<ul class=\"wp-block-list\">\n<li>Je klasifikov\u00e1n jako nebezpe\u010dn\u00fd (nap\u0159. ho\u0159lav\u00fd, dr\u00e1\u017ediv\u00fd, toxick\u00fd, \u017e\u00edrav\u00fd).<\/li>\n\n\n\n<li>Obsahuje l\u00e1tky, kter\u00e9 jsou nebezpe\u010dn\u00e9 nebo jsou uvedeny na zvl\u00e1\u0161tn\u00edch regula\u010dn\u00edch seznamech (nap\u0159. SVHC).<\/li>\n\n\n\n<li>Je ur\u010den pro profesion\u00e1ln\u00ed nebo pr\u016fmyslov\u00e9 pou\u017eit\u00ed, i kdy\u017e nen\u00ed klasifikov\u00e1n jako nebezpe\u010dn\u00fd.<\/li>\n<\/ul>\n\n<p>To se t\u00fdk\u00e1 \u0161irok\u00e9 \u0161k\u00e1ly v\u00fdrobk\u016f:<\/p>\n\n<ul class=\"wp-block-list\">\n<li>Sm\u011bsi v\u016fn\u00ed a esenci\u00e1ln\u00edch olej\u016f<\/li>\n\n\n\n<li>\u010cistic\u00ed prost\u0159edky a post\u0159iky na povrchy<\/li>\n\n\n\n<li>Barvy, n\u00e1t\u011brov\u00e9 hmoty a prysky\u0159ice<\/li>\n\n\n\n<li>Tavn\u00e9 vosky, pokojov\u00e9 spreje a osv\u011b\u017eova\u010de vzduchu<\/li>\n\n\n\n<li>Pr\u016fmyslov\u00e9 chemik\u00e1lie a meziprodukty<\/li>\n<\/ul>\n\n<h2 class=\"wp-block-heading\" id=\"h-who-is-this-service-for\">Pro koho je tato slu\u017eba ur\u010dena?<\/h2>\n\n<ul class=\"wp-block-list\">\n<li>V\u00fdrobci a vlastn\u00edci zna\u010dek chemick\u00fdch sm\u011bs\u00ed<\/li>\n\n\n\n<li>Dovozci v\u00fdrobk\u016f ze zem\u00ed mimo EU<\/li>\n\n\n\n<li>Distributo\u0159i priv\u00e1tn\u00edch zna\u010dek a b\u00edl\u00fdch zna\u010dek<\/li>\n\n\n\n<li>Spole\u010dnosti prod\u00e1vaj\u00edc\u00ed nebezpe\u010dn\u00e9 zbo\u017e\u00ed prost\u0159ednictv\u00edm online tr\u017ei\u0161\u0165 nebo maloobchodu<\/li>\n<\/ul>\n\n<h2 class=\"wp-block-heading\" id=\"h-why-choose-ufi-eu\">Pro\u010d si vybrat UFI.EU?<\/h2>\n\n<ul class=\"wp-block-list\">\n<li><strong>Zku\u0161en\u00fd regula\u010dn\u00ed t\u00fdm<\/strong> specializuj\u00edc\u00ed se na CLP, REACH a PCN<\/li>\n\n\n\n<li><strong>P\u0159esn\u00e9 a pln\u011b vyhovuj\u00edc\u00ed bezpe\u010dnostn\u00ed listy na<\/strong> m\u00edru va\u0161emu produktu<\/li>\n\n\n\n<li><strong>V\u00edcejazy\u010dn\u00e1 podpora pro<\/strong> zaji\u0161t\u011bn\u00ed souladu s p\u0159edpisy v cel\u00e9 EU<\/li>\n\n\n\n<li><strong>Rychl\u00e9 vy\u0159\u00edzen\u00ed<\/strong> a transparentn\u00ed ceny<\/li>\n<\/ul>\n\n<h2 class=\"wp-block-heading\" id=\"h-how-it-works\">Jak to funguje<\/h2>\n\n<ol class=\"wp-block-list\">\n<li><strong>Odesl\u00e1n\u00ed slo\u017een\u00ed v\u00fdrobku nebo st\u00e1vaj\u00edc\u00edho bezpe\u010dnostn\u00edho listu<\/strong><\/li>\n\n\n\n<li><strong>Analyzujeme slo\u017eky a p\u0159ipravujeme SDS<\/strong><\/li>\n\n\n\n<li><strong>Obdr\u017e\u00edte profesion\u00e1ln\u011b naform\u00e1tovan\u00fd dokument p\u0159ipraven\u00fd k distribuci nebo registraci.<\/strong><\/li>\n<\/ol>\n\n<h2 class=\"wp-block-heading\" id=\"h-order-your-sds-today\">Objednejte si SDS je\u0161t\u011b dnes<\/h2>\n\n<p>A\u0165 u\u017e pot\u0159ebujete nov\u00fd SDS, aktualizaci nebo v\u00edcejazy\u010dn\u00e9 verze pro r\u016fzn\u00e9 trhy, <strong>UFI.EU<\/strong> je va\u0161\u00edm spolehliv\u00fdm partnerem pro zaji\u0161t\u011bn\u00ed souladu s chemick\u00fdmi p\u0159edpisy.<br\/><strong>Objednejte si slu\u017ebu vytvo\u0159en\u00ed SDS nyn\u00ed a z\u016fsta\u0148te pln\u011b v souladu s pr\u00e1vn\u00edmi p\u0159edpisy EU.<\/strong><\/p>\n","protected":false},"excerpt":{"rendered":"<p>Vyberte pros\u00edm bal\u00ed\u010dek obsahuj\u00edc\u00ed jazyk pro vytvo\u0159en\u00ed SDS. Bez jazyka nem\u016f\u017eeme SDS vytvo\u0159it. Profesion\u00e1ln\u011b zpracovan\u00e9 bezpe\u010dnostn\u00ed listy v pln\u00e9m souladu s na\u0159\u00edzen\u00edmi EU (REACH a CLP)Poskytujeme odborn\u011b zpracovan\u00e9 bezpe\u010dnostn\u00ed listy (SDS) &#8211; zn\u00e1m\u00e9 tak\u00e9 jako bezpe\u010dnostn\u00ed listy materi\u00e1lu (MSDS) &#8211; \u0161it\u00e9 na m\u00edru va\u0161emu v\u00fdrobku a v souladu s nejnov\u011bj\u0161\u00edmi p\u0159edpisy EU. A\u0165 u\u017e vyr\u00e1b\u00edte [&hellip;]<\/p>\n","protected":false},"featured_media":12436,"template":"","meta":[],"product_brand":[],"product_cat":[284],"product_tag":[],"class_list":{"0":"post-12428","1":"product","2":"type-product","3":"status-publish","4":"has-post-thumbnail","6":"product_cat-bezpecnostni-list","8":"first","9":"instock","10":"virtual","11":"taxable","12":"purchasable","13":"product-type-simple"},"bundled_by":["12857","13195","31738"],"bundle_stock_status":"instock","bundle_stock_quantity":null,"bundle_virtual":false,"bundle_layout":"","bundle_add_to_cart_form_location":"","bundle_editable_in_cart":false,"bundle_sold_individually_context":"","bundle_item_grouping":"","bundle_min_size":"","bundle_max_size":"","bundle_price":[],"bundled_items":[],"bundle_sell_ids":[],"yoast_head":"<!-- This site is optimized with the Yoast SEO Premium plugin v25.1 (Yoast SEO v25.1) - https:\/\/yoast.com\/wordpress\/plugins\/seo\/ -->\n<title>Vytvo\u0159en\u00ed bezpe\u010dnostn\u00edho listu - UFI<\/title>\n<meta name=\"robots\" content=\"noindex, follow\" \/>\n<meta property=\"og:locale\" content=\"cs_CZ\" \/>\n<meta property=\"og:type\" content=\"article\" \/>\n<meta property=\"og:title\" content=\"Vytvo\u0159en\u00ed bezpe\u010dnostn\u00edho listu\" \/>\n<meta property=\"og:description\" content=\"Vyberte pros\u00edm bal\u00ed\u010dek obsahuj\u00edc\u00ed jazyk pro vytvo\u0159en\u00ed SDS. Bez jazyka nem\u016f\u017eeme SDS vytvo\u0159it. Profesion\u00e1ln\u011b zpracovan\u00e9 bezpe\u010dnostn\u00ed listy v pln\u00e9m souladu s na\u0159\u00edzen\u00edmi EU (REACH a CLP)Poskytujeme odborn\u011b zpracovan\u00e9 bezpe\u010dnostn\u00ed listy (SDS) &#8211; zn\u00e1m\u00e9 tak\u00e9 jako bezpe\u010dnostn\u00ed listy materi\u00e1lu (MSDS) &#8211; \u0161it\u00e9 na m\u00edru va\u0161emu v\u00fdrobku a v souladu s nejnov\u011bj\u0161\u00edmi p\u0159edpisy EU. A\u0165 u\u017e vyr\u00e1b\u00edte [&hellip;]\" \/>\n<meta property=\"og:url\" content=\"https:\/\/www.ufi.eu\/cs\/product\/vytvoreni-bezpecnostniho-listu\/\" \/>\n<meta property=\"og:site_name\" content=\"UFI\" \/>\n<meta property=\"article:modified_time\" content=\"2025-08-29T09:15:22+00:00\" \/>\n<meta property=\"og:image\" content=\"https:\/\/www.ufi.eu\/wp-content\/uploads\/2025\/03\/pcn_ufi.jpg\" \/>\n\t<meta property=\"og:image:width\" content=\"1024\" \/>\n\t<meta property=\"og:image:height\" content=\"1024\" \/>\n\t<meta property=\"og:image:type\" content=\"image\/jpeg\" \/>\n<meta name=\"twitter:card\" content=\"summary_large_image\" \/>\n<meta name=\"twitter:label1\" content=\"Cena\" \/>\n\t<meta name=\"twitter:data1\" content=\"&euro;49.00\" \/>\n\t<meta name=\"twitter:label2\" content=\"Dostupnost\" \/>\n\t<meta name=\"twitter:data2\" content=\"Skladem\" \/>\n<script type=\"application\/ld+json\" class=\"yoast-schema-graph\">{\"@context\":\"https:\/\/schema.org\",\"@graph\":[{\"@type\":\"WebPage\",\"@id\":\"https:\/\/www.ufi.eu\/cs\/product\/vytvoreni-bezpecnostniho-listu\/\",\"url\":\"https:\/\/www.ufi.eu\/cs\/product\/vytvoreni-bezpecnostniho-listu\/\",\"name\":\"Vytvo\u0159en\u00ed bezpe\u010dnostn\u00edho listu - UFI\",\"isPartOf\":{\"@id\":\"https:\/\/www.ufi.eu\/cs\/#website\"},\"primaryImageOfPage\":{\"@id\":\"https:\/\/www.ufi.eu\/cs\/product\/vytvoreni-bezpecnostniho-listu\/#primaryimage\"},\"image\":{\"@id\":\"https:\/\/www.ufi.eu\/cs\/product\/vytvoreni-bezpecnostniho-listu\/#primaryimage\"},\"thumbnailUrl\":\"https:\/\/www.ufi.eu\/wp-content\/uploads\/2025\/03\/pcn_ufi.jpg\",\"datePublished\":\"2025-04-15T19:33:43+00:00\",\"dateModified\":\"2025-08-29T09:15:22+00:00\",\"breadcrumb\":{\"@id\":\"https:\/\/www.ufi.eu\/cs\/product\/vytvoreni-bezpecnostniho-listu\/#breadcrumb\"},\"inLanguage\":\"cs\",\"potentialAction\":[{\"@type\":\"ReadAction\",\"target\":[\"https:\/\/www.ufi.eu\/cs\/product\/vytvoreni-bezpecnostniho-listu\/\"]}]},{\"@type\":\"ImageObject\",\"inLanguage\":\"cs\",\"@id\":\"https:\/\/www.ufi.eu\/cs\/product\/vytvoreni-bezpecnostniho-listu\/#primaryimage\",\"url\":\"https:\/\/www.ufi.eu\/wp-content\/uploads\/2025\/03\/pcn_ufi.jpg\",\"contentUrl\":\"https:\/\/www.ufi.eu\/wp-content\/uploads\/2025\/03\/pcn_ufi.jpg\",\"width\":1024,\"height\":1024},{\"@type\":\"BreadcrumbList\",\"@id\":\"https:\/\/www.ufi.eu\/cs\/product\/vytvoreni-bezpecnostniho-listu\/#breadcrumb\",\"itemListElement\":[{\"@type\":\"ListItem\",\"position\":1,\"name\":\"Home\",\"item\":\"https:\/\/www.ufi.eu\/cs\/home\/\"},{\"@type\":\"ListItem\",\"position\":2,\"name\":\"Obchod\",\"item\":\"https:\/\/www.ufi.eu\/cs\/obchod\/\"},{\"@type\":\"ListItem\",\"position\":3,\"name\":\"Vytvo\u0159en\u00ed bezpe\u010dnostn\u00edho listu\"}]},{\"@type\":\"WebSite\",\"@id\":\"https:\/\/www.ufi.eu\/cs\/#website\",\"url\":\"https:\/\/www.ufi.eu\/cs\/\",\"name\":\"UFI.EU\",\"description\":\"Poison Centre Notifications (PCN) and UFI\",\"publisher\":{\"@id\":\"https:\/\/www.ufi.eu\/cs\/#organization\"},\"potentialAction\":[{\"@type\":\"SearchAction\",\"target\":{\"@type\":\"EntryPoint\",\"urlTemplate\":\"https:\/\/www.ufi.eu\/cs\/?s={search_term_string}\"},\"query-input\":{\"@type\":\"PropertyValueSpecification\",\"valueRequired\":true,\"valueName\":\"search_term_string\"}}],\"inLanguage\":\"cs\"},{\"@type\":\"Organization\",\"@id\":\"https:\/\/www.ufi.eu\/cs\/#organization\",\"name\":\"UFI.EU\",\"url\":\"https:\/\/www.ufi.eu\/cs\/\",\"logo\":{\"@type\":\"ImageObject\",\"inLanguage\":\"cs\",\"@id\":\"https:\/\/www.ufi.eu\/cs\/#\/schema\/logo\/image\/\",\"url\":\"https:\/\/www.ufi.eu\/wp-content\/uploads\/2025\/03\/cropped-logo_ufi3.jpg\",\"contentUrl\":\"https:\/\/www.ufi.eu\/wp-content\/uploads\/2025\/03\/cropped-logo_ufi3.jpg\",\"width\":231,\"height\":78,\"caption\":\"UFI.EU\"},\"image\":{\"@id\":\"https:\/\/www.ufi.eu\/cs\/#\/schema\/logo\/image\/\"},\"description\":\"UFI.eu specializes in digital registrations for Poison Centre Notifications (PCN), ensuring your chemical products meet EU regulatory requirements effortlessly. Our streamlined solutions help businesses stay compliant while reducing complexity and administrative burden.\",\"email\":\"info@ufi.eu\",\"legalName\":\"UFI.EU\"}]}<\/script>\n<meta property=\"product:price:amount\" content=\"49.00\" \/>\n<meta property=\"product:price:currency\" content=\"EUR\" \/>\n<meta property=\"og:availability\" content=\"instock\" \/>\n<meta property=\"product:availability\" content=\"instock\" \/>\n<meta property=\"product:condition\" content=\"new\" \/>\n<!-- \/ Yoast SEO Premium plugin. -->","yoast_head_json":{"title":"Vytvo\u0159en\u00ed bezpe\u010dnostn\u00edho listu - UFI","robots":{"index":"noindex","follow":"follow"},"og_locale":"cs_CZ","og_type":"article","og_title":"Vytvo\u0159en\u00ed bezpe\u010dnostn\u00edho listu","og_description":"Vyberte pros\u00edm bal\u00ed\u010dek obsahuj\u00edc\u00ed jazyk pro vytvo\u0159en\u00ed SDS. Bez jazyka nem\u016f\u017eeme SDS vytvo\u0159it. Profesion\u00e1ln\u011b zpracovan\u00e9 bezpe\u010dnostn\u00ed listy v pln\u00e9m souladu s na\u0159\u00edzen\u00edmi EU (REACH a CLP)Poskytujeme odborn\u011b zpracovan\u00e9 bezpe\u010dnostn\u00ed listy (SDS) &#8211; zn\u00e1m\u00e9 tak\u00e9 jako bezpe\u010dnostn\u00ed listy materi\u00e1lu (MSDS) &#8211; \u0161it\u00e9 na m\u00edru va\u0161emu v\u00fdrobku a v souladu s nejnov\u011bj\u0161\u00edmi p\u0159edpisy EU. A\u0165 u\u017e vyr\u00e1b\u00edte [&hellip;]","og_url":"https:\/\/www.ufi.eu\/cs\/product\/vytvoreni-bezpecnostniho-listu\/","og_site_name":"UFI","article_modified_time":"2025-08-29T09:15:22+00:00","og_image":[{"width":1024,"height":1024,"url":"https:\/\/www.ufi.eu\/wp-content\/uploads\/2025\/03\/pcn_ufi.jpg","type":"image\/jpeg"}],"twitter_card":"summary_large_image","twitter_misc":{"Cena":"&euro;49.00","Dostupnost":"Skladem"},"schema":{"@context":"https:\/\/schema.org","@graph":[{"@type":"WebPage","@id":"https:\/\/www.ufi.eu\/cs\/product\/vytvoreni-bezpecnostniho-listu\/","url":"https:\/\/www.ufi.eu\/cs\/product\/vytvoreni-bezpecnostniho-listu\/","name":"Vytvo\u0159en\u00ed bezpe\u010dnostn\u00edho listu - UFI","isPartOf":{"@id":"https:\/\/www.ufi.eu\/cs\/#website"},"primaryImageOfPage":{"@id":"https:\/\/www.ufi.eu\/cs\/product\/vytvoreni-bezpecnostniho-listu\/#primaryimage"},"image":{"@id":"https:\/\/www.ufi.eu\/cs\/product\/vytvoreni-bezpecnostniho-listu\/#primaryimage"},"thumbnailUrl":"https:\/\/www.ufi.eu\/wp-content\/uploads\/2025\/03\/pcn_ufi.jpg","datePublished":"2025-04-15T19:33:43+00:00","dateModified":"2025-08-29T09:15:22+00:00","breadcrumb":{"@id":"https:\/\/www.ufi.eu\/cs\/product\/vytvoreni-bezpecnostniho-listu\/#breadcrumb"},"inLanguage":"cs","potentialAction":[{"@type":"ReadAction","target":["https:\/\/www.ufi.eu\/cs\/product\/vytvoreni-bezpecnostniho-listu\/"]}]},{"@type":"ImageObject","inLanguage":"cs","@id":"https:\/\/www.ufi.eu\/cs\/product\/vytvoreni-bezpecnostniho-listu\/#primaryimage","url":"https:\/\/www.ufi.eu\/wp-content\/uploads\/2025\/03\/pcn_ufi.jpg","contentUrl":"https:\/\/www.ufi.eu\/wp-content\/uploads\/2025\/03\/pcn_ufi.jpg","width":1024,"height":1024},{"@type":"BreadcrumbList","@id":"https:\/\/www.ufi.eu\/cs\/product\/vytvoreni-bezpecnostniho-listu\/#breadcrumb","itemListElement":[{"@type":"ListItem","position":1,"name":"Home","item":"https:\/\/www.ufi.eu\/cs\/home\/"},{"@type":"ListItem","position":2,"name":"Obchod","item":"https:\/\/www.ufi.eu\/cs\/obchod\/"},{"@type":"ListItem","position":3,"name":"Vytvo\u0159en\u00ed bezpe\u010dnostn\u00edho listu"}]},{"@type":"WebSite","@id":"https:\/\/www.ufi.eu\/cs\/#website","url":"https:\/\/www.ufi.eu\/cs\/","name":"UFI.EU","description":"Poison Centre Notifications (PCN) and UFI","publisher":{"@id":"https:\/\/www.ufi.eu\/cs\/#organization"},"potentialAction":[{"@type":"SearchAction","target":{"@type":"EntryPoint","urlTemplate":"https:\/\/www.ufi.eu\/cs\/?s={search_term_string}"},"query-input":{"@type":"PropertyValueSpecification","valueRequired":true,"valueName":"search_term_string"}}],"inLanguage":"cs"},{"@type":"Organization","@id":"https:\/\/www.ufi.eu\/cs\/#organization","name":"UFI.EU","url":"https:\/\/www.ufi.eu\/cs\/","logo":{"@type":"ImageObject","inLanguage":"cs","@id":"https:\/\/www.ufi.eu\/cs\/#\/schema\/logo\/image\/","url":"https:\/\/www.ufi.eu\/wp-content\/uploads\/2025\/03\/cropped-logo_ufi3.jpg","contentUrl":"https:\/\/www.ufi.eu\/wp-content\/uploads\/2025\/03\/cropped-logo_ufi3.jpg","width":231,"height":78,"caption":"UFI.EU"},"image":{"@id":"https:\/\/www.ufi.eu\/cs\/#\/schema\/logo\/image\/"},"description":"UFI.eu specializes in digital registrations for Poison Centre Notifications (PCN), ensuring your chemical products meet EU regulatory requirements effortlessly. Our streamlined solutions help businesses stay compliant while reducing complexity and administrative burden.","email":"info@ufi.eu","legalName":"UFI.EU"}]},"product_price_amount":"49.00","product_price_currency":"EUR","og_availability":"instock","product_availability":"instock","product_condition":"new"},"_links":{"self":[{"href":"https:\/\/www.ufi.eu\/cs\/wp-json\/wp\/v2\/product\/12428","targetHints":{"allow":["GET"]}}],"collection":[{"href":"https:\/\/www.ufi.eu\/cs\/wp-json\/wp\/v2\/product"}],"about":[{"href":"https:\/\/www.ufi.eu\/cs\/wp-json\/wp\/v2\/types\/product"}],"wp:featuredmedia":[{"embeddable":true,"href":"https:\/\/www.ufi.eu\/cs\/wp-json\/wp\/v2\/media\/12436"}],"wp:attachment":[{"href":"https:\/\/www.ufi.eu\/cs\/wp-json\/wp\/v2\/media?parent=12428"}],"wp:term":[{"taxonomy":"product_brand","embeddable":true,"href":"https:\/\/www.ufi.eu\/cs\/wp-json\/wp\/v2\/product_brand?post=12428"},{"taxonomy":"product_cat","embeddable":true,"href":"https:\/\/www.ufi.eu\/cs\/wp-json\/wp\/v2\/product_cat?post=12428"},{"taxonomy":"product_tag","embeddable":true,"href":"https:\/\/www.ufi.eu\/cs\/wp-json\/wp\/v2\/product_tag?post=12428"}],"curies":[{"name":"wp","href":"https:\/\/api.w.org\/{rel}","templated":true}]}}