{"id":11161,"date":"2025-04-15T07:32:09","date_gmt":"2025-04-15T07:32:09","guid":{"rendered":"https:\/\/www.ufi.eu\/podminky-a-pravidla\/"},"modified":"2025-04-15T07:32:09","modified_gmt":"2025-04-15T07:32:09","slug":"podminky-a-pravidla","status":"publish","type":"page","link":"https:\/\/www.ufi.eu\/cs\/podminky-a-pravidla\/","title":{"rendered":"Podm\u00ednky a pravidla"},"content":{"rendered":"\n<p><strong>Spole\u010dnost:<\/strong><br\/><strong> S\u00eddlo:<\/strong> UFI.EU Transistorstraat 91 &#8211; 02, 1322 CL Almere, Nizozemsko<br\/><strong>Obchodn\u00ed komora (KvK)<\/strong>: 61064939<br\/><strong>I\u010c DPH:<\/strong> NL854189543B01<\/p>\n\n<h2 class=\"wp-block-heading\" id=\"h-1-overview\"><strong>1. P\u0159ehled<\/strong><\/h2>\n\n<p>Tyto webov\u00e9 str\u00e1nky provozuje spole\u010dnost <strong>UFI.EU<\/strong>. V\u00fdrazy &#8220;my&#8221;, &#8220;n\u00e1s&#8221; a &#8220;na\u0161e&#8221; se na t\u011bchto str\u00e1nk\u00e1ch vztahuj\u00ed na spole\u010dnost <strong>UFI<\/strong>.EU. N\u00e1v\u0161t\u011bvou na\u0161ich str\u00e1nek a\/nebo n\u00e1kupem od n\u00e1s vyu\u017e\u00edv\u00e1te na\u0161i &#8220;slu\u017ebu&#8221; a souhlas\u00edte s n\u00e1sleduj\u00edc\u00edmi <strong>podm\u00ednkami<\/strong> (&#8220;podm\u00ednky&#8221;), v\u010detn\u011b v\u0161ech dal\u0161\u00edch podm\u00ednek a z\u00e1sad, na kter\u00e9 se zde odkazuje nebo na kter\u00e9 je odkazov\u00e1no z t\u00e9to str\u00e1nky.  <\/p>\n\n<p>Tyto podm\u00ednky se vztahuj\u00ed na v\u0161echny u\u017eivatele webu, mimo jin\u00e9 na prohl\u00ed\u017ee\u010de, prodejce, z\u00e1kazn\u00edky, obchodn\u00edky a p\u0159isp\u011bvatele obsahu. Pokud nesouhlas\u00edte se v\u0161emi podm\u00ednkami t\u00e9to smlouvy, nesm\u00edte na web p\u0159istupovat ani pou\u017e\u00edvat \u017e\u00e1dn\u00e9 slu\u017eby. <\/p>\n\n<p>Vyhrazujeme si pr\u00e1vo tyto podm\u00ednky kdykoli aktualizovat nebo upravit. Je va\u0161\u00ed povinnost\u00ed tuto str\u00e1nku pravideln\u011b kontrolovat. Pokra\u010dov\u00e1n\u00ed v pou\u017e\u00edv\u00e1n\u00ed webov\u00fdch str\u00e1nek po jak\u00fdchkoli zm\u011bn\u00e1ch znamen\u00e1 souhlas s t\u011bmito zm\u011bnami.  <\/p>\n\n<h2 class=\"wp-block-heading\" id=\"h-2-online-store-terms\"><strong>2. Podm\u00ednky internetov\u00e9ho obchodu<\/strong><\/h2>\n\n<p>Souhlasem s t\u011bmito podm\u00ednkami potvrzujete, \u017ee jste v zemi sv\u00e9ho bydli\u0161t\u011b plnolet\u00ed nebo \u017ee jste dali souhlas nezletil\u00fdm osob\u00e1m, kter\u00e9 na va\u0161i odpov\u011bdnost pou\u017e\u00edvaj\u00ed tyto str\u00e1nky.<\/p>\n\n<p>Na\u0161e produkty nebo slu\u017eby nesm\u00edte pou\u017e\u00edvat k \u017e\u00e1dn\u00e9mu nez\u00e1konn\u00e9mu nebo neopr\u00e1vn\u011bn\u00e9mu \u00fa\u010delu a p\u0159i pou\u017e\u00edv\u00e1n\u00ed slu\u017eby nesm\u00edte poru\u0161ovat \u017e\u00e1dn\u00e9 z\u00e1kony ve va\u0161\u00ed jurisdikci. Poru\u0161en\u00ed kter\u00e9koli z t\u011bchto podm\u00ednek bude m\u00edt za n\u00e1sledek okam\u017eit\u00e9 ukon\u010den\u00ed va\u0161eho p\u0159\u00edstupu k na\u0161im slu\u017eb\u00e1m. <\/p>\n\n<h2 class=\"wp-block-heading\" id=\"h-3-accuracy-completeness-amp-timeliness-of-information\"><strong>3. P\u0159esnost, \u00faplnost a v\u010dasnost informac\u00ed<\/strong><\/h2>\n\n<p>Neneseme odpov\u011bdnost za to, \u017ee informace zp\u0159\u00edstupn\u011bn\u00e9 na t\u011bchto str\u00e1nk\u00e1ch nejsou p\u0159esn\u00e9, \u00fapln\u00e9 nebo aktu\u00e1ln\u00ed. Materi\u00e1ly jsou poskytov\u00e1ny pouze jako obecn\u00e9 informace a nem\u011bly by b\u00fdt jedin\u00fdm podkladem pro rozhodov\u00e1n\u00ed. <\/p>\n\n<p>Obsah na\u0161ich webov\u00fdch str\u00e1nek m\u016f\u017eeme kdykoli aktualizovat, ale nejsme k tomu povinni. Souhlas\u00edte s t\u00edm, \u017ee je va\u0161\u00ed povinnost\u00ed sledovat zm\u011bny na na\u0161ich str\u00e1nk\u00e1ch. <\/p>\n\n<h2 class=\"wp-block-heading\" id=\"h-4-modifications-to-services-amp-prices\"><strong>4. \u00dapravy slu\u017eeb a cen<\/strong><\/h2>\n\n<p>Ceny na\u0161ich slu\u017eeb se mohou zm\u011bnit bez p\u0159edchoz\u00edho upozorn\u011bn\u00ed. Vyhrazujeme si pr\u00e1vo kdykoli zm\u011bnit nebo ukon\u010dit poskytov\u00e1n\u00ed slu\u017eby (nebo jej\u00ed \u010d\u00e1sti) bez p\u0159edchoz\u00edho upozorn\u011bn\u00ed. Za jakoukoli \u00fapravu, zm\u011bnu ceny, pozastaven\u00ed nebo ukon\u010den\u00ed slu\u017eby neneseme odpov\u011bdnost.  <\/p>\n\n<h2 class=\"wp-block-heading\" id=\"h-5-products-amp-services\"><strong>5. Produkty a slu\u017eby<\/strong><\/h2>\n\n<p>N\u011bkter\u00e9 slu\u017eby mohou b\u00fdt dostupn\u00e9 v\u00fdhradn\u011b online prost\u0159ednictv\u00edm na\u0161ich webov\u00fdch str\u00e1nek. Jejich dostupnost m\u016f\u017ee b\u00fdt omezen\u00e1 a vztahuj\u00ed se na n\u011b na\u0161e Z\u00e1sady vracen\u00ed pen\u011bz a vr\u00e1cen\u00ed zbo\u017e\u00ed. <\/p>\n\n<p>Vyhrazujeme si pr\u00e1vo omezit prodej na\u0161ich slu\u017eeb pro ur\u010dit\u00e9 regiony, u\u017eivatele nebo jurisdikce. Popisy a ceny slu\u017eeb se mohou zm\u011bnit bez p\u0159edchoz\u00edho upozorn\u011bn\u00ed. Nezaru\u010dujeme, \u017ee kvalita zakoupen\u00fdch slu\u017eeb spln\u00ed va\u0161e o\u010dek\u00e1v\u00e1n\u00ed.  <\/p>\n\n<h2 class=\"wp-block-heading\" id=\"h-6-accuracy-of-billing-amp-account-information\"><strong>6. P\u0159esnost informac\u00ed o vy\u00fa\u010dtov\u00e1n\u00ed a \u00fa\u010dtu<\/strong><\/h2>\n\n<p>Vyhrazujeme si pr\u00e1vo odm\u00edtnout nebo zru\u0161it jakoukoli objedn\u00e1vku. Souhlas\u00edte s t\u00edm, \u017ee budete poskytovat aktu\u00e1ln\u00ed, \u00fapln\u00e9 a p\u0159esn\u00e9 informace o n\u00e1kupu a \u00fa\u010dtu. Jste zodpov\u011bdn\u00ed za v\u010dasnou aktualizaci \u00fadaj\u016f o sv\u00e9m \u00fa\u010dtu a platb\u00e1ch.  <\/p>\n\n<h2 class=\"wp-block-heading\" id=\"h-7-use-of-pcn-and-country-tokens\"><strong>7. Pou\u017e\u00edv\u00e1n\u00ed PCN a token\u016f zem\u00ed<\/strong><\/h2>\n\n<p>Tokeny PCN a zem\u011b p\u0159edstavuj\u00ed pr\u00e1va na zas\u00edl\u00e1n\u00ed ozn\u00e1men\u00ed PCN do konkr\u00e9tn\u00edch zem\u00ed EU. Tokeny se p\u0159id\u011bluj\u00ed pro ka\u017ed\u00fd produkt a ka\u017edou zemi. Tokeny jsou nevratn\u00e9.  <\/p>\n\n<h2 class=\"wp-block-heading\" id=\"h-8-optional-tools-amp-third-party-links\"><strong>8. Voliteln\u00e9 n\u00e1stroje a odkazy t\u0159et\u00edch stran<\/strong><\/h2>\n\n<p>M\u016f\u017eeme poskytnout p\u0159\u00edstup k n\u00e1stroj\u016fm t\u0159et\u00edch stran bez monitorov\u00e1n\u00ed nebo kontroly. Souhlas\u00edte s t\u00edm, \u017ee tyto n\u00e1stroje budete pou\u017e\u00edvat na vlastn\u00ed riziko. Odkazy t\u0159et\u00edch stran na na\u0161ich str\u00e1nk\u00e1ch v\u00e1s mohou p\u0159esm\u011brovat na extern\u00ed webov\u00e9 str\u00e1nky. Za jejich obsah ani postupy neodpov\u00edd\u00e1me.   <\/p>\n\n<h2 class=\"wp-block-heading\" id=\"h-9-user-submissions-amp-feedback\"><strong>9. U\u017eivatelsk\u00e9 p\u0159\u00edsp\u011bvky a zp\u011btn\u00e1 vazba<\/strong><\/h2>\n\n<p>Pokud n\u00e1m za\u0161lete n\u00e1vrhy, n\u00e1pady nebo jin\u00e9 materi\u00e1ly (d\u00e1le jen &#8220;p\u0159ipom\u00ednky&#8221;), souhlas\u00edte s t\u00edm, \u017ee je m\u016f\u017eeme pou\u017e\u00edt bez omezen\u00ed. Nesm\u00edte zve\u0159ej\u0148ovat nez\u00e1konn\u00fd, hanliv\u00fd nebo \u0161kodliv\u00fd obsah. Za sv\u00e9 p\u0159\u00edsp\u011bvky nesete v\u00fdhradn\u00ed odpov\u011bdnost.  <\/p>\n\n<h2 class=\"wp-block-heading\" id=\"h-10-personal-information\"><strong>10. Osobn\u00ed \u00fadaje<\/strong><\/h2>\n\n<p>Nakl\u00e1d\u00e1n\u00ed s osobn\u00edmi \u00fadaji se \u0159\u00edd\u00ed na\u0161imi <a href=\"https:\/\/www.ufi.eu\/cs\/zasady-ochrany-osobnich-udaju\/\">Z\u00e1sadami ochrany osobn\u00edch \u00fadaj\u016f<\/a>. Pro v\u00edce informac\u00ed si je pros\u00edm prostudujte. <\/p>\n\n<h2 class=\"wp-block-heading\" id=\"h-11-errors-inaccuracies-amp-omissions\"><strong>11. Chyby, nep\u0159esnosti a opomenut\u00ed<\/strong><\/h2>\n\n<p>Vyhrazujeme si pr\u00e1vo opravit jak\u00e9koli chyby, nep\u0159esnosti nebo opomenut\u00ed a zru\u0161it nebo aktualizovat objedn\u00e1vky, pokud jsou informace nespr\u00e1vn\u00e9, kdykoli bez p\u0159edchoz\u00edho upozorn\u011bn\u00ed, a to i po odesl\u00e1n\u00ed objedn\u00e1vky.<\/p>\n\n<h2 class=\"wp-block-heading\" id=\"h-12-prohibited-uses\"><strong>12. Zak\u00e1zan\u00e1 pou\u017eit\u00ed<\/strong><\/h2>\n\n<p>Je zak\u00e1z\u00e1no pou\u017e\u00edvat str\u00e1nky nebo jejich obsah k nez\u00e1konn\u00fdm \u00fa\u010del\u016fm, poru\u0161ovat pr\u00e1va du\u0161evn\u00edho vlastnictv\u00ed, obt\u011b\u017eovat ostatn\u00ed, \u0161\u00ed\u0159it malware, shroma\u017e\u010fovat osobn\u00ed \u00fadaje nebo naru\u0161ovat zabezpe\u010den\u00ed str\u00e1nek.<\/p>\n\n<h2 class=\"wp-block-heading\" id=\"h-13-disclaimer-of-warranties-limitation-of-liability\"><strong>13. Z\u0159eknut\u00ed se z\u00e1ruk; omezen\u00ed odpov\u011bdnosti<\/strong><\/h2>\n\n<p>Na\u0161e slu\u017eby jsou poskytov\u00e1ny &#8220;tak, jak jsou&#8221; a &#8220;tak, jak jsou k dispozici&#8221; bez jak\u00fdchkoli z\u00e1ruk. Nezaru\u010dujeme nep\u0159etr\u017eitou nebo bezchybnou slu\u017ebu. Spole\u010dnost UFI.EU ani jej\u00ed \u0159editel\u00e9, zam\u011bstnanci nebo p\u0159idru\u017een\u00e9 spole\u010dnosti v \u017e\u00e1dn\u00e9m p\u0159\u00edpad\u011b nenesou odpov\u011bdnost za jak\u00e9koli p\u0159\u00edm\u00e9, nep\u0159\u00edm\u00e9, n\u00e1hodn\u00e9 nebo n\u00e1sledn\u00e9 \u0161kody vznikl\u00e9 v d\u016fsledku pou\u017e\u00edv\u00e1n\u00ed na\u0161ich slu\u017eeb.  <\/p>\n\n<h2 class=\"wp-block-heading\" id=\"h-14-indemnification\"><strong>14. Od\u0161kodn\u011bn\u00ed<\/strong><\/h2>\n\n<p>Souhlas\u00edte s t\u00edm, \u017ee od\u0161kodn\u00edte spole\u010dnost UFI.EU a jej\u00ed p\u0159idru\u017een\u00e9 spole\u010dnosti za jak\u00e9koli n\u00e1roky nebo po\u017eadavky, v\u010detn\u011b pr\u00e1vn\u00edch poplatk\u016f, kter\u00e9 vzniknou v d\u016fsledku poru\u0161en\u00ed t\u011bchto podm\u00ednek nebo jak\u00e9hokoli z\u00e1kona nebo pr\u00e1v t\u0159et\u00edch stran.<\/p>\n\n<h2 class=\"wp-block-heading\" id=\"h-15-severability\"><strong>15. Odd\u011blitelnost<\/strong><\/h2>\n\n<p>Pokud bude n\u011bkter\u00e9 ustanoven\u00ed t\u011bchto Podm\u00ednek shled\u00e1no nez\u00e1konn\u00fdm nebo nevymahateln\u00fdm, ostatn\u00ed ustanoven\u00ed z\u016fstanou v platnosti.<\/p>\n\n<h2 class=\"wp-block-heading\" id=\"h-16-termination\"><strong>16. Ukon\u010den\u00ed<\/strong><\/h2>\n\n<p>Tyto podm\u00ednky jsou platn\u00e9, pokud je vy nebo my nevypov\u00edme. Tuto smlouvu m\u016f\u017eeme kdykoli vypov\u011bd\u011bt, pokud tyto podm\u00ednky poru\u0161\u00edte. Po ukon\u010den\u00ed smlouvy jste nad\u00e1le povinni uhradit v\u0161echny dlu\u017en\u00e9 \u010d\u00e1stky.  <\/p>\n\n<h2 class=\"wp-block-heading\" id=\"h-17-entire-agreement\"><strong>17. \u00dapln\u00e1 dohoda<\/strong><\/h2>\n\n<p>Tyto podm\u00ednky a ve\u0161ker\u00e9 z\u00e1sady zve\u0159ejn\u011bn\u00e9 na t\u011bchto str\u00e1nk\u00e1ch p\u0159edstavuj\u00ed \u00faplnou dohodu mezi v\u00e1mi a spole\u010dnost\u00ed UFI.EU o pou\u017e\u00edv\u00e1n\u00ed na\u0161ich slu\u017eeb.<\/p>\n\n<h2 class=\"wp-block-heading\" id=\"h-18-governing-law\"><strong>18. Rozhodn\u00e9 pr\u00e1vo<\/strong><\/h2>\n\n<p>Tyto podm\u00ednky a ve\u0161ker\u00e9 spory s nimi souvisej\u00edc\u00ed se \u0159\u00edd\u00ed a vykl\u00e1daj\u00ed v souladu s <strong>nizozemsk\u00fdm pr\u00e1vem<\/strong>. V\u0161echny dohody se pova\u017euj\u00ed za uzav\u0159en\u00e9 v Almere v Nizozemsku. <\/p>\n\n<h2 class=\"wp-block-heading\" id=\"h-19-changes-to-these-terms\"><strong>19. Zm\u011bny t\u011bchto podm\u00ednek<\/strong><\/h2>\n\n<p>Aktu\u00e1ln\u00ed verze podm\u00ednek je v\u017edy k dispozici na t\u00e9to str\u00e1nce. Vyhrazujeme si pr\u00e1vo aktualizovat, zm\u011bnit nebo nahradit jakoukoli \u010d\u00e1st t\u011bchto Podm\u00ednek podle na\u0161eho uv\u00e1\u017een\u00ed. <\/p>\n","protected":false},"excerpt":{"rendered":"<p>Spole\u010dnost: S\u00eddlo: UFI.EU Transistorstraat 91 &#8211; 02, 1322 CL Almere, NizozemskoObchodn\u00ed komora (KvK): 61064939I\u010c DPH: NL854189543B01 1. P\u0159ehled Tyto webov\u00e9 str\u00e1nky provozuje spole\u010dnost UFI.EU. V\u00fdrazy &#8220;my&#8221;, &#8220;n\u00e1s&#8221; a &#8220;na\u0161e&#8221; se na t\u011bchto str\u00e1nk\u00e1ch vztahuj\u00ed na spole\u010dnost UFI.EU. N\u00e1v\u0161t\u011bvou na\u0161ich str\u00e1nek a\/nebo n\u00e1kupem od n\u00e1s vyu\u017e\u00edv\u00e1te na\u0161i &#8220;slu\u017ebu&#8221; a souhlas\u00edte s n\u00e1sleduj\u00edc\u00edmi podm\u00ednkami (&#8220;podm\u00ednky&#8221;), v\u010detn\u011b v\u0161ech [&hellip;]<\/p>\n","protected":false},"author":1,"featured_media":0,"parent":0,"menu_order":0,"comment_status":"closed","ping_status":"closed","template":"","meta":{"footnotes":""},"class_list":["post-11161","page","type-page","status-publish","hentry"],"yoast_head":"<!-- This site is optimized with the Yoast SEO Premium plugin v25.1 (Yoast SEO v25.1) - https:\/\/yoast.com\/wordpress\/plugins\/seo\/ -->\n<title>Podm\u00ednky a pravidla - UFI<\/title>\n<meta name=\"robots\" content=\"index, follow, max-snippet:-1, max-image-preview:large, max-video-preview:-1\" \/>\n<link rel=\"canonical\" href=\"https:\/\/www.ufi.eu\/cs\/podminky-a-pravidla\/\" \/>\n<meta property=\"og:locale\" content=\"cs_CZ\" \/>\n<meta property=\"og:type\" content=\"article\" \/>\n<meta property=\"og:title\" content=\"Podm\u00ednky a pravidla\" \/>\n<meta property=\"og:description\" content=\"Spole\u010dnost: S\u00eddlo: UFI.EU Transistorstraat 91 &#8211; 02, 1322 CL Almere, NizozemskoObchodn\u00ed komora (KvK): 61064939I\u010c DPH: NL854189543B01 1. P\u0159ehled Tyto webov\u00e9 str\u00e1nky provozuje spole\u010dnost UFI.EU. V\u00fdrazy &#8220;my&#8221;, &#8220;n\u00e1s&#8221; a &#8220;na\u0161e&#8221; se na t\u011bchto str\u00e1nk\u00e1ch vztahuj\u00ed na spole\u010dnost UFI.EU. N\u00e1v\u0161t\u011bvou na\u0161ich str\u00e1nek a\/nebo n\u00e1kupem od n\u00e1s vyu\u017e\u00edv\u00e1te na\u0161i &#8220;slu\u017ebu&#8221; a souhlas\u00edte s n\u00e1sleduj\u00edc\u00edmi podm\u00ednkami (&#8220;podm\u00ednky&#8221;), v\u010detn\u011b v\u0161ech [&hellip;]\" \/>\n<meta property=\"og:url\" content=\"https:\/\/www.ufi.eu\/cs\/podminky-a-pravidla\/\" \/>\n<meta property=\"og:site_name\" content=\"UFI\" \/>\n<meta name=\"twitter:card\" content=\"summary_large_image\" \/>\n<meta name=\"twitter:label1\" content=\"Odhadovan\u00e1 doba \u010dten\u00ed\" \/>\n\t<meta name=\"twitter:data1\" content=\"6 minuta\" \/>\n<script type=\"application\/ld+json\" class=\"yoast-schema-graph\">{\"@context\":\"https:\/\/schema.org\",\"@graph\":[{\"@type\":\"WebPage\",\"@id\":\"https:\/\/www.ufi.eu\/cs\/podminky-a-pravidla\/\",\"url\":\"https:\/\/www.ufi.eu\/cs\/podminky-a-pravidla\/\",\"name\":\"Podm\u00ednky a pravidla - UFI\",\"isPartOf\":{\"@id\":\"https:\/\/www.ufi.eu\/cs\/#website\"},\"datePublished\":\"2025-04-15T07:32:09+00:00\",\"breadcrumb\":{\"@id\":\"https:\/\/www.ufi.eu\/cs\/podminky-a-pravidla\/#breadcrumb\"},\"inLanguage\":\"cs\",\"potentialAction\":[{\"@type\":\"ReadAction\",\"target\":[\"https:\/\/www.ufi.eu\/cs\/podminky-a-pravidla\/\"]}]},{\"@type\":\"BreadcrumbList\",\"@id\":\"https:\/\/www.ufi.eu\/cs\/podminky-a-pravidla\/#breadcrumb\",\"itemListElement\":[{\"@type\":\"ListItem\",\"position\":1,\"name\":\"Home\",\"item\":\"https:\/\/www.ufi.eu\/cs\/home\/\"},{\"@type\":\"ListItem\",\"position\":2,\"name\":\"Podm\u00ednky a pravidla\"}]},{\"@type\":\"WebSite\",\"@id\":\"https:\/\/www.ufi.eu\/cs\/#website\",\"url\":\"https:\/\/www.ufi.eu\/cs\/\",\"name\":\"UFI.EU\",\"description\":\"Poison Centre Notifications (PCN) and UFI\",\"publisher\":{\"@id\":\"https:\/\/www.ufi.eu\/cs\/#organization\"},\"potentialAction\":[{\"@type\":\"SearchAction\",\"target\":{\"@type\":\"EntryPoint\",\"urlTemplate\":\"https:\/\/www.ufi.eu\/cs\/?s={search_term_string}\"},\"query-input\":{\"@type\":\"PropertyValueSpecification\",\"valueRequired\":true,\"valueName\":\"search_term_string\"}}],\"inLanguage\":\"cs\"},{\"@type\":\"Organization\",\"@id\":\"https:\/\/www.ufi.eu\/cs\/#organization\",\"name\":\"UFI.EU\",\"url\":\"https:\/\/www.ufi.eu\/cs\/\",\"logo\":{\"@type\":\"ImageObject\",\"inLanguage\":\"cs\",\"@id\":\"https:\/\/www.ufi.eu\/cs\/#\/schema\/logo\/image\/\",\"url\":\"https:\/\/www.ufi.eu\/wp-content\/uploads\/2025\/03\/cropped-logo_ufi3.jpg\",\"contentUrl\":\"https:\/\/www.ufi.eu\/wp-content\/uploads\/2025\/03\/cropped-logo_ufi3.jpg\",\"width\":231,\"height\":78,\"caption\":\"UFI.EU\"},\"image\":{\"@id\":\"https:\/\/www.ufi.eu\/cs\/#\/schema\/logo\/image\/\"},\"description\":\"UFI.eu specializes in digital registrations for Poison Centre Notifications (PCN), ensuring your chemical products meet EU regulatory requirements effortlessly. Our streamlined solutions help businesses stay compliant while reducing complexity and administrative burden.\",\"email\":\"info@ufi.eu\",\"legalName\":\"UFI.EU\"}]}<\/script>\n<!-- \/ Yoast SEO Premium plugin. -->","yoast_head_json":{"title":"Podm\u00ednky a pravidla - UFI","robots":{"index":"index","follow":"follow","max-snippet":"max-snippet:-1","max-image-preview":"max-image-preview:large","max-video-preview":"max-video-preview:-1"},"canonical":"https:\/\/www.ufi.eu\/cs\/podminky-a-pravidla\/","og_locale":"cs_CZ","og_type":"article","og_title":"Podm\u00ednky a pravidla","og_description":"Spole\u010dnost: S\u00eddlo: UFI.EU Transistorstraat 91 &#8211; 02, 1322 CL Almere, NizozemskoObchodn\u00ed komora (KvK): 61064939I\u010c DPH: NL854189543B01 1. P\u0159ehled Tyto webov\u00e9 str\u00e1nky provozuje spole\u010dnost UFI.EU. V\u00fdrazy &#8220;my&#8221;, &#8220;n\u00e1s&#8221; a &#8220;na\u0161e&#8221; se na t\u011bchto str\u00e1nk\u00e1ch vztahuj\u00ed na spole\u010dnost UFI.EU. N\u00e1v\u0161t\u011bvou na\u0161ich str\u00e1nek a\/nebo n\u00e1kupem od n\u00e1s vyu\u017e\u00edv\u00e1te na\u0161i &#8220;slu\u017ebu&#8221; a souhlas\u00edte s n\u00e1sleduj\u00edc\u00edmi podm\u00ednkami (&#8220;podm\u00ednky&#8221;), v\u010detn\u011b v\u0161ech [&hellip;]","og_url":"https:\/\/www.ufi.eu\/cs\/podminky-a-pravidla\/","og_site_name":"UFI","twitter_card":"summary_large_image","twitter_misc":{"Odhadovan\u00e1 doba \u010dten\u00ed":"6 minuta"},"schema":{"@context":"https:\/\/schema.org","@graph":[{"@type":"WebPage","@id":"https:\/\/www.ufi.eu\/cs\/podminky-a-pravidla\/","url":"https:\/\/www.ufi.eu\/cs\/podminky-a-pravidla\/","name":"Podm\u00ednky a pravidla - UFI","isPartOf":{"@id":"https:\/\/www.ufi.eu\/cs\/#website"},"datePublished":"2025-04-15T07:32:09+00:00","breadcrumb":{"@id":"https:\/\/www.ufi.eu\/cs\/podminky-a-pravidla\/#breadcrumb"},"inLanguage":"cs","potentialAction":[{"@type":"ReadAction","target":["https:\/\/www.ufi.eu\/cs\/podminky-a-pravidla\/"]}]},{"@type":"BreadcrumbList","@id":"https:\/\/www.ufi.eu\/cs\/podminky-a-pravidla\/#breadcrumb","itemListElement":[{"@type":"ListItem","position":1,"name":"Home","item":"https:\/\/www.ufi.eu\/cs\/home\/"},{"@type":"ListItem","position":2,"name":"Podm\u00ednky a pravidla"}]},{"@type":"WebSite","@id":"https:\/\/www.ufi.eu\/cs\/#website","url":"https:\/\/www.ufi.eu\/cs\/","name":"UFI.EU","description":"Poison Centre Notifications (PCN) and UFI","publisher":{"@id":"https:\/\/www.ufi.eu\/cs\/#organization"},"potentialAction":[{"@type":"SearchAction","target":{"@type":"EntryPoint","urlTemplate":"https:\/\/www.ufi.eu\/cs\/?s={search_term_string}"},"query-input":{"@type":"PropertyValueSpecification","valueRequired":true,"valueName":"search_term_string"}}],"inLanguage":"cs"},{"@type":"Organization","@id":"https:\/\/www.ufi.eu\/cs\/#organization","name":"UFI.EU","url":"https:\/\/www.ufi.eu\/cs\/","logo":{"@type":"ImageObject","inLanguage":"cs","@id":"https:\/\/www.ufi.eu\/cs\/#\/schema\/logo\/image\/","url":"https:\/\/www.ufi.eu\/wp-content\/uploads\/2025\/03\/cropped-logo_ufi3.jpg","contentUrl":"https:\/\/www.ufi.eu\/wp-content\/uploads\/2025\/03\/cropped-logo_ufi3.jpg","width":231,"height":78,"caption":"UFI.EU"},"image":{"@id":"https:\/\/www.ufi.eu\/cs\/#\/schema\/logo\/image\/"},"description":"UFI.eu specializes in digital registrations for Poison Centre Notifications (PCN), ensuring your chemical products meet EU regulatory requirements effortlessly. Our streamlined solutions help businesses stay compliant while reducing complexity and administrative burden.","email":"info@ufi.eu","legalName":"UFI.EU"}]}},"_links":{"self":[{"href":"https:\/\/www.ufi.eu\/cs\/wp-json\/wp\/v2\/pages\/11161","targetHints":{"allow":["GET"]}}],"collection":[{"href":"https:\/\/www.ufi.eu\/cs\/wp-json\/wp\/v2\/pages"}],"about":[{"href":"https:\/\/www.ufi.eu\/cs\/wp-json\/wp\/v2\/types\/page"}],"author":[{"embeddable":true,"href":"https:\/\/www.ufi.eu\/cs\/wp-json\/wp\/v2\/users\/1"}],"replies":[{"embeddable":true,"href":"https:\/\/www.ufi.eu\/cs\/wp-json\/wp\/v2\/comments?post=11161"}],"version-history":[{"count":1,"href":"https:\/\/www.ufi.eu\/cs\/wp-json\/wp\/v2\/pages\/11161\/revisions"}],"predecessor-version":[{"id":11168,"href":"https:\/\/www.ufi.eu\/cs\/wp-json\/wp\/v2\/pages\/11161\/revisions\/11168"}],"wp:attachment":[{"href":"https:\/\/www.ufi.eu\/cs\/wp-json\/wp\/v2\/media?parent=11161"}],"curies":[{"name":"wp","href":"https:\/\/api.w.org\/{rel}","templated":true}]}}