{"id":31721,"date":"2025-09-24T14:37:48","date_gmt":"2025-09-24T14:37:48","guid":{"rendered":"https:\/\/www.ufi.eu\/product\/svi-eea-zemlje-za-pcn-registracijski-paket\/"},"modified":"2025-09-24T14:37:54","modified_gmt":"2025-09-24T14:37:54","slug":"svi-eea-zemlje-za-pcn-registracijski-paket","status":"publish","type":"product","link":"https:\/\/www.ufi.eu\/bs\/product\/svi-eea-zemlje-za-pcn-registracijski-paket\/","title":{"rendered":"Svi EEA zemlje za PCN registracijski paket"},"content":{"rendered":"\n<h2 class=\"wp-block-heading\" id=\"h-launch-your-product-across-europe-with-ease\">Lako lansirajte svoj proizvod \u0161irom Evrope<\/h2>\n\n<p>Prilikom registracije va\u0161eg proizvoda za EU obavijest centru za otrove (PCN), svaka zemlja u kojoj planirate prodavati zahtijeva podno\u0161enje prijave odgovaraju\u0107em nacionalnom tijelu. Uz na\u0161e zemlje EU za PCN registraciju, mo\u017eete odabrati ta\u010dne zemlje u kojima \u017eelite da lansirate svoj proizvod \u2013 daju\u0107i vam potpunu fleksibilnost i kontrolu nad va\u0161im tr\u017ei\u0161nim dosegom.<\/p>\n\n<h2 class=\"wp-block-heading\" id=\"h-what-you-re-purchasing\">\u0160ta kupujete<\/h2>\n\n<p>Ovaj proizvod je <strong>paket za sve EEA zemlje<\/strong>. Ovih 30 tokena se mo\u017ee koristiti <strong>za bilo koju PCN registraciju<\/strong> koju obavite s nama. Nakon kupovine, zemlje se <strong>dodaju na <a href=\"https:\/\/www.ufi.eu\/my-account\/points\/\">va\u0161u PCN listu zemalja<\/a><\/strong> i mogu se primijeniti prilikom popunjavanja na\u0161eg <strong>PCN obrasca za unos podataka<\/strong> o va\u0161em proizvodu.  <\/p>\n\n<p><strong>Tako\u0111e \u0107ete morati da <a href=\"https:\/\/www.ufi.eu\/shop\/\">kupite PCN za svoj proizvod<\/a> . Ovaj proizvod je samo slobodna zemlja, a ne PCN. <\/strong><\/p>\n\n<h4 class=\"wp-block-heading\">\u2705 Kako radi:<\/h4>\n\n<ol class=\"wp-block-list\">\n<li>Odredite <strong>zemlje<\/strong> u kojima planirate prodavati.<\/li>\n\n\n\n<li>Kupite broj <strong>tokena dr\u017eave<\/strong> .<\/li>\n\n\n\n<li><a href=\"https:\/\/www.ufi.eu\/bs\/novi-proizvod\/\">Po\u0161aljite nam obrazac za unos va\u0161eg proizvoda<\/a> .<\/li>\n\n\n\n<li>Jednostavno dodijelite zemlje u koje \u017eelite da po\u0161aljemo va\u0161 proizvod za PCN podno\u0161enje.<\/li>\n\n\n\n<li>Token zemlje se oduzima od va\u0161eg ukupnog iznosa kada po\u0161aljete obrazac kod nas.<\/li>\n<\/ol>\n\n<p>Bilo da pokre\u0107ete jedan proizvod ili upravljate cijelim portfeljem, <strong><a href=\"https:\/\/www.ufi.eu\/my-account\/points\/\">svoje kupljene tokene zemlje<\/a> mo\u017eete koristiti<\/strong> u razli\u010ditim PCN podnescima \u2013 \u0161tede\u0107i vrijeme, osiguravaju\u0107i uskla\u0111enost i pro\u0161iruju\u0107i svoje prisustvo na tr\u017ei\u0161tu EU bez napora.<\/p>\n\n<h3 class=\"wp-block-heading\" id=\"h-supported-eu-countries\">Podr\u017eane zemlje EU<\/h3>\n\n<p>EU ima 27 zemalja, a EEA 30 (EU+Lihten\u0161tajn, Norve\u0161ka i Island) Na portalu mo\u017eete birati izme\u0111u ovih zemalja:<\/p>\n\n<figure class=\"wp-block-table\"><table class=\"has-fixed-layout\"><tbody><tr><td>Belgija<\/td><td>(BE)<\/td><td>\u0160panija<\/td><td>(ES)<\/td><td>Ma\u0111arska<\/td><td>(HU)<\/td><td>Slova\u010dka<\/td><td>(SK)<\/td><\/tr><tr><td>Bugarska<\/td><td>(BG)<\/td><td>Francuska<\/td><td>(FR)<\/td><td>Malta<\/td><td>(MT)<\/td><td>Finska<\/td><td>(FI)<\/td><\/tr><tr><td>\u010ce\u0161ka<\/td><td>(CZ)<\/td><td>Hrvatska<\/td><td>(HR)<\/td><td>Holandija<\/td><td>(NL)<\/td><td>\u0160vedska<\/td><td>(SE)<\/td><\/tr><tr><td>Danska<\/td><td>(DK)<\/td><td>Italija<\/td><td>(IT)<\/td><td>Austrija<\/td><td>(AT)<\/td><td>Njema\u010dka<\/td><td>(DE)<\/td><\/tr><tr><td>Kipar<\/td><td>(CY)<\/td><td>Poljska<\/td><td>(PL)<\/td><td>Island<\/td><td>(IS)<\/td><td>Estonija<\/td><td>(EE)<\/td><\/tr><tr><td>Latvija<\/td><td>(LV)<\/td><td>Portugal<\/td><td>(PT)<\/td><td>Lihten\u0161tajn<\/td><td>(LI)<\/td><td>Irska<\/td><td>(IE)<\/td><\/tr><tr><td>Litvanija<\/td><td>(LT)<\/td><td>Rumunija<\/td><td>(RO)<\/td><td>Norve\u0161ka<\/td><td>(NE)<\/td><td>Gr\u010dka<\/td><td>(EL)<\/td><\/tr><tr><td>Luksemburg<\/td><td>(LU)<\/td><td>Slovenija<\/td><td>(SI)<\/td><td>\u0160vicarska*<\/td><td>(CH)<\/td><td><\/td><td><\/td><\/tr><\/tbody><\/table><\/figure>\n\n<p>*Za \u0160vajcarsku mo\u017eemo kreirati PCN dosije, sa svim potrebnim informacijama za podno\u0161enje na \u0161vajcarskom portalu. Kontaktirajte nas za vi\u0161e informacija. <\/p>\n\n<h2 class=\"wp-block-heading\" id=\"h-example-of-how-it-works\">Primjer kako to funkcionira<\/h2>\n\n<p>Lansirate novi proizvod za \u010di\u0161\u0107enje u <strong>Francuskoj, Njema\u010dkoj i \u0160paniji<\/strong> . Jednostavno kupite tri zemlje. Prilikom popunjavanja obrasca za unos PCN-a kod nas, dodijelit \u0107ete te tokene zemlje proizvodu \u2013 osiguravaju\u0107i zakonsku uskla\u0111enost na sva tri tr\u017ei\u0161ta bez muke sa pojedina\u010dnim podno\u0161enjem.  <\/p>\n\n<p><\/p>\n","protected":false},"excerpt":{"rendered":"<p>Lako lansirajte svoj proizvod \u0161irom Evrope Prilikom registracije va\u0161eg proizvoda za EU obavijest centru za otrove (PCN), svaka zemlja u kojoj planirate prodavati zahtijeva podno\u0161enje prijave odgovaraju\u0107em nacionalnom tijelu. Uz na\u0161e zemlje EU za PCN registraciju, mo\u017eete odabrati ta\u010dne zemlje u kojima \u017eelite da lansirate svoj proizvod \u2013 daju\u0107i vam potpunu fleksibilnost i kontrolu nad [&hellip;]<\/p>\n","protected":false},"featured_media":12523,"template":"","meta":[],"product_brand":[],"product_cat":[286],"product_tag":[],"class_list":{"0":"post-31721","1":"product","2":"type-product","3":"status-publish","4":"has-post-thumbnail","6":"product_cat-sigurnosni-list","8":"first","9":"instock","10":"taxable","11":"shipping-taxable","12":"purchasable","13":"product-type-simple"},"bundled_by":["31749"],"bundle_stock_status":"instock","bundle_stock_quantity":null,"bundle_virtual":false,"bundle_layout":"","bundle_add_to_cart_form_location":"","bundle_editable_in_cart":false,"bundle_sold_individually_context":"","bundle_item_grouping":"","bundle_min_size":"","bundle_max_size":"","bundle_price":[],"bundled_items":[],"bundle_sell_ids":[],"yoast_head":"<!-- This site is optimized with the Yoast SEO Premium plugin v25.1 (Yoast SEO v25.1) - https:\/\/yoast.com\/wordpress\/plugins\/seo\/ -->\n<title>Svi EEA zemlje za PCN registracijski paket - UFI<\/title>\n<meta name=\"description\" content=\"Ovaj proizvod je paket za sve EEA zemlje. Ovih 30 tokena se mo\u017ee koristiti za bilo koju PCN registraciju koju obavite s nama. Nakon kupovine, zemlje se dodaju na va\u0161u PCN listu zemalja i mogu se primijeniti prilikom popunjavanja na\u0161eg PCN obrasca za unos podataka o va\u0161em proizvodu.\" \/>\n<meta name=\"robots\" content=\"index, follow, max-snippet:-1, max-image-preview:large, max-video-preview:-1\" \/>\n<link rel=\"canonical\" href=\"https:\/\/www.ufi.eu\/bs\/product\/svi-eea-zemlje-za-pcn-registracijski-paket\/\" \/>\n<meta property=\"og:locale\" content=\"bs_BA\" \/>\n<meta property=\"og:type\" content=\"article\" \/>\n<meta property=\"og:title\" content=\"Svi EEA zemlje za PCN registracijski paket\" \/>\n<meta property=\"og:description\" content=\"Ovaj proizvod je paket za sve EEA zemlje. Ovih 30 tokena se mo\u017ee koristiti za bilo koju PCN registraciju koju obavite s nama. Nakon kupovine, zemlje se dodaju na va\u0161u PCN listu zemalja i mogu se primijeniti prilikom popunjavanja na\u0161eg PCN obrasca za unos podataka o va\u0161em proizvodu.\" \/>\n<meta property=\"og:url\" content=\"https:\/\/www.ufi.eu\/bs\/product\/svi-eea-zemlje-za-pcn-registracijski-paket\/\" \/>\n<meta property=\"og:site_name\" content=\"UFI\" \/>\n<meta property=\"article:modified_time\" content=\"2025-09-24T14:37:54+00:00\" \/>\n<meta property=\"og:image\" content=\"https:\/\/www.ufi.eu\/wp-content\/uploads\/2025\/03\/eu.jpg\" \/>\n\t<meta property=\"og:image:width\" content=\"800\" \/>\n\t<meta property=\"og:image:height\" content=\"800\" \/>\n\t<meta property=\"og:image:type\" content=\"image\/jpeg\" \/>\n<meta name=\"twitter:card\" content=\"summary_large_image\" \/>\n<meta name=\"twitter:label1\" content=\"Price\" \/>\n\t<meta name=\"twitter:data1\" content=\"&euro;415.00\" \/>\n\t<meta name=\"twitter:label2\" content=\"Availability\" \/>\n\t<meta name=\"twitter:data2\" content=\"In stock\" \/>\n<script type=\"application\/ld+json\" class=\"yoast-schema-graph\">{\"@context\":\"https:\/\/schema.org\",\"@graph\":[{\"@type\":\"WebPage\",\"@id\":\"https:\/\/www.ufi.eu\/bs\/product\/svi-eea-zemlje-za-pcn-registracijski-paket\/\",\"url\":\"https:\/\/www.ufi.eu\/bs\/product\/svi-eea-zemlje-za-pcn-registracijski-paket\/\",\"name\":\"Svi EEA zemlje za PCN registracijski paket - UFI\",\"isPartOf\":{\"@id\":\"https:\/\/www.ufi.eu\/bs\/#website\"},\"primaryImageOfPage\":{\"@id\":\"https:\/\/www.ufi.eu\/bs\/product\/svi-eea-zemlje-za-pcn-registracijski-paket\/#primaryimage\"},\"image\":{\"@id\":\"https:\/\/www.ufi.eu\/bs\/product\/svi-eea-zemlje-za-pcn-registracijski-paket\/#primaryimage\"},\"thumbnailUrl\":\"https:\/\/www.ufi.eu\/wp-content\/uploads\/2025\/03\/eu.jpg\",\"datePublished\":\"2025-09-24T14:37:48+00:00\",\"dateModified\":\"2025-09-24T14:37:54+00:00\",\"description\":\"Ovaj proizvod je paket za sve EEA zemlje. Ovih 30 tokena se mo\u017ee koristiti za bilo koju PCN registraciju koju obavite s nama. Nakon kupovine, zemlje se dodaju na va\u0161u PCN listu zemalja i mogu se primijeniti prilikom popunjavanja na\u0161eg PCN obrasca za unos podataka o va\u0161em proizvodu.\",\"breadcrumb\":{\"@id\":\"https:\/\/www.ufi.eu\/bs\/product\/svi-eea-zemlje-za-pcn-registracijski-paket\/#breadcrumb\"},\"inLanguage\":\"bs-BA\",\"potentialAction\":[{\"@type\":\"ReadAction\",\"target\":[\"https:\/\/www.ufi.eu\/bs\/product\/svi-eea-zemlje-za-pcn-registracijski-paket\/\"]}]},{\"@type\":\"ImageObject\",\"inLanguage\":\"bs-BA\",\"@id\":\"https:\/\/www.ufi.eu\/bs\/product\/svi-eea-zemlje-za-pcn-registracijski-paket\/#primaryimage\",\"url\":\"https:\/\/www.ufi.eu\/wp-content\/uploads\/2025\/03\/eu.jpg\",\"contentUrl\":\"https:\/\/www.ufi.eu\/wp-content\/uploads\/2025\/03\/eu.jpg\",\"width\":800,\"height\":800},{\"@type\":\"BreadcrumbList\",\"@id\":\"https:\/\/www.ufi.eu\/bs\/product\/svi-eea-zemlje-za-pcn-registracijski-paket\/#breadcrumb\",\"itemListElement\":[{\"@type\":\"ListItem\",\"position\":1,\"name\":\"Home\",\"item\":\"https:\/\/www.ufi.eu\/bs\/dom\/\"},{\"@type\":\"ListItem\",\"position\":2,\"name\":\"Shop\",\"item\":\"https:\/\/www.ufi.eu\/bs\/shop\/\"},{\"@type\":\"ListItem\",\"position\":3,\"name\":\"Svi EEA zemlje za PCN registracijski paket\"}]},{\"@type\":\"WebSite\",\"@id\":\"https:\/\/www.ufi.eu\/bs\/#website\",\"url\":\"https:\/\/www.ufi.eu\/bs\/\",\"name\":\"UFI.EU\",\"description\":\"Poison Centre Notifications (PCN) and UFI\",\"publisher\":{\"@id\":\"https:\/\/www.ufi.eu\/bs\/#organization\"},\"potentialAction\":[{\"@type\":\"SearchAction\",\"target\":{\"@type\":\"EntryPoint\",\"urlTemplate\":\"https:\/\/www.ufi.eu\/bs\/?s={search_term_string}\"},\"query-input\":{\"@type\":\"PropertyValueSpecification\",\"valueRequired\":true,\"valueName\":\"search_term_string\"}}],\"inLanguage\":\"bs-BA\"},{\"@type\":\"Organization\",\"@id\":\"https:\/\/www.ufi.eu\/bs\/#organization\",\"name\":\"UFI.EU\",\"url\":\"https:\/\/www.ufi.eu\/bs\/\",\"logo\":{\"@type\":\"ImageObject\",\"inLanguage\":\"bs-BA\",\"@id\":\"https:\/\/www.ufi.eu\/bs\/#\/schema\/logo\/image\/\",\"url\":\"https:\/\/www.ufi.eu\/wp-content\/uploads\/2025\/03\/cropped-logo_ufi3.jpg\",\"contentUrl\":\"https:\/\/www.ufi.eu\/wp-content\/uploads\/2025\/03\/cropped-logo_ufi3.jpg\",\"width\":231,\"height\":78,\"caption\":\"UFI.EU\"},\"image\":{\"@id\":\"https:\/\/www.ufi.eu\/bs\/#\/schema\/logo\/image\/\"},\"description\":\"UFI.eu specializes in digital registrations for Poison Centre Notifications (PCN), ensuring your chemical products meet EU regulatory requirements effortlessly. Our streamlined solutions help businesses stay compliant while reducing complexity and administrative burden.\",\"email\":\"info@ufi.eu\",\"legalName\":\"UFI.EU\"}]}<\/script>\n<meta property=\"product:price:amount\" content=\"415.00\" \/>\n<meta property=\"product:price:currency\" content=\"EUR\" \/>\n<meta property=\"og:availability\" content=\"instock\" \/>\n<meta property=\"product:availability\" content=\"instock\" \/>\n<meta property=\"product:condition\" content=\"new\" \/>\n<!-- \/ Yoast SEO Premium plugin. -->","yoast_head_json":{"title":"Svi EEA zemlje za PCN registracijski paket - UFI","description":"Ovaj proizvod je paket za sve EEA zemlje. Ovih 30 tokena se mo\u017ee koristiti za bilo koju PCN registraciju koju obavite s nama. Nakon kupovine, zemlje se dodaju na va\u0161u PCN listu zemalja i mogu se primijeniti prilikom popunjavanja na\u0161eg PCN obrasca za unos podataka o va\u0161em proizvodu.","robots":{"index":"index","follow":"follow","max-snippet":"max-snippet:-1","max-image-preview":"max-image-preview:large","max-video-preview":"max-video-preview:-1"},"canonical":"https:\/\/www.ufi.eu\/bs\/product\/svi-eea-zemlje-za-pcn-registracijski-paket\/","og_locale":"bs_BA","og_type":"article","og_title":"Svi EEA zemlje za PCN registracijski paket","og_description":"Ovaj proizvod je paket za sve EEA zemlje. Ovih 30 tokena se mo\u017ee koristiti za bilo koju PCN registraciju koju obavite s nama. Nakon kupovine, zemlje se dodaju na va\u0161u PCN listu zemalja i mogu se primijeniti prilikom popunjavanja na\u0161eg PCN obrasca za unos podataka o va\u0161em proizvodu.","og_url":"https:\/\/www.ufi.eu\/bs\/product\/svi-eea-zemlje-za-pcn-registracijski-paket\/","og_site_name":"UFI","article_modified_time":"2025-09-24T14:37:54+00:00","og_image":[{"width":800,"height":800,"url":"https:\/\/www.ufi.eu\/wp-content\/uploads\/2025\/03\/eu.jpg","type":"image\/jpeg"}],"twitter_card":"summary_large_image","twitter_misc":{"Price":"&euro;415.00","Availability":"In stock"},"schema":{"@context":"https:\/\/schema.org","@graph":[{"@type":"WebPage","@id":"https:\/\/www.ufi.eu\/bs\/product\/svi-eea-zemlje-za-pcn-registracijski-paket\/","url":"https:\/\/www.ufi.eu\/bs\/product\/svi-eea-zemlje-za-pcn-registracijski-paket\/","name":"Svi EEA zemlje za PCN registracijski paket - UFI","isPartOf":{"@id":"https:\/\/www.ufi.eu\/bs\/#website"},"primaryImageOfPage":{"@id":"https:\/\/www.ufi.eu\/bs\/product\/svi-eea-zemlje-za-pcn-registracijski-paket\/#primaryimage"},"image":{"@id":"https:\/\/www.ufi.eu\/bs\/product\/svi-eea-zemlje-za-pcn-registracijski-paket\/#primaryimage"},"thumbnailUrl":"https:\/\/www.ufi.eu\/wp-content\/uploads\/2025\/03\/eu.jpg","datePublished":"2025-09-24T14:37:48+00:00","dateModified":"2025-09-24T14:37:54+00:00","description":"Ovaj proizvod je paket za sve EEA zemlje. Ovih 30 tokena se mo\u017ee koristiti za bilo koju PCN registraciju koju obavite s nama. Nakon kupovine, zemlje se dodaju na va\u0161u PCN listu zemalja i mogu se primijeniti prilikom popunjavanja na\u0161eg PCN obrasca za unos podataka o va\u0161em proizvodu.","breadcrumb":{"@id":"https:\/\/www.ufi.eu\/bs\/product\/svi-eea-zemlje-za-pcn-registracijski-paket\/#breadcrumb"},"inLanguage":"bs-BA","potentialAction":[{"@type":"ReadAction","target":["https:\/\/www.ufi.eu\/bs\/product\/svi-eea-zemlje-za-pcn-registracijski-paket\/"]}]},{"@type":"ImageObject","inLanguage":"bs-BA","@id":"https:\/\/www.ufi.eu\/bs\/product\/svi-eea-zemlje-za-pcn-registracijski-paket\/#primaryimage","url":"https:\/\/www.ufi.eu\/wp-content\/uploads\/2025\/03\/eu.jpg","contentUrl":"https:\/\/www.ufi.eu\/wp-content\/uploads\/2025\/03\/eu.jpg","width":800,"height":800},{"@type":"BreadcrumbList","@id":"https:\/\/www.ufi.eu\/bs\/product\/svi-eea-zemlje-za-pcn-registracijski-paket\/#breadcrumb","itemListElement":[{"@type":"ListItem","position":1,"name":"Home","item":"https:\/\/www.ufi.eu\/bs\/dom\/"},{"@type":"ListItem","position":2,"name":"Shop","item":"https:\/\/www.ufi.eu\/bs\/shop\/"},{"@type":"ListItem","position":3,"name":"Svi EEA zemlje za PCN registracijski paket"}]},{"@type":"WebSite","@id":"https:\/\/www.ufi.eu\/bs\/#website","url":"https:\/\/www.ufi.eu\/bs\/","name":"UFI.EU","description":"Poison Centre Notifications (PCN) and UFI","publisher":{"@id":"https:\/\/www.ufi.eu\/bs\/#organization"},"potentialAction":[{"@type":"SearchAction","target":{"@type":"EntryPoint","urlTemplate":"https:\/\/www.ufi.eu\/bs\/?s={search_term_string}"},"query-input":{"@type":"PropertyValueSpecification","valueRequired":true,"valueName":"search_term_string"}}],"inLanguage":"bs-BA"},{"@type":"Organization","@id":"https:\/\/www.ufi.eu\/bs\/#organization","name":"UFI.EU","url":"https:\/\/www.ufi.eu\/bs\/","logo":{"@type":"ImageObject","inLanguage":"bs-BA","@id":"https:\/\/www.ufi.eu\/bs\/#\/schema\/logo\/image\/","url":"https:\/\/www.ufi.eu\/wp-content\/uploads\/2025\/03\/cropped-logo_ufi3.jpg","contentUrl":"https:\/\/www.ufi.eu\/wp-content\/uploads\/2025\/03\/cropped-logo_ufi3.jpg","width":231,"height":78,"caption":"UFI.EU"},"image":{"@id":"https:\/\/www.ufi.eu\/bs\/#\/schema\/logo\/image\/"},"description":"UFI.eu specializes in digital registrations for Poison Centre Notifications (PCN), ensuring your chemical products meet EU regulatory requirements effortlessly. Our streamlined solutions help businesses stay compliant while reducing complexity and administrative burden.","email":"info@ufi.eu","legalName":"UFI.EU"}]},"product_price_amount":"415.00","product_price_currency":"EUR","og_availability":"instock","product_availability":"instock","product_condition":"new"},"_links":{"self":[{"href":"https:\/\/www.ufi.eu\/bs\/wp-json\/wp\/v2\/product\/31721","targetHints":{"allow":["GET"]}}],"collection":[{"href":"https:\/\/www.ufi.eu\/bs\/wp-json\/wp\/v2\/product"}],"about":[{"href":"https:\/\/www.ufi.eu\/bs\/wp-json\/wp\/v2\/types\/product"}],"wp:featuredmedia":[{"embeddable":true,"href":"https:\/\/www.ufi.eu\/bs\/wp-json\/wp\/v2\/media\/12523"}],"wp:attachment":[{"href":"https:\/\/www.ufi.eu\/bs\/wp-json\/wp\/v2\/media?parent=31721"}],"wp:term":[{"taxonomy":"product_brand","embeddable":true,"href":"https:\/\/www.ufi.eu\/bs\/wp-json\/wp\/v2\/product_brand?post=31721"},{"taxonomy":"product_cat","embeddable":true,"href":"https:\/\/www.ufi.eu\/bs\/wp-json\/wp\/v2\/product_cat?post=31721"},{"taxonomy":"product_tag","embeddable":true,"href":"https:\/\/www.ufi.eu\/bs\/wp-json\/wp\/v2\/product_tag?post=31721"}],"curies":[{"name":"wp","href":"https:\/\/api.w.org\/{rel}","templated":true}]}}