{"id":22221,"date":"2025-03-20T08:25:12","date_gmt":"2025-04-17T10:36:13","guid":{"rendered":"https:\/\/www.ufi.eu\/pcn\/Bez kategorije\/pcn-ufi-za-uzgoj-medija\/"},"modified":"2025-04-17T10:36:13","modified_gmt":"2025-04-17T10:36:13","slug":"pcn-ufi-za-uzgoj-medija","status":"publish","type":"product","link":"https:\/\/www.ufi.eu\/bs\/product\/pcn-ufi-za-uzgoj-medija\/","title":{"rendered":"PCN &amp; UFI za uzgoj medija"},"content":{"rendered":"<h2>Kako funkcionira UFI kreiranje i PCN notifikacija?<\/h2>\n<p>Nakon kupovine ove usluge, dobit \u0107ete pristup sigurnom portalu. Ovaj portal sadr\u017ei pregled svih koraka.  Popunite podatke o svom proizvodu i mi \u0107emo krenuti na posao.<\/p>\n<h3>Obavje\u0161tenje centra za trovanje i UFI<\/h3>\n<p>Mi \u0107emo obezbijediti:<\/p>\n<ul>\n<li>Jedinstveni identifikator formule (UFI) va\u0161eg proizvoda<\/li>\n<li>Izvje\u0161taj centra za otrove (PCN).<\/li>\n<li>Registracija va\u0161eg proizvoda kod relevantnih nacionalnih centara za trovanje putem ECHA.<\/li>\n<\/ul>\n<h3>Zemlje za PCN registraciju<\/h3>\n<p>Mo\u017eete prebrojati broj zemalja u kojima \u017eelite da registrujete svoj proizvod. Ovo je broj zemalja koje trebate kupiti.  Mo\u0107i \u0107ete odabrati odre\u0111ene zemlje unutar portala. Ako kasnije planirate pro\u0161iriti prodaju svojih proizvoda na nove zemlje, uvijek mo\u017eete naru\u010diti dodatne <a href=\"https:\/\/www.ufi.eu\/bs\/pcn\/zemlje-bs\/zemlje-za-pcn-registraciju\/\" target=\"_blank\" title=\"PCN registracije zemalja\">registracije za PCN zemlje<\/a> .<br \/> EU ima 27 zemalja, a EEA 30 (EU+Lihten\u0161tajn, Norve\u0161ka i Island) Na portalu mo\u017eete odabrati ove zemlje: <\/p>\n<table cellpadding=\"2\" cellspacing=\"0\" border=\"1\">\n<tbody>\n<tr>\n<td>Belgija<\/td>\n<td>(BE)<\/td>\n<td>Spain<\/td>\n<td>(ES)<\/td>\n<td>Ma\u0111arska<\/td>\n<td>(HU)<\/td>\n<td>Slova\u010dka<\/td>\n<td>(SK)<\/td>\n<\/tr>\n<tr>\n<td>Bugarska<\/td>\n<td>(BG)<\/td>\n<td>Francuska<\/td>\n<td>(FR)<\/td>\n<td>Malta<\/td>\n<td>(MT)<\/td>\n<td>Finska<\/td>\n<td>(FI)<\/td>\n<\/tr>\n<tr>\n<td>\u010ce\u0161ka<\/td>\n<td>(CZ)<\/td>\n<td>Hrvatska<\/td>\n<td>(HR)<\/td>\n<td>Holandija<\/td>\n<td>(NL)<\/td>\n<td>\u0160vedska<\/td>\n<td>(SE)<\/td>\n<\/tr>\n<tr>\n<td>Danska<\/td>\n<td>(DK)<\/td>\n<td>Italija<\/td>\n<td>(IT)<\/td>\n<td>Austrija<\/td>\n<td>(AT)<\/td>\n<td>Njema\u010dka<\/td>\n<td>(DE)<\/td>\n<\/tr>\n<tr>\n<td>Kipar<\/td>\n<td>(CY)<\/td>\n<td>Poljska<\/td>\n<td>(PL)<\/td>\n<td>Island<\/td>\n<td>(IS)<\/td>\n<td>Estonija<\/td>\n<td>(EE)<\/td>\n<\/tr>\n<tr>\n<td>Latvija<\/td>\n<td>(LV)<\/td>\n<td>Portugal<\/td>\n<td>(PT)<\/td>\n<td>Lihten\u0161tajn<\/td>\n<td>(LI)<\/td>\n<td>Irska<\/td>\n<td>(IE)<\/td>\n<\/tr>\n<tr>\n<td>Litvanija<\/td>\n<td>(LT)<\/td>\n<td>Rumunija<\/td>\n<td>(RO)<\/td>\n<td>Norve\u0161ka<\/td>\n<td>(NE)<\/td>\n<td>Gr\u010dka<\/td>\n<td>(EL)<\/td>\n<\/tr>\n<tr>\n<td>Luksemburg<\/td>\n<td>(LU)<\/td>\n<td>Slovenija<\/td>\n<td>(SI)<\/td>\n<td>\u0160vicarska*<\/td>\n<td>(CH)<\/td>\n<td><\/td>\n<td><\/td>\n<\/tr>\n<\/tbody>\n<\/table>\n<p>*Za \u0160vajcarsku mo\u017eemo kreirati PCN dosije, sa svim potrebnim informacijama za podno\u0161enje na \u0161vajcarskom portalu. Kontaktirajte nas za vi\u0161e informacija. <\/p>\n<h3>Informacije o CLP etiketi<\/h3>\n<p>Nudimo opciju kupovine oznake proizvoda uskla\u0111ene sa CLP, koja sadr\u017ei sve obavezne informacije u skladu sa CLP uredbom EU. Ovo \u0107e biti dostupno kao PDF.  Ovo nije dizajn, ve\u0107 skup potrebnih informacija. To \u0107e vam omogu\u0107iti da integrirate potrebne informacije u dizajn etikete va\u0161eg proizvoda. <a href=\"https:\/\/www.ufi.eu\/bs\/pcn\/clp-etiketa\/izrada-clp-etikete-i-provjera-uskladjenosti\/\" target=\"_blank\" title=\"CLP labelcCreation\">Izradu CLP etikete<\/a> mo\u017eete naru\u010diti i zasebno. Ve\u0107 imate etiketu? \u2014 Mo\u017eemo izvr\u0161iti <a href=\"https:\/\/www.ufi.eu\/bs\/pcn\/clp-etiketa\/izrada-clp-etikete-i-provjera-uskladjenosti\/\" target=\"_blank\" title=\"Provjera uskla\u0111enosti oznake CLP\">provjeru uskla\u0111enosti va\u0161e etikete sa CLP<\/a> etiketom u skladu sa trenutnim zahtjevima CLP-a. Pru\u017eit \u0107emo detaljne povratne informacije i ispravke kako bismo osigurali da va\u0161a etiketa ispunjava sve regulatorne standarde.     <\/p>\n<h2>Obavijest centra za trovanje za uzgojne medije<\/h2>\n<p>Podloge za uzgoj su esencijalni materijali koji se koriste kao supstrati za razvoj korijena, koji pru\u017eaju neophodnu podr\u0161ku i hranjive tvari za rast biljaka. Ovi materijali, koji se razlikuju od tla, ponekad mogu sadr\u017eavati hemikalije koje predstavljaju rizik ako se s njima pogre\u0161no rukuje ili se nepravilno koriste. Kako bi se osigurala uskla\u0111enost sa sigurnosnim propisima EU i osigurali kriti\u010dni sigurnosni podaci u hitnim slu\u010dajevima, potrebno je obavijest o centru za trovanje (PCN) za opasne proizvode podloge za uzgoj.  <\/p>\n<h3>\u0160ta je UFI?<\/h3>\n<p>Jedinstveni identifikator formule (UFI) je alfanumeri\u010dki kod od 16 znakova koji povezuje odre\u0111eni proizvod rastu\u0107eg medija sa obavijesti centra za trovanje. UFI mora biti od\u0161tampan na etiketi proizvoda, \u0161to omogu\u0107ava centrima za trovanje da brzo identifikuju proizvod i pristupe njegovim bezbednosnim informacijama tokom hitnih slu\u010dajeva. <\/p>\n<h3>\u0160ta je PCN?<\/h3>\n<p>Obave\u0161tenje centra za trovanje (PCN) je podnesak centrima za trovanje koji sadr\u017ei detaljne informacije o proizvodu, kao \u0161to su njegov hemijski sastav, klasifikacija opasnosti i nameravana upotreba. Za medije za uzgoj, ovo osigurava da centri za trovanje mogu pru\u017eiti ta\u010dne i pravovremene savjete u slu\u010daju slu\u010dajnog izlaganja ili zloupotrebe. <\/p>\n<h3>\u0160ta je CLP?<\/h3>\n<p>Uredba o klasifikaciji, ozna\u010davanju i pakovanju (CLP) osigurava da su sve opasne hemikalije pravilno klasifikovane, ozna\u010dene i upakovane. Podloge za uzgoj koje sadr\u017ee opasne supstance moraju da prikazuju simbole opasnosti, izjave o merama predostro\u017enosti i UFI na svojim etiketama kako bi bili u skladu sa zahtevima CLP i informisali korisnike o potencijalnim rizicima. <\/p>\n<h3>\u0160ta je Centar za trovanje?<\/h3>\n<p>Centar za trovanje je mre\u017ea nacionalnih organizacija posve\u0107enih rje\u0161avanju izlaganja hemikalijama i incidenata trovanja. Pristupom PCN podacima, centri za trovanje mogu pru\u017eiti detaljne smjernice i pomo\u0107 u hitnim situacijama koje uklju\u010duju rastu\u0107e medije ili druge opasne proizvode. <\/p>\n<h3>Za\u0161to je ovo potrebno?<\/h3>\n<p>Medij za uzgoj mo\u017ee uklju\u010divati \u200b\u200bhemikalije kao \u0161to su sredstva za vla\u017eenje ili gnojiva, koji mogu predstavljati rizik po zdravlje ili okoli\u0161 ako se s njima pogre\u0161no rukuje. PCN osigurava da su detaljne informacije o sigurnosti i opasnostima dostupne centrima za trovanje, omogu\u0107avaju\u0107i efikasne reakcije u hitnim slu\u010dajevima i pove\u0107avaju\u0107i ukupnu sigurnost. <\/p>\n<h3>Od kada je ovo po zakonu obavezno?<\/h3>\n<p>Zahtjev za podno\u0161enjem PCN-a za opasne mje\u0161avine, uklju\u010duju\u0107i podloge za uzgoj, postao je zakonski obavezan 1. januara 2021. prema Aneksu VIII CLP uredbe.<\/p>\n<h2>FAQ<\/h2>\n<h3>Pitanje: Da li svi mediji za uzgoj zahtijevaju PCN?<\/h3>\n<p>Odgovor: Ne, samo proizvodi za uzgoj medija koji su klasifikovani kao opasni prema CLP uredbi zahtijevaju PCN.<\/p>\n<h3>Pitanje: Koji detalji su potrebni da se kompletira PCN za rastu\u0107e medije?<\/h3>\n<p>Odgovor: PCN mora uklju\u010divati \u200b\u200bdetalje o hemijskom sastavu proizvoda, klasifikaciji opasnosti, namjeravanoj upotrebi, pakovanju i jedinstvenom identifikatoru formule (UFI).<\/p>\n<h3>Pitanje: Gdje bi UFI trebao biti prikazan na rastu\u0107im medijskim proizvodima?<\/h3>\n<p>Odgovor: UFI mora biti od\u0161tampan na etiketi proizvoda, blizu informacija o opasnosti i merama predostro\u017enosti.<\/p>\n<h3>Pitanje: Ko je odgovoran za podno\u0161enje PCN-a za rastu\u0107e medije?<\/h3>\n<p>Odgovor: Proizvo\u0111a\u010d, uvoznik ili daljnji korisnik koji plasira rastu\u0107i medijski proizvod na tr\u017ei\u0161te EU odgovoran je za podno\u0161enje PCN-a.<\/p>\n<h3>Pitanje: Koje su posljedice nepo\u0161tovanja PCN zahtjeva?<\/h3>\n<p>Odgovor: Neuskla\u0111enost mo\u017ee dovesti do nov\u010danih kazni, opoziva proizvoda ili ograni\u010denja prodaje proizvoda unutar EU.<\/p>\n<h3>Pitanje: Da li su podloge za uzgoj napravljene od organskih materijala izuzete od zahtjeva za PCN?<\/h3>\n<p>Odgovor: Organska podloga za uzgoj izuzeta je osim ako ne sadr\u017ei opasne tvari klasificirane prema CLP uredbi.<\/p>\n<h3>Pitanje: Koliko vremena je potrebno za podno\u0161enje UFI i PCN obavje\u0161tenja?<\/h3>\n<p>Treba nam nekoliko dana rada. \u010cim u\u010ditate dokumentaciju, odmah po\u010dinjemo. <\/p>\n<h3>Pitanje: Da li sam ja vlasnik PCN obave\u0161tenja?<\/h3>\n<p>Da, vi ste vlasnik PCN obavijesti. Zadr\u017eavate potpuno vlasni\u0161tvo nad podacima koje ste dali.  PCN obavje\u0161tenje \u0107e biti dostupno na va\u0161em ECHA ra\u010dunu.<\/p>\n<h3>Pitanje: Da li je ova usluga za jedan ili vi\u0161e proizvoda?<\/h3>\n<p>Usluga je za jedan proizvod.<\/p>\n<h3>Pitanje: Za\u0161to moram da platim da bih napravio UFI?<\/h3>\n<p>Usluga koju nudimo nije samo pru\u017eanje UFI. UFI je komponenta u mnogo opse\u017enijem procesu.  Osnovna usluga koju pru\u017eamo je priprema i podno\u0161enje Va\u0161eg obavje\u0161tenja centra za trovanje (PCN) nacionalnim imenovanim tijelima putem ECHA portala, \u0161to je obavezan zahtjev prema EU CLP uredbi za stavljanje opasnih smjesa na tr\u017ei\u0161te. Generiranje UFI je najjednostavniji dio.  PCN izvje\u0161taj je, me\u0111utim, slo\u017een. Zahtijeva detaljan pregled sastojaka \u2013 hemijske klasifikacije \u2013 oblikovane precizno za podno\u0161enje Centra za otrove putem ECHA. <\/p>\n<h3>Pitanje: Moja kompanija nije sa sjedi\u0161tem u EU, kako mogu podnijeti PCN?<\/h3>\n<p>Pru\u017eamo rje\u0161enje za kompanije koje nemaju sjedi\u0161te u EU. Vi\u0161e informacija mo\u017eete prona\u0107i na stranici <a href=\"https:\/\/www.ufi.eu\/bs\/pcn\/izvan-eu-bs\/pcn-ufi-za-kompanije-koje-nisu-clanice-eu\/\" target=\"_blank\" rel=\"noopener\">PCN &amp; UFI za kompanije koje nisu \u010dlanice EU<\/a> . <\/p>\n<h3>Pitanje: Mo\u017eete li dostaviti sigurnosne listove u potpunosti u skladu sa EU regulativom (REACH &amp; CLP)?<\/h3>\n<p>Da, mo\u017eemo <a href=\"https:\/\/www.ufi.eu\/bs\/pcn\/sigurnosni-list\/usluga-izrade-sigurnosnog-lista-msds-sds\/\" target=\"_blank\"><strong>kreirati sigurnosne listove (SDS)<\/strong><\/a> \u2014 tako\u0111er poznate kao <strong>listove sa sigurnosnim podacima o materijalima (MSDS)<\/strong> \u2014 prilago\u0111ene va\u0161em proizvodu i u skladu s najnovijim propisima EU. Bilo da proizvodite hemijske mje\u0161avine, uvozite proizvode u EU ili distribuirate pod privatnom robnom markom, usagla\u0161eni SDS je zakonski obavezan i neophodan za sigurnu upotrebu u cijelom lancu snabdijevanja. Vi\u0161e \u0107ete prona\u0107i na stranici <a href=\"https:\/\/www.ufi.eu\/bs\/pcn\/sigurnosni-list\/usluga-izrade-sigurnosnog-lista-msds-sds\/\" target=\"_blank\">usluge kreiranja sigurnosnog lista (MSDS\/SDS)<\/a> .  <\/p>\n","protected":false},"excerpt":{"rendered":"<p>Kako funkcionira UFI kreiranje i PCN notifikacija? Nakon kupovine ove usluge, dobit \u0107ete pristup sigurnom portalu. Ovaj portal sadr\u017ei pregled svih koraka. Popunite podatke o svom proizvodu i mi \u0107emo krenuti na posao. Obavje\u0161tenje centra za trovanje i UFI Mi \u0107emo obezbijediti: Jedinstveni identifikator formule (UFI) va\u0161eg proizvoda Izvje\u0161taj centra za otrove (PCN). Registracija va\u0161eg [&hellip;]<\/p>\n","protected":false},"featured_media":22222,"template":"","meta":[],"product_brand":[],"product_cat":[1104],"product_tag":[],"class_list":{"0":"post-22221","1":"product","2":"type-product","3":"status-publish","4":"has-post-thumbnail","6":"product_cat-dubriva-i-proizvodi-za-dubrenje","8":"first","9":"instock","10":"virtual","11":"taxable","12":"purchasable","13":"product-type-bundle"},"bundled_by":[],"bundle_stock_status":"instock","bundle_stock_quantity":"","bundle_virtual":false,"bundle_layout":"default","bundle_add_to_cart_form_location":"default","bundle_editable_in_cart":false,"bundle_sold_individually_context":"product","bundle_item_grouping":"parent","bundle_min_size":"","bundle_max_size":"","bundle_price":{"price":{"min":{"incl_tax":"121","excl_tax":"100"},"max":{"incl_tax":"","excl_tax":""}},"regular_price":{"min":{"incl_tax":"121","excl_tax":"100"},"max":{"incl_tax":"","excl_tax":""}}},"bundled_items":[{"bundled_item_id":10952,"product_id":12512,"menu_order":0,"quantity_min":1,"quantity_max":1,"quantity_default":1,"priced_individually":true,"shipped_individually":false,"override_title":false,"title":null,"override_description":false,"description":null,"optional":false,"hide_thumbnail":false,"discount":"","override_variations":false,"allowed_variations":[""],"override_default_variation_attributes":false,"default_variation_attributes":[],"single_product_visibility":"visible","cart_visibility":"visible","order_visibility":"visible","single_product_price_visibility":"visible","cart_price_visibility":"visible","order_price_visibility":"visible","stock_status":"in_stock"},{"bundled_item_id":10953,"product_id":12522,"menu_order":1,"quantity_min":1,"quantity_max":"","quantity_default":1,"priced_individually":true,"shipped_individually":false,"override_title":false,"title":null,"override_description":false,"description":null,"optional":false,"hide_thumbnail":false,"discount":"","override_variations":false,"allowed_variations":[""],"override_default_variation_attributes":false,"default_variation_attributes":[],"single_product_visibility":"visible","cart_visibility":"visible","order_visibility":"visible","single_product_price_visibility":"visible","cart_price_visibility":"visible","order_price_visibility":"visible","stock_status":"in_stock"}],"bundle_sell_ids":[],"yoast_head":"<!-- This site is optimized with the Yoast SEO Premium plugin v25.1 (Yoast SEO v25.1) - https:\/\/yoast.com\/wordpress\/plugins\/seo\/ -->\n<title>PCN &amp; UFI za uzgoj medija - UFI<\/title>\n<meta name=\"description\" content=\"Nabavite PCN &amp; UFI za podlogu za uzgoj koji se koristi kao korijenski supstrat. Osigurajte uskla\u0111enost EU centra za otrove s na\u0161om brzom i pouzdanom uslugom obavje\u0161tavanja!\" \/>\n<meta name=\"robots\" content=\"index, follow, max-snippet:-1, max-image-preview:large, max-video-preview:-1\" \/>\n<link rel=\"canonical\" href=\"https:\/\/www.ufi.eu\/bs\/product\/pcn-ufi-za-uzgoj-medija\/\" \/>\n<meta property=\"og:locale\" content=\"bs_BA\" \/>\n<meta property=\"og:type\" content=\"article\" \/>\n<meta property=\"og:title\" content=\"PCN &amp; UFI za uzgoj medija\" \/>\n<meta property=\"og:description\" content=\"Nabavite PCN &amp; UFI za podlogu za uzgoj koji se koristi kao korijenski supstrat. Osigurajte uskla\u0111enost EU centra za otrove s na\u0161om brzom i pouzdanom uslugom obavje\u0161tavanja!\" \/>\n<meta property=\"og:url\" content=\"https:\/\/www.ufi.eu\/bs\/product\/pcn-ufi-za-uzgoj-medija\/\" \/>\n<meta property=\"og:site_name\" content=\"UFI\" \/>\n<meta property=\"og:image\" content=\"https:\/\/www.ufi.eu\/wp-content\/uploads\/2025\/03\/PC-FER-4.jpg\" \/>\n\t<meta property=\"og:image:width\" content=\"1024\" \/>\n\t<meta property=\"og:image:height\" content=\"1024\" \/>\n\t<meta property=\"og:image:type\" content=\"image\/jpeg\" \/>\n<meta name=\"twitter:card\" content=\"summary_large_image\" \/>\n<meta name=\"twitter:label1\" content=\"Price\" \/>\n\t<meta name=\"twitter:data1\" content=\"&euro;0.00\" \/>\n\t<meta name=\"twitter:label2\" content=\"Availability\" \/>\n\t<meta name=\"twitter:data2\" content=\"In stock\" \/>\n<script type=\"application\/ld+json\" class=\"yoast-schema-graph\">{\"@context\":\"https:\/\/schema.org\",\"@graph\":[{\"@type\":\"WebPage\",\"@id\":\"https:\/\/www.ufi.eu\/bs\/product\/pcn-ufi-za-uzgoj-medija\/\",\"url\":\"https:\/\/www.ufi.eu\/bs\/product\/pcn-ufi-za-uzgoj-medija\/\",\"name\":\"PCN &amp; UFI za uzgoj medija - UFI\",\"isPartOf\":{\"@id\":\"https:\/\/www.ufi.eu\/bs\/#website\"},\"primaryImageOfPage\":{\"@id\":\"https:\/\/www.ufi.eu\/bs\/product\/pcn-ufi-za-uzgoj-medija\/#primaryimage\"},\"image\":{\"@id\":\"https:\/\/www.ufi.eu\/bs\/product\/pcn-ufi-za-uzgoj-medija\/#primaryimage\"},\"thumbnailUrl\":\"https:\/\/www.ufi.eu\/wp-content\/uploads\/2025\/03\/PC-FER-4.jpg\",\"datePublished\":\"2025-04-17T10:36:13+00:00\",\"description\":\"Nabavite PCN & UFI za podlogu za uzgoj koji se koristi kao korijenski supstrat. Osigurajte uskla\u0111enost EU centra za otrove s na\u0161om brzom i pouzdanom uslugom obavje\u0161tavanja!\",\"breadcrumb\":{\"@id\":\"https:\/\/www.ufi.eu\/bs\/product\/pcn-ufi-za-uzgoj-medija\/#breadcrumb\"},\"inLanguage\":\"bs-BA\",\"potentialAction\":[{\"@type\":\"ReadAction\",\"target\":[\"https:\/\/www.ufi.eu\/bs\/product\/pcn-ufi-za-uzgoj-medija\/\"]}]},{\"@type\":\"ImageObject\",\"inLanguage\":\"bs-BA\",\"@id\":\"https:\/\/www.ufi.eu\/bs\/product\/pcn-ufi-za-uzgoj-medija\/#primaryimage\",\"url\":\"https:\/\/www.ufi.eu\/wp-content\/uploads\/2025\/03\/PC-FER-4.jpg\",\"contentUrl\":\"https:\/\/www.ufi.eu\/wp-content\/uploads\/2025\/03\/PC-FER-4.jpg\",\"width\":1024,\"height\":1024},{\"@type\":\"BreadcrumbList\",\"@id\":\"https:\/\/www.ufi.eu\/bs\/product\/pcn-ufi-za-uzgoj-medija\/#breadcrumb\",\"itemListElement\":[{\"@type\":\"ListItem\",\"position\":1,\"name\":\"Home\",\"item\":\"https:\/\/www.ufi.eu\/bs\/dom\/\"},{\"@type\":\"ListItem\",\"position\":2,\"name\":\"Shop\",\"item\":\"https:\/\/www.ufi.eu\/bs\/shop\/\"},{\"@type\":\"ListItem\",\"position\":3,\"name\":\"PCN &amp; UFI za uzgoj medija\"}]},{\"@type\":\"WebSite\",\"@id\":\"https:\/\/www.ufi.eu\/bs\/#website\",\"url\":\"https:\/\/www.ufi.eu\/bs\/\",\"name\":\"UFI.EU\",\"description\":\"Poison Centre Notifications (PCN) and UFI\",\"publisher\":{\"@id\":\"https:\/\/www.ufi.eu\/bs\/#organization\"},\"potentialAction\":[{\"@type\":\"SearchAction\",\"target\":{\"@type\":\"EntryPoint\",\"urlTemplate\":\"https:\/\/www.ufi.eu\/bs\/?s={search_term_string}\"},\"query-input\":{\"@type\":\"PropertyValueSpecification\",\"valueRequired\":true,\"valueName\":\"search_term_string\"}}],\"inLanguage\":\"bs-BA\"},{\"@type\":\"Organization\",\"@id\":\"https:\/\/www.ufi.eu\/bs\/#organization\",\"name\":\"UFI.EU\",\"url\":\"https:\/\/www.ufi.eu\/bs\/\",\"logo\":{\"@type\":\"ImageObject\",\"inLanguage\":\"bs-BA\",\"@id\":\"https:\/\/www.ufi.eu\/bs\/#\/schema\/logo\/image\/\",\"url\":\"https:\/\/www.ufi.eu\/wp-content\/uploads\/2025\/03\/cropped-logo_ufi3.jpg\",\"contentUrl\":\"https:\/\/www.ufi.eu\/wp-content\/uploads\/2025\/03\/cropped-logo_ufi3.jpg\",\"width\":231,\"height\":78,\"caption\":\"UFI.EU\"},\"image\":{\"@id\":\"https:\/\/www.ufi.eu\/bs\/#\/schema\/logo\/image\/\"},\"description\":\"UFI.eu specializes in digital registrations for Poison Centre Notifications (PCN), ensuring your chemical products meet EU regulatory requirements effortlessly. Our streamlined solutions help businesses stay compliant while reducing complexity and administrative burden.\",\"email\":\"info@ufi.eu\",\"legalName\":\"UFI.EU\"}]}<\/script>\n<meta property=\"product:price:amount\" content=\"0.00\" \/>\n<meta property=\"product:price:currency\" content=\"EUR\" \/>\n<meta property=\"og:availability\" content=\"instock\" \/>\n<meta property=\"product:availability\" content=\"instock\" \/>\n<meta property=\"product:retailer_item_id\" content=\"PC-FER-4\" \/>\n<meta property=\"product:condition\" content=\"new\" \/>\n<!-- \/ Yoast SEO Premium plugin. -->","yoast_head_json":{"title":"PCN &amp; UFI za uzgoj medija - UFI","description":"Nabavite PCN & UFI za podlogu za uzgoj koji se koristi kao korijenski supstrat. Osigurajte uskla\u0111enost EU centra za otrove s na\u0161om brzom i pouzdanom uslugom obavje\u0161tavanja!","robots":{"index":"index","follow":"follow","max-snippet":"max-snippet:-1","max-image-preview":"max-image-preview:large","max-video-preview":"max-video-preview:-1"},"canonical":"https:\/\/www.ufi.eu\/bs\/product\/pcn-ufi-za-uzgoj-medija\/","og_locale":"bs_BA","og_type":"article","og_title":"PCN &amp; UFI za uzgoj medija","og_description":"Nabavite PCN & UFI za podlogu za uzgoj koji se koristi kao korijenski supstrat. Osigurajte uskla\u0111enost EU centra za otrove s na\u0161om brzom i pouzdanom uslugom obavje\u0161tavanja!","og_url":"https:\/\/www.ufi.eu\/bs\/product\/pcn-ufi-za-uzgoj-medija\/","og_site_name":"UFI","og_image":[{"width":1024,"height":1024,"url":"https:\/\/www.ufi.eu\/wp-content\/uploads\/2025\/03\/PC-FER-4.jpg","type":"image\/jpeg"}],"twitter_card":"summary_large_image","twitter_misc":{"Price":"&euro;0.00","Availability":"In stock"},"schema":{"@context":"https:\/\/schema.org","@graph":[{"@type":"WebPage","@id":"https:\/\/www.ufi.eu\/bs\/product\/pcn-ufi-za-uzgoj-medija\/","url":"https:\/\/www.ufi.eu\/bs\/product\/pcn-ufi-za-uzgoj-medija\/","name":"PCN &amp; UFI za uzgoj medija - UFI","isPartOf":{"@id":"https:\/\/www.ufi.eu\/bs\/#website"},"primaryImageOfPage":{"@id":"https:\/\/www.ufi.eu\/bs\/product\/pcn-ufi-za-uzgoj-medija\/#primaryimage"},"image":{"@id":"https:\/\/www.ufi.eu\/bs\/product\/pcn-ufi-za-uzgoj-medija\/#primaryimage"},"thumbnailUrl":"https:\/\/www.ufi.eu\/wp-content\/uploads\/2025\/03\/PC-FER-4.jpg","datePublished":"2025-04-17T10:36:13+00:00","description":"Nabavite PCN & UFI za podlogu za uzgoj koji se koristi kao korijenski supstrat. Osigurajte uskla\u0111enost EU centra za otrove s na\u0161om brzom i pouzdanom uslugom obavje\u0161tavanja!","breadcrumb":{"@id":"https:\/\/www.ufi.eu\/bs\/product\/pcn-ufi-za-uzgoj-medija\/#breadcrumb"},"inLanguage":"bs-BA","potentialAction":[{"@type":"ReadAction","target":["https:\/\/www.ufi.eu\/bs\/product\/pcn-ufi-za-uzgoj-medija\/"]}]},{"@type":"ImageObject","inLanguage":"bs-BA","@id":"https:\/\/www.ufi.eu\/bs\/product\/pcn-ufi-za-uzgoj-medija\/#primaryimage","url":"https:\/\/www.ufi.eu\/wp-content\/uploads\/2025\/03\/PC-FER-4.jpg","contentUrl":"https:\/\/www.ufi.eu\/wp-content\/uploads\/2025\/03\/PC-FER-4.jpg","width":1024,"height":1024},{"@type":"BreadcrumbList","@id":"https:\/\/www.ufi.eu\/bs\/product\/pcn-ufi-za-uzgoj-medija\/#breadcrumb","itemListElement":[{"@type":"ListItem","position":1,"name":"Home","item":"https:\/\/www.ufi.eu\/bs\/dom\/"},{"@type":"ListItem","position":2,"name":"Shop","item":"https:\/\/www.ufi.eu\/bs\/shop\/"},{"@type":"ListItem","position":3,"name":"PCN &amp; UFI za uzgoj medija"}]},{"@type":"WebSite","@id":"https:\/\/www.ufi.eu\/bs\/#website","url":"https:\/\/www.ufi.eu\/bs\/","name":"UFI.EU","description":"Poison Centre Notifications (PCN) and UFI","publisher":{"@id":"https:\/\/www.ufi.eu\/bs\/#organization"},"potentialAction":[{"@type":"SearchAction","target":{"@type":"EntryPoint","urlTemplate":"https:\/\/www.ufi.eu\/bs\/?s={search_term_string}"},"query-input":{"@type":"PropertyValueSpecification","valueRequired":true,"valueName":"search_term_string"}}],"inLanguage":"bs-BA"},{"@type":"Organization","@id":"https:\/\/www.ufi.eu\/bs\/#organization","name":"UFI.EU","url":"https:\/\/www.ufi.eu\/bs\/","logo":{"@type":"ImageObject","inLanguage":"bs-BA","@id":"https:\/\/www.ufi.eu\/bs\/#\/schema\/logo\/image\/","url":"https:\/\/www.ufi.eu\/wp-content\/uploads\/2025\/03\/cropped-logo_ufi3.jpg","contentUrl":"https:\/\/www.ufi.eu\/wp-content\/uploads\/2025\/03\/cropped-logo_ufi3.jpg","width":231,"height":78,"caption":"UFI.EU"},"image":{"@id":"https:\/\/www.ufi.eu\/bs\/#\/schema\/logo\/image\/"},"description":"UFI.eu specializes in digital registrations for Poison Centre Notifications (PCN), ensuring your chemical products meet EU regulatory requirements effortlessly. Our streamlined solutions help businesses stay compliant while reducing complexity and administrative burden.","email":"info@ufi.eu","legalName":"UFI.EU"}]},"product_price_amount":"0.00","product_price_currency":"EUR","og_availability":"instock","product_availability":"instock","product_retailer_item_id":"PC-FER-4","product_condition":"new"},"_links":{"self":[{"href":"https:\/\/www.ufi.eu\/bs\/wp-json\/wp\/v2\/product\/22221","targetHints":{"allow":["GET"]}}],"collection":[{"href":"https:\/\/www.ufi.eu\/bs\/wp-json\/wp\/v2\/product"}],"about":[{"href":"https:\/\/www.ufi.eu\/bs\/wp-json\/wp\/v2\/types\/product"}],"wp:featuredmedia":[{"embeddable":true,"href":"https:\/\/www.ufi.eu\/bs\/wp-json\/wp\/v2\/media\/22222"}],"wp:attachment":[{"href":"https:\/\/www.ufi.eu\/bs\/wp-json\/wp\/v2\/media?parent=22221"}],"wp:term":[{"taxonomy":"product_brand","embeddable":true,"href":"https:\/\/www.ufi.eu\/bs\/wp-json\/wp\/v2\/product_brand?post=22221"},{"taxonomy":"product_cat","embeddable":true,"href":"https:\/\/www.ufi.eu\/bs\/wp-json\/wp\/v2\/product_cat?post=22221"},{"taxonomy":"product_tag","embeddable":true,"href":"https:\/\/www.ufi.eu\/bs\/wp-json\/wp\/v2\/product_tag?post=22221"}],"curies":[{"name":"wp","href":"https:\/\/api.w.org\/{rel}","templated":true}]}}