{"id":20295,"date":"2025-03-20T08:26:04","date_gmt":"2025-04-17T09:13:31","guid":{"rendered":"https:\/\/www.ufi.eu\/pcn\/Bez kategorije\/pcn-ufi-za-mirisne-mjesavine\/"},"modified":"2025-04-17T09:13:31","modified_gmt":"2025-04-17T09:13:31","slug":"pcn-ufi-za-mirisne-mjesavine","status":"publish","type":"product","link":"https:\/\/www.ufi.eu\/bs\/product\/pcn-ufi-za-mirisne-mjesavine\/","title":{"rendered":"PCN &amp; UFI za mirisne mje\u0161avine"},"content":{"rendered":"<h2>Kako funkcionira UFI kreiranje i PCN notifikacija?<\/h2>\n<p>Nakon kupovine ove usluge, dobit \u0107ete pristup sigurnom portalu. Ovaj portal sadr\u017ei pregled svih koraka.  Popunite podatke o svom proizvodu i mi \u0107emo krenuti na posao.<\/p>\n<h3>Obavje\u0161tenje centra za trovanje i UFI<\/h3>\n<p>Mi \u0107emo obezbijediti:<\/p>\n<ul>\n<li>Jedinstveni identifikator formule (UFI) va\u0161eg proizvoda<\/li>\n<li>Izvje\u0161taj centra za otrove (PCN).<\/li>\n<li>Registracija va\u0161eg proizvoda kod relevantnih nacionalnih centara za trovanje putem ECHA.<\/li>\n<\/ul>\n<h3>Zemlje za PCN registraciju<\/h3>\n<p>Mo\u017eete prebrojati broj zemalja u kojima \u017eelite da registrujete svoj proizvod. Ovo je broj zemalja koje trebate kupiti.  Mo\u0107i \u0107ete odabrati odre\u0111ene zemlje unutar portala. Ako kasnije planirate pro\u0161iriti prodaju svojih proizvoda na nove zemlje, uvijek mo\u017eete naru\u010diti dodatne <a href=\"https:\/\/www.ufi.eu\/bs\/pcn\/zemlje-bs\/zemlje-za-pcn-registraciju\/\" target=\"_blank\" title=\"PCN registracije zemalja\">registracije za PCN zemlje<\/a> .<br \/> EU ima 27 zemalja, a EEA 30 (EU+Lihten\u0161tajn, Norve\u0161ka i Island) Na portalu mo\u017eete odabrati ove zemlje: <\/p>\n<table cellpadding=\"2\" cellspacing=\"0\" border=\"1\">\n<tbody>\n<tr>\n<td>Belgija<\/td>\n<td>(BE)<\/td>\n<td>Spain<\/td>\n<td>(ES)<\/td>\n<td>Ma\u0111arska<\/td>\n<td>(HU)<\/td>\n<td>Slova\u010dka<\/td>\n<td>(SK)<\/td>\n<\/tr>\n<tr>\n<td>Bugarska<\/td>\n<td>(BG)<\/td>\n<td>Francuska<\/td>\n<td>(FR)<\/td>\n<td>Malta<\/td>\n<td>(MT)<\/td>\n<td>Finska<\/td>\n<td>(FI)<\/td>\n<\/tr>\n<tr>\n<td>\u010ce\u0161ka<\/td>\n<td>(CZ)<\/td>\n<td>Hrvatska<\/td>\n<td>(HR)<\/td>\n<td>Holandija<\/td>\n<td>(NL)<\/td>\n<td>\u0160vedska<\/td>\n<td>(SE)<\/td>\n<\/tr>\n<tr>\n<td>Danska<\/td>\n<td>(DK)<\/td>\n<td>Italija<\/td>\n<td>(IT)<\/td>\n<td>Austrija<\/td>\n<td>(AT)<\/td>\n<td>Njema\u010dka<\/td>\n<td>(DE)<\/td>\n<\/tr>\n<tr>\n<td>Kipar<\/td>\n<td>(CY)<\/td>\n<td>Poljska<\/td>\n<td>(PL)<\/td>\n<td>Island<\/td>\n<td>(IS)<\/td>\n<td>Estonija<\/td>\n<td>(EE)<\/td>\n<\/tr>\n<tr>\n<td>Latvija<\/td>\n<td>(LV)<\/td>\n<td>Portugal<\/td>\n<td>(PT)<\/td>\n<td>Lihten\u0161tajn<\/td>\n<td>(LI)<\/td>\n<td>Irska<\/td>\n<td>(IE)<\/td>\n<\/tr>\n<tr>\n<td>Litvanija<\/td>\n<td>(LT)<\/td>\n<td>Rumunija<\/td>\n<td>(RO)<\/td>\n<td>Norve\u0161ka<\/td>\n<td>(NE)<\/td>\n<td>Gr\u010dka<\/td>\n<td>(EL)<\/td>\n<\/tr>\n<tr>\n<td>Luksemburg<\/td>\n<td>(LU)<\/td>\n<td>Slovenija<\/td>\n<td>(SI)<\/td>\n<td>\u0160vicarska*<\/td>\n<td>(CH)<\/td>\n<td><\/td>\n<td><\/td>\n<\/tr>\n<\/tbody>\n<\/table>\n<p>*Za \u0160vajcarsku mo\u017eemo kreirati PCN dosije, sa svim potrebnim informacijama za podno\u0161enje na \u0161vajcarskom portalu. Kontaktirajte nas za vi\u0161e informacija. <\/p>\n<h3>Informacije o CLP etiketi<\/h3>\n<p>Nudimo opciju kupovine oznake proizvoda uskla\u0111ene sa CLP, koja sadr\u017ei sve obavezne informacije u skladu sa CLP uredbom EU. Ovo \u0107e biti dostupno kao PDF.  Ovo nije dizajn, ve\u0107 skup potrebnih informacija. To \u0107e vam omogu\u0107iti da integrirate potrebne informacije u dizajn etikete va\u0161eg proizvoda. <a href=\"https:\/\/www.ufi.eu\/bs\/pcn\/clp-etiketa\/izrada-clp-etikete-i-provjera-uskladjenosti\/\" target=\"_blank\" title=\"CLP labelcCreation\">Izradu CLP etikete<\/a> mo\u017eete naru\u010diti i zasebno. Ve\u0107 imate etiketu? \u2014 Mo\u017eemo izvr\u0161iti <a href=\"https:\/\/www.ufi.eu\/bs\/pcn\/clp-etiketa\/izrada-clp-etikete-i-provjera-uskladjenosti\/\" target=\"_blank\" title=\"Provjera uskla\u0111enosti oznake CLP\">provjeru uskla\u0111enosti va\u0161e etikete sa CLP<\/a> etiketom u skladu sa trenutnim zahtjevima CLP-a. Pru\u017eit \u0107emo detaljne povratne informacije i ispravke kako bismo osigurali da va\u0161a etiketa ispunjava sve regulatorne standarde.     <\/p>\n<h2>Obavijest centra za otrove za mirise<\/h2>\n<p>Mirisi, uklju\u010duju\u0107i mirisne mje\u0161avine namijenjene samo za krajnju upotrebu, \u0161iroko se koriste u potro\u0161a\u010dkim proizvodima kao \u0161to su parfemi, osvje\u017eiva\u010di zraka i kozmetika. Budu\u0107i da mirisi mogu sadr\u017eavati hemikalije koje mogu biti opasne po zdravlje, klju\u010dno je da budu u skladu sa propisima EU. Obavje\u0161tenje centra za trovanje (PCN) je potrebno kako bi se osiguralo da su sigurnosne informacije dostupne centrima za trovanje u slu\u010daju slu\u010dajnog izlaganja ili zloupotrebe.  <\/p>\n<h3>\u0160ta je UFI?<\/h3>\n<p>Jedinstveni identifikator formule (UFI) je alfanumeri\u010dki kod od 16 znakova koji povezuje sastav proizvoda sa obavje\u0161tenjem centra za trovanje. UFI mora biti uklju\u010den na etiketi proizvoda, \u0161to omogu\u0107ava brzu identifikaciju u hitnim situacijama. <\/p>\n<h3>\u0160ta je PCN?<\/h3>\n<p>Obavje\u0161tenje centra za trovanje (PCN) je podnesak koji centrima za trovanje EU pru\u017ea detaljne informacije o proizvodu, uklju\u010duju\u0107i njegov hemijski sastav, klasifikaciju opasnosti i namjeravanu upotrebu. Ove informacije omogu\u0107avaju centrima za trovanje da efikasno reaguju na hitne slu\u010dajeve koji uklju\u010duju proizvod. <\/p>\n<h3>\u0160ta je CLP?<\/h3>\n<p>Uredba o klasifikaciji, ozna\u010davanju i pakovanju (CLP) zahtijeva da opasne hemikalije budu pravilno klasifikovane i ozna\u010dene kako bi se potro\u0161a\u010di informirali o potencijalnim rizicima. Mirisne mje\u0161avine moraju imati odgovaraju\u0107e oznake opasnosti i izjave o merama predostro\u017enosti u skladu sa CLP propisima, zajedno sa UFI za identifikaciju. <\/p>\n<h3>\u0160ta je Centar za trovanje?<\/h3>\n<p>Centar za trovanje je mre\u017ea nacionalnih organizacija koje upravljaju slu\u010dajevima izlaganja hemikalijama i trovanja. Imaju\u0107i pristup PCN podacima, centri za trovanje mogu pru\u017eiti ta\u010dne i pravovremene savjete tokom vanrednih situacija koje uklju\u010duju mirise ili druge opasne proizvode. <\/p>\n<h3>Za\u0161to je ovo potrebno?<\/h3>\n<p>Mirisi mogu sadr\u017eavati hemikalije koje mogu predstavljati rizik po zdravlje ako se zloupotrebe ili slu\u010dajno progutaju. PCN osigurava da centri za trovanje imaju pristup svim relevantnim podacima o proizvodima kako bi na odgovaraju\u0107i na\u010din reagirali u slu\u010daju izlo\u017eenosti. Ovo u kona\u010dnici pove\u0107ava sigurnost potro\u0161a\u010da i omogu\u0107ava bolje protokole za hitne slu\u010dajeve.  <\/p>\n<h3>Od kada je ovo po zakonu obavezno?<\/h3>\n<p>Obaveza podno\u0161enja PCN-a za opasne mje\u0161avine, uklju\u010duju\u0107i mirise, postala je obavezna 1. januara 2021. prema Aneksu VIII CLP uredbe.<\/p>\n<h2>FAQ<\/h2>\n<h3>Pitanje: Da li svi mirisni proizvodi zahtijevaju PCN?<\/h3>\n<p>Odgovor: Ne, samo mje\u0161avine mirisa klasifikovane kao opasne prema CLP uredbi zahtijevaju PCN.<\/p>\n<h3>Pitanje: \u0160ta je potrebno da se popuni PCN za mirise?<\/h3>\n<p>Odgovor: PCN zahtijeva detalje o hemijskom sastavu mirisa, njegovoj klasifikaciji, namjeni, pakovanju i jedinstvenom identifikatoru formule (UFI).<\/p>\n<h3>Pitanje: Gdje bi UFI trebao biti prikazan na mirisnim proizvodima?<\/h3>\n<p>Odgovor: UFI mora biti jasno od\u0161tampan na etiketi proizvoda, obi\u010dno blizu informacija o opasnosti i merama predostro\u017enosti.<\/p>\n<h3>Pitanje: Ko je odgovoran za podno\u0161enje PCN-a?<\/h3>\n<p>Odgovor: Proizvo\u0111a\u010d, uvoznik ili daljnji korisnik koji stavlja mirisni proizvod na tr\u017ei\u0161te EU odgovoran je za podno\u0161enje PCN-a.<\/p>\n<h3>Pitanje: Koje su posljedice nepo\u0161tovanja?<\/h3>\n<p>Odgovor: Nepo\u0161tivanje PCN propisa mo\u017ee dovesti do nov\u010danih kazni, povla\u010denja proizvoda ili ograni\u010denja prodaje mirisnog proizvoda na tr\u017ei\u0161tu EU.<\/p>\n<h3>Pitanje: Da li svi mirisni proizvodi podlije\u017eu PCN zahtjevima?<\/h3>\n<p>Odgovor: Ne, samo mje\u0161avine mirisa klasifikovane kao opasne prema CLP uredbi su obavezne da podnesu PCN.<\/p>\n<h3>Pitanje: Koliko vremena je potrebno za podno\u0161enje UFI i PCN obavje\u0161tenja?<\/h3>\n<p>Treba nam nekoliko dana rada. \u010cim u\u010ditate dokumentaciju, odmah po\u010dinjemo. <\/p>\n<h3>Pitanje: Da li sam ja vlasnik PCN obave\u0161tenja?<\/h3>\n<p>Da, vi ste vlasnik PCN obavijesti. Zadr\u017eavate potpuno vlasni\u0161tvo nad podacima koje ste dali.  PCN obavje\u0161tenje \u0107e biti dostupno na va\u0161em ECHA ra\u010dunu.<\/p>\n<h3>Pitanje: Da li je ova usluga za jedan ili vi\u0161e proizvoda?<\/h3>\n<p>Usluga je za jedan proizvod.<\/p>\n<h3>Pitanje: Za\u0161to moram da platim da bih napravio UFI?<\/h3>\n<p>Usluga koju nudimo nije samo pru\u017eanje UFI. UFI je komponenta u mnogo opse\u017enijem procesu.  Osnovna usluga koju pru\u017eamo je priprema i podno\u0161enje Va\u0161eg obavje\u0161tenja centra za trovanje (PCN) nacionalnim imenovanim tijelima putem ECHA portala, \u0161to je obavezan zahtjev prema EU CLP uredbi za stavljanje opasnih smjesa na tr\u017ei\u0161te. Generiranje UFI je najjednostavniji dio.  PCN izvje\u0161taj je, me\u0111utim, slo\u017een. Zahtijeva detaljan pregled sastojaka \u2013 hemijske klasifikacije \u2013 oblikovane precizno za podno\u0161enje Centra za otrove putem ECHA. <\/p>\n<h3>Pitanje: Moja kompanija nije sa sjedi\u0161tem u EU, kako mogu podnijeti PCN?<\/h3>\n<p>Pru\u017eamo rje\u0161enje za kompanije koje nemaju sjedi\u0161te u EU. Vi\u0161e informacija mo\u017eete prona\u0107i na stranici <a href=\"https:\/\/www.ufi.eu\/bs\/pcn\/izvan-eu-bs\/pcn-ufi-za-kompanije-koje-nisu-clanice-eu\/\" target=\"_blank\" rel=\"noopener\">PCN &amp; UFI za kompanije koje nisu \u010dlanice EU<\/a> . <\/p>\n<h3>Pitanje: Mo\u017eete li dostaviti sigurnosne listove u potpunosti u skladu sa EU regulativom (REACH &amp; CLP)?<\/h3>\n<p>Da, mo\u017eemo <a href=\"https:\/\/www.ufi.eu\/bs\/pcn\/sigurnosni-list\/usluga-izrade-sigurnosnog-lista-msds-sds\/\" target=\"_blank\"><strong>kreirati sigurnosne listove (SDS)<\/strong><\/a> \u2014 tako\u0111er poznate kao <strong>listove sa sigurnosnim podacima o materijalima (MSDS)<\/strong> \u2014 prilago\u0111ene va\u0161em proizvodu i u skladu s najnovijim propisima EU. Bilo da proizvodite hemijske mje\u0161avine, uvozite proizvode u EU ili distribuirate pod privatnom robnom markom, usagla\u0161eni SDS je zakonski obavezan i neophodan za sigurnu upotrebu u cijelom lancu snabdijevanja. Vi\u0161e \u0107ete prona\u0107i na stranici <a href=\"https:\/\/www.ufi.eu\/bs\/pcn\/sigurnosni-list\/usluga-izrade-sigurnosnog-lista-msds-sds\/\" target=\"_blank\">usluge kreiranja sigurnosnog lista (MSDS\/SDS)<\/a> .  <\/p>\n","protected":false},"excerpt":{"rendered":"<p>Kako funkcionira UFI kreiranje i PCN notifikacija? Nakon kupovine ove usluge, dobit \u0107ete pristup sigurnom portalu. Ovaj portal sadr\u017ei pregled svih koraka. Popunite podatke o svom proizvodu i mi \u0107emo krenuti na posao. Obavje\u0161tenje centra za trovanje i UFI Mi \u0107emo obezbijediti: Jedinstveni identifikator formule (UFI) va\u0161eg proizvoda Izvje\u0161taj centra za otrove (PCN). Registracija va\u0161eg [&hellip;]<\/p>\n","protected":false},"featured_media":20296,"template":"","meta":[],"product_brand":[],"product_cat":[311],"product_tag":[],"class_list":{"0":"post-20295","1":"product","2":"type-product","3":"status-publish","4":"has-post-thumbnail","6":"product_cat-proizvodi-za-hemijske-ili-tehnicke-procese","8":"first","9":"instock","10":"virtual","11":"taxable","12":"purchasable","13":"product-type-bundle"},"bundled_by":[],"bundle_stock_status":"instock","bundle_stock_quantity":"","bundle_virtual":false,"bundle_layout":"default","bundle_add_to_cart_form_location":"default","bundle_editable_in_cart":false,"bundle_sold_individually_context":"product","bundle_item_grouping":"parent","bundle_min_size":"","bundle_max_size":"","bundle_price":{"price":{"min":{"incl_tax":"121","excl_tax":"100"},"max":{"incl_tax":"","excl_tax":""}},"regular_price":{"min":{"incl_tax":"121","excl_tax":"100"},"max":{"incl_tax":"","excl_tax":""}}},"bundled_items":[{"bundled_item_id":9026,"product_id":12512,"menu_order":0,"quantity_min":1,"quantity_max":1,"quantity_default":1,"priced_individually":true,"shipped_individually":false,"override_title":false,"title":null,"override_description":false,"description":null,"optional":false,"hide_thumbnail":false,"discount":"","override_variations":false,"allowed_variations":[""],"override_default_variation_attributes":false,"default_variation_attributes":[],"single_product_visibility":"visible","cart_visibility":"visible","order_visibility":"visible","single_product_price_visibility":"visible","cart_price_visibility":"visible","order_price_visibility":"visible","stock_status":"in_stock"},{"bundled_item_id":9027,"product_id":12522,"menu_order":1,"quantity_min":1,"quantity_max":"","quantity_default":1,"priced_individually":true,"shipped_individually":false,"override_title":false,"title":null,"override_description":false,"description":null,"optional":false,"hide_thumbnail":false,"discount":"","override_variations":false,"allowed_variations":[""],"override_default_variation_attributes":false,"default_variation_attributes":[],"single_product_visibility":"visible","cart_visibility":"visible","order_visibility":"visible","single_product_price_visibility":"visible","cart_price_visibility":"visible","order_price_visibility":"visible","stock_status":"in_stock"}],"bundle_sell_ids":[],"yoast_head":"<!-- This site is optimized with the Yoast SEO Premium plugin v25.1 (Yoast SEO v25.1) - https:\/\/yoast.com\/wordpress\/plugins\/seo\/ -->\n<title>PCN &amp; UFI za mirisne mje\u0161avine - UFI<\/title>\n<meta name=\"description\" content=\"Nabavite PCN &amp; UFI za mje\u0161avine mirisa za krajnju upotrebu. Osigurajte uskla\u0111enost EU centra za otrove s na\u0161om brzom i pouzdanom uslugom obavje\u0161tavanja!\" \/>\n<meta name=\"robots\" content=\"index, follow, max-snippet:-1, max-image-preview:large, max-video-preview:-1\" \/>\n<link rel=\"canonical\" href=\"https:\/\/www.ufi.eu\/bs\/product\/pcn-ufi-za-mirisne-mjesavine\/\" \/>\n<meta property=\"og:locale\" content=\"bs_BA\" \/>\n<meta property=\"og:type\" content=\"article\" \/>\n<meta property=\"og:title\" content=\"PCN &amp; UFI za mirisne mje\u0161avine\" \/>\n<meta property=\"og:description\" content=\"Nabavite PCN &amp; UFI za mje\u0161avine mirisa za krajnju upotrebu. Osigurajte uskla\u0111enost EU centra za otrove s na\u0161om brzom i pouzdanom uslugom obavje\u0161tavanja!\" \/>\n<meta property=\"og:url\" content=\"https:\/\/www.ufi.eu\/bs\/product\/pcn-ufi-za-mirisne-mjesavine\/\" \/>\n<meta property=\"og:site_name\" content=\"UFI\" \/>\n<meta property=\"og:image\" content=\"https:\/\/www.ufi.eu\/wp-content\/uploads\/2025\/03\/PC-TEC-6.jpg\" \/>\n\t<meta property=\"og:image:width\" content=\"1024\" \/>\n\t<meta property=\"og:image:height\" content=\"1024\" \/>\n\t<meta property=\"og:image:type\" content=\"image\/jpeg\" \/>\n<meta name=\"twitter:card\" content=\"summary_large_image\" \/>\n<meta name=\"twitter:label1\" content=\"Price\" \/>\n\t<meta name=\"twitter:data1\" content=\"&euro;0.00\" \/>\n\t<meta name=\"twitter:label2\" content=\"Availability\" \/>\n\t<meta name=\"twitter:data2\" content=\"In stock\" \/>\n<script type=\"application\/ld+json\" class=\"yoast-schema-graph\">{\"@context\":\"https:\/\/schema.org\",\"@graph\":[{\"@type\":\"WebPage\",\"@id\":\"https:\/\/www.ufi.eu\/bs\/product\/pcn-ufi-za-mirisne-mjesavine\/\",\"url\":\"https:\/\/www.ufi.eu\/bs\/product\/pcn-ufi-za-mirisne-mjesavine\/\",\"name\":\"PCN &amp; UFI za mirisne mje\u0161avine - UFI\",\"isPartOf\":{\"@id\":\"https:\/\/www.ufi.eu\/bs\/#website\"},\"primaryImageOfPage\":{\"@id\":\"https:\/\/www.ufi.eu\/bs\/product\/pcn-ufi-za-mirisne-mjesavine\/#primaryimage\"},\"image\":{\"@id\":\"https:\/\/www.ufi.eu\/bs\/product\/pcn-ufi-za-mirisne-mjesavine\/#primaryimage\"},\"thumbnailUrl\":\"https:\/\/www.ufi.eu\/wp-content\/uploads\/2025\/03\/PC-TEC-6.jpg\",\"datePublished\":\"2025-04-17T09:13:31+00:00\",\"description\":\"Nabavite PCN & UFI za mje\u0161avine mirisa za krajnju upotrebu. Osigurajte uskla\u0111enost EU centra za otrove s na\u0161om brzom i pouzdanom uslugom obavje\u0161tavanja!\",\"breadcrumb\":{\"@id\":\"https:\/\/www.ufi.eu\/bs\/product\/pcn-ufi-za-mirisne-mjesavine\/#breadcrumb\"},\"inLanguage\":\"bs-BA\",\"potentialAction\":[{\"@type\":\"ReadAction\",\"target\":[\"https:\/\/www.ufi.eu\/bs\/product\/pcn-ufi-za-mirisne-mjesavine\/\"]}]},{\"@type\":\"ImageObject\",\"inLanguage\":\"bs-BA\",\"@id\":\"https:\/\/www.ufi.eu\/bs\/product\/pcn-ufi-za-mirisne-mjesavine\/#primaryimage\",\"url\":\"https:\/\/www.ufi.eu\/wp-content\/uploads\/2025\/03\/PC-TEC-6.jpg\",\"contentUrl\":\"https:\/\/www.ufi.eu\/wp-content\/uploads\/2025\/03\/PC-TEC-6.jpg\",\"width\":1024,\"height\":1024},{\"@type\":\"BreadcrumbList\",\"@id\":\"https:\/\/www.ufi.eu\/bs\/product\/pcn-ufi-za-mirisne-mjesavine\/#breadcrumb\",\"itemListElement\":[{\"@type\":\"ListItem\",\"position\":1,\"name\":\"Home\",\"item\":\"https:\/\/www.ufi.eu\/bs\/dom\/\"},{\"@type\":\"ListItem\",\"position\":2,\"name\":\"Shop\",\"item\":\"https:\/\/www.ufi.eu\/bs\/shop\/\"},{\"@type\":\"ListItem\",\"position\":3,\"name\":\"PCN &amp; UFI za mirisne mje\u0161avine\"}]},{\"@type\":\"WebSite\",\"@id\":\"https:\/\/www.ufi.eu\/bs\/#website\",\"url\":\"https:\/\/www.ufi.eu\/bs\/\",\"name\":\"UFI.EU\",\"description\":\"Poison Centre Notifications (PCN) and UFI\",\"publisher\":{\"@id\":\"https:\/\/www.ufi.eu\/bs\/#organization\"},\"potentialAction\":[{\"@type\":\"SearchAction\",\"target\":{\"@type\":\"EntryPoint\",\"urlTemplate\":\"https:\/\/www.ufi.eu\/bs\/?s={search_term_string}\"},\"query-input\":{\"@type\":\"PropertyValueSpecification\",\"valueRequired\":true,\"valueName\":\"search_term_string\"}}],\"inLanguage\":\"bs-BA\"},{\"@type\":\"Organization\",\"@id\":\"https:\/\/www.ufi.eu\/bs\/#organization\",\"name\":\"UFI.EU\",\"url\":\"https:\/\/www.ufi.eu\/bs\/\",\"logo\":{\"@type\":\"ImageObject\",\"inLanguage\":\"bs-BA\",\"@id\":\"https:\/\/www.ufi.eu\/bs\/#\/schema\/logo\/image\/\",\"url\":\"https:\/\/www.ufi.eu\/wp-content\/uploads\/2025\/03\/cropped-logo_ufi3.jpg\",\"contentUrl\":\"https:\/\/www.ufi.eu\/wp-content\/uploads\/2025\/03\/cropped-logo_ufi3.jpg\",\"width\":231,\"height\":78,\"caption\":\"UFI.EU\"},\"image\":{\"@id\":\"https:\/\/www.ufi.eu\/bs\/#\/schema\/logo\/image\/\"},\"description\":\"UFI.eu specializes in digital registrations for Poison Centre Notifications (PCN), ensuring your chemical products meet EU regulatory requirements effortlessly. Our streamlined solutions help businesses stay compliant while reducing complexity and administrative burden.\",\"email\":\"info@ufi.eu\",\"legalName\":\"UFI.EU\"}]}<\/script>\n<meta property=\"product:price:amount\" content=\"0.00\" \/>\n<meta property=\"product:price:currency\" content=\"EUR\" \/>\n<meta property=\"og:availability\" content=\"instock\" \/>\n<meta property=\"product:availability\" content=\"instock\" \/>\n<meta property=\"product:retailer_item_id\" content=\"PC-TEC-6\" \/>\n<meta property=\"product:condition\" content=\"new\" \/>\n<!-- \/ Yoast SEO Premium plugin. -->","yoast_head_json":{"title":"PCN &amp; UFI za mirisne mje\u0161avine - UFI","description":"Nabavite PCN & UFI za mje\u0161avine mirisa za krajnju upotrebu. Osigurajte uskla\u0111enost EU centra za otrove s na\u0161om brzom i pouzdanom uslugom obavje\u0161tavanja!","robots":{"index":"index","follow":"follow","max-snippet":"max-snippet:-1","max-image-preview":"max-image-preview:large","max-video-preview":"max-video-preview:-1"},"canonical":"https:\/\/www.ufi.eu\/bs\/product\/pcn-ufi-za-mirisne-mjesavine\/","og_locale":"bs_BA","og_type":"article","og_title":"PCN &amp; UFI za mirisne mje\u0161avine","og_description":"Nabavite PCN & UFI za mje\u0161avine mirisa za krajnju upotrebu. Osigurajte uskla\u0111enost EU centra za otrove s na\u0161om brzom i pouzdanom uslugom obavje\u0161tavanja!","og_url":"https:\/\/www.ufi.eu\/bs\/product\/pcn-ufi-za-mirisne-mjesavine\/","og_site_name":"UFI","og_image":[{"width":1024,"height":1024,"url":"https:\/\/www.ufi.eu\/wp-content\/uploads\/2025\/03\/PC-TEC-6.jpg","type":"image\/jpeg"}],"twitter_card":"summary_large_image","twitter_misc":{"Price":"&euro;0.00","Availability":"In stock"},"schema":{"@context":"https:\/\/schema.org","@graph":[{"@type":"WebPage","@id":"https:\/\/www.ufi.eu\/bs\/product\/pcn-ufi-za-mirisne-mjesavine\/","url":"https:\/\/www.ufi.eu\/bs\/product\/pcn-ufi-za-mirisne-mjesavine\/","name":"PCN &amp; UFI za mirisne mje\u0161avine - UFI","isPartOf":{"@id":"https:\/\/www.ufi.eu\/bs\/#website"},"primaryImageOfPage":{"@id":"https:\/\/www.ufi.eu\/bs\/product\/pcn-ufi-za-mirisne-mjesavine\/#primaryimage"},"image":{"@id":"https:\/\/www.ufi.eu\/bs\/product\/pcn-ufi-za-mirisne-mjesavine\/#primaryimage"},"thumbnailUrl":"https:\/\/www.ufi.eu\/wp-content\/uploads\/2025\/03\/PC-TEC-6.jpg","datePublished":"2025-04-17T09:13:31+00:00","description":"Nabavite PCN & UFI za mje\u0161avine mirisa za krajnju upotrebu. Osigurajte uskla\u0111enost EU centra za otrove s na\u0161om brzom i pouzdanom uslugom obavje\u0161tavanja!","breadcrumb":{"@id":"https:\/\/www.ufi.eu\/bs\/product\/pcn-ufi-za-mirisne-mjesavine\/#breadcrumb"},"inLanguage":"bs-BA","potentialAction":[{"@type":"ReadAction","target":["https:\/\/www.ufi.eu\/bs\/product\/pcn-ufi-za-mirisne-mjesavine\/"]}]},{"@type":"ImageObject","inLanguage":"bs-BA","@id":"https:\/\/www.ufi.eu\/bs\/product\/pcn-ufi-za-mirisne-mjesavine\/#primaryimage","url":"https:\/\/www.ufi.eu\/wp-content\/uploads\/2025\/03\/PC-TEC-6.jpg","contentUrl":"https:\/\/www.ufi.eu\/wp-content\/uploads\/2025\/03\/PC-TEC-6.jpg","width":1024,"height":1024},{"@type":"BreadcrumbList","@id":"https:\/\/www.ufi.eu\/bs\/product\/pcn-ufi-za-mirisne-mjesavine\/#breadcrumb","itemListElement":[{"@type":"ListItem","position":1,"name":"Home","item":"https:\/\/www.ufi.eu\/bs\/dom\/"},{"@type":"ListItem","position":2,"name":"Shop","item":"https:\/\/www.ufi.eu\/bs\/shop\/"},{"@type":"ListItem","position":3,"name":"PCN &amp; UFI za mirisne mje\u0161avine"}]},{"@type":"WebSite","@id":"https:\/\/www.ufi.eu\/bs\/#website","url":"https:\/\/www.ufi.eu\/bs\/","name":"UFI.EU","description":"Poison Centre Notifications (PCN) and UFI","publisher":{"@id":"https:\/\/www.ufi.eu\/bs\/#organization"},"potentialAction":[{"@type":"SearchAction","target":{"@type":"EntryPoint","urlTemplate":"https:\/\/www.ufi.eu\/bs\/?s={search_term_string}"},"query-input":{"@type":"PropertyValueSpecification","valueRequired":true,"valueName":"search_term_string"}}],"inLanguage":"bs-BA"},{"@type":"Organization","@id":"https:\/\/www.ufi.eu\/bs\/#organization","name":"UFI.EU","url":"https:\/\/www.ufi.eu\/bs\/","logo":{"@type":"ImageObject","inLanguage":"bs-BA","@id":"https:\/\/www.ufi.eu\/bs\/#\/schema\/logo\/image\/","url":"https:\/\/www.ufi.eu\/wp-content\/uploads\/2025\/03\/cropped-logo_ufi3.jpg","contentUrl":"https:\/\/www.ufi.eu\/wp-content\/uploads\/2025\/03\/cropped-logo_ufi3.jpg","width":231,"height":78,"caption":"UFI.EU"},"image":{"@id":"https:\/\/www.ufi.eu\/bs\/#\/schema\/logo\/image\/"},"description":"UFI.eu specializes in digital registrations for Poison Centre Notifications (PCN), ensuring your chemical products meet EU regulatory requirements effortlessly. Our streamlined solutions help businesses stay compliant while reducing complexity and administrative burden.","email":"info@ufi.eu","legalName":"UFI.EU"}]},"product_price_amount":"0.00","product_price_currency":"EUR","og_availability":"instock","product_availability":"instock","product_retailer_item_id":"PC-TEC-6","product_condition":"new"},"_links":{"self":[{"href":"https:\/\/www.ufi.eu\/bs\/wp-json\/wp\/v2\/product\/20295","targetHints":{"allow":["GET"]}}],"collection":[{"href":"https:\/\/www.ufi.eu\/bs\/wp-json\/wp\/v2\/product"}],"about":[{"href":"https:\/\/www.ufi.eu\/bs\/wp-json\/wp\/v2\/types\/product"}],"wp:featuredmedia":[{"embeddable":true,"href":"https:\/\/www.ufi.eu\/bs\/wp-json\/wp\/v2\/media\/20296"}],"wp:attachment":[{"href":"https:\/\/www.ufi.eu\/bs\/wp-json\/wp\/v2\/media?parent=20295"}],"wp:term":[{"taxonomy":"product_brand","embeddable":true,"href":"https:\/\/www.ufi.eu\/bs\/wp-json\/wp\/v2\/product_brand?post=20295"},{"taxonomy":"product_cat","embeddable":true,"href":"https:\/\/www.ufi.eu\/bs\/wp-json\/wp\/v2\/product_cat?post=20295"},{"taxonomy":"product_tag","embeddable":true,"href":"https:\/\/www.ufi.eu\/bs\/wp-json\/wp\/v2\/product_tag?post=20295"}],"curies":[{"name":"wp","href":"https:\/\/api.w.org\/{rel}","templated":true}]}}