{"id":19019,"date":"2025-03-20T08:26:52","date_gmt":"2025-04-17T08:46:18","guid":{"rendered":"https:\/\/www.ufi.eu\/pcn\/Bez kategorije\/pcn-ufi-za-hemijske-proizvode-krajnje-upotrebe\/"},"modified":"2025-04-17T08:46:18","modified_gmt":"2025-04-17T08:46:18","slug":"pcn-ufi-za-hemijske-proizvode-krajnje-upotrebe","status":"publish","type":"product","link":"https:\/\/www.ufi.eu\/bs\/product\/pcn-ufi-za-hemijske-proizvode-krajnje-upotrebe\/","title":{"rendered":"PCN &amp; UFI za hemijske proizvode krajnje upotrebe"},"content":{"rendered":"<h2>Kako funkcionira UFI kreiranje i PCN notifikacija?<\/h2>\n<p>Nakon kupovine ove usluge, dobit \u0107ete pristup sigurnom portalu. Ovaj portal sadr\u017ei pregled svih koraka.  Popunite podatke o svom proizvodu i mi \u0107emo krenuti na posao.<\/p>\n<h3>Obavje\u0161tenje centra za trovanje i UFI<\/h3>\n<p>Mi \u0107emo obezbijediti:<\/p>\n<ul>\n<li>Jedinstveni identifikator formule (UFI) va\u0161eg proizvoda<\/li>\n<li>Izvje\u0161taj centra za otrove (PCN).<\/li>\n<li>Registracija va\u0161eg proizvoda kod relevantnih nacionalnih centara za trovanje putem ECHA.<\/li>\n<\/ul>\n<h3>Zemlje za PCN registraciju<\/h3>\n<p>Mo\u017eete prebrojati broj zemalja u kojima \u017eelite da registrujete svoj proizvod. Ovo je broj zemalja koje trebate kupiti.  Mo\u0107i \u0107ete odabrati odre\u0111ene zemlje unutar portala. Ako kasnije planirate pro\u0161iriti prodaju svojih proizvoda na nove zemlje, uvijek mo\u017eete naru\u010diti dodatne <a href=\"https:\/\/www.ufi.eu\/bs\/pcn\/zemlje-bs\/zemlje-za-pcn-registraciju\/\" target=\"_blank\" title=\"PCN registracije zemalja\">registracije za PCN zemlje<\/a> .<br \/> EU ima 27 zemalja, a EEA 30 (EU+Lihten\u0161tajn, Norve\u0161ka i Island) Na portalu mo\u017eete odabrati ove zemlje: <\/p>\n<table cellpadding=\"2\" cellspacing=\"0\" border=\"1\">\n<tbody>\n<tr>\n<td>Belgija<\/td>\n<td>(BE)<\/td>\n<td>Spain<\/td>\n<td>(ES)<\/td>\n<td>Ma\u0111arska<\/td>\n<td>(HU)<\/td>\n<td>Slova\u010dka<\/td>\n<td>(SK)<\/td>\n<\/tr>\n<tr>\n<td>Bugarska<\/td>\n<td>(BG)<\/td>\n<td>Francuska<\/td>\n<td>(FR)<\/td>\n<td>Malta<\/td>\n<td>(MT)<\/td>\n<td>Finska<\/td>\n<td>(FI)<\/td>\n<\/tr>\n<tr>\n<td>\u010ce\u0161ka<\/td>\n<td>(CZ)<\/td>\n<td>Hrvatska<\/td>\n<td>(HR)<\/td>\n<td>Holandija<\/td>\n<td>(NL)<\/td>\n<td>\u0160vedska<\/td>\n<td>(SE)<\/td>\n<\/tr>\n<tr>\n<td>Danska<\/td>\n<td>(DK)<\/td>\n<td>Italija<\/td>\n<td>(IT)<\/td>\n<td>Austrija<\/td>\n<td>(AT)<\/td>\n<td>Njema\u010dka<\/td>\n<td>(DE)<\/td>\n<\/tr>\n<tr>\n<td>Kipar<\/td>\n<td>(CY)<\/td>\n<td>Poljska<\/td>\n<td>(PL)<\/td>\n<td>Island<\/td>\n<td>(IS)<\/td>\n<td>Estonija<\/td>\n<td>(EE)<\/td>\n<\/tr>\n<tr>\n<td>Latvija<\/td>\n<td>(LV)<\/td>\n<td>Portugal<\/td>\n<td>(PT)<\/td>\n<td>Lihten\u0161tajn<\/td>\n<td>(LI)<\/td>\n<td>Irska<\/td>\n<td>(IE)<\/td>\n<\/tr>\n<tr>\n<td>Litvanija<\/td>\n<td>(LT)<\/td>\n<td>Rumunija<\/td>\n<td>(RO)<\/td>\n<td>Norve\u0161ka<\/td>\n<td>(NE)<\/td>\n<td>Gr\u010dka<\/td>\n<td>(EL)<\/td>\n<\/tr>\n<tr>\n<td>Luksemburg<\/td>\n<td>(LU)<\/td>\n<td>Slovenija<\/td>\n<td>(SI)<\/td>\n<td>\u0160vicarska*<\/td>\n<td>(CH)<\/td>\n<td><\/td>\n<td><\/td>\n<\/tr>\n<\/tbody>\n<\/table>\n<p>*Za \u0160vajcarsku mo\u017eemo kreirati PCN dosije, sa svim potrebnim informacijama za podno\u0161enje na \u0161vajcarskom portalu. Kontaktirajte nas za vi\u0161e informacija. <\/p>\n<h3>Informacije o CLP etiketi<\/h3>\n<p>Nudimo opciju kupovine oznake proizvoda uskla\u0111ene sa CLP, koja sadr\u017ei sve obavezne informacije u skladu sa CLP uredbom EU. Ovo \u0107e biti dostupno kao PDF.  Ovo nije dizajn, ve\u0107 skup potrebnih informacija. To \u0107e vam omogu\u0107iti da integrirate potrebne informacije u dizajn etikete va\u0161eg proizvoda. <a href=\"https:\/\/www.ufi.eu\/bs\/pcn\/clp-etiketa\/izrada-clp-etikete-i-provjera-uskladjenosti\/\" target=\"_blank\" title=\"CLP labelcCreation\">Izradu CLP etikete<\/a> mo\u017eete naru\u010diti i zasebno. Ve\u0107 imate etiketu? \u2014 Mo\u017eemo izvr\u0161iti <a href=\"https:\/\/www.ufi.eu\/bs\/pcn\/clp-etiketa\/izrada-clp-etikete-i-provjera-uskladjenosti\/\" target=\"_blank\" title=\"Provjera uskla\u0111enosti oznake CLP\">provjeru uskla\u0111enosti va\u0161e etikete sa CLP<\/a> etiketom u skladu sa trenutnim zahtjevima CLP-a. Pru\u017eit \u0107emo detaljne povratne informacije i ispravke kako bismo osigurali da va\u0161a etiketa ispunjava sve regulatorne standarde.     <\/p>\n<h2>Obavijest centra za trovanje za proizvode koji se koriste u procesima istra\u017eivanja rudarstva, nafte ili plina<\/h2>\n<p>Proizvodi koji se koriste u rudarstvu, procesima istra\u017eivanja nafte ili gasa, isklju\u010duju\u0107i proizvodne proizvode poput sirovina, mogu predstavljati zna\u010dajne rizike zbog svojih opasnih hemijskih svojstava. Ovi proizvodi se \u010desto koriste u procesima bu\u0161enja, istra\u017eivanja i rafiniranja, a osiguranje njihove sigurnosti je klju\u010dno za sprje\u010davanje nesre\u0107a ili izlaganja. U Evropskoj uniji takvi proizvodi zahtijevaju obavje\u0161tenje centra za trovanje (PCN) kako bi se osiguralo da su pravilno regulirani i da centri za trovanje imaju pristup osnovnim sigurnosnim informacijama u slu\u010daju hitnih slu\u010dajeva.  <\/p>\n<h3>\u0160ta je UFI?<\/h3>\n<p>Jedinstveni identifikator formule (UFI) je alfanumeri\u010dki kod od 16 znakova koji povezuje sastav proizvoda, kao \u0161to su oni koji se koriste u rudarstvu, istra\u017eivanju nafte ili plina, s njegovim PCN-om. Mora biti uklju\u010den na etiketi proizvoda kako bi centri za trovanje omogu\u0107ili brzu identifikaciju proizvoda tokom hitnih slu\u010dajeva i pru\u017eili precizne smjernice za rukovanje incidentima koji uklju\u010duju izlaganje opasnim hemikalijama. <\/p>\n<h3>\u0160ta je PCN?<\/h3>\n<p>Obavje\u0161tenje centra za trovanje (PCN) je podnesak Centrima za trovanje koji uklju\u010duje detaljne informacije o proizvodu kao \u0161to su hemijski sastav, klasifikacija opasnosti i namjeravana upotreba. Ovo osigurava da osobe koje reaguju u hitnim slu\u010dajevima imaju pristup kriti\u010dnim podacima u slu\u010daju slu\u010dajnog izlaganja ili incidenata. Za proizvode koji se koriste u rudarstvu, istra\u017eivanju nafte ili gasa, PCN pru\u017ea bitne informacije koje podr\u017eavaju sigurno rukovanje i procedure reagovanja u hitnim slu\u010dajevima.  <\/p>\n<h3>\u0160ta je CLP?<\/h3>\n<p>Uredba o klasifikaciji, ozna\u010davanju i pakovanju (CLP) osigurava da opasne supstance, uklju\u010duju\u0107i one koje se koriste u rudarstvu, istra\u017eivanju nafte ili gasa, budu klasifikovane, ozna\u010dene i upakovane na na\u010din koji prenosi potencijalne opasnosti. Ova uredba zahtijeva od kompanija da uklju\u010de simbole opasnosti, izjave o merama predostro\u017enosti i UFI na etikete proizvoda kako bi informisale korisnike o rizicima i osigurale sigurnost prilikom rukovanja takvim hemikalijama. <\/p>\n<h3>\u0160ta je Centar za trovanje?<\/h3>\n<p>Centar za trovanje je mre\u017ea nacionalnih organizacija odgovornih za postupanje u slu\u010dajevima izlaganja hemikalijama i trovanja. Oni se oslanjaju na podatke dostavljene putem PCN-a kako bi pru\u017eili ta\u010dne, brze medicinske savjete tokom hitnih slu\u010dajeva, osiguravaju\u0107i pravilan tretman i odgovor na opasno izlaganje. Podno\u0161enjem PCN-a, kompanije omogu\u0107avaju centrima za trovanje pristup osnovnim sigurnosnim podacima tokom incidenata koji uklju\u010duju rudarske proizvode, proizvode za istra\u017eivanje nafte ili plina.  <\/p>\n<h3>Za\u0161to je ovo potrebno?<\/h3>\n<p>Proizvodi koji se koriste u rudarstvu, istra\u017eivanju nafte ili plina mogu sadr\u017eavati kemikalije koje su opasne po ljudsko zdravlje ili okoli\u0161. U slu\u010daju nu\u017ede, dostupnost informacija o proizvodu omogu\u0107ava centrima za trovanje da brzo i efikasno reaguju. PCN osigurava da kriti\u010dni podaci, uklju\u010duju\u0107i hemijski sastav i sigurnosne mjere, budu dostupni osobama koje reaguju na hitne slu\u010dajeve, \u010dime se pove\u0107ava javna sigurnost i minimiziraju rizici povezani s izlo\u017eeno\u0161\u0107u takvim hemikalijama.  <\/p>\n<h3>Od kada je ovo po zakonu obavezno?<\/h3>\n<p>Obaveza podno\u0161enja obavje\u0161tenja centra za trovanje za opasne mje\u0161avine, uklju\u010duju\u0107i one koje se koriste u rudarstvu, istra\u017eivanju nafte ili plina, postala je obavezna 1. januara 2021. godine, prema Aneksu VIII CLP uredbe. Ovaj zahtjev poma\u017ee da se osigura da centri za trovanje imaju pristup detaljnim podacima o proizvodima za efikasno upravljanje hitnim situacijama i za\u0161titu javnog zdravlja. <\/p>\n<h2>FAQ<\/h2>\n<h3>Pitanje: Da li svi proizvodi koji se koriste u rudarstvu, istra\u017eivanju nafte ili plina zahtijevaju PCN?<\/h3>\n<p>Odgovor: Ne, samo proizvodi klasifikovani kao opasni prema CLP uredbi zahtijevaju PCN. Ako proizvod sadr\u017ei opasne supstance, PCN se mora dostaviti Centrima za trovanje. <\/p>\n<h3>Pitanje: Koje su informacije potrebne za podno\u0161enje PCN-a?<\/h3>\n<p>Odgovor: Podno\u0161enje PCN zahteva informacije o hemijskom sastavu proizvoda, klasifikaciji opasnosti, nameravanoj upotrebi i pakovanju. UFI tako\u0111er mora biti uklju\u010den kao dio etikete proizvoda kako bi se osigurala brza identifikacija u hitnim slu\u010dajevima. <\/p>\n<h3>Pitanje: Gdje mora biti prikazan UFI?<\/h3>\n<p>Odgovor: UFI mora biti jasno vidljiv na etiketi proizvoda, obi\u010dno pored simbola opasnosti i informacija o merama predostro\u017enosti, kako bi se omogu\u0107ila brza identifikacija od strane centara za trovanje tokom hitnih slu\u010dajeva.<\/p>\n<h3>Pitanje: Ko je odgovoran za podno\u0161enje PCN-a?<\/h3>\n<p>Odgovor: Proizvo\u0111a\u010d, uvoznik ili daljnji korisnik koji stavlja proizvod na tr\u017ei\u0161te EU odgovoran je za dostavljanje PCN-a Centrima za trovanje.<\/p>\n<h3>Pitanje: Koje su posljedice nepodno\u0161enja PCN-a?<\/h3>\n<p>Odgovor: Neuskla\u0111enost sa PCN propisima mo\u017ee dovesti do nov\u010danih kazni, opoziva proizvoda ili ograni\u010denja prodaje proizvoda na tr\u017ei\u0161tu EU. Klju\u010dno je dostaviti PCN da biste izbjegli kazne i osigurali odgovaraju\u0107u uskla\u0111enost sa propisima. <\/p>\n<h3>Pitanje: Da li su sirovine koje se koriste u rudarstvu, istra\u017eivanju nafte ili gasa izuzete od zahtjeva za PCN?<\/h3>\n<p>Odgovor: Da, sirovine koje nisu predvi\u0111ene za upotrebu kao gotovi proizvodi ili hemijske sme\u0161e su generalno izuzete od PCN zahteva. Me\u0111utim, proizvodi koji sadr\u017ee opasne mje\u0161avine kori\u0161tene u procesima istra\u017eivanja moraju podnijeti PCN. <\/p>\n<h3>Pitanje: Koliko vremena je potrebno za podno\u0161enje UFI i PCN obavje\u0161tenja?<\/h3>\n<p>Treba nam nekoliko dana rada. \u010cim u\u010ditate dokumentaciju, odmah po\u010dinjemo. <\/p>\n<h3>Pitanje: Da li sam ja vlasnik PCN obave\u0161tenja?<\/h3>\n<p>Da, vi ste vlasnik PCN obavijesti. Zadr\u017eavate potpuno vlasni\u0161tvo nad podacima koje ste dali.  PCN obavje\u0161tenje \u0107e biti dostupno na va\u0161em ECHA ra\u010dunu.<\/p>\n<h3>Pitanje: Da li je ova usluga za jedan ili vi\u0161e proizvoda?<\/h3>\n<p>Usluga je za jedan proizvod.<\/p>\n<h3>Pitanje: Za\u0161to moram da platim da bih napravio UFI?<\/h3>\n<p>Usluga koju nudimo nije samo pru\u017eanje UFI. UFI je komponenta u mnogo opse\u017enijem procesu.  Osnovna usluga koju pru\u017eamo je priprema i podno\u0161enje Va\u0161eg obavje\u0161tenja centra za trovanje (PCN) nacionalnim imenovanim tijelima putem ECHA portala, \u0161to je obavezan zahtjev prema EU CLP uredbi za stavljanje opasnih smjesa na tr\u017ei\u0161te. Generiranje UFI je najjednostavniji dio.  PCN izvje\u0161taj je, me\u0111utim, slo\u017een. Zahtijeva detaljan pregled sastojaka \u2013 hemijske klasifikacije \u2013 oblikovane precizno za podno\u0161enje Centra za otrove putem ECHA. <\/p>\n<h3>Pitanje: Moja kompanija nije sa sjedi\u0161tem u EU, kako mogu podnijeti PCN?<\/h3>\n<p>Pru\u017eamo rje\u0161enje za kompanije koje nemaju sjedi\u0161te u EU. Vi\u0161e informacija mo\u017eete prona\u0107i na stranici <a href=\"https:\/\/www.ufi.eu\/bs\/pcn\/izvan-eu-bs\/pcn-ufi-za-kompanije-koje-nisu-clanice-eu\/\" target=\"_blank\" rel=\"noopener\">PCN &amp; UFI za kompanije koje nisu \u010dlanice EU<\/a> . <\/p>\n<h3>Pitanje: Mo\u017eete li dostaviti sigurnosne listove u potpunosti u skladu sa EU regulativom (REACH &amp; CLP)?<\/h3>\n<p>Da, mo\u017eemo <a href=\"https:\/\/www.ufi.eu\/bs\/pcn\/sigurnosni-list\/usluga-izrade-sigurnosnog-lista-msds-sds\/\" target=\"_blank\"><strong>kreirati sigurnosne listove (SDS)<\/strong><\/a> \u2014 tako\u0111er poznate kao <strong>listove sa sigurnosnim podacima o materijalima (MSDS)<\/strong> \u2014 prilago\u0111ene va\u0161em proizvodu i u skladu s najnovijim propisima EU. Bilo da proizvodite hemijske mje\u0161avine, uvozite proizvode u EU ili distribuirate pod privatnom robnom markom, usagla\u0161eni SDS je zakonski obavezan i neophodan za sigurnu upotrebu u cijelom lancu snabdijevanja. Vi\u0161e \u0107ete prona\u0107i na stranici <a href=\"https:\/\/www.ufi.eu\/bs\/pcn\/sigurnosni-list\/usluga-izrade-sigurnosnog-lista-msds-sds\/\" target=\"_blank\">usluge kreiranja sigurnosnog lista (MSDS\/SDS)<\/a> .  <\/p>\n","protected":false},"excerpt":{"rendered":"<p>Kako funkcionira UFI kreiranje i PCN notifikacija? Nakon kupovine ove usluge, dobit \u0107ete pristup sigurnom portalu. Ovaj portal sadr\u017ei pregled svih koraka. Popunite podatke o svom proizvodu i mi \u0107emo krenuti na posao. Obavje\u0161tenje centra za trovanje i UFI Mi \u0107emo obezbijediti: Jedinstveni identifikator formule (UFI) va\u0161eg proizvoda Izvje\u0161taj centra za otrove (PCN). Registracija va\u0161eg [&hellip;]<\/p>\n","protected":false},"featured_media":19020,"template":"","meta":[],"product_brand":[],"product_cat":[311],"product_tag":[],"class_list":{"0":"post-19019","1":"product","2":"type-product","3":"status-publish","4":"has-post-thumbnail","6":"product_cat-proizvodi-za-hemijske-ili-tehnicke-procese","8":"first","9":"instock","10":"virtual","11":"taxable","12":"purchasable","13":"product-type-bundle"},"bundled_by":[],"bundle_stock_status":"instock","bundle_stock_quantity":"","bundle_virtual":false,"bundle_layout":"default","bundle_add_to_cart_form_location":"default","bundle_editable_in_cart":false,"bundle_sold_individually_context":"product","bundle_item_grouping":"parent","bundle_min_size":"","bundle_max_size":"","bundle_price":{"price":{"min":{"incl_tax":"121","excl_tax":"100"},"max":{"incl_tax":"","excl_tax":""}},"regular_price":{"min":{"incl_tax":"121","excl_tax":"100"},"max":{"incl_tax":"","excl_tax":""}}},"bundled_items":[{"bundled_item_id":7750,"product_id":12512,"menu_order":0,"quantity_min":1,"quantity_max":1,"quantity_default":1,"priced_individually":true,"shipped_individually":false,"override_title":false,"title":null,"override_description":false,"description":null,"optional":false,"hide_thumbnail":false,"discount":"","override_variations":false,"allowed_variations":[""],"override_default_variation_attributes":false,"default_variation_attributes":[],"single_product_visibility":"visible","cart_visibility":"visible","order_visibility":"visible","single_product_price_visibility":"visible","cart_price_visibility":"visible","order_price_visibility":"visible","stock_status":"in_stock"},{"bundled_item_id":7751,"product_id":12522,"menu_order":1,"quantity_min":1,"quantity_max":"","quantity_default":1,"priced_individually":true,"shipped_individually":false,"override_title":false,"title":null,"override_description":false,"description":null,"optional":false,"hide_thumbnail":false,"discount":"","override_variations":false,"allowed_variations":[""],"override_default_variation_attributes":false,"default_variation_attributes":[],"single_product_visibility":"visible","cart_visibility":"visible","order_visibility":"visible","single_product_price_visibility":"visible","cart_price_visibility":"visible","order_price_visibility":"visible","stock_status":"in_stock"}],"bundle_sell_ids":[],"yoast_head":"<!-- This site is optimized with the Yoast SEO Premium plugin v25.1 (Yoast SEO v25.1) - https:\/\/yoast.com\/wordpress\/plugins\/seo\/ -->\n<title>PCN &amp; UFI za hemijske proizvode krajnje upotrebe - UFI<\/title>\n<meta name=\"description\" content=\"Nabavite PCN &amp; UFI za hemijske proizvode (osim sirovina). Osigurajte uskla\u0111enost EU centra za otrove s na\u0161om brzom i pouzdanom uslugom obavje\u0161tavanja!\" \/>\n<meta name=\"robots\" content=\"index, follow, max-snippet:-1, max-image-preview:large, max-video-preview:-1\" \/>\n<link rel=\"canonical\" href=\"https:\/\/www.ufi.eu\/bs\/product\/pcn-ufi-za-hemijske-proizvode-krajnje-upotrebe\/\" \/>\n<meta property=\"og:locale\" content=\"bs_BA\" \/>\n<meta property=\"og:type\" content=\"article\" \/>\n<meta property=\"og:title\" content=\"PCN &amp; UFI za hemijske proizvode krajnje upotrebe\" \/>\n<meta property=\"og:description\" content=\"Nabavite PCN &amp; UFI za hemijske proizvode (osim sirovina). Osigurajte uskla\u0111enost EU centra za otrove s na\u0161om brzom i pouzdanom uslugom obavje\u0161tavanja!\" \/>\n<meta property=\"og:url\" content=\"https:\/\/www.ufi.eu\/bs\/product\/pcn-ufi-za-hemijske-proizvode-krajnje-upotrebe\/\" \/>\n<meta property=\"og:site_name\" content=\"UFI\" \/>\n<meta property=\"og:image\" content=\"https:\/\/www.ufi.eu\/wp-content\/uploads\/2025\/03\/PC-TEC-18.jpg\" \/>\n\t<meta property=\"og:image:width\" content=\"1024\" \/>\n\t<meta property=\"og:image:height\" content=\"1024\" \/>\n\t<meta property=\"og:image:type\" content=\"image\/jpeg\" \/>\n<meta name=\"twitter:card\" content=\"summary_large_image\" \/>\n<meta name=\"twitter:label1\" content=\"Price\" \/>\n\t<meta name=\"twitter:data1\" content=\"&euro;0.00\" \/>\n\t<meta name=\"twitter:label2\" content=\"Availability\" \/>\n\t<meta name=\"twitter:data2\" content=\"In stock\" \/>\n<script type=\"application\/ld+json\" class=\"yoast-schema-graph\">{\"@context\":\"https:\/\/schema.org\",\"@graph\":[{\"@type\":\"WebPage\",\"@id\":\"https:\/\/www.ufi.eu\/bs\/product\/pcn-ufi-za-hemijske-proizvode-krajnje-upotrebe\/\",\"url\":\"https:\/\/www.ufi.eu\/bs\/product\/pcn-ufi-za-hemijske-proizvode-krajnje-upotrebe\/\",\"name\":\"PCN &amp; UFI za hemijske proizvode krajnje upotrebe - UFI\",\"isPartOf\":{\"@id\":\"https:\/\/www.ufi.eu\/bs\/#website\"},\"primaryImageOfPage\":{\"@id\":\"https:\/\/www.ufi.eu\/bs\/product\/pcn-ufi-za-hemijske-proizvode-krajnje-upotrebe\/#primaryimage\"},\"image\":{\"@id\":\"https:\/\/www.ufi.eu\/bs\/product\/pcn-ufi-za-hemijske-proizvode-krajnje-upotrebe\/#primaryimage\"},\"thumbnailUrl\":\"https:\/\/www.ufi.eu\/wp-content\/uploads\/2025\/03\/PC-TEC-18.jpg\",\"datePublished\":\"2025-04-17T08:46:18+00:00\",\"description\":\"Nabavite PCN & UFI za hemijske proizvode (osim sirovina). Osigurajte uskla\u0111enost EU centra za otrove s na\u0161om brzom i pouzdanom uslugom obavje\u0161tavanja!\",\"breadcrumb\":{\"@id\":\"https:\/\/www.ufi.eu\/bs\/product\/pcn-ufi-za-hemijske-proizvode-krajnje-upotrebe\/#breadcrumb\"},\"inLanguage\":\"bs-BA\",\"potentialAction\":[{\"@type\":\"ReadAction\",\"target\":[\"https:\/\/www.ufi.eu\/bs\/product\/pcn-ufi-za-hemijske-proizvode-krajnje-upotrebe\/\"]}]},{\"@type\":\"ImageObject\",\"inLanguage\":\"bs-BA\",\"@id\":\"https:\/\/www.ufi.eu\/bs\/product\/pcn-ufi-za-hemijske-proizvode-krajnje-upotrebe\/#primaryimage\",\"url\":\"https:\/\/www.ufi.eu\/wp-content\/uploads\/2025\/03\/PC-TEC-18.jpg\",\"contentUrl\":\"https:\/\/www.ufi.eu\/wp-content\/uploads\/2025\/03\/PC-TEC-18.jpg\",\"width\":1024,\"height\":1024},{\"@type\":\"BreadcrumbList\",\"@id\":\"https:\/\/www.ufi.eu\/bs\/product\/pcn-ufi-za-hemijske-proizvode-krajnje-upotrebe\/#breadcrumb\",\"itemListElement\":[{\"@type\":\"ListItem\",\"position\":1,\"name\":\"Home\",\"item\":\"https:\/\/www.ufi.eu\/bs\/dom\/\"},{\"@type\":\"ListItem\",\"position\":2,\"name\":\"Shop\",\"item\":\"https:\/\/www.ufi.eu\/bs\/shop\/\"},{\"@type\":\"ListItem\",\"position\":3,\"name\":\"PCN &amp; UFI za hemijske proizvode krajnje upotrebe\"}]},{\"@type\":\"WebSite\",\"@id\":\"https:\/\/www.ufi.eu\/bs\/#website\",\"url\":\"https:\/\/www.ufi.eu\/bs\/\",\"name\":\"UFI.EU\",\"description\":\"Poison Centre Notifications (PCN) and UFI\",\"publisher\":{\"@id\":\"https:\/\/www.ufi.eu\/bs\/#organization\"},\"potentialAction\":[{\"@type\":\"SearchAction\",\"target\":{\"@type\":\"EntryPoint\",\"urlTemplate\":\"https:\/\/www.ufi.eu\/bs\/?s={search_term_string}\"},\"query-input\":{\"@type\":\"PropertyValueSpecification\",\"valueRequired\":true,\"valueName\":\"search_term_string\"}}],\"inLanguage\":\"bs-BA\"},{\"@type\":\"Organization\",\"@id\":\"https:\/\/www.ufi.eu\/bs\/#organization\",\"name\":\"UFI.EU\",\"url\":\"https:\/\/www.ufi.eu\/bs\/\",\"logo\":{\"@type\":\"ImageObject\",\"inLanguage\":\"bs-BA\",\"@id\":\"https:\/\/www.ufi.eu\/bs\/#\/schema\/logo\/image\/\",\"url\":\"https:\/\/www.ufi.eu\/wp-content\/uploads\/2025\/03\/cropped-logo_ufi3.jpg\",\"contentUrl\":\"https:\/\/www.ufi.eu\/wp-content\/uploads\/2025\/03\/cropped-logo_ufi3.jpg\",\"width\":231,\"height\":78,\"caption\":\"UFI.EU\"},\"image\":{\"@id\":\"https:\/\/www.ufi.eu\/bs\/#\/schema\/logo\/image\/\"},\"description\":\"UFI.eu specializes in digital registrations for Poison Centre Notifications (PCN), ensuring your chemical products meet EU regulatory requirements effortlessly. Our streamlined solutions help businesses stay compliant while reducing complexity and administrative burden.\",\"email\":\"info@ufi.eu\",\"legalName\":\"UFI.EU\"}]}<\/script>\n<meta property=\"product:price:amount\" content=\"0.00\" \/>\n<meta property=\"product:price:currency\" content=\"EUR\" \/>\n<meta property=\"og:availability\" content=\"instock\" \/>\n<meta property=\"product:availability\" content=\"instock\" \/>\n<meta property=\"product:retailer_item_id\" content=\"PC-TEC-18\" \/>\n<meta property=\"product:condition\" content=\"new\" \/>\n<!-- \/ Yoast SEO Premium plugin. -->","yoast_head_json":{"title":"PCN &amp; UFI za hemijske proizvode krajnje upotrebe - UFI","description":"Nabavite PCN & UFI za hemijske proizvode (osim sirovina). Osigurajte uskla\u0111enost EU centra za otrove s na\u0161om brzom i pouzdanom uslugom obavje\u0161tavanja!","robots":{"index":"index","follow":"follow","max-snippet":"max-snippet:-1","max-image-preview":"max-image-preview:large","max-video-preview":"max-video-preview:-1"},"canonical":"https:\/\/www.ufi.eu\/bs\/product\/pcn-ufi-za-hemijske-proizvode-krajnje-upotrebe\/","og_locale":"bs_BA","og_type":"article","og_title":"PCN &amp; UFI za hemijske proizvode krajnje upotrebe","og_description":"Nabavite PCN & UFI za hemijske proizvode (osim sirovina). Osigurajte uskla\u0111enost EU centra za otrove s na\u0161om brzom i pouzdanom uslugom obavje\u0161tavanja!","og_url":"https:\/\/www.ufi.eu\/bs\/product\/pcn-ufi-za-hemijske-proizvode-krajnje-upotrebe\/","og_site_name":"UFI","og_image":[{"width":1024,"height":1024,"url":"https:\/\/www.ufi.eu\/wp-content\/uploads\/2025\/03\/PC-TEC-18.jpg","type":"image\/jpeg"}],"twitter_card":"summary_large_image","twitter_misc":{"Price":"&euro;0.00","Availability":"In stock"},"schema":{"@context":"https:\/\/schema.org","@graph":[{"@type":"WebPage","@id":"https:\/\/www.ufi.eu\/bs\/product\/pcn-ufi-za-hemijske-proizvode-krajnje-upotrebe\/","url":"https:\/\/www.ufi.eu\/bs\/product\/pcn-ufi-za-hemijske-proizvode-krajnje-upotrebe\/","name":"PCN &amp; UFI za hemijske proizvode krajnje upotrebe - UFI","isPartOf":{"@id":"https:\/\/www.ufi.eu\/bs\/#website"},"primaryImageOfPage":{"@id":"https:\/\/www.ufi.eu\/bs\/product\/pcn-ufi-za-hemijske-proizvode-krajnje-upotrebe\/#primaryimage"},"image":{"@id":"https:\/\/www.ufi.eu\/bs\/product\/pcn-ufi-za-hemijske-proizvode-krajnje-upotrebe\/#primaryimage"},"thumbnailUrl":"https:\/\/www.ufi.eu\/wp-content\/uploads\/2025\/03\/PC-TEC-18.jpg","datePublished":"2025-04-17T08:46:18+00:00","description":"Nabavite PCN & UFI za hemijske proizvode (osim sirovina). Osigurajte uskla\u0111enost EU centra za otrove s na\u0161om brzom i pouzdanom uslugom obavje\u0161tavanja!","breadcrumb":{"@id":"https:\/\/www.ufi.eu\/bs\/product\/pcn-ufi-za-hemijske-proizvode-krajnje-upotrebe\/#breadcrumb"},"inLanguage":"bs-BA","potentialAction":[{"@type":"ReadAction","target":["https:\/\/www.ufi.eu\/bs\/product\/pcn-ufi-za-hemijske-proizvode-krajnje-upotrebe\/"]}]},{"@type":"ImageObject","inLanguage":"bs-BA","@id":"https:\/\/www.ufi.eu\/bs\/product\/pcn-ufi-za-hemijske-proizvode-krajnje-upotrebe\/#primaryimage","url":"https:\/\/www.ufi.eu\/wp-content\/uploads\/2025\/03\/PC-TEC-18.jpg","contentUrl":"https:\/\/www.ufi.eu\/wp-content\/uploads\/2025\/03\/PC-TEC-18.jpg","width":1024,"height":1024},{"@type":"BreadcrumbList","@id":"https:\/\/www.ufi.eu\/bs\/product\/pcn-ufi-za-hemijske-proizvode-krajnje-upotrebe\/#breadcrumb","itemListElement":[{"@type":"ListItem","position":1,"name":"Home","item":"https:\/\/www.ufi.eu\/bs\/dom\/"},{"@type":"ListItem","position":2,"name":"Shop","item":"https:\/\/www.ufi.eu\/bs\/shop\/"},{"@type":"ListItem","position":3,"name":"PCN &amp; UFI za hemijske proizvode krajnje upotrebe"}]},{"@type":"WebSite","@id":"https:\/\/www.ufi.eu\/bs\/#website","url":"https:\/\/www.ufi.eu\/bs\/","name":"UFI.EU","description":"Poison Centre Notifications (PCN) and UFI","publisher":{"@id":"https:\/\/www.ufi.eu\/bs\/#organization"},"potentialAction":[{"@type":"SearchAction","target":{"@type":"EntryPoint","urlTemplate":"https:\/\/www.ufi.eu\/bs\/?s={search_term_string}"},"query-input":{"@type":"PropertyValueSpecification","valueRequired":true,"valueName":"search_term_string"}}],"inLanguage":"bs-BA"},{"@type":"Organization","@id":"https:\/\/www.ufi.eu\/bs\/#organization","name":"UFI.EU","url":"https:\/\/www.ufi.eu\/bs\/","logo":{"@type":"ImageObject","inLanguage":"bs-BA","@id":"https:\/\/www.ufi.eu\/bs\/#\/schema\/logo\/image\/","url":"https:\/\/www.ufi.eu\/wp-content\/uploads\/2025\/03\/cropped-logo_ufi3.jpg","contentUrl":"https:\/\/www.ufi.eu\/wp-content\/uploads\/2025\/03\/cropped-logo_ufi3.jpg","width":231,"height":78,"caption":"UFI.EU"},"image":{"@id":"https:\/\/www.ufi.eu\/bs\/#\/schema\/logo\/image\/"},"description":"UFI.eu specializes in digital registrations for Poison Centre Notifications (PCN), ensuring your chemical products meet EU regulatory requirements effortlessly. Our streamlined solutions help businesses stay compliant while reducing complexity and administrative burden.","email":"info@ufi.eu","legalName":"UFI.EU"}]},"product_price_amount":"0.00","product_price_currency":"EUR","og_availability":"instock","product_availability":"instock","product_retailer_item_id":"PC-TEC-18","product_condition":"new"},"_links":{"self":[{"href":"https:\/\/www.ufi.eu\/bs\/wp-json\/wp\/v2\/product\/19019","targetHints":{"allow":["GET"]}}],"collection":[{"href":"https:\/\/www.ufi.eu\/bs\/wp-json\/wp\/v2\/product"}],"about":[{"href":"https:\/\/www.ufi.eu\/bs\/wp-json\/wp\/v2\/types\/product"}],"wp:featuredmedia":[{"embeddable":true,"href":"https:\/\/www.ufi.eu\/bs\/wp-json\/wp\/v2\/media\/19020"}],"wp:attachment":[{"href":"https:\/\/www.ufi.eu\/bs\/wp-json\/wp\/v2\/media?parent=19019"}],"wp:term":[{"taxonomy":"product_brand","embeddable":true,"href":"https:\/\/www.ufi.eu\/bs\/wp-json\/wp\/v2\/product_brand?post=19019"},{"taxonomy":"product_cat","embeddable":true,"href":"https:\/\/www.ufi.eu\/bs\/wp-json\/wp\/v2\/product_cat?post=19019"},{"taxonomy":"product_tag","embeddable":true,"href":"https:\/\/www.ufi.eu\/bs\/wp-json\/wp\/v2\/product_tag?post=19019"}],"curies":[{"name":"wp","href":"https:\/\/api.w.org\/{rel}","templated":true}]}}