{"id":14552,"date":"2025-03-20T08:29:59","date_gmt":"2025-04-16T08:43:18","guid":{"rendered":"https:\/\/www.ufi.eu\/pcn\/Bez kategorije\/pcn-ufi-za-instant-osvjezivace-zraka\/"},"modified":"2025-04-16T08:43:18","modified_gmt":"2025-04-16T08:43:18","slug":"pcn-ufi-za-instant-osvjezivace-zraka","status":"publish","type":"product","link":"https:\/\/www.ufi.eu\/bs\/product\/pcn-ufi-za-instant-osvjezivace-zraka\/","title":{"rendered":"PCN &amp; UFI za instant osvje\u017eiva\u010de zraka"},"content":{"rendered":"<h2>Kako funkcionira UFI kreiranje i PCN notifikacija?<\/h2>\n<p>Nakon kupovine ove usluge, dobit \u0107ete pristup sigurnom portalu. Ovaj portal sadr\u017ei pregled svih koraka.  Popunite podatke o svom proizvodu i mi \u0107emo krenuti na posao.<\/p>\n<h3>Obavje\u0161tenje centra za trovanje i UFI<\/h3>\n<p>Mi \u0107emo obezbijediti:<\/p>\n<ul>\n<li>Jedinstveni identifikator formule (UFI) va\u0161eg proizvoda<\/li>\n<li>Izvje\u0161taj centra za otrove (PCN).<\/li>\n<li>Registracija va\u0161eg proizvoda kod relevantnih nacionalnih centara za trovanje putem ECHA.<\/li>\n<\/ul>\n<h3>Zemlje za PCN registraciju<\/h3>\n<p>Mo\u017eete prebrojati broj zemalja u kojima \u017eelite da registrujete svoj proizvod. Ovo je broj zemalja koje trebate kupiti.  Mo\u0107i \u0107ete odabrati odre\u0111ene zemlje unutar portala. Ako kasnije planirate pro\u0161iriti prodaju svojih proizvoda na nove zemlje, uvijek mo\u017eete naru\u010diti dodatne <a href=\"https:\/\/www.ufi.eu\/bs\/pcn\/zemlje-bs\/zemlje-za-pcn-registraciju\/\" target=\"_blank\" title=\"PCN registracije zemalja\">registracije za PCN zemlje<\/a> .<br \/> EU ima 27 zemalja, a EEA 30 (EU+Lihten\u0161tajn, Norve\u0161ka i Island) Na portalu mo\u017eete odabrati ove zemlje: <\/p>\n<table cellpadding=\"2\" cellspacing=\"0\" border=\"1\">\n<tbody>\n<tr>\n<td>Belgija<\/td>\n<td>(BE)<\/td>\n<td>Spain<\/td>\n<td>(ES)<\/td>\n<td>Ma\u0111arska<\/td>\n<td>(HU)<\/td>\n<td>Slova\u010dka<\/td>\n<td>(SK)<\/td>\n<\/tr>\n<tr>\n<td>Bugarska<\/td>\n<td>(BG)<\/td>\n<td>Francuska<\/td>\n<td>(FR)<\/td>\n<td>Malta<\/td>\n<td>(MT)<\/td>\n<td>Finska<\/td>\n<td>(FI)<\/td>\n<\/tr>\n<tr>\n<td>\u010ce\u0161ka<\/td>\n<td>(CZ)<\/td>\n<td>Hrvatska<\/td>\n<td>(HR)<\/td>\n<td>Holandija<\/td>\n<td>(NL)<\/td>\n<td>\u0160vedska<\/td>\n<td>(SE)<\/td>\n<\/tr>\n<tr>\n<td>Danska<\/td>\n<td>(DK)<\/td>\n<td>Italija<\/td>\n<td>(IT)<\/td>\n<td>Austrija<\/td>\n<td>(AT)<\/td>\n<td>Njema\u010dka<\/td>\n<td>(DE)<\/td>\n<\/tr>\n<tr>\n<td>Kipar<\/td>\n<td>(CY)<\/td>\n<td>Poljska<\/td>\n<td>(PL)<\/td>\n<td>Island<\/td>\n<td>(IS)<\/td>\n<td>Estonija<\/td>\n<td>(EE)<\/td>\n<\/tr>\n<tr>\n<td>Latvija<\/td>\n<td>(LV)<\/td>\n<td>Portugal<\/td>\n<td>(PT)<\/td>\n<td>Lihten\u0161tajn<\/td>\n<td>(LI)<\/td>\n<td>Irska<\/td>\n<td>(IE)<\/td>\n<\/tr>\n<tr>\n<td>Litvanija<\/td>\n<td>(LT)<\/td>\n<td>Rumunija<\/td>\n<td>(RO)<\/td>\n<td>Norve\u0161ka<\/td>\n<td>(NE)<\/td>\n<td>Gr\u010dka<\/td>\n<td>(EL)<\/td>\n<\/tr>\n<tr>\n<td>Luksemburg<\/td>\n<td>(LU)<\/td>\n<td>Slovenija<\/td>\n<td>(SI)<\/td>\n<td>\u0160vicarska*<\/td>\n<td>(CH)<\/td>\n<td><\/td>\n<td><\/td>\n<\/tr>\n<\/tbody>\n<\/table>\n<p>*Za \u0160vajcarsku mo\u017eemo kreirati PCN dosije, sa svim potrebnim informacijama za podno\u0161enje na \u0161vajcarskom portalu. Kontaktirajte nas za vi\u0161e informacija. <\/p>\n<h3>Informacije o CLP etiketi<\/h3>\n<p>Nudimo opciju kupovine oznake proizvoda uskla\u0111ene sa CLP, koja sadr\u017ei sve obavezne informacije u skladu sa CLP uredbom EU. Ovo \u0107e biti dostupno kao PDF.  Ovo nije dizajn, ve\u0107 skup potrebnih informacija. To \u0107e vam omogu\u0107iti da integrirate potrebne informacije u dizajn etikete va\u0161eg proizvoda. <a href=\"https:\/\/www.ufi.eu\/bs\/pcn\/clp-etiketa\/izrada-clp-etikete-i-provjera-uskladjenosti\/\" target=\"_blank\" title=\"CLP labelcCreation\">Izradu CLP etikete<\/a> mo\u017eete naru\u010diti i zasebno. Ve\u0107 imate etiketu? \u2014 Mo\u017eemo izvr\u0161iti <a href=\"https:\/\/www.ufi.eu\/bs\/pcn\/clp-etiketa\/izrada-clp-etikete-i-provjera-uskladjenosti\/\" target=\"_blank\" title=\"Provjera uskla\u0111enosti oznake CLP\">provjeru uskla\u0111enosti va\u0161e etikete sa CLP<\/a> etiketom u skladu sa trenutnim zahtjevima CLP-a. Pru\u017eit \u0107emo detaljne povratne informacije i ispravke kako bismo osigurali da va\u0161a etiketa ispunjava sve regulatorne standarde.     <\/p>\n<h2>Registracija proizvoda za njegu zraka trenutnog djelovanja u Centru za trovanje<\/h2>\n<p>Proizvodi za njegu zraka s trenutnim djelovanjem dizajnirani su za brzu dezodoraciju ili mirisanje zraka u zatvorenom prostoru. Ovi proizvodi se obi\u010dno koriste u domovima, uredima i javnim prostorima kako bi brzo neutralizirali mirise ili dali poja\u010danje mirisa. Kako ovi proizvodi mogu sadr\u017eavati hemikalije koje mogu predstavljati potencijalne rizike, po zakonu je potrebno dostaviti obavje\u0161tenje centra za trovanje (PCN). Ovo osigurava da osobe koje reaguju na hitne slu\u010dajeve i zdravstveni radnici imaju pristup klju\u010dnim sigurnosnim informacijama, kao \u0161to su hemijski sastav, klasifikacije opasnosti i procedure rukovanja u hitnim slu\u010dajevima, u slu\u010daju izlaganja ili incidenta.   <\/p>\n<h3>\u0160ta je UFI?<\/h3>\n<p>UFI (Unique Formula Identifier) \u200b\u200bje jedinstveni kod koji identifikuje specifi\u010dnu hemijsku formulaciju proizvoda. Za proizvode za njegu zraka s trenutnim djelovanjem, UFI osigurava da osobe koje reaguju u hitnim slu\u010dajevima mogu brzo pristupiti potrebnim sigurnosnim podacima koji se odnose na proizvod u slu\u010daju incidenta. UFI je obavezan zahtjev za proizvode koji zahtijevaju obavje\u0161tenje centra za trovanje (PCN).  <\/p>\n<h3>\u0160ta je PCN?<\/h3>\n<p>PCN (Poison Center Notification) je izvje\u0161taj koji proizvo\u0111a\u010di ili uvoznici podnose Centru za trovanje, a koji sadr\u017ei bitne sigurnosne informacije o proizvodu. Ovo uklju\u010duje detalje o hemijskom sastavu, klasifikaciji opasnosti, mjerama hitnog odgovora i kontakt informacijama. Podno\u0161enje PCN-a poma\u017ee da se osigura da su neophodni podaci o sigurnosti lako dostupni zdravstvenim radnicima i osobama koje reaguju na hitne slu\u010dajeve tokom vanredne situacije.  <\/p>\n<h3>\u0160ta je CLP?<\/h3>\n<p>CLP (Classification, Labelling, and Packaging) je propis EU koji osigurava da su proizvodi klasifikovani na osnovu njihovih opasnosti, ozna\u010deni odgovaraju\u0107im simbolima upozorenja i upakovani sa sigurnosnim uputstvima. Za proizvode za njegu zraka s trenutnim djelovanjem, CLP osigurava da su potro\u0161a\u010di i osobe koje reaguju u hitnim slu\u010dajevima obavije\u0161tene o svim rizicima povezanim s proizvodom i da znaju kako ih bezbedno rukovati u slu\u010daju izlaganja ili nesre\u0107e. <\/p>\n<h3>\u0160ta je Centar za trovanje?<\/h3>\n<p>Centar za trovanje je centralizirani sistem u kojem se pohranjuju sigurnosni podaci za opasne proizvode i \u010dine dostupnim zdravstvenim radnicima i hitnim slu\u017ebama. Registracijom proizvoda u Centru za trovanje, proizvo\u0111a\u010di osiguravaju da su bitni sigurnosni podaci dostupni u slu\u010daju nu\u017ede, poma\u017eu\u0107i osobama koje reagiraju da pru\u017ee odgovaraju\u0107i medicinski tretman i smjernice tokom incidenata koji uklju\u010duju proizvod. <\/p>\n<h3>Za\u0161to je ovo potrebno?<\/h3>\n<p>Proizvodi za trenutnu njegu zraka mogu sadr\u017eavati sastojke koji bi mogli biti opasni ako se udi\u0161u ili do\u0111u u kontakt s ko\u017eom ili o\u010dima. Registrovanje ovih proizvoda u Centru za trovanje poma\u017ee da se osigura da hitne slu\u017ebe i zdravstveni radnici imaju brz pristup vitalnim sigurnosnim podacima tokom hitne situacije. Ovo pobolj\u0161ava vrijeme odgovora i efikasnost rje\u0161avanja incidenata izlo\u017eenosti, u kona\u010dnici \u0161tite\u0107i javno zdravlje.  <\/p>\n<h3>Od kada je to po zakonu obavezno?<\/h3>\n<p>Od 1. januara 2021. postalo je zakonski obavezno za proizvo\u0111a\u010de i uvoznike da podnose obavje\u0161tenje centra za trovanje (PCN) za opasne proizvode, uklju\u010duju\u0107i proizvode za njegu zraka s trenutnim djelovanjem. Ova uredba je uvedena kako bi se pobolj\u0161ala sigurnost potro\u0161a\u010da i pobolj\u0161ale sposobnosti reagovanja u vanrednim situacijama unutar Evropske unije. <\/p>\n<h2>FAQ<\/h2>\n<h3>Pitanje: \u0160ta je UFI i za\u0161to je neophodan za moj proizvod za njegu zraka trenutnog djelovanja?<\/h3>\n<p>Odgovor: UFI (Unique Formula Identifier) \u200b\u200bje kod koji jedinstveno identifikuje hemijsku formulaciju va\u0161eg proizvoda. Potreban je kao dio procesa obavje\u0161tavanja centra za otrove (PCN) za va\u0161 proizvod za njegu zraka s trenutnim djelovanjem, omogu\u0107avaju\u0107i hitnim slu\u017ebama da brzo pristupe sigurnosnim podacima ako je potrebno u hitnim slu\u010dajevima. <\/p>\n<h3>Pitanje: Da li trebam dostaviti PCN za sve proizvode za njegu zraka trenutnog djelovanja?<\/h3>\n<p>Odgovor: Da, svaki proizvod za njegu zraka trenutnog djelovanja koji je klasifikovan kao opasan prema CLP propisima mora imati dostavljeno obavje\u0161tenje centra za trovanje (PCN). Ovo uklju\u010duje proizvode poput osvje\u017eiva\u010da zraka, sprejeva ili drugih proizvoda koji se koriste za brzu dezodoraciju ili mirisanje zraka u zatvorenom prostoru. <\/p>\n<h3>Pitanje: Kako se CLP primjenjuje na moj proizvod za njegu zraka?<\/h3>\n<p>Odgovor: CLP (klasifikacija, ozna\u010davanje i pakovanje) propisi osiguravaju da je va\u0161 proizvod ispravno klasifikovan na osnovu opasnosti, ozna\u010den odgovaraju\u0107im simbolima upozorenja i upakovan sa osnovnim sigurnosnim uputstvima. Ovo osigurava da su potro\u0161a\u010di i osobe koje reaguju u hitnim slu\u010dajevima obavije\u0161tene o rizicima i da mogu bezbedno rukovati proizvodom u slu\u010daju incidenta. <\/p>\n<h3>Pitanje: \u010cime se bavi Centar za trovanje i za\u0161to je registracija mog proizvoda va\u017ena?<\/h3>\n<p>Odgovor: Centar za trovanje pohranjuje sigurnosne podatke za opasne proizvode, \u010dine\u0107i ove informacije dostupnim hitnim slu\u017ebama i zdravstvenim radnicima. Registracijom va\u0161eg proizvoda za trenutnu njegu zraka u Centru za trovanje osiguravate da su kriti\u010dne sigurnosne informacije dostupne u slu\u010daju nu\u017ede, omogu\u0107avaju\u0107i brz i efikasan odgovor. <\/p>\n<h3>Pitanje: Kada je postalo obavezno podno\u0161enje PCN-a za proizvode za njegu zraka trenutnog djelovanja?<\/h3>\n<p>Odgovor: Zakonski zahtjev za podno\u0161enje obavje\u0161tenja centra za trovanje (PCN) za opasne proizvode, uklju\u010duju\u0107i proizvode za njegu zraka s trenutnim djelovanjem, postao je obavezan 1. januara 2021. Ova uredba je uvedena kako bi se pobolj\u0161ala javna sigurnost i osiguralo da hitne slu\u017ebe imaju potrebne podatke u slu\u010daju nu\u017ede. <\/p>\n<h3>Pitanje: Koliko vremena je potrebno za podno\u0161enje UFI i PCN obavje\u0161tenja?<\/h3>\n<p>Treba nam nekoliko dana rada. \u010cim u\u010ditate dokumentaciju, odmah po\u010dinjemo. <\/p>\n<h3>Pitanje: Da li sam ja vlasnik PCN obave\u0161tenja?<\/h3>\n<p>Da, vi ste vlasnik PCN obavijesti. Zadr\u017eavate potpuno vlasni\u0161tvo nad podacima koje ste dali.  PCN obavje\u0161tenje \u0107e biti dostupno na va\u0161em ECHA ra\u010dunu.<\/p>\n<h3>Pitanje: Da li je ova usluga za jedan ili vi\u0161e proizvoda?<\/h3>\n<p>Usluga je za jedan proizvod.<\/p>\n<h3>Pitanje: Za\u0161to moram da platim da bih napravio UFI?<\/h3>\n<p>Usluga koju nudimo nije samo pru\u017eanje UFI. UFI je komponenta u mnogo opse\u017enijem procesu.  Osnovna usluga koju pru\u017eamo je priprema i podno\u0161enje Va\u0161eg obavje\u0161tenja centra za trovanje (PCN) nacionalnim imenovanim tijelima putem ECHA portala, \u0161to je obavezan zahtjev prema EU CLP uredbi za stavljanje opasnih smjesa na tr\u017ei\u0161te. Generiranje UFI je najjednostavniji dio. PCN izvje\u0161taj je, me\u0111utim, slo\u017een. Zahtijeva detaljan pregled sastojaka \u2013 hemijske klasifikacije \u2013 oblikovane precizno za podno\u0161enje Centra za otrove putem ECHA.   <\/p>\n<h3>Pitanje: Moja kompanija nije sa sjedi\u0161tem u EU, kako mogu podnijeti PCN?<\/h3>\n<p>Pru\u017eamo rje\u0161enje za kompanije koje nemaju sjedi\u0161te u EU. Vi\u0161e informacija mo\u017eete prona\u0107i na stranici <a href=\"https:\/\/www.ufi.eu\/bs\/pcn\/izvan-eu-bs\/pcn-ufi-za-kompanije-koje-nisu-clanice-eu\/\" target=\"_blank\" rel=\"noopener\">PCN &amp; UFI za kompanije koje nisu \u010dlanice EU<\/a> . <\/p>\n<h3>Pitanje: Mo\u017eete li dostaviti sigurnosne listove u potpunosti u skladu sa EU regulativom (REACH &amp; CLP)?<\/h3>\n<p>Da, mo\u017eemo <a href=\"https:\/\/www.ufi.eu\/bs\/pcn\/sigurnosni-list\/usluga-izrade-sigurnosnog-lista-msds-sds\/\" target=\"_blank\"><strong>kreirati sigurnosne listove (SDS)<\/strong><\/a> \u2014 tako\u0111er poznate kao <strong>listove sa sigurnosnim podacima o materijalima (MSDS)<\/strong> \u2014 prilago\u0111ene va\u0161em proizvodu i u skladu s najnovijim propisima EU. Bilo da proizvodite hemijske mje\u0161avine, uvozite proizvode u EU ili distribuirate pod privatnom robnom markom, usagla\u0161eni SDS je zakonski obavezan i neophodan za sigurnu upotrebu u cijelom lancu snabdijevanja. Vi\u0161e \u0107ete prona\u0107i na stranici <a href=\"https:\/\/www.ufi.eu\/bs\/pcn\/sigurnosni-list\/usluga-izrade-sigurnosnog-lista-msds-sds\/\" target=\"_blank\">usluge kreiranja sigurnosnog lista (MSDS\/SDS)<\/a> .  <\/p>\n","protected":false},"excerpt":{"rendered":"<p>Kako funkcionira UFI kreiranje i PCN notifikacija? Nakon kupovine ove usluge, dobit \u0107ete pristup sigurnom portalu. Ovaj portal sadr\u017ei pregled svih koraka. Popunite podatke o svom proizvodu i mi \u0107emo krenuti na posao. Obavje\u0161tenje centra za trovanje i UFI Mi \u0107emo obezbijediti: Jedinstveni identifikator formule (UFI) va\u0161eg proizvoda Izvje\u0161taj centra za otrove (PCN). Registracija va\u0161eg [&hellip;]<\/p>\n","protected":false},"featured_media":14553,"template":"","meta":[],"product_brand":[],"product_cat":[386],"product_tag":[],"class_list":{"0":"post-14552","1":"product","2":"type-product","3":"status-publish","4":"has-post-thumbnail","6":"product_cat-proizvodi-za-negu-vazduha","8":"first","9":"instock","10":"virtual","11":"taxable","12":"purchasable","13":"product-type-bundle"},"bundled_by":[],"bundle_stock_status":"instock","bundle_stock_quantity":"","bundle_virtual":false,"bundle_layout":"default","bundle_add_to_cart_form_location":"default","bundle_editable_in_cart":false,"bundle_sold_individually_context":"product","bundle_item_grouping":"parent","bundle_min_size":"","bundle_max_size":"","bundle_price":{"price":{"min":{"incl_tax":"121","excl_tax":"100"},"max":{"incl_tax":"","excl_tax":""}},"regular_price":{"min":{"incl_tax":"121","excl_tax":"100"},"max":{"incl_tax":"","excl_tax":""}}},"bundled_items":[{"bundled_item_id":3200,"product_id":12512,"menu_order":0,"quantity_min":1,"quantity_max":1,"quantity_default":1,"priced_individually":true,"shipped_individually":false,"override_title":false,"title":null,"override_description":false,"description":null,"optional":false,"hide_thumbnail":false,"discount":"","override_variations":false,"allowed_variations":[""],"override_default_variation_attributes":false,"default_variation_attributes":[],"single_product_visibility":"visible","cart_visibility":"visible","order_visibility":"visible","single_product_price_visibility":"visible","cart_price_visibility":"visible","order_price_visibility":"visible","stock_status":"in_stock"},{"bundled_item_id":3201,"product_id":12522,"menu_order":1,"quantity_min":1,"quantity_max":"","quantity_default":1,"priced_individually":true,"shipped_individually":false,"override_title":false,"title":null,"override_description":false,"description":null,"optional":false,"hide_thumbnail":false,"discount":"","override_variations":false,"allowed_variations":[""],"override_default_variation_attributes":false,"default_variation_attributes":[],"single_product_visibility":"visible","cart_visibility":"visible","order_visibility":"visible","single_product_price_visibility":"visible","cart_price_visibility":"visible","order_price_visibility":"visible","stock_status":"in_stock"}],"bundle_sell_ids":[],"yoast_head":"<!-- This site is optimized with the Yoast SEO Premium plugin v25.1 (Yoast SEO v25.1) - https:\/\/yoast.com\/wordpress\/plugins\/seo\/ -->\n<title>PCN &amp; UFI za instant osvje\u017eiva\u010de zraka - UFI<\/title>\n<meta name=\"description\" content=\"Osigurajte PCN &amp; UFI uskla\u0111enost za instant osvje\u017eiva\u010de zraka. Mi upravljamo obavje\u0161tenjima centra za otrove i jedinstvenim identifikatorima formula za vas.\" \/>\n<meta name=\"robots\" content=\"index, follow, max-snippet:-1, max-image-preview:large, max-video-preview:-1\" \/>\n<link rel=\"canonical\" href=\"https:\/\/www.ufi.eu\/bs\/product\/pcn-ufi-za-instant-osvjezivace-zraka\/\" \/>\n<meta property=\"og:locale\" content=\"bs_BA\" \/>\n<meta property=\"og:type\" content=\"article\" \/>\n<meta property=\"og:title\" content=\"PCN &amp; UFI za instant osvje\u017eiva\u010de zraka\" \/>\n<meta property=\"og:description\" content=\"Osigurajte PCN &amp; UFI uskla\u0111enost za instant osvje\u017eiva\u010de zraka. Mi upravljamo obavje\u0161tenjima centra za otrove i jedinstvenim identifikatorima formula za vas.\" \/>\n<meta property=\"og:url\" content=\"https:\/\/www.ufi.eu\/bs\/product\/pcn-ufi-za-instant-osvjezivace-zraka\/\" \/>\n<meta property=\"og:site_name\" content=\"UFI\" \/>\n<meta property=\"og:image\" content=\"https:\/\/www.ufi.eu\/wp-content\/uploads\/2025\/03\/PC-AIR-2.jpg\" \/>\n\t<meta property=\"og:image:width\" content=\"1024\" \/>\n\t<meta property=\"og:image:height\" content=\"1024\" \/>\n\t<meta property=\"og:image:type\" content=\"image\/jpeg\" \/>\n<meta name=\"twitter:card\" content=\"summary_large_image\" \/>\n<meta name=\"twitter:label1\" content=\"Price\" \/>\n\t<meta name=\"twitter:data1\" content=\"&euro;0.00\" \/>\n\t<meta name=\"twitter:label2\" content=\"Availability\" \/>\n\t<meta name=\"twitter:data2\" content=\"In stock\" \/>\n<script type=\"application\/ld+json\" class=\"yoast-schema-graph\">{\"@context\":\"https:\/\/schema.org\",\"@graph\":[{\"@type\":\"WebPage\",\"@id\":\"https:\/\/www.ufi.eu\/bs\/product\/pcn-ufi-za-instant-osvjezivace-zraka\/\",\"url\":\"https:\/\/www.ufi.eu\/bs\/product\/pcn-ufi-za-instant-osvjezivace-zraka\/\",\"name\":\"PCN &amp; UFI za instant osvje\u017eiva\u010de zraka - UFI\",\"isPartOf\":{\"@id\":\"https:\/\/www.ufi.eu\/bs\/#website\"},\"primaryImageOfPage\":{\"@id\":\"https:\/\/www.ufi.eu\/bs\/product\/pcn-ufi-za-instant-osvjezivace-zraka\/#primaryimage\"},\"image\":{\"@id\":\"https:\/\/www.ufi.eu\/bs\/product\/pcn-ufi-za-instant-osvjezivace-zraka\/#primaryimage\"},\"thumbnailUrl\":\"https:\/\/www.ufi.eu\/wp-content\/uploads\/2025\/03\/PC-AIR-2.jpg\",\"datePublished\":\"2025-04-16T08:43:18+00:00\",\"description\":\"Osigurajte PCN & UFI uskla\u0111enost za instant osvje\u017eiva\u010de zraka. Mi upravljamo obavje\u0161tenjima centra za otrove i jedinstvenim identifikatorima formula za vas.\",\"breadcrumb\":{\"@id\":\"https:\/\/www.ufi.eu\/bs\/product\/pcn-ufi-za-instant-osvjezivace-zraka\/#breadcrumb\"},\"inLanguage\":\"bs-BA\",\"potentialAction\":[{\"@type\":\"ReadAction\",\"target\":[\"https:\/\/www.ufi.eu\/bs\/product\/pcn-ufi-za-instant-osvjezivace-zraka\/\"]}]},{\"@type\":\"ImageObject\",\"inLanguage\":\"bs-BA\",\"@id\":\"https:\/\/www.ufi.eu\/bs\/product\/pcn-ufi-za-instant-osvjezivace-zraka\/#primaryimage\",\"url\":\"https:\/\/www.ufi.eu\/wp-content\/uploads\/2025\/03\/PC-AIR-2.jpg\",\"contentUrl\":\"https:\/\/www.ufi.eu\/wp-content\/uploads\/2025\/03\/PC-AIR-2.jpg\",\"width\":1024,\"height\":1024},{\"@type\":\"BreadcrumbList\",\"@id\":\"https:\/\/www.ufi.eu\/bs\/product\/pcn-ufi-za-instant-osvjezivace-zraka\/#breadcrumb\",\"itemListElement\":[{\"@type\":\"ListItem\",\"position\":1,\"name\":\"Home\",\"item\":\"https:\/\/www.ufi.eu\/bs\/dom\/\"},{\"@type\":\"ListItem\",\"position\":2,\"name\":\"Shop\",\"item\":\"https:\/\/www.ufi.eu\/bs\/shop\/\"},{\"@type\":\"ListItem\",\"position\":3,\"name\":\"PCN &amp; UFI za instant osvje\u017eiva\u010de zraka\"}]},{\"@type\":\"WebSite\",\"@id\":\"https:\/\/www.ufi.eu\/bs\/#website\",\"url\":\"https:\/\/www.ufi.eu\/bs\/\",\"name\":\"UFI.EU\",\"description\":\"Poison Centre Notifications (PCN) and UFI\",\"publisher\":{\"@id\":\"https:\/\/www.ufi.eu\/bs\/#organization\"},\"potentialAction\":[{\"@type\":\"SearchAction\",\"target\":{\"@type\":\"EntryPoint\",\"urlTemplate\":\"https:\/\/www.ufi.eu\/bs\/?s={search_term_string}\"},\"query-input\":{\"@type\":\"PropertyValueSpecification\",\"valueRequired\":true,\"valueName\":\"search_term_string\"}}],\"inLanguage\":\"bs-BA\"},{\"@type\":\"Organization\",\"@id\":\"https:\/\/www.ufi.eu\/bs\/#organization\",\"name\":\"UFI.EU\",\"url\":\"https:\/\/www.ufi.eu\/bs\/\",\"logo\":{\"@type\":\"ImageObject\",\"inLanguage\":\"bs-BA\",\"@id\":\"https:\/\/www.ufi.eu\/bs\/#\/schema\/logo\/image\/\",\"url\":\"https:\/\/www.ufi.eu\/wp-content\/uploads\/2025\/03\/cropped-logo_ufi3.jpg\",\"contentUrl\":\"https:\/\/www.ufi.eu\/wp-content\/uploads\/2025\/03\/cropped-logo_ufi3.jpg\",\"width\":231,\"height\":78,\"caption\":\"UFI.EU\"},\"image\":{\"@id\":\"https:\/\/www.ufi.eu\/bs\/#\/schema\/logo\/image\/\"},\"description\":\"UFI.eu specializes in digital registrations for Poison Centre Notifications (PCN), ensuring your chemical products meet EU regulatory requirements effortlessly. Our streamlined solutions help businesses stay compliant while reducing complexity and administrative burden.\",\"email\":\"info@ufi.eu\",\"legalName\":\"UFI.EU\"}]}<\/script>\n<meta property=\"product:price:amount\" content=\"0.00\" \/>\n<meta property=\"product:price:currency\" content=\"EUR\" \/>\n<meta property=\"og:availability\" content=\"instock\" \/>\n<meta property=\"product:availability\" content=\"instock\" \/>\n<meta property=\"product:retailer_item_id\" content=\"PC-AIR-2\" \/>\n<meta property=\"product:condition\" content=\"new\" \/>\n<!-- \/ Yoast SEO Premium plugin. -->","yoast_head_json":{"title":"PCN &amp; UFI za instant osvje\u017eiva\u010de zraka - UFI","description":"Osigurajte PCN & UFI uskla\u0111enost za instant osvje\u017eiva\u010de zraka. Mi upravljamo obavje\u0161tenjima centra za otrove i jedinstvenim identifikatorima formula za vas.","robots":{"index":"index","follow":"follow","max-snippet":"max-snippet:-1","max-image-preview":"max-image-preview:large","max-video-preview":"max-video-preview:-1"},"canonical":"https:\/\/www.ufi.eu\/bs\/product\/pcn-ufi-za-instant-osvjezivace-zraka\/","og_locale":"bs_BA","og_type":"article","og_title":"PCN &amp; UFI za instant osvje\u017eiva\u010de zraka","og_description":"Osigurajte PCN & UFI uskla\u0111enost za instant osvje\u017eiva\u010de zraka. Mi upravljamo obavje\u0161tenjima centra za otrove i jedinstvenim identifikatorima formula za vas.","og_url":"https:\/\/www.ufi.eu\/bs\/product\/pcn-ufi-za-instant-osvjezivace-zraka\/","og_site_name":"UFI","og_image":[{"width":1024,"height":1024,"url":"https:\/\/www.ufi.eu\/wp-content\/uploads\/2025\/03\/PC-AIR-2.jpg","type":"image\/jpeg"}],"twitter_card":"summary_large_image","twitter_misc":{"Price":"&euro;0.00","Availability":"In stock"},"schema":{"@context":"https:\/\/schema.org","@graph":[{"@type":"WebPage","@id":"https:\/\/www.ufi.eu\/bs\/product\/pcn-ufi-za-instant-osvjezivace-zraka\/","url":"https:\/\/www.ufi.eu\/bs\/product\/pcn-ufi-za-instant-osvjezivace-zraka\/","name":"PCN &amp; UFI za instant osvje\u017eiva\u010de zraka - UFI","isPartOf":{"@id":"https:\/\/www.ufi.eu\/bs\/#website"},"primaryImageOfPage":{"@id":"https:\/\/www.ufi.eu\/bs\/product\/pcn-ufi-za-instant-osvjezivace-zraka\/#primaryimage"},"image":{"@id":"https:\/\/www.ufi.eu\/bs\/product\/pcn-ufi-za-instant-osvjezivace-zraka\/#primaryimage"},"thumbnailUrl":"https:\/\/www.ufi.eu\/wp-content\/uploads\/2025\/03\/PC-AIR-2.jpg","datePublished":"2025-04-16T08:43:18+00:00","description":"Osigurajte PCN & UFI uskla\u0111enost za instant osvje\u017eiva\u010de zraka. Mi upravljamo obavje\u0161tenjima centra za otrove i jedinstvenim identifikatorima formula za vas.","breadcrumb":{"@id":"https:\/\/www.ufi.eu\/bs\/product\/pcn-ufi-za-instant-osvjezivace-zraka\/#breadcrumb"},"inLanguage":"bs-BA","potentialAction":[{"@type":"ReadAction","target":["https:\/\/www.ufi.eu\/bs\/product\/pcn-ufi-za-instant-osvjezivace-zraka\/"]}]},{"@type":"ImageObject","inLanguage":"bs-BA","@id":"https:\/\/www.ufi.eu\/bs\/product\/pcn-ufi-za-instant-osvjezivace-zraka\/#primaryimage","url":"https:\/\/www.ufi.eu\/wp-content\/uploads\/2025\/03\/PC-AIR-2.jpg","contentUrl":"https:\/\/www.ufi.eu\/wp-content\/uploads\/2025\/03\/PC-AIR-2.jpg","width":1024,"height":1024},{"@type":"BreadcrumbList","@id":"https:\/\/www.ufi.eu\/bs\/product\/pcn-ufi-za-instant-osvjezivace-zraka\/#breadcrumb","itemListElement":[{"@type":"ListItem","position":1,"name":"Home","item":"https:\/\/www.ufi.eu\/bs\/dom\/"},{"@type":"ListItem","position":2,"name":"Shop","item":"https:\/\/www.ufi.eu\/bs\/shop\/"},{"@type":"ListItem","position":3,"name":"PCN &amp; UFI za instant osvje\u017eiva\u010de zraka"}]},{"@type":"WebSite","@id":"https:\/\/www.ufi.eu\/bs\/#website","url":"https:\/\/www.ufi.eu\/bs\/","name":"UFI.EU","description":"Poison Centre Notifications (PCN) and UFI","publisher":{"@id":"https:\/\/www.ufi.eu\/bs\/#organization"},"potentialAction":[{"@type":"SearchAction","target":{"@type":"EntryPoint","urlTemplate":"https:\/\/www.ufi.eu\/bs\/?s={search_term_string}"},"query-input":{"@type":"PropertyValueSpecification","valueRequired":true,"valueName":"search_term_string"}}],"inLanguage":"bs-BA"},{"@type":"Organization","@id":"https:\/\/www.ufi.eu\/bs\/#organization","name":"UFI.EU","url":"https:\/\/www.ufi.eu\/bs\/","logo":{"@type":"ImageObject","inLanguage":"bs-BA","@id":"https:\/\/www.ufi.eu\/bs\/#\/schema\/logo\/image\/","url":"https:\/\/www.ufi.eu\/wp-content\/uploads\/2025\/03\/cropped-logo_ufi3.jpg","contentUrl":"https:\/\/www.ufi.eu\/wp-content\/uploads\/2025\/03\/cropped-logo_ufi3.jpg","width":231,"height":78,"caption":"UFI.EU"},"image":{"@id":"https:\/\/www.ufi.eu\/bs\/#\/schema\/logo\/image\/"},"description":"UFI.eu specializes in digital registrations for Poison Centre Notifications (PCN), ensuring your chemical products meet EU regulatory requirements effortlessly. Our streamlined solutions help businesses stay compliant while reducing complexity and administrative burden.","email":"info@ufi.eu","legalName":"UFI.EU"}]},"product_price_amount":"0.00","product_price_currency":"EUR","og_availability":"instock","product_availability":"instock","product_retailer_item_id":"PC-AIR-2","product_condition":"new"},"_links":{"self":[{"href":"https:\/\/www.ufi.eu\/bs\/wp-json\/wp\/v2\/product\/14552","targetHints":{"allow":["GET"]}}],"collection":[{"href":"https:\/\/www.ufi.eu\/bs\/wp-json\/wp\/v2\/product"}],"about":[{"href":"https:\/\/www.ufi.eu\/bs\/wp-json\/wp\/v2\/types\/product"}],"wp:featuredmedia":[{"embeddable":true,"href":"https:\/\/www.ufi.eu\/bs\/wp-json\/wp\/v2\/media\/14553"}],"wp:attachment":[{"href":"https:\/\/www.ufi.eu\/bs\/wp-json\/wp\/v2\/media?parent=14552"}],"wp:term":[{"taxonomy":"product_brand","embeddable":true,"href":"https:\/\/www.ufi.eu\/bs\/wp-json\/wp\/v2\/product_brand?post=14552"},{"taxonomy":"product_cat","embeddable":true,"href":"https:\/\/www.ufi.eu\/bs\/wp-json\/wp\/v2\/product_cat?post=14552"},{"taxonomy":"product_tag","embeddable":true,"href":"https:\/\/www.ufi.eu\/bs\/wp-json\/wp\/v2\/product_tag?post=14552"}],"curies":[{"name":"wp","href":"https:\/\/api.w.org\/{rel}","templated":true}]}}