{"id":12853,"date":"2025-04-15T20:38:41","date_gmt":"2025-04-15T20:38:41","guid":{"rendered":"https:\/\/www.ufi.eu\/pcn\/Bez%20kategorije\/usluga-izrade-sigurnosnog-lista-msds-sds\/"},"modified":"2025-04-15T20:38:45","modified_gmt":"2025-04-15T20:38:45","slug":"usluga-izrade-sigurnosnog-lista-msds-sds","status":"publish","type":"product","link":"https:\/\/www.ufi.eu\/bs\/product\/usluga-izrade-sigurnosnog-lista-msds-sds\/","title":{"rendered":"Usluga izrade sigurnosnog lista (MSDS\/SDS)."},"content":{"rendered":"\n<p><strong>Profesionalno napisane sigurnosne listove u potpunosti u skladu sa EU regulativom (REACH &amp; CLP)<\/strong><\/p>\n\n<p>Pru\u017eamo stru\u010dno pripremljene <strong>listove sa sigurnosnim podacima (SDS)<\/strong> \u2014 tako\u0111er poznati kao <strong>listovi sa sigurnosnim podacima o materijalima (MSDS)<\/strong> \u2014 prilago\u0111ene va\u0161em proizvodu i u skladu s najnovijim propisima EU. Bilo da proizvodite hemijske mje\u0161avine, uvozite proizvode u EU ili distribuirate pod privatnom robnom markom, usagla\u0161eni SDS je zakonski obavezan i neophodan za sigurnu upotrebu u cijelom lancu snabdijevanja. <\/p>\n\n<h2 class=\"wp-block-heading\" id=\"h-what-is-an-safety-data-sheet-msds-sds-and-why-do-you-need-one\">\u0160ta je bezbednosni list (MSDS\/SDS) i za\u0161to vam je potreban?<\/h2>\n\n<p><strong>Bezbednosni list<\/strong> je zakonski zahtevan dokument koji pru\u017ea sveobuhvatne informacije o svojstvima hemijske supstance ili sme\u0161e. Prema <strong>REACH (EC br. 1907\/2006)<\/strong> i <strong><a href=\"https:\/\/www.ufi.eu\/bs\/pcn\/clp-etiketa\/izrada-clp-etikete-i-provjera-uskladjenosti\/\">CLP (EC br. 1272\/2008)<\/a><\/strong> , dobavlja\u010di moraju dati SDS korisnicima dalje u toku za svaki proizvod koji je opasan ili sadr\u017ei supstance koje izazivaju zabrinutost. <\/p>\n\n<p>Nedostavljanje ta\u010dnog, potpunog SDS-a mo\u017ee dovesti do:<\/p>\n\n<ul class=\"wp-block-list\">\n<li><strong>Zakonske kazne<\/strong> ili carinska ka\u0161njenja<\/li>\n\n\n\n<li><strong>Odbijene po\u0161iljke<\/strong> ili izgubljeni poslovni partneri<\/li>\n\n\n\n<li><strong>Rizik po ljudsko zdravlje i \u017eivotnu sredinu<\/strong><\/li>\n<\/ul>\n\n<h2 class=\"wp-block-heading\" id=\"h-what-our-sds-creation-service-includes\">\u0160ta uklju\u010duje na\u0161a usluga kreiranja SDS-a<\/h2>\n\n<h4 class=\"wp-block-heading\" id=\"h-1-fully-compliant-sds-creation-16-sections\">1. <strong>Potpuno uskla\u0111eno SDS Kreiranje (16 odjeljaka)<\/strong><\/h4>\n\n<p>Izra\u0111ujemo va\u0161 SDS od nule na osnovu va\u0161e formulacije proizvoda i\/ili postoje\u0107ih podataka, uklju\u010duju\u0107i:<\/p>\n\n<ul class=\"wp-block-list\">\n<li>Informacije o klasifikaciji opasnosti i ozna\u010davanju (u skladu sa CLP-om)<\/li>\n\n\n\n<li>Sastav i otkrivanje sastojaka<\/li>\n\n\n\n<li>Upute za sigurno rukovanje, skladi\u0161tenje i transport<\/li>\n\n\n\n<li>Mjere prve pomo\u0107i, ga\u0161enja po\u017eara i slu\u010dajnog pu\u0161tanja<\/li>\n\n\n\n<li>Regulatorne reference (REACH Aneks II)<\/li>\n<\/ul>\n\n<p>Svaki SDS se isporu\u010duje u skladu sa <strong>Aneksom II REACH-a<\/strong> , uskla\u0111en sa najnovijim a\u017euriranjima i uskla\u0111enim klasifikacijama.<\/p>\n\n<h4 class=\"wp-block-heading\" id=\"h-2-multilingual-sds-versions\">2. <strong>Vi\u0161ejezi\u010dne SDS verzije<\/strong><\/h4>\n\n<p>Nudimo izradu SDS-a na vi\u0161e zvani\u010dnih jezika EU, spremno za prekograni\u010dnu distribuciju. Ovo uklju\u010duje: <\/p>\n\n<ul class=\"wp-block-list\">\n<li><a href=\"https:\/\/www.ufi.eu\/bs\/pcn\/sigurnosni-list\/prevod-sigurnosnog-lista\/\">MSDS Prevodi<\/a> stru\u010dnjaka koji su upoznati sa hemijskom terminologijom<\/li>\n\n\n\n<li>Prilagodbe specifi\u010dne za zemlju kada su potrebne (npr. nacionalne granice izlo\u017eenosti)<\/li>\n<\/ul>\n\n<h4 class=\"wp-block-heading\" id=\"h-3-update-amp-conversion-service\">3. <strong>Usluga a\u017euriranja i konverzije<\/strong><\/h4>\n\n<p>Ve\u0107 imate zastarjeli ili neusagla\u0161eni SDS? mo\u017eemo: <\/p>\n\n<ul class=\"wp-block-list\">\n<li>Pregledajte i a\u017eurirajte svoj postoje\u0107i list kako biste zadovoljili trenutne standarde<\/li>\n\n\n\n<li>Pretvorite SDS formate koji nisu u EU (npr. US OSHA) u verzije uskla\u0111ene sa EU REACH-om<\/li>\n<\/ul>\n\n<h4 class=\"wp-block-heading\" id=\"h-4-optional-add-ons\">4. <strong>Opcioni dodaci<\/strong><\/h4>\n\n<ul class=\"wp-block-list\">\n<li><a href=\"https:\/\/www.ufi.eu\/bs\/pcn\/clp-etiketa\/izrada-clp-etikete-i-provjera-uskladjenosti\/\">Kreiranje CLP etikete<\/a> koja odgovara SDS-u<\/li>\n\n\n\n<li>Generisanje UFI i PCN obavje\u0161tenje<\/li>\n\n\n\n<li>Klasifikacija proizvoda zasnovana na sirovinama ili listama sastojaka<\/li>\n<\/ul>\n\n<h2 class=\"wp-block-heading\" id=\"h-which-products-need-an-sds\">Koji proizvodi trebaju SDS?<\/h2>\n\n<p>SDS je potreban ako va\u0161 proizvod:<\/p>\n\n<ul class=\"wp-block-list\">\n<li>Klasificiran je kao opasan (npr. zapaljiv, nadra\u017euju\u0107i, otrovan, korozivan)<\/li>\n\n\n\n<li>Sadr\u017ei supstance koje su opasne ili navedene na posebnim listama propisa (npr. SVHC)<\/li>\n\n\n\n<li>Namijenjen je za profesionalnu ili industrijsku upotrebu, \u010dak i ako nije klasifikovan kao opasan<\/li>\n<\/ul>\n\n<p>Ovo se odnosi na \u0161irok spektar proizvoda:<\/p>\n\n<ul class=\"wp-block-list\">\n<li>Mje\u0161avine mirisa i eteri\u010dnih ulja<\/li>\n\n\n\n<li>Sredstva za \u010di\u0161\u0107enje i sprejevi za povr\u0161ine<\/li>\n\n\n\n<li>Boje, premazi i smole<\/li>\n\n\n\n<li>Vosak se topi, sprejevi za prostorije i osvje\u017eiva\u010di zraka<\/li>\n\n\n\n<li>Industrijske hemikalije i me\u0111uproizvodi<\/li>\n<\/ul>\n\n<h2 class=\"wp-block-heading\" id=\"h-who-is-this-service-for\">Za koga je ova usluga?<\/h2>\n\n<ul class=\"wp-block-list\">\n<li>Proizvo\u0111a\u010di i vlasnici marki hemijskih smjesa<\/li>\n\n\n\n<li>Uvoznici proizvoda izvan EU<\/li>\n\n\n\n<li>Privatna robna marka i distributeri bijelih etiketa<\/li>\n\n\n\n<li>Kompanije koje prodaju opasnu robu putem internetskih tr\u017ei\u0161ta ili maloprodaje<\/li>\n<\/ul>\n\n<h2 class=\"wp-block-heading\" id=\"h-why-choose-ufi-eu\">Za\u0161to odabrati UFI.EU?<\/h2>\n\n<ul class=\"wp-block-list\">\n<li><strong>Iskusni regulatorni tim<\/strong> specijalizovan za CLP, REACH i PCN<\/li>\n\n\n\n<li><strong>Ta\u010dan i potpuno uskla\u0111en SDS<\/strong> prilago\u0111en va\u0161em proizvodu<\/li>\n\n\n\n<li><strong>Vi\u0161ejezi\u010dna podr\u0161ka<\/strong> za uskla\u0111enost u cijeloj EU<\/li>\n\n\n\n<li><strong>Brzi rokovi obrade<\/strong> i transparentne cijene<\/li>\n<\/ul>\n\n<h2 class=\"wp-block-heading\" id=\"h-how-it-works\">Kako radi<\/h2>\n\n<ol class=\"wp-block-list\">\n<li><strong>Po\u0161aljite formulaciju va\u0161eg proizvoda ili postoje\u0107i SDS<\/strong><\/li>\n\n\n\n<li><strong>Analiziramo sastojke i pripremamo SDS<\/strong><\/li>\n\n\n\n<li><strong>Primite profesionalno oblikovan dokument spreman za distribuciju ili registraciju<\/strong><\/li>\n<\/ol>\n\n<h2 class=\"wp-block-heading\" id=\"h-order-your-sds-today\">Naru\u010dite svoj SDS ve\u0107 danas<\/h2>\n\n<p>Bilo da vam je potreban novi SDS, a\u017euriranje ili vi\u0161ejezi\u010dne verzije za razli\u010dita tr\u017ei\u0161ta, <strong>UFI.EU<\/strong> je va\u0161 pouzdan partner za hemijsku uskla\u0111enost.<br\/> <strong>Naru\u010dite svoju uslugu kreiranja SDS-a sada i ostanite u potpunosti u skladu sa zakonima EU.<\/strong><\/p>\n","protected":false},"excerpt":{"rendered":"<p>Profesionalno napisane sigurnosne listove u potpunosti u skladu sa EU regulativom (REACH &amp; CLP) Pru\u017eamo stru\u010dno pripremljene listove sa sigurnosnim podacima (SDS) \u2014 tako\u0111er poznati kao listovi sa sigurnosnim podacima o materijalima (MSDS) \u2014 prilago\u0111ene va\u0161em proizvodu i u skladu s najnovijim propisima EU. Bilo da proizvodite hemijske mje\u0161avine, uvozite proizvode u EU ili distribuirate [&hellip;]<\/p>\n","protected":false},"featured_media":12440,"template":"","meta":[],"product_brand":[],"product_cat":[286],"product_tag":[],"class_list":{"0":"post-12853","1":"product","2":"type-product","3":"status-publish","4":"has-post-thumbnail","6":"product_cat-sigurnosni-list","8":"first","9":"instock","10":"virtual","11":"taxable","12":"purchasable","13":"product-type-bundle"},"bundled_by":[],"bundle_stock_status":"instock","bundle_stock_quantity":"","bundle_virtual":false,"bundle_layout":"default","bundle_add_to_cart_form_location":"default","bundle_editable_in_cart":false,"bundle_sold_individually_context":"product","bundle_item_grouping":"parent","bundle_min_size":"","bundle_max_size":"","bundle_price":{"price":{"min":{"incl_tax":"119.79","excl_tax":"99"},"max":{"incl_tax":"","excl_tax":""}},"regular_price":{"min":{"incl_tax":"119.79","excl_tax":"99"},"max":{"incl_tax":"","excl_tax":""}}},"bundled_items":[{"bundled_item_id":1468,"product_id":12429,"menu_order":0,"quantity_min":1,"quantity_max":1,"quantity_default":1,"priced_individually":true,"shipped_individually":true,"override_title":false,"title":null,"override_description":false,"description":null,"optional":false,"hide_thumbnail":false,"discount":"","override_variations":false,"allowed_variations":[""],"override_default_variation_attributes":false,"default_variation_attributes":[],"single_product_visibility":"visible","cart_visibility":"visible","order_visibility":"visible","single_product_price_visibility":"visible","cart_price_visibility":"visible","order_price_visibility":"visible","stock_status":"in_stock"},{"bundled_item_id":1469,"product_id":12445,"menu_order":1,"quantity_min":1,"quantity_max":"","quantity_default":1,"priced_individually":true,"shipped_individually":false,"override_title":false,"title":null,"override_description":false,"description":null,"optional":false,"hide_thumbnail":false,"discount":"","override_variations":false,"allowed_variations":[""],"override_default_variation_attributes":false,"default_variation_attributes":[],"single_product_visibility":"visible","cart_visibility":"visible","order_visibility":"visible","single_product_price_visibility":"visible","cart_price_visibility":"visible","order_price_visibility":"visible","stock_status":"in_stock"}],"bundle_sell_ids":[],"yoast_head":"<!-- This site is optimized with the Yoast SEO Premium plugin v25.1 (Yoast SEO v25.1) - https:\/\/yoast.com\/wordpress\/plugins\/seo\/ -->\n<title>Usluga izrade sigurnosnog lista (MSDS\/SDS). - UFI<\/title>\n<meta name=\"description\" content=\"Pru\u017eamo stru\u010dno pripremljene listove sa sigurnosnim podacima (SDS) \u2014 tako\u0111er poznati kao listovi sa sigurnosnim podacima o materijalima (MSDS) \u2014 prilago\u0111ene va\u0161em proizvodu i u skladu s najnovijim propisima EU.\" \/>\n<meta name=\"robots\" content=\"index, follow, max-snippet:-1, max-image-preview:large, max-video-preview:-1\" \/>\n<link rel=\"canonical\" href=\"https:\/\/www.ufi.eu\/bs\/product\/usluga-izrade-sigurnosnog-lista-msds-sds\/\" \/>\n<meta property=\"og:locale\" content=\"bs_BA\" \/>\n<meta property=\"og:type\" content=\"article\" \/>\n<meta property=\"og:title\" content=\"Usluga izrade sigurnosnog lista (MSDS\/SDS).\" \/>\n<meta property=\"og:description\" content=\"Pru\u017eamo stru\u010dno pripremljene listove sa sigurnosnim podacima (SDS) \u2014 tako\u0111er poznati kao listovi sa sigurnosnim podacima o materijalima (MSDS) \u2014 prilago\u0111ene va\u0161em proizvodu i u skladu s najnovijim propisima EU.\" \/>\n<meta property=\"og:url\" content=\"https:\/\/www.ufi.eu\/bs\/product\/usluga-izrade-sigurnosnog-lista-msds-sds\/\" \/>\n<meta property=\"og:site_name\" content=\"UFI\" \/>\n<meta property=\"article:modified_time\" content=\"2025-04-15T20:38:45+00:00\" \/>\n<meta property=\"og:image\" content=\"https:\/\/www.ufi.eu\/wp-content\/uploads\/2025\/03\/pcn_ufi.jpg\" \/>\n\t<meta property=\"og:image:width\" content=\"1024\" \/>\n\t<meta property=\"og:image:height\" content=\"1024\" \/>\n\t<meta property=\"og:image:type\" content=\"image\/jpeg\" \/>\n<meta name=\"twitter:card\" content=\"summary_large_image\" \/>\n<meta name=\"twitter:label1\" content=\"Price\" \/>\n\t<meta name=\"twitter:data1\" content=\"&euro;0.00\" \/>\n\t<meta name=\"twitter:label2\" content=\"Availability\" \/>\n\t<meta name=\"twitter:data2\" content=\"In stock\" \/>\n<script type=\"application\/ld+json\" class=\"yoast-schema-graph\">{\"@context\":\"https:\/\/schema.org\",\"@graph\":[{\"@type\":\"WebPage\",\"@id\":\"https:\/\/www.ufi.eu\/bs\/product\/usluga-izrade-sigurnosnog-lista-msds-sds\/\",\"url\":\"https:\/\/www.ufi.eu\/bs\/product\/usluga-izrade-sigurnosnog-lista-msds-sds\/\",\"name\":\"Usluga izrade sigurnosnog lista (MSDS\/SDS). - UFI\",\"isPartOf\":{\"@id\":\"https:\/\/www.ufi.eu\/bs\/#website\"},\"primaryImageOfPage\":{\"@id\":\"https:\/\/www.ufi.eu\/bs\/product\/usluga-izrade-sigurnosnog-lista-msds-sds\/#primaryimage\"},\"image\":{\"@id\":\"https:\/\/www.ufi.eu\/bs\/product\/usluga-izrade-sigurnosnog-lista-msds-sds\/#primaryimage\"},\"thumbnailUrl\":\"https:\/\/www.ufi.eu\/wp-content\/uploads\/2025\/03\/pcn_ufi.jpg\",\"datePublished\":\"2025-04-15T20:38:41+00:00\",\"dateModified\":\"2025-04-15T20:38:45+00:00\",\"description\":\"Pru\u017eamo stru\u010dno pripremljene listove sa sigurnosnim podacima (SDS) \u2014 tako\u0111er poznati kao listovi sa sigurnosnim podacima o materijalima (MSDS) \u2014 prilago\u0111ene va\u0161em proizvodu i u skladu s najnovijim propisima EU.\",\"breadcrumb\":{\"@id\":\"https:\/\/www.ufi.eu\/bs\/product\/usluga-izrade-sigurnosnog-lista-msds-sds\/#breadcrumb\"},\"inLanguage\":\"bs-BA\",\"potentialAction\":[{\"@type\":\"ReadAction\",\"target\":[\"https:\/\/www.ufi.eu\/bs\/product\/usluga-izrade-sigurnosnog-lista-msds-sds\/\"]}]},{\"@type\":\"ImageObject\",\"inLanguage\":\"bs-BA\",\"@id\":\"https:\/\/www.ufi.eu\/bs\/product\/usluga-izrade-sigurnosnog-lista-msds-sds\/#primaryimage\",\"url\":\"https:\/\/www.ufi.eu\/wp-content\/uploads\/2025\/03\/pcn_ufi.jpg\",\"contentUrl\":\"https:\/\/www.ufi.eu\/wp-content\/uploads\/2025\/03\/pcn_ufi.jpg\",\"width\":1024,\"height\":1024},{\"@type\":\"BreadcrumbList\",\"@id\":\"https:\/\/www.ufi.eu\/bs\/product\/usluga-izrade-sigurnosnog-lista-msds-sds\/#breadcrumb\",\"itemListElement\":[{\"@type\":\"ListItem\",\"position\":1,\"name\":\"Home\",\"item\":\"https:\/\/www.ufi.eu\/bs\/dom\/\"},{\"@type\":\"ListItem\",\"position\":2,\"name\":\"Shop\",\"item\":\"https:\/\/www.ufi.eu\/bs\/shop\/\"},{\"@type\":\"ListItem\",\"position\":3,\"name\":\"Usluga izrade sigurnosnog lista (MSDS\/SDS).\"}]},{\"@type\":\"WebSite\",\"@id\":\"https:\/\/www.ufi.eu\/bs\/#website\",\"url\":\"https:\/\/www.ufi.eu\/bs\/\",\"name\":\"UFI.EU\",\"description\":\"Poison Centre Notifications (PCN) and UFI\",\"publisher\":{\"@id\":\"https:\/\/www.ufi.eu\/bs\/#organization\"},\"potentialAction\":[{\"@type\":\"SearchAction\",\"target\":{\"@type\":\"EntryPoint\",\"urlTemplate\":\"https:\/\/www.ufi.eu\/bs\/?s={search_term_string}\"},\"query-input\":{\"@type\":\"PropertyValueSpecification\",\"valueRequired\":true,\"valueName\":\"search_term_string\"}}],\"inLanguage\":\"bs-BA\"},{\"@type\":\"Organization\",\"@id\":\"https:\/\/www.ufi.eu\/bs\/#organization\",\"name\":\"UFI.EU\",\"url\":\"https:\/\/www.ufi.eu\/bs\/\",\"logo\":{\"@type\":\"ImageObject\",\"inLanguage\":\"bs-BA\",\"@id\":\"https:\/\/www.ufi.eu\/bs\/#\/schema\/logo\/image\/\",\"url\":\"https:\/\/www.ufi.eu\/wp-content\/uploads\/2025\/03\/cropped-logo_ufi3.jpg\",\"contentUrl\":\"https:\/\/www.ufi.eu\/wp-content\/uploads\/2025\/03\/cropped-logo_ufi3.jpg\",\"width\":231,\"height\":78,\"caption\":\"UFI.EU\"},\"image\":{\"@id\":\"https:\/\/www.ufi.eu\/bs\/#\/schema\/logo\/image\/\"},\"description\":\"UFI.eu specializes in digital registrations for Poison Centre Notifications (PCN), ensuring your chemical products meet EU regulatory requirements effortlessly. Our streamlined solutions help businesses stay compliant while reducing complexity and administrative burden.\",\"email\":\"info@ufi.eu\",\"legalName\":\"UFI.EU\"}]}<\/script>\n<meta property=\"product:price:amount\" content=\"0.00\" \/>\n<meta property=\"product:price:currency\" content=\"EUR\" \/>\n<meta property=\"og:availability\" content=\"instock\" \/>\n<meta property=\"product:availability\" content=\"instock\" \/>\n<meta property=\"product:condition\" content=\"new\" \/>\n<!-- \/ Yoast SEO Premium plugin. -->","yoast_head_json":{"title":"Usluga izrade sigurnosnog lista (MSDS\/SDS). - UFI","description":"Pru\u017eamo stru\u010dno pripremljene listove sa sigurnosnim podacima (SDS) \u2014 tako\u0111er poznati kao listovi sa sigurnosnim podacima o materijalima (MSDS) \u2014 prilago\u0111ene va\u0161em proizvodu i u skladu s najnovijim propisima EU.","robots":{"index":"index","follow":"follow","max-snippet":"max-snippet:-1","max-image-preview":"max-image-preview:large","max-video-preview":"max-video-preview:-1"},"canonical":"https:\/\/www.ufi.eu\/bs\/product\/usluga-izrade-sigurnosnog-lista-msds-sds\/","og_locale":"bs_BA","og_type":"article","og_title":"Usluga izrade sigurnosnog lista (MSDS\/SDS).","og_description":"Pru\u017eamo stru\u010dno pripremljene listove sa sigurnosnim podacima (SDS) \u2014 tako\u0111er poznati kao listovi sa sigurnosnim podacima o materijalima (MSDS) \u2014 prilago\u0111ene va\u0161em proizvodu i u skladu s najnovijim propisima EU.","og_url":"https:\/\/www.ufi.eu\/bs\/product\/usluga-izrade-sigurnosnog-lista-msds-sds\/","og_site_name":"UFI","article_modified_time":"2025-04-15T20:38:45+00:00","og_image":[{"width":1024,"height":1024,"url":"https:\/\/www.ufi.eu\/wp-content\/uploads\/2025\/03\/pcn_ufi.jpg","type":"image\/jpeg"}],"twitter_card":"summary_large_image","twitter_misc":{"Price":"&euro;0.00","Availability":"In stock"},"schema":{"@context":"https:\/\/schema.org","@graph":[{"@type":"WebPage","@id":"https:\/\/www.ufi.eu\/bs\/product\/usluga-izrade-sigurnosnog-lista-msds-sds\/","url":"https:\/\/www.ufi.eu\/bs\/product\/usluga-izrade-sigurnosnog-lista-msds-sds\/","name":"Usluga izrade sigurnosnog lista (MSDS\/SDS). - UFI","isPartOf":{"@id":"https:\/\/www.ufi.eu\/bs\/#website"},"primaryImageOfPage":{"@id":"https:\/\/www.ufi.eu\/bs\/product\/usluga-izrade-sigurnosnog-lista-msds-sds\/#primaryimage"},"image":{"@id":"https:\/\/www.ufi.eu\/bs\/product\/usluga-izrade-sigurnosnog-lista-msds-sds\/#primaryimage"},"thumbnailUrl":"https:\/\/www.ufi.eu\/wp-content\/uploads\/2025\/03\/pcn_ufi.jpg","datePublished":"2025-04-15T20:38:41+00:00","dateModified":"2025-04-15T20:38:45+00:00","description":"Pru\u017eamo stru\u010dno pripremljene listove sa sigurnosnim podacima (SDS) \u2014 tako\u0111er poznati kao listovi sa sigurnosnim podacima o materijalima (MSDS) \u2014 prilago\u0111ene va\u0161em proizvodu i u skladu s najnovijim propisima EU.","breadcrumb":{"@id":"https:\/\/www.ufi.eu\/bs\/product\/usluga-izrade-sigurnosnog-lista-msds-sds\/#breadcrumb"},"inLanguage":"bs-BA","potentialAction":[{"@type":"ReadAction","target":["https:\/\/www.ufi.eu\/bs\/product\/usluga-izrade-sigurnosnog-lista-msds-sds\/"]}]},{"@type":"ImageObject","inLanguage":"bs-BA","@id":"https:\/\/www.ufi.eu\/bs\/product\/usluga-izrade-sigurnosnog-lista-msds-sds\/#primaryimage","url":"https:\/\/www.ufi.eu\/wp-content\/uploads\/2025\/03\/pcn_ufi.jpg","contentUrl":"https:\/\/www.ufi.eu\/wp-content\/uploads\/2025\/03\/pcn_ufi.jpg","width":1024,"height":1024},{"@type":"BreadcrumbList","@id":"https:\/\/www.ufi.eu\/bs\/product\/usluga-izrade-sigurnosnog-lista-msds-sds\/#breadcrumb","itemListElement":[{"@type":"ListItem","position":1,"name":"Home","item":"https:\/\/www.ufi.eu\/bs\/dom\/"},{"@type":"ListItem","position":2,"name":"Shop","item":"https:\/\/www.ufi.eu\/bs\/shop\/"},{"@type":"ListItem","position":3,"name":"Usluga izrade sigurnosnog lista (MSDS\/SDS)."}]},{"@type":"WebSite","@id":"https:\/\/www.ufi.eu\/bs\/#website","url":"https:\/\/www.ufi.eu\/bs\/","name":"UFI.EU","description":"Poison Centre Notifications (PCN) and UFI","publisher":{"@id":"https:\/\/www.ufi.eu\/bs\/#organization"},"potentialAction":[{"@type":"SearchAction","target":{"@type":"EntryPoint","urlTemplate":"https:\/\/www.ufi.eu\/bs\/?s={search_term_string}"},"query-input":{"@type":"PropertyValueSpecification","valueRequired":true,"valueName":"search_term_string"}}],"inLanguage":"bs-BA"},{"@type":"Organization","@id":"https:\/\/www.ufi.eu\/bs\/#organization","name":"UFI.EU","url":"https:\/\/www.ufi.eu\/bs\/","logo":{"@type":"ImageObject","inLanguage":"bs-BA","@id":"https:\/\/www.ufi.eu\/bs\/#\/schema\/logo\/image\/","url":"https:\/\/www.ufi.eu\/wp-content\/uploads\/2025\/03\/cropped-logo_ufi3.jpg","contentUrl":"https:\/\/www.ufi.eu\/wp-content\/uploads\/2025\/03\/cropped-logo_ufi3.jpg","width":231,"height":78,"caption":"UFI.EU"},"image":{"@id":"https:\/\/www.ufi.eu\/bs\/#\/schema\/logo\/image\/"},"description":"UFI.eu specializes in digital registrations for Poison Centre Notifications (PCN), ensuring your chemical products meet EU regulatory requirements effortlessly. Our streamlined solutions help businesses stay compliant while reducing complexity and administrative burden.","email":"info@ufi.eu","legalName":"UFI.EU"}]},"product_price_amount":"0.00","product_price_currency":"EUR","og_availability":"instock","product_availability":"instock","product_condition":"new"},"_links":{"self":[{"href":"https:\/\/www.ufi.eu\/bs\/wp-json\/wp\/v2\/product\/12853","targetHints":{"allow":["GET"]}}],"collection":[{"href":"https:\/\/www.ufi.eu\/bs\/wp-json\/wp\/v2\/product"}],"about":[{"href":"https:\/\/www.ufi.eu\/bs\/wp-json\/wp\/v2\/types\/product"}],"wp:featuredmedia":[{"embeddable":true,"href":"https:\/\/www.ufi.eu\/bs\/wp-json\/wp\/v2\/media\/12440"}],"wp:attachment":[{"href":"https:\/\/www.ufi.eu\/bs\/wp-json\/wp\/v2\/media?parent=12853"}],"wp:term":[{"taxonomy":"product_brand","embeddable":true,"href":"https:\/\/www.ufi.eu\/bs\/wp-json\/wp\/v2\/product_brand?post=12853"},{"taxonomy":"product_cat","embeddable":true,"href":"https:\/\/www.ufi.eu\/bs\/wp-json\/wp\/v2\/product_cat?post=12853"},{"taxonomy":"product_tag","embeddable":true,"href":"https:\/\/www.ufi.eu\/bs\/wp-json\/wp\/v2\/product_tag?post=12853"}],"curies":[{"name":"wp","href":"https:\/\/api.w.org\/{rel}","templated":true}]}}