{"id":12522,"date":"2025-03-09T14:12:29","date_gmt":"2025-04-15T19:36:39","guid":{"rendered":"https:\/\/www.ufi.eu\/pcn\/Bez%20kategorije\/zemlje-za-pcn-registraciju\/"},"modified":"2025-05-15T16:47:27","modified_gmt":"2025-05-15T16:47:27","slug":"zemlje-za-pcn-registraciju","status":"publish","type":"product","link":"https:\/\/www.ufi.eu\/bs\/product\/zemlje-za-pcn-registraciju\/","title":{"rendered":"Zemlje za PCN registraciju"},"content":{"rendered":"\n<h2 class=\"wp-block-heading\" id=\"h-launch-your-product-across-europe-with-ease\">Lako lansirajte svoj proizvod \u0161irom Evrope<\/h2>\n\n<p>Prilikom registracije va\u0161eg proizvoda za obavje\u0161tenje EU centra za trovanje (PCN), svaka zemlja u kojoj planirate prodavati zahtijeva podno\u0161enje odgovaraju\u0107eg nacionalnog tijela. Uz na\u0161e zemlje EU za PCN registraciju, mo\u017eete odabrati ta\u010dne zemlje u kojima \u017eelite da lansirate svoj proizvod \u2013 daju\u0107i vam potpunu fleksibilnost i kontrolu nad va\u0161im tr\u017ei\u0161nim dosegom. <\/p>\n\n<h2 class=\"wp-block-heading\" id=\"h-what-you-re-purchasing\">\u0160ta kupujete<\/h2>\n\n<p>Ovaj proizvod vam omogu\u0107ava <strong>kupovinu tokena dr\u017eava<\/strong> za 27 dr\u017eava \u010dlanica EU. Ovi tokeni se mogu koristiti <strong>sa bilo kojom PCN registracijom<\/strong> koju obavite kod nas. Nakon kupovine, zemlje se <strong>dodaju na <a href=\"https:\/\/www.ufi.eu\/my-account\/points\/\">va\u0161u PCN listu zemalja<\/a><\/strong> i mogu se primijeniti prilikom popunjavanja na\u0161eg <strong>PCN obrasca za unos<\/strong> za va\u0161 proizvod.    <\/p>\n\n<p><strong>Tako\u0111e \u0107ete morati da <a href=\"https:\/\/www.ufi.eu\/shop\/\">kupite PCN za svoj proizvod<\/a> . Ovaj proizvod je samo slobodna zemlja, a ne PCN. <\/strong><\/p>\n\n<h4 class=\"wp-block-heading\">\u2705 Kako radi:<\/h4>\n\n<ol class=\"wp-block-list\">\n<li>Odredite <strong>zemlje<\/strong> u kojima planirate prodavati.<\/li>\n\n\n\n<li>Kupite broj <strong>tokena dr\u017eave<\/strong> .<\/li>\n\n\n\n<li><a href=\"https:\/\/www.ufi.eu\/bs\/novi-proizvod\/\">Po\u0161aljite nam obrazac za unos va\u0161eg proizvoda<\/a> .<\/li>\n\n\n\n<li>Jednostavno dodijelite zemlje u koje \u017eelite da po\u0161aljemo va\u0161 proizvod za PCN podno\u0161enje.<\/li>\n\n\n\n<li>Token zemlje se oduzima od va\u0161eg ukupnog iznosa kada po\u0161aljete obrazac kod nas.<\/li>\n<\/ol>\n\n<p>Bilo da pokre\u0107ete jedan proizvod ili upravljate cijelim portfeljem, <strong><a href=\"https:\/\/www.ufi.eu\/my-account\/points\/\">svoje kupljene tokene zemlje<\/a> mo\u017eete koristiti<\/strong> u razli\u010ditim PCN podnescima \u2013 \u0161tede\u0107i vrijeme, osiguravaju\u0107i uskla\u0111enost i pro\u0161iruju\u0107i svoje prisustvo na tr\u017ei\u0161tu EU bez napora.<\/p>\n\n<h3 class=\"wp-block-heading\" id=\"h-supported-eu-countries\">Podr\u017eane zemlje EU<\/h3>\n\n<p>EU ima 27 zemalja, a EEA 30 (EU+Lihten\u0161tajn, Norve\u0161ka i Island) Na portalu mo\u017eete birati izme\u0111u ovih zemalja:<\/p>\n\n<figure class=\"wp-block-table\"><table class=\"has-fixed-layout\"><tbody><tr><td>Belgija<\/td><td>(BE)<\/td><td>Spain<\/td><td>(ES)<\/td><td>Ma\u0111arska<\/td><td>(HU)<\/td><td>Slovakia<\/td><td>(SK)<\/td><\/tr><tr><td>Bugarska<\/td><td>(BG)<\/td><td>Francuska<\/td><td>(FR)<\/td><td>Malta<\/td><td>(MT)<\/td><td>Finska<\/td><td>(FI)<\/td><\/tr><tr><td>\u010ce\u0161ka<\/td><td>(CZ)<\/td><td>Hrvatska<\/td><td>(HR)<\/td><td>Holandija<\/td><td>(NL)<\/td><td>\u0160vedska<\/td><td>(SE)<\/td><\/tr><tr><td>Danska<\/td><td>(DK)<\/td><td>Italija<\/td><td>(IT)<\/td><td>Austrija<\/td><td>(AT)<\/td><td>Njema\u010dka<\/td><td>(DE)<\/td><\/tr><tr><td>Kipar<\/td><td>(CY)<\/td><td>Poljska<\/td><td>(PL)<\/td><td>Island<\/td><td>(IS)<\/td><td>Estonija<\/td><td>(EE)<\/td><\/tr><tr><td>Latvija<\/td><td>(LV)<\/td><td>Portugal<\/td><td>(PT)<\/td><td>Lihten\u0161tajn<\/td><td>(LI)<\/td><td>Irska<\/td><td>(IE)<\/td><\/tr><tr><td>Litvanija<\/td><td>(LT)<\/td><td>Rumunija<\/td><td>(RO)<\/td><td>Norve\u0161ka<\/td><td>(NE)<\/td><td>Gr\u010dka<\/td><td>(EL)<\/td><\/tr><tr><td>Luksemburg<\/td><td>(LU)<\/td><td>Slovenija<\/td><td>(SI)<\/td><td>\u0160vicarska*<\/td><td>(CH)<\/td><td><\/td><td><\/td><\/tr><\/tbody><\/table><\/figure>\n\n<p>*Za \u0160vajcarsku mo\u017eemo kreirati PCN dosije, sa svim potrebnim informacijama za podno\u0161enje na \u0161vajcarskom portalu. Kontaktirajte nas za vi\u0161e informacija. <\/p>\n\n<h2 class=\"wp-block-heading\" id=\"h-example-of-how-it-works\">Primjer kako to funkcionira<\/h2>\n\n<p>Lansirate novi proizvod za \u010di\u0161\u0107enje u <strong>Francuskoj, Njema\u010dkoj i \u0160paniji<\/strong> . Jednostavno kupite tri zemlje. Prilikom popunjavanja obrasca za unos PCN-a kod nas, dodijelit \u0107ete te tokene zemlje proizvodu \u2013 osiguravaju\u0107i zakonsku uskla\u0111enost na sva tri tr\u017ei\u0161ta bez muke sa pojedina\u010dnim podno\u0161enjem.  <\/p>\n","protected":false},"excerpt":{"rendered":"<p>Molimo odaberite broj zemalja u kojima \u017eelite da registrujete svoj proizvod.<\/p>\n","protected":false},"featured_media":12523,"template":"","meta":[],"product_brand":[],"product_cat":[317],"product_tag":[],"class_list":{"0":"post-12522","1":"product","2":"type-product","3":"status-publish","4":"has-post-thumbnail","6":"product_cat-zemlje-bs","8":"first","9":"instock","10":"virtual","11":"taxable","12":"purchasable","13":"product-type-simple"},"bundled_by":["12694","12704","12848","13046","13065","13093","13112","13122","13168","13187","13205","13215","13422","13448","13458","13484","13490","13868","13896","13904","13922","13940","14096","14104","14122","14140","14158","14480","14498","14516","14534","14552","14562","14620","14622","14718","14827","14842","14848","14866","15003","15033","15089","15097","15115","15131","15138","15373","15495","15513","15531","15549","15665","15683","15693","15719","15729","15881","15884","15933","16135","16157","16333","16359","16377","16395","16405","16459","16467","16485","16495","16513","16593","16999","17017","17027","17053","17063","17081","17361","17379","17397","17415","17441","17451","17469","17837","17847","17865","17891","17909","17919","17937","17955","17973","18076","18231","18236","18245","18257","18455","18463","18491","18509","18517","18535","18621","18639","18657","18815","18819","18897","18901","18927","18945","18959","19019","19025","19279","19297","19315","19325","19351","19369","19459","19675","19683","19709","19719","19737","19755","19775","19791","19817","20169","20195","20213","20223","20249","20267","20277","20295","20637","20653","20671","20691","20705","20707","20775","20801","21169","21179","21203","21217","21225","21245","21511","21533","21559","21697","21707","21725","21751","21769","21779","21797","21987","22185","22193","22221","22239","22247","22265","22283","22301","22455","22465","22491","22511","22529","22539","22569","22587","22605","22959","22956","22977","22993","23009","23027","23043","23057","23111","23137","23533","23543","23561","23587","23659","23669","23695","23699","23976","24016","24172","24178","31749"],"bundle_stock_status":"instock","bundle_stock_quantity":null,"bundle_virtual":false,"bundle_layout":"","bundle_add_to_cart_form_location":"","bundle_editable_in_cart":false,"bundle_sold_individually_context":"","bundle_item_grouping":"","bundle_min_size":"","bundle_max_size":"","bundle_price":[],"bundled_items":[],"bundle_sell_ids":[],"yoast_head":"<!-- This site is optimized with the Yoast SEO Premium plugin v25.1 (Yoast SEO v25.1) - https:\/\/yoast.com\/wordpress\/plugins\/seo\/ -->\n<title>Zemlje za PCN registraciju - UFI<\/title>\n<meta name=\"description\" content=\"Uz na\u0161e zemlje EU za PCN registraciju, mo\u017eete odabrati ta\u010dne zemlje u kojima \u017eelite da lansirate svoj proizvod \u2013 daju\u0107i vam potpunu fleksibilnost i kontrolu nad va\u0161im tr\u017ei\u0161nim dosegom.\" \/>\n<meta name=\"robots\" content=\"index, follow, max-snippet:-1, max-image-preview:large, max-video-preview:-1\" \/>\n<link rel=\"canonical\" href=\"https:\/\/www.ufi.eu\/bs\/product\/zemlje-za-pcn-registraciju\/\" \/>\n<meta property=\"og:locale\" content=\"bs_BA\" \/>\n<meta property=\"og:type\" content=\"article\" \/>\n<meta property=\"og:title\" content=\"Zemlje za PCN registraciju\" \/>\n<meta property=\"og:description\" content=\"Uz na\u0161e zemlje EU za PCN registraciju, mo\u017eete odabrati ta\u010dne zemlje u kojima \u017eelite da lansirate svoj proizvod \u2013 daju\u0107i vam potpunu fleksibilnost i kontrolu nad va\u0161im tr\u017ei\u0161nim dosegom.\" \/>\n<meta property=\"og:url\" content=\"https:\/\/www.ufi.eu\/bs\/product\/zemlje-za-pcn-registraciju\/\" \/>\n<meta property=\"og:site_name\" content=\"UFI\" \/>\n<meta property=\"article:modified_time\" content=\"2025-05-15T16:47:27+00:00\" \/>\n<meta property=\"og:image\" content=\"https:\/\/www.ufi.eu\/wp-content\/uploads\/2025\/03\/eu.jpg\" \/>\n\t<meta property=\"og:image:width\" content=\"800\" \/>\n\t<meta property=\"og:image:height\" content=\"800\" \/>\n\t<meta property=\"og:image:type\" content=\"image\/jpeg\" \/>\n<meta name=\"twitter:card\" content=\"summary_large_image\" \/>\n<meta name=\"twitter:label1\" content=\"Price\" \/>\n\t<meta name=\"twitter:data1\" content=\"&euro;35.00\" \/>\n\t<meta name=\"twitter:label2\" content=\"Availability\" \/>\n\t<meta name=\"twitter:data2\" content=\"In stock\" \/>\n<script type=\"application\/ld+json\" class=\"yoast-schema-graph\">{\"@context\":\"https:\/\/schema.org\",\"@graph\":[{\"@type\":\"WebPage\",\"@id\":\"https:\/\/www.ufi.eu\/bs\/product\/zemlje-za-pcn-registraciju\/\",\"url\":\"https:\/\/www.ufi.eu\/bs\/product\/zemlje-za-pcn-registraciju\/\",\"name\":\"Zemlje za PCN registraciju - UFI\",\"isPartOf\":{\"@id\":\"https:\/\/www.ufi.eu\/bs\/#website\"},\"primaryImageOfPage\":{\"@id\":\"https:\/\/www.ufi.eu\/bs\/product\/zemlje-za-pcn-registraciju\/#primaryimage\"},\"image\":{\"@id\":\"https:\/\/www.ufi.eu\/bs\/product\/zemlje-za-pcn-registraciju\/#primaryimage\"},\"thumbnailUrl\":\"https:\/\/www.ufi.eu\/wp-content\/uploads\/2025\/03\/eu.jpg\",\"datePublished\":\"2025-04-15T19:36:39+00:00\",\"dateModified\":\"2025-05-15T16:47:27+00:00\",\"description\":\"Uz na\u0161e zemlje EU za PCN registraciju, mo\u017eete odabrati ta\u010dne zemlje u kojima \u017eelite da lansirate svoj proizvod \u2013 daju\u0107i vam potpunu fleksibilnost i kontrolu nad va\u0161im tr\u017ei\u0161nim dosegom.\",\"breadcrumb\":{\"@id\":\"https:\/\/www.ufi.eu\/bs\/product\/zemlje-za-pcn-registraciju\/#breadcrumb\"},\"inLanguage\":\"bs-BA\",\"potentialAction\":[{\"@type\":\"ReadAction\",\"target\":[\"https:\/\/www.ufi.eu\/bs\/product\/zemlje-za-pcn-registraciju\/\"]}]},{\"@type\":\"ImageObject\",\"inLanguage\":\"bs-BA\",\"@id\":\"https:\/\/www.ufi.eu\/bs\/product\/zemlje-za-pcn-registraciju\/#primaryimage\",\"url\":\"https:\/\/www.ufi.eu\/wp-content\/uploads\/2025\/03\/eu.jpg\",\"contentUrl\":\"https:\/\/www.ufi.eu\/wp-content\/uploads\/2025\/03\/eu.jpg\",\"width\":800,\"height\":800},{\"@type\":\"BreadcrumbList\",\"@id\":\"https:\/\/www.ufi.eu\/bs\/product\/zemlje-za-pcn-registraciju\/#breadcrumb\",\"itemListElement\":[{\"@type\":\"ListItem\",\"position\":1,\"name\":\"Home\",\"item\":\"https:\/\/www.ufi.eu\/bs\/dom\/\"},{\"@type\":\"ListItem\",\"position\":2,\"name\":\"Shop\",\"item\":\"https:\/\/www.ufi.eu\/bs\/shop\/\"},{\"@type\":\"ListItem\",\"position\":3,\"name\":\"Zemlje za PCN registraciju\"}]},{\"@type\":\"WebSite\",\"@id\":\"https:\/\/www.ufi.eu\/bs\/#website\",\"url\":\"https:\/\/www.ufi.eu\/bs\/\",\"name\":\"UFI.EU\",\"description\":\"Poison Centre Notifications (PCN) and UFI\",\"publisher\":{\"@id\":\"https:\/\/www.ufi.eu\/bs\/#organization\"},\"potentialAction\":[{\"@type\":\"SearchAction\",\"target\":{\"@type\":\"EntryPoint\",\"urlTemplate\":\"https:\/\/www.ufi.eu\/bs\/?s={search_term_string}\"},\"query-input\":{\"@type\":\"PropertyValueSpecification\",\"valueRequired\":true,\"valueName\":\"search_term_string\"}}],\"inLanguage\":\"bs-BA\"},{\"@type\":\"Organization\",\"@id\":\"https:\/\/www.ufi.eu\/bs\/#organization\",\"name\":\"UFI.EU\",\"url\":\"https:\/\/www.ufi.eu\/bs\/\",\"logo\":{\"@type\":\"ImageObject\",\"inLanguage\":\"bs-BA\",\"@id\":\"https:\/\/www.ufi.eu\/bs\/#\/schema\/logo\/image\/\",\"url\":\"https:\/\/www.ufi.eu\/wp-content\/uploads\/2025\/03\/cropped-logo_ufi3.jpg\",\"contentUrl\":\"https:\/\/www.ufi.eu\/wp-content\/uploads\/2025\/03\/cropped-logo_ufi3.jpg\",\"width\":231,\"height\":78,\"caption\":\"UFI.EU\"},\"image\":{\"@id\":\"https:\/\/www.ufi.eu\/bs\/#\/schema\/logo\/image\/\"},\"description\":\"UFI.eu specializes in digital registrations for Poison Centre Notifications (PCN), ensuring your chemical products meet EU regulatory requirements effortlessly. Our streamlined solutions help businesses stay compliant while reducing complexity and administrative burden.\",\"email\":\"info@ufi.eu\",\"legalName\":\"UFI.EU\"}]}<\/script>\n<meta property=\"product:price:amount\" content=\"35.00\" \/>\n<meta property=\"product:price:currency\" content=\"EUR\" \/>\n<meta property=\"og:availability\" content=\"instock\" \/>\n<meta property=\"product:availability\" content=\"instock\" \/>\n<meta property=\"product:retailer_item_id\" content=\"PCN-COUNTRIES\" \/>\n<meta property=\"product:condition\" content=\"new\" \/>\n<!-- \/ Yoast SEO Premium plugin. -->","yoast_head_json":{"title":"Zemlje za PCN registraciju - UFI","description":"Uz na\u0161e zemlje EU za PCN registraciju, mo\u017eete odabrati ta\u010dne zemlje u kojima \u017eelite da lansirate svoj proizvod \u2013 daju\u0107i vam potpunu fleksibilnost i kontrolu nad va\u0161im tr\u017ei\u0161nim dosegom.","robots":{"index":"index","follow":"follow","max-snippet":"max-snippet:-1","max-image-preview":"max-image-preview:large","max-video-preview":"max-video-preview:-1"},"canonical":"https:\/\/www.ufi.eu\/bs\/product\/zemlje-za-pcn-registraciju\/","og_locale":"bs_BA","og_type":"article","og_title":"Zemlje za PCN registraciju","og_description":"Uz na\u0161e zemlje EU za PCN registraciju, mo\u017eete odabrati ta\u010dne zemlje u kojima \u017eelite da lansirate svoj proizvod \u2013 daju\u0107i vam potpunu fleksibilnost i kontrolu nad va\u0161im tr\u017ei\u0161nim dosegom.","og_url":"https:\/\/www.ufi.eu\/bs\/product\/zemlje-za-pcn-registraciju\/","og_site_name":"UFI","article_modified_time":"2025-05-15T16:47:27+00:00","og_image":[{"width":800,"height":800,"url":"https:\/\/www.ufi.eu\/wp-content\/uploads\/2025\/03\/eu.jpg","type":"image\/jpeg"}],"twitter_card":"summary_large_image","twitter_misc":{"Price":"&euro;35.00","Availability":"In stock"},"schema":{"@context":"https:\/\/schema.org","@graph":[{"@type":"WebPage","@id":"https:\/\/www.ufi.eu\/bs\/product\/zemlje-za-pcn-registraciju\/","url":"https:\/\/www.ufi.eu\/bs\/product\/zemlje-za-pcn-registraciju\/","name":"Zemlje za PCN registraciju - UFI","isPartOf":{"@id":"https:\/\/www.ufi.eu\/bs\/#website"},"primaryImageOfPage":{"@id":"https:\/\/www.ufi.eu\/bs\/product\/zemlje-za-pcn-registraciju\/#primaryimage"},"image":{"@id":"https:\/\/www.ufi.eu\/bs\/product\/zemlje-za-pcn-registraciju\/#primaryimage"},"thumbnailUrl":"https:\/\/www.ufi.eu\/wp-content\/uploads\/2025\/03\/eu.jpg","datePublished":"2025-04-15T19:36:39+00:00","dateModified":"2025-05-15T16:47:27+00:00","description":"Uz na\u0161e zemlje EU za PCN registraciju, mo\u017eete odabrati ta\u010dne zemlje u kojima \u017eelite da lansirate svoj proizvod \u2013 daju\u0107i vam potpunu fleksibilnost i kontrolu nad va\u0161im tr\u017ei\u0161nim dosegom.","breadcrumb":{"@id":"https:\/\/www.ufi.eu\/bs\/product\/zemlje-za-pcn-registraciju\/#breadcrumb"},"inLanguage":"bs-BA","potentialAction":[{"@type":"ReadAction","target":["https:\/\/www.ufi.eu\/bs\/product\/zemlje-za-pcn-registraciju\/"]}]},{"@type":"ImageObject","inLanguage":"bs-BA","@id":"https:\/\/www.ufi.eu\/bs\/product\/zemlje-za-pcn-registraciju\/#primaryimage","url":"https:\/\/www.ufi.eu\/wp-content\/uploads\/2025\/03\/eu.jpg","contentUrl":"https:\/\/www.ufi.eu\/wp-content\/uploads\/2025\/03\/eu.jpg","width":800,"height":800},{"@type":"BreadcrumbList","@id":"https:\/\/www.ufi.eu\/bs\/product\/zemlje-za-pcn-registraciju\/#breadcrumb","itemListElement":[{"@type":"ListItem","position":1,"name":"Home","item":"https:\/\/www.ufi.eu\/bs\/dom\/"},{"@type":"ListItem","position":2,"name":"Shop","item":"https:\/\/www.ufi.eu\/bs\/shop\/"},{"@type":"ListItem","position":3,"name":"Zemlje za PCN registraciju"}]},{"@type":"WebSite","@id":"https:\/\/www.ufi.eu\/bs\/#website","url":"https:\/\/www.ufi.eu\/bs\/","name":"UFI.EU","description":"Poison Centre Notifications (PCN) and UFI","publisher":{"@id":"https:\/\/www.ufi.eu\/bs\/#organization"},"potentialAction":[{"@type":"SearchAction","target":{"@type":"EntryPoint","urlTemplate":"https:\/\/www.ufi.eu\/bs\/?s={search_term_string}"},"query-input":{"@type":"PropertyValueSpecification","valueRequired":true,"valueName":"search_term_string"}}],"inLanguage":"bs-BA"},{"@type":"Organization","@id":"https:\/\/www.ufi.eu\/bs\/#organization","name":"UFI.EU","url":"https:\/\/www.ufi.eu\/bs\/","logo":{"@type":"ImageObject","inLanguage":"bs-BA","@id":"https:\/\/www.ufi.eu\/bs\/#\/schema\/logo\/image\/","url":"https:\/\/www.ufi.eu\/wp-content\/uploads\/2025\/03\/cropped-logo_ufi3.jpg","contentUrl":"https:\/\/www.ufi.eu\/wp-content\/uploads\/2025\/03\/cropped-logo_ufi3.jpg","width":231,"height":78,"caption":"UFI.EU"},"image":{"@id":"https:\/\/www.ufi.eu\/bs\/#\/schema\/logo\/image\/"},"description":"UFI.eu specializes in digital registrations for Poison Centre Notifications (PCN), ensuring your chemical products meet EU regulatory requirements effortlessly. Our streamlined solutions help businesses stay compliant while reducing complexity and administrative burden.","email":"info@ufi.eu","legalName":"UFI.EU"}]},"product_price_amount":"35.00","product_price_currency":"EUR","og_availability":"instock","product_availability":"instock","product_retailer_item_id":"PCN-COUNTRIES","product_condition":"new"},"_links":{"self":[{"href":"https:\/\/www.ufi.eu\/bs\/wp-json\/wp\/v2\/product\/12522","targetHints":{"allow":["GET"]}}],"collection":[{"href":"https:\/\/www.ufi.eu\/bs\/wp-json\/wp\/v2\/product"}],"about":[{"href":"https:\/\/www.ufi.eu\/bs\/wp-json\/wp\/v2\/types\/product"}],"wp:featuredmedia":[{"embeddable":true,"href":"https:\/\/www.ufi.eu\/bs\/wp-json\/wp\/v2\/media\/12523"}],"wp:attachment":[{"href":"https:\/\/www.ufi.eu\/bs\/wp-json\/wp\/v2\/media?parent=12522"}],"wp:term":[{"taxonomy":"product_brand","embeddable":true,"href":"https:\/\/www.ufi.eu\/bs\/wp-json\/wp\/v2\/product_brand?post=12522"},{"taxonomy":"product_cat","embeddable":true,"href":"https:\/\/www.ufi.eu\/bs\/wp-json\/wp\/v2\/product_cat?post=12522"},{"taxonomy":"product_tag","embeddable":true,"href":"https:\/\/www.ufi.eu\/bs\/wp-json\/wp\/v2\/product_tag?post=12522"}],"curies":[{"name":"wp","href":"https:\/\/api.w.org\/{rel}","templated":true}]}}