{"id":12445,"date":"2025-04-09T20:22:00","date_gmt":"2025-04-15T19:33:49","guid":{"rendered":"https:\/\/www.ufi.eu\/pcn\/Bez%20kategorije\/prevod-sigurnosnog-lista\/"},"modified":"2026-02-12T11:23:22","modified_gmt":"2026-02-12T11:23:22","slug":"prevod-sigurnosnog-lista","status":"publish","type":"product","link":"https:\/\/www.ufi.eu\/bs\/product\/prevod-sigurnosnog-lista\/","title":{"rendered":"Jezik sigurnosno-tehni\u010dkog lista"},"content":{"rendered":"\n<p>Na dana\u0161njem globaliziranom tr\u017ei\u0161tu, uskla\u0111enost sa me\u0111unarodnim sigurnosnim standardima nije samo zakonska potreba \u2013 to je vitalni dio odgovornog i efikasnog poslovanja. U uskla\u0111enosti sa propisima hemijske i kozmeti\u010dke industrije va\u017eno je imati ta\u010dnu i pristupa\u010dnu komunikaciju bezbednosnih informacija. Ovdje ulazi UFI.EU s na\u0161om profesionalnom <strong>uslugom prevo\u0111enja MSDS-a<\/strong> , nude\u0107i precizne, uskla\u0111ene sa propisima prijevode listova sa sigurnosnim podacima o materijalu (MSDS), koji se tako\u0111er nazivaju sigurnosnim listovima (SDS), na svim jezicima EU i \u0161ire.  <\/p>\n\n<h4 class=\"wp-block-heading\" id=\"h-what-is-an-msds\">\u0160ta je MSDS?<\/h4>\n\n<p>List sa sigurnosnim podacima o materijalu (MSDS) je dokument koji pru\u017ea detaljne informacije o hemijskoj supstanci ili sme\u0161i. Navodi potencijalne opasnosti (zdravlje, po\u017ear, reaktivnost, okoli\u0161), kako bezbedno raditi s proizvodom i mjere kontrole u hitnim slu\u010dajevima. Prema propisima EU, kao \u0161to su <strong>REACH<\/strong> (registracija, evaluacija, autorizacija i ograni\u010denje hemikalija) i <strong>CLP<\/strong> (klasifikacija, ozna\u010davanje i pakovanje), MSDS igra klju\u010dnu ulogu u osiguravanju bezbedne upotrebe i transporta opasnih supstanci.   <\/p>\n\n<h4 class=\"wp-block-heading\" id=\"h-why-accurate-translation-is-crucial\">Za\u0161to je ta\u010dan prevod klju\u010dan<\/h4>\n\n<p>Svaka dr\u017eava \u010dlanica EU ima svoje jezi\u010dke zahtjeve za STL dokumente. Ako izvozite proizvod u drugu zemlju EU &#8211; ili ga uvozite &#8211; du\u017eni ste dostaviti STL na slu\u017ebenom jeziku\/jezicima odredi\u0161ne zemlje. Neta\u010dno prevedeni MSDS mo\u017ee dovesti do:<\/p>\n\n<ul class=\"wp-block-list\">\n<li>Regulatorne kazne ili zakonske obaveze<\/li>\n\n\n\n<li>Ka\u0161njenja na carinskim ili transportnim prekidima<\/li>\n\n\n\n<li>Zloupotreba opasnih supstanci<\/li>\n\n\n\n<li>Pove\u0107an rizik od nesre\u0107a ili \u0161tete po \u017eivotnu sredinu<\/li>\n<\/ul>\n\n<p>Prepoznajemo slo\u017eenost i osjetljivost ovog procesa. Na\u0161a usluga prevo\u0111enja MSDS osigurava da va\u0161i dokumenti nisu samo lingvisti\u010dki ta\u010dni, ve\u0107 i potpuno uskla\u0111eni sa <strong>Aneksom II REACH-a<\/strong> i najnovijim smjernicama <strong>ECHA (European Chemicals Agency)<\/strong> . <\/p>\n\n<h3 class=\"wp-block-heading\" id=\"h-our-msds-translation-services\">Na\u0161e usluge prevo\u0111enja MSDS-a<\/h3>\n\n<p>Pru\u017eamo kompletan paket usluga prevo\u0111enja prilago\u0111enih hemijskom, kozmeti\u010dkom, parfemskom, sektoru za \u010di\u0161\u0107enje i industrijskom sektoru. Na\u0161a rje\u0161enja za prevo\u0111enje MSDS-a uklju\u010duju:<\/p>\n\n<h4 class=\"wp-block-heading\" id=\"h-multilingual-sds-translations\">\u2714 Vi\u0161ejezi\u010dni SDS prijevodi<\/h4>\n\n<p>Prevodimo MSDS dokumente na sve slu\u017ebene jezike EU, kao i na dodatne jezike potrebne za globalnu trgovinu. Svaki prijevod se pa\u017eljivo pregledava kako bi se osiguralo da je u skladu s lokalnim hemijskim zakonodavstvom, terminologijom i standardima formatiranja.<\/p>\n\n<h4 class=\"wp-block-heading\" id=\"h-compliance-verification\">\u2714 Provjera uskla\u0111enosti<\/h4>\n\n<p>Prevo\u0111enje je vi\u0161e od jezika \u2013 radi se i o <strong>pravnoj ta\u010dnosti<\/strong> . Na\u0161 tim regulatornih stru\u010dnjaka pregleda va\u0161 MSDS kako bi osigurao da je prevedena verzija uskla\u0111ena sa zahtjevima REACH i CLP, uklju\u010duju\u0107i: <\/p>\n\n<ul class=\"wp-block-list\">\n<li>Harmonizirana klasifikacija i ozna\u010davanje<\/li>\n\n\n\n<li>UFI (Unique Formula Identifier) \u200b\u200bpolo\u017eaj i struktura<\/li>\n\n\n\n<li>Scenariji izlo\u017eenosti (kada je potrebno)<\/li>\n\n\n\n<li>GHS piktogrami, signalne rije\u010di i izjave o opasnostima<\/li>\n<\/ul>\n\n<h4 class=\"wp-block-heading\" id=\"h-sector-specific-terminology\">\u2714 Sektorska terminologija<\/h4>\n\n<p>Specijalizirali smo se za industrije koje zahtijevaju precizno razumijevanje terminologije i regulatornih nijansi. To uklju\u010duje:<\/p>\n\n<ul class=\"wp-block-list\">\n<li><strong>Kozmetika i li\u010dna njega<\/strong><\/li>\n\n\n\n<li><strong>Eteri\u010dna ulja i mirisi<\/strong><\/li>\n\n\n\n<li><strong>Proizvodi za \u010di\u0161\u0107enje u doma\u0107instvu<\/strong><\/li>\n\n\n\n<li><strong>Boje i premazi<\/strong><\/li>\n\n\n\n<li><strong>Laboratorijske hemikalije<\/strong><\/li>\n\n\n\n<li><strong>Industrijske sirovine<\/strong><\/li>\n<\/ul>\n\n<p>Na\u0161i prevodioci su stru\u010dnjaci za predmet, a ne generalisti, \u0161to zna\u010di da znaju razliku izme\u0111u surfaktanta i rastvara\u010da i za\u0161to je to va\u017eno za klasifikaciju.<\/p>\n\n<h3 class=\"wp-block-heading\" id=\"h-why-choose-ufi-eu\">Za\u0161to odabrati UFI.EU?<\/h3>\n\n<p>Mi nismo samo prevodioci \u2013 mi smo stru\u010dnjaci za uskla\u0111enost sa propisima. Na\u0161 tim kombinuje <strong>lingvisti\u010dku izvrsnost<\/strong> sa <strong>tehni\u010dkim regulatornim znanjem<\/strong> , \u0161to nas \u010dini jedinstvenom pozicijom da podr\u017eimo va\u0161e poslovanje \u0161irom Evrope. <\/p>\n\n<h4 class=\"wp-block-heading\" id=\"h-fast-turnaround\">\u2705 Brzi obrt<\/h4>\n\n<p>Razumijemo da su STL dokumenti \u010desto vremenski osjetljivi. Bez obzira da li lansirate novi proizvod ili \u0161aljete me\u0111unarodno, na\u0161i rokovi isporuke su dizajnirani da odr\u017ee va\u0161e poslovanje u pokretu.<\/p>\n\n<h4 class=\"wp-block-heading\" id=\"h-competitive-pricing\">\u2705 Konkurentne cijene<\/h4>\n\n<p>Nudimo transparentne cijene bez skrivenih tro\u0161kova. Na\u0161e cijene su fiksne i mo\u017eete kupiti direktno s na\u0161e web stranice.<\/p>\n\n<h4 class=\"wp-block-heading\" id=\"h-confidentiality\">\u2705 Povjerljivost<\/h4>\n\n<p>Svi va\u0161i dokumenti se tretiraju sa strogom povjerljivo\u0161\u0107u. Rado \u0107emo potpisati ugovore o povjerljivosti na zahtjev, a svi prijenosi datoteka su \u0161ifrirani i sigurni.<\/p>\n\n<h3 class=\"wp-block-heading\" id=\"h-common-use-cases-for-our-msds-translation-service\">Uobi\u010dajeni slu\u010dajevi upotrebe na\u0161e usluge prevo\u0111enja MSDS-a<\/h3>\n\n<p><strong>1. Izvoz kozmeti\u010dkih sastojaka:<\/strong><br\/> Ako ste dobavlja\u010d eteri\u010dnih ulja ili kozmeti\u010dkih aktivnih tvari i \u017eelite izvoziti u Francusku, Njema\u010dku ili \u0160paniju, trebat \u0107e vam preveden MSDS na relevantnom jeziku za carinjenje i zakonsku uskla\u0111enost.<\/p>\n\n<p><strong>2. Lansiranje novog proizvoda za \u010di\u0161\u0107enje:<\/strong><br\/> Prije stavljanja proizvoda za \u010di\u0161\u0107enje u doma\u0107instvo na tr\u017ei\u0161te EU, morate dostaviti SDS na nacionalnom jeziku svakog tr\u017ei\u0161ta. Na\u0161 tim mo\u017ee prevesti i potvrditi va\u0161e dokumente u vi\u0161e jurisdikcija. <\/p>\n\n<p><strong>3. Podr\u0161ka za podno\u0161enje PCN-a:<\/strong><br\/> Ako va\u0161 SDS uklju\u010duje UFI, a vi \u0161aljete obavje\u0161tenje centra za trovanje (PCN), va\u0161 prevedeni SDS mora odgovarati podacima dostavljenim na ECHA portal. Poma\u017eemo u osiguravanju dosljednosti izme\u0111u va\u0161eg SDS-a, etikete proizvoda i PCN-a. <\/p>\n\n<p><strong>4. Nabavke ili promjene dobavlja\u010da:<\/strong><br\/> Ako je va\u0161a kompanija nedavno nabavila nove hemijske formulacije od stranog dobavlja\u010da, mo\u017eemo prevesti i lokalizirati SDS za va\u0161e interne timove i kupce.<\/p>\n\n<h3 class=\"wp-block-heading\" id=\"h-more-than-just-translation-additional-services\">Vi\u0161e od samog prevo\u0111enja: Dodatne usluge<\/h3>\n\n<p>Pored na\u0161e usluge prevo\u0111enja MSDS, UFI.EU nudi i:<\/p>\n\n<ul class=\"wp-block-list\">\n<li><strong><a href=\"https:\/\/www.ufi.eu\/pcn\/safety-data-sheet\/safety-data-sheet-creation\/\">MSDS kreiranje<\/a><\/strong> va\u0161eg proizvoda<\/li>\n\n\n\n<li><strong>Generisanje i postavljanje UFI koda<\/strong> na etikete<\/li>\n\n\n\n<li><strong><a href=\"https:\/\/www.ufi.eu\/pcn\/clp-label\/clp-label-creation-compliance-check\/\">Informacije o CLP naljepnici<\/a><\/strong> s piktogramima opasnosti, signalnim rije\u010dima i izjavama o opasnostima na lokalnom jeziku<\/li>\n\n\n\n<li><strong>PCN Submission Services<\/strong> \u2013 potpuna podr\u0161ka za u\u010ditavanje SDS podataka na ECHA portal<\/li>\n\n\n\n<li><strong>Toksikolo\u0161ki pre-skrining<\/strong> formulacija<\/li>\n\n\n\n<li><strong>Podr\u0161ka za registraciju proizvoda<\/strong> kod nacionalnih centara za trovanje<\/li>\n<\/ul>\n\n<p>Ovaj pristup pune usluge osigurava da va\u0161e poslovanje ima <strong>jednog pouzdanog partnera<\/strong> za sve svoje potrebe za kemijskom sigurno\u0161\u0107u i dokumentacijom.<\/p>\n","protected":false},"excerpt":{"rendered":"<p>Na dana\u0161njem globaliziranom tr\u017ei\u0161tu, uskla\u0111enost sa me\u0111unarodnim sigurnosnim standardima nije samo zakonska potreba \u2013 to je vitalni dio odgovornog i efikasnog poslovanja. U uskla\u0111enosti sa propisima hemijske i kozmeti\u010dke industrije va\u017eno je imati ta\u010dnu i pristupa\u010dnu komunikaciju bezbednosnih informacija. Ovdje ulazi UFI.EU s na\u0161om profesionalnom uslugom prevo\u0111enja MSDS-a , nude\u0107i precizne, uskla\u0111ene sa propisima prijevode [&hellip;]<\/p>\n","protected":false},"featured_media":12523,"template":"","meta":[],"product_brand":[],"product_cat":[286],"product_tag":[],"class_list":{"0":"post-12445","1":"product","2":"type-product","3":"status-publish","4":"has-post-thumbnail","6":"product_cat-sigurnosni-list","8":"first","9":"instock","10":"taxable","11":"shipping-taxable","12":"purchasable","13":"product-type-simple"},"bundled_by":["12853","13205","31749"],"bundle_stock_status":"instock","bundle_stock_quantity":null,"bundle_virtual":false,"bundle_layout":"","bundle_add_to_cart_form_location":"","bundle_editable_in_cart":false,"bundle_sold_individually_context":"","bundle_item_grouping":"","bundle_min_size":"","bundle_max_size":"","bundle_price":[],"bundled_items":[],"bundle_sell_ids":[],"yoast_head":"<!-- This site is optimized with the Yoast SEO Premium plugin v25.1 (Yoast SEO v25.1) - https:\/\/yoast.com\/wordpress\/plugins\/seo\/ -->\n<title>MSDS Translation Service - Prevedite svoj SDS sigurnosni list<\/title>\n<meta name=\"description\" content=\"Na\u0161a usluga prevo\u0111enja SDS i MSDS osigurava da va\u0161i dokumenti nisu samo jezi\u010dki ta\u010dni, ve\u0107 i potpuno uskla\u0111eni.\" \/>\n<meta name=\"robots\" content=\"index, follow, max-snippet:-1, max-image-preview:large, max-video-preview:-1\" \/>\n<link rel=\"canonical\" href=\"https:\/\/www.ufi.eu\/bs\/product\/prevod-sigurnosnog-lista\/\" \/>\n<meta property=\"og:locale\" content=\"bs_BA\" \/>\n<meta property=\"og:type\" content=\"article\" \/>\n<meta property=\"og:title\" content=\"Jezik sigurnosno-tehni\u010dkog lista\" \/>\n<meta property=\"og:description\" content=\"Na\u0161a usluga prevo\u0111enja SDS i MSDS osigurava da va\u0161i dokumenti nisu samo jezi\u010dki ta\u010dni, ve\u0107 i potpuno uskla\u0111eni.\" \/>\n<meta property=\"og:url\" content=\"https:\/\/www.ufi.eu\/bs\/product\/prevod-sigurnosnog-lista\/\" \/>\n<meta property=\"og:site_name\" content=\"UFI\" \/>\n<meta property=\"article:modified_time\" content=\"2026-02-12T11:23:22+00:00\" \/>\n<meta property=\"og:image\" content=\"https:\/\/www.ufi.eu\/wp-content\/uploads\/2025\/03\/eu.jpg\" \/>\n\t<meta property=\"og:image:width\" content=\"800\" \/>\n\t<meta property=\"og:image:height\" content=\"800\" \/>\n\t<meta property=\"og:image:type\" content=\"image\/jpeg\" \/>\n<meta name=\"twitter:card\" content=\"summary_large_image\" \/>\n<meta name=\"twitter:label1\" content=\"Price\" \/>\n\t<meta name=\"twitter:data1\" content=\"&euro;50.00\" \/>\n\t<meta name=\"twitter:label2\" content=\"Availability\" \/>\n\t<meta name=\"twitter:data2\" content=\"In stock\" \/>\n<script type=\"application\/ld+json\" class=\"yoast-schema-graph\">{\"@context\":\"https:\/\/schema.org\",\"@graph\":[{\"@type\":\"WebPage\",\"@id\":\"https:\/\/www.ufi.eu\/bs\/product\/prevod-sigurnosnog-lista\/\",\"url\":\"https:\/\/www.ufi.eu\/bs\/product\/prevod-sigurnosnog-lista\/\",\"name\":\"MSDS Translation Service - Prevedite svoj SDS sigurnosni list\",\"isPartOf\":{\"@id\":\"https:\/\/www.ufi.eu\/bs\/#website\"},\"primaryImageOfPage\":{\"@id\":\"https:\/\/www.ufi.eu\/bs\/product\/prevod-sigurnosnog-lista\/#primaryimage\"},\"image\":{\"@id\":\"https:\/\/www.ufi.eu\/bs\/product\/prevod-sigurnosnog-lista\/#primaryimage\"},\"thumbnailUrl\":\"https:\/\/www.ufi.eu\/wp-content\/uploads\/2025\/03\/eu.jpg\",\"datePublished\":\"2025-04-15T19:33:49+00:00\",\"dateModified\":\"2026-02-12T11:23:22+00:00\",\"description\":\"Na\u0161a usluga prevo\u0111enja SDS i MSDS osigurava da va\u0161i dokumenti nisu samo jezi\u010dki ta\u010dni, ve\u0107 i potpuno uskla\u0111eni.\",\"breadcrumb\":{\"@id\":\"https:\/\/www.ufi.eu\/bs\/product\/prevod-sigurnosnog-lista\/#breadcrumb\"},\"inLanguage\":\"bs-BA\",\"potentialAction\":[{\"@type\":\"ReadAction\",\"target\":[\"https:\/\/www.ufi.eu\/bs\/product\/prevod-sigurnosnog-lista\/\"]}]},{\"@type\":\"ImageObject\",\"inLanguage\":\"bs-BA\",\"@id\":\"https:\/\/www.ufi.eu\/bs\/product\/prevod-sigurnosnog-lista\/#primaryimage\",\"url\":\"https:\/\/www.ufi.eu\/wp-content\/uploads\/2025\/03\/eu.jpg\",\"contentUrl\":\"https:\/\/www.ufi.eu\/wp-content\/uploads\/2025\/03\/eu.jpg\",\"width\":800,\"height\":800},{\"@type\":\"BreadcrumbList\",\"@id\":\"https:\/\/www.ufi.eu\/bs\/product\/prevod-sigurnosnog-lista\/#breadcrumb\",\"itemListElement\":[{\"@type\":\"ListItem\",\"position\":1,\"name\":\"Home\",\"item\":\"https:\/\/www.ufi.eu\/bs\/dom\/\"},{\"@type\":\"ListItem\",\"position\":2,\"name\":\"Shop\",\"item\":\"https:\/\/www.ufi.eu\/bs\/shop\/\"},{\"@type\":\"ListItem\",\"position\":3,\"name\":\"Jezik sigurnosno-tehni\u010dkog lista\"}]},{\"@type\":\"WebSite\",\"@id\":\"https:\/\/www.ufi.eu\/bs\/#website\",\"url\":\"https:\/\/www.ufi.eu\/bs\/\",\"name\":\"UFI.EU\",\"description\":\"Poison Centre Notifications (PCN) and UFI\",\"publisher\":{\"@id\":\"https:\/\/www.ufi.eu\/bs\/#organization\"},\"potentialAction\":[{\"@type\":\"SearchAction\",\"target\":{\"@type\":\"EntryPoint\",\"urlTemplate\":\"https:\/\/www.ufi.eu\/bs\/?s={search_term_string}\"},\"query-input\":{\"@type\":\"PropertyValueSpecification\",\"valueRequired\":true,\"valueName\":\"search_term_string\"}}],\"inLanguage\":\"bs-BA\"},{\"@type\":\"Organization\",\"@id\":\"https:\/\/www.ufi.eu\/bs\/#organization\",\"name\":\"UFI.EU\",\"url\":\"https:\/\/www.ufi.eu\/bs\/\",\"logo\":{\"@type\":\"ImageObject\",\"inLanguage\":\"bs-BA\",\"@id\":\"https:\/\/www.ufi.eu\/bs\/#\/schema\/logo\/image\/\",\"url\":\"https:\/\/www.ufi.eu\/wp-content\/uploads\/2025\/03\/cropped-logo_ufi3.jpg\",\"contentUrl\":\"https:\/\/www.ufi.eu\/wp-content\/uploads\/2025\/03\/cropped-logo_ufi3.jpg\",\"width\":231,\"height\":78,\"caption\":\"UFI.EU\"},\"image\":{\"@id\":\"https:\/\/www.ufi.eu\/bs\/#\/schema\/logo\/image\/\"},\"description\":\"UFI.eu specializes in digital registrations for Poison Centre Notifications (PCN), ensuring your chemical products meet EU regulatory requirements effortlessly. Our streamlined solutions help businesses stay compliant while reducing complexity and administrative burden.\",\"email\":\"info@ufi.eu\",\"legalName\":\"UFI.EU\"}]}<\/script>\n<meta property=\"product:price:amount\" content=\"50.00\" \/>\n<meta property=\"product:price:currency\" content=\"EUR\" \/>\n<meta property=\"og:availability\" content=\"instock\" \/>\n<meta property=\"product:availability\" content=\"instock\" \/>\n<meta property=\"product:condition\" content=\"new\" \/>\n<!-- \/ Yoast SEO Premium plugin. -->","yoast_head_json":{"title":"MSDS Translation Service - Prevedite svoj SDS sigurnosni list","description":"Na\u0161a usluga prevo\u0111enja SDS i MSDS osigurava da va\u0161i dokumenti nisu samo jezi\u010dki ta\u010dni, ve\u0107 i potpuno uskla\u0111eni.","robots":{"index":"index","follow":"follow","max-snippet":"max-snippet:-1","max-image-preview":"max-image-preview:large","max-video-preview":"max-video-preview:-1"},"canonical":"https:\/\/www.ufi.eu\/bs\/product\/prevod-sigurnosnog-lista\/","og_locale":"bs_BA","og_type":"article","og_title":"Jezik sigurnosno-tehni\u010dkog lista","og_description":"Na\u0161a usluga prevo\u0111enja SDS i MSDS osigurava da va\u0161i dokumenti nisu samo jezi\u010dki ta\u010dni, ve\u0107 i potpuno uskla\u0111eni.","og_url":"https:\/\/www.ufi.eu\/bs\/product\/prevod-sigurnosnog-lista\/","og_site_name":"UFI","article_modified_time":"2026-02-12T11:23:22+00:00","og_image":[{"width":800,"height":800,"url":"https:\/\/www.ufi.eu\/wp-content\/uploads\/2025\/03\/eu.jpg","type":"image\/jpeg"}],"twitter_card":"summary_large_image","twitter_misc":{"Price":"&euro;50.00","Availability":"In stock"},"schema":{"@context":"https:\/\/schema.org","@graph":[{"@type":"WebPage","@id":"https:\/\/www.ufi.eu\/bs\/product\/prevod-sigurnosnog-lista\/","url":"https:\/\/www.ufi.eu\/bs\/product\/prevod-sigurnosnog-lista\/","name":"MSDS Translation Service - Prevedite svoj SDS sigurnosni list","isPartOf":{"@id":"https:\/\/www.ufi.eu\/bs\/#website"},"primaryImageOfPage":{"@id":"https:\/\/www.ufi.eu\/bs\/product\/prevod-sigurnosnog-lista\/#primaryimage"},"image":{"@id":"https:\/\/www.ufi.eu\/bs\/product\/prevod-sigurnosnog-lista\/#primaryimage"},"thumbnailUrl":"https:\/\/www.ufi.eu\/wp-content\/uploads\/2025\/03\/eu.jpg","datePublished":"2025-04-15T19:33:49+00:00","dateModified":"2026-02-12T11:23:22+00:00","description":"Na\u0161a usluga prevo\u0111enja SDS i MSDS osigurava da va\u0161i dokumenti nisu samo jezi\u010dki ta\u010dni, ve\u0107 i potpuno uskla\u0111eni.","breadcrumb":{"@id":"https:\/\/www.ufi.eu\/bs\/product\/prevod-sigurnosnog-lista\/#breadcrumb"},"inLanguage":"bs-BA","potentialAction":[{"@type":"ReadAction","target":["https:\/\/www.ufi.eu\/bs\/product\/prevod-sigurnosnog-lista\/"]}]},{"@type":"ImageObject","inLanguage":"bs-BA","@id":"https:\/\/www.ufi.eu\/bs\/product\/prevod-sigurnosnog-lista\/#primaryimage","url":"https:\/\/www.ufi.eu\/wp-content\/uploads\/2025\/03\/eu.jpg","contentUrl":"https:\/\/www.ufi.eu\/wp-content\/uploads\/2025\/03\/eu.jpg","width":800,"height":800},{"@type":"BreadcrumbList","@id":"https:\/\/www.ufi.eu\/bs\/product\/prevod-sigurnosnog-lista\/#breadcrumb","itemListElement":[{"@type":"ListItem","position":1,"name":"Home","item":"https:\/\/www.ufi.eu\/bs\/dom\/"},{"@type":"ListItem","position":2,"name":"Shop","item":"https:\/\/www.ufi.eu\/bs\/shop\/"},{"@type":"ListItem","position":3,"name":"Jezik sigurnosno-tehni\u010dkog lista"}]},{"@type":"WebSite","@id":"https:\/\/www.ufi.eu\/bs\/#website","url":"https:\/\/www.ufi.eu\/bs\/","name":"UFI.EU","description":"Poison Centre Notifications (PCN) and UFI","publisher":{"@id":"https:\/\/www.ufi.eu\/bs\/#organization"},"potentialAction":[{"@type":"SearchAction","target":{"@type":"EntryPoint","urlTemplate":"https:\/\/www.ufi.eu\/bs\/?s={search_term_string}"},"query-input":{"@type":"PropertyValueSpecification","valueRequired":true,"valueName":"search_term_string"}}],"inLanguage":"bs-BA"},{"@type":"Organization","@id":"https:\/\/www.ufi.eu\/bs\/#organization","name":"UFI.EU","url":"https:\/\/www.ufi.eu\/bs\/","logo":{"@type":"ImageObject","inLanguage":"bs-BA","@id":"https:\/\/www.ufi.eu\/bs\/#\/schema\/logo\/image\/","url":"https:\/\/www.ufi.eu\/wp-content\/uploads\/2025\/03\/cropped-logo_ufi3.jpg","contentUrl":"https:\/\/www.ufi.eu\/wp-content\/uploads\/2025\/03\/cropped-logo_ufi3.jpg","width":231,"height":78,"caption":"UFI.EU"},"image":{"@id":"https:\/\/www.ufi.eu\/bs\/#\/schema\/logo\/image\/"},"description":"UFI.eu specializes in digital registrations for Poison Centre Notifications (PCN), ensuring your chemical products meet EU regulatory requirements effortlessly. Our streamlined solutions help businesses stay compliant while reducing complexity and administrative burden.","email":"info@ufi.eu","legalName":"UFI.EU"}]},"product_price_amount":"50.00","product_price_currency":"EUR","og_availability":"instock","product_availability":"instock","product_condition":"new"},"_links":{"self":[{"href":"https:\/\/www.ufi.eu\/bs\/wp-json\/wp\/v2\/product\/12445","targetHints":{"allow":["GET"]}}],"collection":[{"href":"https:\/\/www.ufi.eu\/bs\/wp-json\/wp\/v2\/product"}],"about":[{"href":"https:\/\/www.ufi.eu\/bs\/wp-json\/wp\/v2\/types\/product"}],"wp:featuredmedia":[{"embeddable":true,"href":"https:\/\/www.ufi.eu\/bs\/wp-json\/wp\/v2\/media\/12523"}],"wp:attachment":[{"href":"https:\/\/www.ufi.eu\/bs\/wp-json\/wp\/v2\/media?parent=12445"}],"wp:term":[{"taxonomy":"product_brand","embeddable":true,"href":"https:\/\/www.ufi.eu\/bs\/wp-json\/wp\/v2\/product_brand?post=12445"},{"taxonomy":"product_cat","embeddable":true,"href":"https:\/\/www.ufi.eu\/bs\/wp-json\/wp\/v2\/product_cat?post=12445"},{"taxonomy":"product_tag","embeddable":true,"href":"https:\/\/www.ufi.eu\/bs\/wp-json\/wp\/v2\/product_tag?post=12445"}],"curies":[{"name":"wp","href":"https:\/\/api.w.org\/{rel}","templated":true}]}}